{"id":99824,"date":"2023-08-23T10:00:28","date_gmt":"2023-08-23T14:00:28","guid":{"rendered":"https:\/\/nbgtele.com\/?post_type=product&#038;p=99824"},"modified":"2023-08-25T11:17:24","modified_gmt":"2023-08-25T15:17:24","slug":"transmetteur-cellulaire-enfichable-amec-lte-4g","status":"publish","type":"product","link":"https:\/\/nbgtele.com\/fr\/produit\/transmetteur-cellulaire-enfichable-amec-lte-4g\/","title":{"rendered":"Transmetteur cellulaire enfichable, AMEC LTE (4G)"},"content":{"rendered":"","protected":false},"excerpt":{"rendered":"<p><span style=\"font-weight: 400;\">En se branchant \u00e0 une centrale de contr\u00f4le compatible ou \u00e0 une interface communicateur, le transmetteur cellulaire enfichable AMEC LTE B444-A2 permet une communication IP bidirectionnelle s\u00e9curis\u00e9e sur le r\u00e9seau cellulaire<\/span><\/p>\n<p><span style=\"font-weight: 400;\">AT&amp;T. L\u2019appareil est accompagn\u00e9 d\u2019une carte SIM et de 2 antennes \u00e0 base magn\u00e9tique omnidirectionnelle dont le c\u00e2ble mesure 1 m (3.3 pieds).<\/span><\/p>\n","protected":false},"featured_media":99748,"template":"","meta":{"_acf_changed":false},"product_brand":[],"product_cat":[77,53],"product_tag":[212],"brand":[199],"model":[],"profile":[],"resolution":[],"lens":[],"color":[],"ndaa_compliant":[],"dual_voltage":[],"ai":[],"lite":[],"infrared_perimeter":[],"fixed_dome_microphone":[],"analog_hd":[],"covert_camera":[],"internet_protocol":[],"channels":[],"ports":[],"class_list":{"0":"post-99824","1":"product","2":"type-product","3":"status-publish","4":"has-post-thumbnail","6":"product_cat-accessories-fr","7":"product_cat-alarm-communicators-fr","8":"product_tag-bosch-fr","9":"brand-bosch-fr","10":"entry","12":"first","13":"instock","14":"taxable","15":"shipping-taxable","16":"product-type-simple"},"acf":[],"wcpa_form_fields":null,"yoast_head":"<!-- This site is optimized with the Yoast SEO plugin v26.0 - https:\/\/yoast.com\/wordpress\/plugins\/seo\/ -->\n<title>Transmetteur cellulaire enfichable, AMEC LTE (4G) - NBGTele.com<\/title>\n<meta name=\"robots\" content=\"index, follow, max-snippet:-1, max-image-preview:large, max-video-preview:-1\" \/>\n<link rel=\"canonical\" href=\"https:\/\/nbgtele.com\/fr\/produit\/transmetteur-cellulaire-enfichable-amec-lte-4g\/\" \/>\n<meta property=\"og:locale\" content=\"fr_FR\" \/>\n<meta property=\"og:type\" content=\"article\" \/>\n<meta property=\"og:title\" content=\"Transmetteur cellulaire enfichable, AMEC LTE (4G) - NBGTele.com\" \/>\n<meta property=\"og:description\" content=\"En se branchant \u00e0 une centrale de contr\u00f4le compatible ou \u00e0 une interface communicateur, le transmetteur cellulaire enfichable AMEC LTE B444-A2 permet une communication IP bidirectionnelle s\u00e9curis\u00e9e sur le r\u00e9seau cellulaire  AT&amp;T. L\u2019appareil est accompagn\u00e9 d\u2019une carte SIM et de 2 antennes \u00e0 base magn\u00e9tique omnidirectionnelle dont le c\u00e2ble mesure 1 m (3.3 pieds).\" \/>\n<meta property=\"og:url\" content=\"https:\/\/nbgtele.com\/fr\/produit\/transmetteur-cellulaire-enfichable-amec-lte-4g\/\" \/>\n<meta property=\"og:site_name\" content=\"NBGTele.com\" \/>\n<meta property=\"article:modified_time\" content=\"2023-08-25T15:17:24+00:00\" \/>\n<meta property=\"og:image\" content=\"https:\/\/nbgtele.com\/wp-content\/uploads\/2023\/06\/B444-A2.png\" \/>\n\t<meta property=\"og:image:width\" content=\"1000\" \/>\n\t<meta property=\"og:image:height\" content=\"1000\" \/>\n\t<meta property=\"og:image:type\" content=\"image\/png\" \/>\n<meta name=\"twitter:card\" content=\"summary_large_image\" \/>\n<script type=\"application\/ld+json\" class=\"yoast-schema-graph\">{\"@context\":\"https:\/\/schema.org\",\"@graph\":[{\"@type\":\"WebPage\",\"@id\":\"https:\/\/nbgtele.com\/fr\/produit\/transmetteur-cellulaire-enfichable-amec-lte-4g\/\",\"url\":\"https:\/\/nbgtele.com\/fr\/produit\/transmetteur-cellulaire-enfichable-amec-lte-4g\/\",\"name\":\"Transmetteur cellulaire enfichable, AMEC LTE (4G) - NBGTele.com\",\"isPartOf\":{\"@id\":\"https:\/\/nbgtele.com\/fr\/#website\"},\"primaryImageOfPage\":{\"@id\":\"https:\/\/nbgtele.com\/fr\/produit\/transmetteur-cellulaire-enfichable-amec-lte-4g\/#primaryimage\"},\"image\":{\"@id\":\"https:\/\/nbgtele.com\/fr\/produit\/transmetteur-cellulaire-enfichable-amec-lte-4g\/#primaryimage\"},\"thumbnailUrl\":\"https:\/\/nbgtele.com\/wp-content\/uploads\/2023\/06\/B444-A2.png\",\"datePublished\":\"2023-08-23T14:00:28+00:00\",\"dateModified\":\"2023-08-25T15:17:24+00:00\",\"breadcrumb\":{\"@id\":\"https:\/\/nbgtele.com\/fr\/produit\/transmetteur-cellulaire-enfichable-amec-lte-4g\/#breadcrumb\"},\"inLanguage\":\"fr-FR\",\"potentialAction\":[{\"@type\":\"ReadAction\",\"target\":[\"https:\/\/nbgtele.com\/fr\/produit\/transmetteur-cellulaire-enfichable-amec-lte-4g\/\"]}]},{\"@type\":\"ImageObject\",\"inLanguage\":\"fr-FR\",\"@id\":\"https:\/\/nbgtele.com\/fr\/produit\/transmetteur-cellulaire-enfichable-amec-lte-4g\/#primaryimage\",\"url\":\"https:\/\/nbgtele.com\/wp-content\/uploads\/2023\/06\/B444-A2.png\",\"contentUrl\":\"https:\/\/nbgtele.com\/wp-content\/uploads\/2023\/06\/B444-A2.png\",\"width\":1000,\"height\":1000},{\"@type\":\"BreadcrumbList\",\"@id\":\"https:\/\/nbgtele.com\/fr\/produit\/transmetteur-cellulaire-enfichable-amec-lte-4g\/#breadcrumb\",\"itemListElement\":[{\"@type\":\"ListItem\",\"position\":1,\"name\":\"Home\",\"item\":\"https:\/\/nbgtele.com\/fr\/\"},{\"@type\":\"ListItem\",\"position\":2,\"name\":\"Boutique\",\"item\":\"https:\/\/nbgtele.com\/fr\/boutique\/\"},{\"@type\":\"ListItem\",\"position\":3,\"name\":\"Transmetteur cellulaire enfichable, AMEC LTE (4G)\"}]},{\"@type\":\"WebSite\",\"@id\":\"https:\/\/nbgtele.com\/fr\/#website\",\"url\":\"https:\/\/nbgtele.com\/fr\/\",\"name\":\"NBGTele.com\",\"description\":\"\",\"potentialAction\":[{\"@type\":\"SearchAction\",\"target\":{\"@type\":\"EntryPoint\",\"urlTemplate\":\"https:\/\/nbgtele.com\/fr\/?s={search_term_string}\"},\"query-input\":{\"@type\":\"PropertyValueSpecification\",\"valueRequired\":true,\"valueName\":\"search_term_string\"}}],\"inLanguage\":\"fr-FR\"}]}<\/script>\n<!-- \/ Yoast SEO plugin. -->","yoast_head_json":{"title":"Transmetteur cellulaire enfichable, AMEC LTE (4G) - NBGTele.com","robots":{"index":"index","follow":"follow","max-snippet":"max-snippet:-1","max-image-preview":"max-image-preview:large","max-video-preview":"max-video-preview:-1"},"canonical":"https:\/\/nbgtele.com\/fr\/produit\/transmetteur-cellulaire-enfichable-amec-lte-4g\/","og_locale":"fr_FR","og_type":"article","og_title":"Transmetteur cellulaire enfichable, AMEC LTE (4G) - NBGTele.com","og_description":"En se branchant \u00e0 une centrale de contr\u00f4le compatible ou \u00e0 une interface communicateur, le transmetteur cellulaire enfichable AMEC LTE B444-A2 permet une communication IP bidirectionnelle s\u00e9curis\u00e9e sur le r\u00e9seau cellulaire  AT&amp;T. L\u2019appareil est accompagn\u00e9 d\u2019une carte SIM et de 2 antennes \u00e0 base magn\u00e9tique omnidirectionnelle dont le c\u00e2ble mesure 1 m (3.3 pieds).","og_url":"https:\/\/nbgtele.com\/fr\/produit\/transmetteur-cellulaire-enfichable-amec-lte-4g\/","og_site_name":"NBGTele.com","article_modified_time":"2023-08-25T15:17:24+00:00","og_image":[{"width":1000,"height":1000,"url":"https:\/\/nbgtele.com\/wp-content\/uploads\/2023\/06\/B444-A2.png","type":"image\/png"}],"twitter_card":"summary_large_image","schema":{"@context":"https:\/\/schema.org","@graph":[{"@type":"WebPage","@id":"https:\/\/nbgtele.com\/fr\/produit\/transmetteur-cellulaire-enfichable-amec-lte-4g\/","url":"https:\/\/nbgtele.com\/fr\/produit\/transmetteur-cellulaire-enfichable-amec-lte-4g\/","name":"Transmetteur cellulaire enfichable, AMEC LTE (4G) - NBGTele.com","isPartOf":{"@id":"https:\/\/nbgtele.com\/fr\/#website"},"primaryImageOfPage":{"@id":"https:\/\/nbgtele.com\/fr\/produit\/transmetteur-cellulaire-enfichable-amec-lte-4g\/#primaryimage"},"image":{"@id":"https:\/\/nbgtele.com\/fr\/produit\/transmetteur-cellulaire-enfichable-amec-lte-4g\/#primaryimage"},"thumbnailUrl":"https:\/\/nbgtele.com\/wp-content\/uploads\/2023\/06\/B444-A2.png","datePublished":"2023-08-23T14:00:28+00:00","dateModified":"2023-08-25T15:17:24+00:00","breadcrumb":{"@id":"https:\/\/nbgtele.com\/fr\/produit\/transmetteur-cellulaire-enfichable-amec-lte-4g\/#breadcrumb"},"inLanguage":"fr-FR","potentialAction":[{"@type":"ReadAction","target":["https:\/\/nbgtele.com\/fr\/produit\/transmetteur-cellulaire-enfichable-amec-lte-4g\/"]}]},{"@type":"ImageObject","inLanguage":"fr-FR","@id":"https:\/\/nbgtele.com\/fr\/produit\/transmetteur-cellulaire-enfichable-amec-lte-4g\/#primaryimage","url":"https:\/\/nbgtele.com\/wp-content\/uploads\/2023\/06\/B444-A2.png","contentUrl":"https:\/\/nbgtele.com\/wp-content\/uploads\/2023\/06\/B444-A2.png","width":1000,"height":1000},{"@type":"BreadcrumbList","@id":"https:\/\/nbgtele.com\/fr\/produit\/transmetteur-cellulaire-enfichable-amec-lte-4g\/#breadcrumb","itemListElement":[{"@type":"ListItem","position":1,"name":"Home","item":"https:\/\/nbgtele.com\/fr\/"},{"@type":"ListItem","position":2,"name":"Boutique","item":"https:\/\/nbgtele.com\/fr\/boutique\/"},{"@type":"ListItem","position":3,"name":"Transmetteur cellulaire enfichable, AMEC LTE (4G)"}]},{"@type":"WebSite","@id":"https:\/\/nbgtele.com\/fr\/#website","url":"https:\/\/nbgtele.com\/fr\/","name":"NBGTele.com","description":"","potentialAction":[{"@type":"SearchAction","target":{"@type":"EntryPoint","urlTemplate":"https:\/\/nbgtele.com\/fr\/?s={search_term_string}"},"query-input":{"@type":"PropertyValueSpecification","valueRequired":true,"valueName":"search_term_string"}}],"inLanguage":"fr-FR"}]}},"_links":{"self":[{"href":"https:\/\/nbgtele.com\/fr\/wp-json\/wp\/v2\/product\/99824","targetHints":{"allow":["GET"]}}],"collection":[{"href":"https:\/\/nbgtele.com\/fr\/wp-json\/wp\/v2\/product"}],"about":[{"href":"https:\/\/nbgtele.com\/fr\/wp-json\/wp\/v2\/types\/product"}],"wp:featuredmedia":[{"embeddable":true,"href":"https:\/\/nbgtele.com\/fr\/wp-json\/wp\/v2\/media\/99748"}],"wp:attachment":[{"href":"https:\/\/nbgtele.com\/fr\/wp-json\/wp\/v2\/media?parent=99824"}],"wp:term":[{"taxonomy":"product_brand","embeddable":true,"href":"https:\/\/nbgtele.com\/fr\/wp-json\/wp\/v2\/product_brand?post=99824"},{"taxonomy":"product_cat","embeddable":true,"href":"https:\/\/nbgtele.com\/fr\/wp-json\/wp\/v2\/product_cat?post=99824"},{"taxonomy":"product_tag","embeddable":true,"href":"https:\/\/nbgtele.com\/fr\/wp-json\/wp\/v2\/product_tag?post=99824"},{"taxonomy":"brand","embeddable":true,"href":"https:\/\/nbgtele.com\/fr\/wp-json\/wp\/v2\/brand?post=99824"},{"taxonomy":"model","embeddable":true,"href":"https:\/\/nbgtele.com\/fr\/wp-json\/wp\/v2\/model?post=99824"},{"taxonomy":"profile","embeddable":true,"href":"https:\/\/nbgtele.com\/fr\/wp-json\/wp\/v2\/profile?post=99824"},{"taxonomy":"resolution","embeddable":true,"href":"https:\/\/nbgtele.com\/fr\/wp-json\/wp\/v2\/resolution?post=99824"},{"taxonomy":"lens","embeddable":true,"href":"https:\/\/nbgtele.com\/fr\/wp-json\/wp\/v2\/lens?post=99824"},{"taxonomy":"color","embeddable":true,"href":"https:\/\/nbgtele.com\/fr\/wp-json\/wp\/v2\/color?post=99824"},{"taxonomy":"ndaa_compliant","embeddable":true,"href":"https:\/\/nbgtele.com\/fr\/wp-json\/wp\/v2\/ndaa_compliant?post=99824"},{"taxonomy":"dual_voltage","embeddable":true,"href":"https:\/\/nbgtele.com\/fr\/wp-json\/wp\/v2\/dual_voltage?post=99824"},{"taxonomy":"ai","embeddable":true,"href":"https:\/\/nbgtele.com\/fr\/wp-json\/wp\/v2\/ai?post=99824"},{"taxonomy":"lite","embeddable":true,"href":"https:\/\/nbgtele.com\/fr\/wp-json\/wp\/v2\/lite?post=99824"},{"taxonomy":"infrared_perimeter","embeddable":true,"href":"https:\/\/nbgtele.com\/fr\/wp-json\/wp\/v2\/infrared_perimeter?post=99824"},{"taxonomy":"fixed_dome_microphone","embeddable":true,"href":"https:\/\/nbgtele.com\/fr\/wp-json\/wp\/v2\/fixed_dome_microphone?post=99824"},{"taxonomy":"analog_hd","embeddable":true,"href":"https:\/\/nbgtele.com\/fr\/wp-json\/wp\/v2\/analog_hd?post=99824"},{"taxonomy":"covert_camera","embeddable":true,"href":"https:\/\/nbgtele.com\/fr\/wp-json\/wp\/v2\/covert_camera?post=99824"},{"taxonomy":"internet_protocol","embeddable":true,"href":"https:\/\/nbgtele.com\/fr\/wp-json\/wp\/v2\/internet_protocol?post=99824"},{"taxonomy":"channels","embeddable":true,"href":"https:\/\/nbgtele.com\/fr\/wp-json\/wp\/v2\/channels?post=99824"},{"taxonomy":"ports","embeddable":true,"href":"https:\/\/nbgtele.com\/fr\/wp-json\/wp\/v2\/ports?post=99824"}],"curies":[{"name":"wp","href":"https:\/\/api.w.org\/{rel}","templated":true}]}}