{"id":95797,"date":"2023-06-08T15:31:22","date_gmt":"2023-06-08T19:31:22","guid":{"rendered":"https:\/\/nbgtele.com\/?post_type=product&#038;p=95797"},"modified":"2025-05-26T15:57:01","modified_gmt":"2025-05-26T19:57:01","slug":"32-channels-dvr-recorder-5mp-with-ai","status":"publish","type":"product","link":"https:\/\/nbgtele.com\/fr\/produit\/32-channels-dvr-recorder-5mp-with-ai\/","title":{"rendered":"32 Channels DVR Recorder 5MP With AI"},"content":{"rendered":"","protected":false},"excerpt":{"rendered":"<p>L\u2019enregistreur num\u00e9rique 32 Channels DVR Recorder 5MP with AI est le point central de votre syst\u00e8me de vid\u00e9osurveillance. Il vous permettra d\u2019enregistrer et stocker les images capt\u00e9es par vos cam\u00e9ras. De plus, l\u2019appareil est dot\u00e9 de 4 emplacements HDD. Sortie vid\u00e9o : 1080p et 4K.<\/p>\n","protected":false},"featured_media":95371,"template":"","meta":{"_acf_changed":false},"product_brand":[],"product_cat":[75],"product_tag":[247],"brand":[195],"model":[184],"profile":[],"resolution":[163],"lens":[],"color":[],"ndaa_compliant":[173],"dual_voltage":[],"ai":[],"lite":[],"infrared_perimeter":[],"fixed_dome_microphone":[],"analog_hd":[],"covert_camera":[],"internet_protocol":[],"channels":[205],"ports":[],"class_list":{"0":"post-95797","1":"product","2":"type-product","3":"status-publish","4":"has-post-thumbnail","6":"product_cat-recorder-fr","7":"product_tag-gsd-fr","8":"brand-gsd-fr","9":"model-dvr-fr","10":"resolution-5mp-fr","11":"ndaa_compliant-ndaa-compliance-fr","12":"channels-32-fr","13":"entry","15":"first","16":"instock","17":"taxable","18":"shipping-taxable","19":"product-type-simple"},"acf":[],"wcpa_form_fields":null,"yoast_head":"<!-- This site is optimized with the Yoast SEO plugin v26.0 - https:\/\/yoast.com\/wordpress\/plugins\/seo\/ -->\n<title>Enregistreur vid\u00e9o 32 Channels DVR Recorder 5MP with AI<\/title>\n<meta name=\"description\" content=\"D\u00e9couvrez l\u2019enregistreur num\u00e9rique DVR \u00e0 32 canaux d\u2019une r\u00e9solution de 5 MP et avec 4 emplacements HDD. Il fonctionne avec l&#039;application SmartGardian.\" \/>\n<meta name=\"robots\" content=\"index, follow, max-snippet:-1, max-image-preview:large, max-video-preview:-1\" \/>\n<link rel=\"canonical\" href=\"https:\/\/nbgtele.com\/fr\/produit\/32-channels-dvr-recorder-5mp-with-ai\/\" \/>\n<meta property=\"og:locale\" content=\"fr_FR\" \/>\n<meta property=\"og:type\" content=\"article\" \/>\n<meta property=\"og:title\" content=\"Enregistreur vid\u00e9o 32 Channels DVR Recorder 5MP with AI\" \/>\n<meta property=\"og:description\" content=\"D\u00e9couvrez l\u2019enregistreur num\u00e9rique DVR \u00e0 32 canaux d\u2019une r\u00e9solution de 5 MP et avec 4 emplacements HDD. Il fonctionne avec l&#039;application SmartGardian.\" \/>\n<meta property=\"og:url\" content=\"https:\/\/nbgtele.com\/fr\/produit\/32-channels-dvr-recorder-5mp-with-ai\/\" \/>\n<meta property=\"og:site_name\" content=\"NBGTele.com\" \/>\n<meta property=\"article:modified_time\" content=\"2025-05-26T19:57:01+00:00\" \/>\n<meta property=\"og:image\" content=\"https:\/\/nbgtele.com\/wp-content\/uploads\/2023\/06\/gsd-dvrfnc4k-32.png\" \/>\n\t<meta property=\"og:image:width\" content=\"1000\" \/>\n\t<meta property=\"og:image:height\" content=\"1000\" \/>\n\t<meta property=\"og:image:type\" content=\"image\/png\" \/>\n<meta name=\"twitter:card\" content=\"summary_large_image\" \/>\n<script type=\"application\/ld+json\" class=\"yoast-schema-graph\">{\"@context\":\"https:\/\/schema.org\",\"@graph\":[{\"@type\":\"WebPage\",\"@id\":\"https:\/\/nbgtele.com\/fr\/produit\/32-channels-dvr-recorder-5mp-with-ai\/\",\"url\":\"https:\/\/nbgtele.com\/fr\/produit\/32-channels-dvr-recorder-5mp-with-ai\/\",\"name\":\"Enregistreur vid\u00e9o 32 Channels DVR Recorder 5MP with AI\",\"isPartOf\":{\"@id\":\"https:\/\/nbgtele.com\/fr\/#website\"},\"primaryImageOfPage\":{\"@id\":\"https:\/\/nbgtele.com\/fr\/produit\/32-channels-dvr-recorder-5mp-with-ai\/#primaryimage\"},\"image\":{\"@id\":\"https:\/\/nbgtele.com\/fr\/produit\/32-channels-dvr-recorder-5mp-with-ai\/#primaryimage\"},\"thumbnailUrl\":\"https:\/\/nbgtele.com\/wp-content\/uploads\/2023\/06\/gsd-dvrfnc4k-32.png\",\"datePublished\":\"2023-06-08T19:31:22+00:00\",\"dateModified\":\"2025-05-26T19:57:01+00:00\",\"description\":\"D\u00e9couvrez l\u2019enregistreur num\u00e9rique DVR \u00e0 32 canaux d\u2019une r\u00e9solution de 5 MP et avec 4 emplacements HDD. Il fonctionne avec l'application SmartGardian.\",\"breadcrumb\":{\"@id\":\"https:\/\/nbgtele.com\/fr\/produit\/32-channels-dvr-recorder-5mp-with-ai\/#breadcrumb\"},\"inLanguage\":\"fr-FR\",\"potentialAction\":[{\"@type\":\"ReadAction\",\"target\":[\"https:\/\/nbgtele.com\/fr\/produit\/32-channels-dvr-recorder-5mp-with-ai\/\"]}]},{\"@type\":\"ImageObject\",\"inLanguage\":\"fr-FR\",\"@id\":\"https:\/\/nbgtele.com\/fr\/produit\/32-channels-dvr-recorder-5mp-with-ai\/#primaryimage\",\"url\":\"https:\/\/nbgtele.com\/wp-content\/uploads\/2023\/06\/gsd-dvrfnc4k-32.png\",\"contentUrl\":\"https:\/\/nbgtele.com\/wp-content\/uploads\/2023\/06\/gsd-dvrfnc4k-32.png\",\"width\":1000,\"height\":1000},{\"@type\":\"BreadcrumbList\",\"@id\":\"https:\/\/nbgtele.com\/fr\/produit\/32-channels-dvr-recorder-5mp-with-ai\/#breadcrumb\",\"itemListElement\":[{\"@type\":\"ListItem\",\"position\":1,\"name\":\"Home\",\"item\":\"https:\/\/nbgtele.com\/fr\/\"},{\"@type\":\"ListItem\",\"position\":2,\"name\":\"Boutique\",\"item\":\"https:\/\/nbgtele.com\/fr\/boutique\/\"},{\"@type\":\"ListItem\",\"position\":3,\"name\":\"32 Channels DVR Recorder 5MP With AI\"}]},{\"@type\":\"WebSite\",\"@id\":\"https:\/\/nbgtele.com\/fr\/#website\",\"url\":\"https:\/\/nbgtele.com\/fr\/\",\"name\":\"NBGTele.com\",\"description\":\"\",\"potentialAction\":[{\"@type\":\"SearchAction\",\"target\":{\"@type\":\"EntryPoint\",\"urlTemplate\":\"https:\/\/nbgtele.com\/fr\/?s={search_term_string}\"},\"query-input\":{\"@type\":\"PropertyValueSpecification\",\"valueRequired\":true,\"valueName\":\"search_term_string\"}}],\"inLanguage\":\"fr-FR\"}]}<\/script>\n<!-- \/ Yoast SEO plugin. -->","yoast_head_json":{"title":"Enregistreur vid\u00e9o 32 Channels DVR Recorder 5MP with AI","description":"D\u00e9couvrez l\u2019enregistreur num\u00e9rique DVR \u00e0 32 canaux d\u2019une r\u00e9solution de 5 MP et avec 4 emplacements HDD. Il fonctionne avec l'application SmartGardian.","robots":{"index":"index","follow":"follow","max-snippet":"max-snippet:-1","max-image-preview":"max-image-preview:large","max-video-preview":"max-video-preview:-1"},"canonical":"https:\/\/nbgtele.com\/fr\/produit\/32-channels-dvr-recorder-5mp-with-ai\/","og_locale":"fr_FR","og_type":"article","og_title":"Enregistreur vid\u00e9o 32 Channels DVR Recorder 5MP with AI","og_description":"D\u00e9couvrez l\u2019enregistreur num\u00e9rique DVR \u00e0 32 canaux d\u2019une r\u00e9solution de 5 MP et avec 4 emplacements HDD. Il fonctionne avec l'application SmartGardian.","og_url":"https:\/\/nbgtele.com\/fr\/produit\/32-channels-dvr-recorder-5mp-with-ai\/","og_site_name":"NBGTele.com","article_modified_time":"2025-05-26T19:57:01+00:00","og_image":[{"width":1000,"height":1000,"url":"https:\/\/nbgtele.com\/wp-content\/uploads\/2023\/06\/gsd-dvrfnc4k-32.png","type":"image\/png"}],"twitter_card":"summary_large_image","schema":{"@context":"https:\/\/schema.org","@graph":[{"@type":"WebPage","@id":"https:\/\/nbgtele.com\/fr\/produit\/32-channels-dvr-recorder-5mp-with-ai\/","url":"https:\/\/nbgtele.com\/fr\/produit\/32-channels-dvr-recorder-5mp-with-ai\/","name":"Enregistreur vid\u00e9o 32 Channels DVR Recorder 5MP with AI","isPartOf":{"@id":"https:\/\/nbgtele.com\/fr\/#website"},"primaryImageOfPage":{"@id":"https:\/\/nbgtele.com\/fr\/produit\/32-channels-dvr-recorder-5mp-with-ai\/#primaryimage"},"image":{"@id":"https:\/\/nbgtele.com\/fr\/produit\/32-channels-dvr-recorder-5mp-with-ai\/#primaryimage"},"thumbnailUrl":"https:\/\/nbgtele.com\/wp-content\/uploads\/2023\/06\/gsd-dvrfnc4k-32.png","datePublished":"2023-06-08T19:31:22+00:00","dateModified":"2025-05-26T19:57:01+00:00","description":"D\u00e9couvrez l\u2019enregistreur num\u00e9rique DVR \u00e0 32 canaux d\u2019une r\u00e9solution de 5 MP et avec 4 emplacements HDD. Il fonctionne avec l'application SmartGardian.","breadcrumb":{"@id":"https:\/\/nbgtele.com\/fr\/produit\/32-channels-dvr-recorder-5mp-with-ai\/#breadcrumb"},"inLanguage":"fr-FR","potentialAction":[{"@type":"ReadAction","target":["https:\/\/nbgtele.com\/fr\/produit\/32-channels-dvr-recorder-5mp-with-ai\/"]}]},{"@type":"ImageObject","inLanguage":"fr-FR","@id":"https:\/\/nbgtele.com\/fr\/produit\/32-channels-dvr-recorder-5mp-with-ai\/#primaryimage","url":"https:\/\/nbgtele.com\/wp-content\/uploads\/2023\/06\/gsd-dvrfnc4k-32.png","contentUrl":"https:\/\/nbgtele.com\/wp-content\/uploads\/2023\/06\/gsd-dvrfnc4k-32.png","width":1000,"height":1000},{"@type":"BreadcrumbList","@id":"https:\/\/nbgtele.com\/fr\/produit\/32-channels-dvr-recorder-5mp-with-ai\/#breadcrumb","itemListElement":[{"@type":"ListItem","position":1,"name":"Home","item":"https:\/\/nbgtele.com\/fr\/"},{"@type":"ListItem","position":2,"name":"Boutique","item":"https:\/\/nbgtele.com\/fr\/boutique\/"},{"@type":"ListItem","position":3,"name":"32 Channels DVR Recorder 5MP With AI"}]},{"@type":"WebSite","@id":"https:\/\/nbgtele.com\/fr\/#website","url":"https:\/\/nbgtele.com\/fr\/","name":"NBGTele.com","description":"","potentialAction":[{"@type":"SearchAction","target":{"@type":"EntryPoint","urlTemplate":"https:\/\/nbgtele.com\/fr\/?s={search_term_string}"},"query-input":{"@type":"PropertyValueSpecification","valueRequired":true,"valueName":"search_term_string"}}],"inLanguage":"fr-FR"}]}},"_links":{"self":[{"href":"https:\/\/nbgtele.com\/fr\/wp-json\/wp\/v2\/product\/95797","targetHints":{"allow":["GET"]}}],"collection":[{"href":"https:\/\/nbgtele.com\/fr\/wp-json\/wp\/v2\/product"}],"about":[{"href":"https:\/\/nbgtele.com\/fr\/wp-json\/wp\/v2\/types\/product"}],"wp:featuredmedia":[{"embeddable":true,"href":"https:\/\/nbgtele.com\/fr\/wp-json\/wp\/v2\/media\/95371"}],"wp:attachment":[{"href":"https:\/\/nbgtele.com\/fr\/wp-json\/wp\/v2\/media?parent=95797"}],"wp:term":[{"taxonomy":"product_brand","embeddable":true,"href":"https:\/\/nbgtele.com\/fr\/wp-json\/wp\/v2\/product_brand?post=95797"},{"taxonomy":"product_cat","embeddable":true,"href":"https:\/\/nbgtele.com\/fr\/wp-json\/wp\/v2\/product_cat?post=95797"},{"taxonomy":"product_tag","embeddable":true,"href":"https:\/\/nbgtele.com\/fr\/wp-json\/wp\/v2\/product_tag?post=95797"},{"taxonomy":"brand","embeddable":true,"href":"https:\/\/nbgtele.com\/fr\/wp-json\/wp\/v2\/brand?post=95797"},{"taxonomy":"model","embeddable":true,"href":"https:\/\/nbgtele.com\/fr\/wp-json\/wp\/v2\/model?post=95797"},{"taxonomy":"profile","embeddable":true,"href":"https:\/\/nbgtele.com\/fr\/wp-json\/wp\/v2\/profile?post=95797"},{"taxonomy":"resolution","embeddable":true,"href":"https:\/\/nbgtele.com\/fr\/wp-json\/wp\/v2\/resolution?post=95797"},{"taxonomy":"lens","embeddable":true,"href":"https:\/\/nbgtele.com\/fr\/wp-json\/wp\/v2\/lens?post=95797"},{"taxonomy":"color","embeddable":true,"href":"https:\/\/nbgtele.com\/fr\/wp-json\/wp\/v2\/color?post=95797"},{"taxonomy":"ndaa_compliant","embeddable":true,"href":"https:\/\/nbgtele.com\/fr\/wp-json\/wp\/v2\/ndaa_compliant?post=95797"},{"taxonomy":"dual_voltage","embeddable":true,"href":"https:\/\/nbgtele.com\/fr\/wp-json\/wp\/v2\/dual_voltage?post=95797"},{"taxonomy":"ai","embeddable":true,"href":"https:\/\/nbgtele.com\/fr\/wp-json\/wp\/v2\/ai?post=95797"},{"taxonomy":"lite","embeddable":true,"href":"https:\/\/nbgtele.com\/fr\/wp-json\/wp\/v2\/lite?post=95797"},{"taxonomy":"infrared_perimeter","embeddable":true,"href":"https:\/\/nbgtele.com\/fr\/wp-json\/wp\/v2\/infrared_perimeter?post=95797"},{"taxonomy":"fixed_dome_microphone","embeddable":true,"href":"https:\/\/nbgtele.com\/fr\/wp-json\/wp\/v2\/fixed_dome_microphone?post=95797"},{"taxonomy":"analog_hd","embeddable":true,"href":"https:\/\/nbgtele.com\/fr\/wp-json\/wp\/v2\/analog_hd?post=95797"},{"taxonomy":"covert_camera","embeddable":true,"href":"https:\/\/nbgtele.com\/fr\/wp-json\/wp\/v2\/covert_camera?post=95797"},{"taxonomy":"internet_protocol","embeddable":true,"href":"https:\/\/nbgtele.com\/fr\/wp-json\/wp\/v2\/internet_protocol?post=95797"},{"taxonomy":"channels","embeddable":true,"href":"https:\/\/nbgtele.com\/fr\/wp-json\/wp\/v2\/channels?post=95797"},{"taxonomy":"ports","embeddable":true,"href":"https:\/\/nbgtele.com\/fr\/wp-json\/wp\/v2\/ports?post=95797"}],"curies":[{"name":"wp","href":"https:\/\/api.w.org\/{rel}","templated":true}]}}