{"id":95794,"date":"2023-06-14T08:56:57","date_gmt":"2023-06-14T12:56:57","guid":{"rendered":"https:\/\/nbgtele.com\/?post_type=product&#038;p=95794"},"modified":"2025-05-26T15:56:32","modified_gmt":"2025-05-26T19:56:32","slug":"x-eyeball-5mp-camera-with-ai-64g","status":"publish","type":"product","link":"https:\/\/nbgtele.com\/fr\/produit\/x-eyeball-5mp-camera-with-ai-64g\/","title":{"rendered":"X Eyeball 5MP Camera with AI &#8211; 64G"},"content":{"rendered":"","protected":false},"excerpt":{"rendered":"","protected":false},"featured_media":104583,"template":"","meta":{"_acf_changed":false},"product_brand":[],"product_cat":[51],"product_tag":[247],"brand":[195],"model":[149],"profile":[157],"resolution":[163],"lens":[166],"color":[172,170],"ndaa_compliant":[173],"dual_voltage":[],"ai":[175],"lite":[176],"infrared_perimeter":[],"fixed_dome_microphone":[],"analog_hd":[179],"covert_camera":[],"internet_protocol":[],"channels":[],"ports":[],"class_list":{"0":"post-95794","1":"product","2":"type-product","3":"status-publish","4":"has-post-thumbnail","6":"product_cat-cameras-fr","7":"product_tag-gsd-fr","8":"brand-gsd-fr","9":"model-tvi-aio-fr","10":"profile-eyeball-fr","11":"resolution-5mp-fr","12":"lens-fixed-fr","13":"color-white-fr","14":"color-black-fr","15":"ndaa_compliant-ndaa-compliance-fr","16":"ai-ai-fr","17":"lite-lite-fr","18":"analog_hd-analog-hd-fr","19":"entry","21":"first","22":"instock","23":"taxable","24":"shipping-taxable","25":"product-type-variable"},"acf":[],"wcpa_form_fields":null,"yoast_head":"<!-- This site is optimized with the Yoast SEO plugin v26.0 - https:\/\/yoast.com\/wordpress\/plugins\/seo\/ -->\n<title>Cam\u00e9ra TVI X Eyeball with AI - 64G - GSD<\/title>\n<meta name=\"description\" content=\"Get this 5MP or 8MP resolution TVI (Networkcam) remote surveillance camera and effectively protect your premises and property.Procurez-vous cette cam\u00e9ra de t\u00e9l\u00e9surveillance TVI (Networkcam) d\u2019une r\u00e9solution de 5MP ou 8MP et prot\u00e9gez efficacement vos locaux et vos biens.\" \/>\n<meta name=\"robots\" content=\"index, follow, max-snippet:-1, max-image-preview:large, max-video-preview:-1\" \/>\n<link rel=\"canonical\" href=\"https:\/\/nbgtele.com\/fr\/produit\/x-eyeball-5mp-camera-with-ai-64g\/\" \/>\n<meta property=\"og:locale\" content=\"fr_FR\" \/>\n<meta property=\"og:type\" content=\"article\" \/>\n<meta property=\"og:title\" content=\"Cam\u00e9ra TVI X Eyeball with AI - 64G - GSD\" \/>\n<meta property=\"og:description\" content=\"Get this 5MP or 8MP resolution TVI (Networkcam) remote surveillance camera and effectively protect your premises and property.Procurez-vous cette cam\u00e9ra de t\u00e9l\u00e9surveillance TVI (Networkcam) d\u2019une r\u00e9solution de 5MP ou 8MP et prot\u00e9gez efficacement vos locaux et vos biens.\" \/>\n<meta property=\"og:url\" content=\"https:\/\/nbgtele.com\/fr\/produit\/x-eyeball-5mp-camera-with-ai-64g\/\" \/>\n<meta property=\"og:site_name\" content=\"NBGTele.com\" \/>\n<meta property=\"article:modified_time\" content=\"2025-05-26T19:56:32+00:00\" \/>\n<meta property=\"og:image\" content=\"https:\/\/nbgtele.com\/wp-content\/uploads\/2023\/06\/xebatvip5mp28-ai-l-64g-1.png\" \/>\n\t<meta property=\"og:image:width\" content=\"1000\" \/>\n\t<meta property=\"og:image:height\" content=\"1000\" \/>\n\t<meta property=\"og:image:type\" content=\"image\/png\" \/>\n<meta name=\"twitter:card\" content=\"summary_large_image\" \/>\n<script type=\"application\/ld+json\" class=\"yoast-schema-graph\">{\"@context\":\"https:\/\/schema.org\",\"@graph\":[{\"@type\":\"WebPage\",\"@id\":\"https:\/\/nbgtele.com\/fr\/produit\/x-eyeball-5mp-camera-with-ai-64g\/\",\"url\":\"https:\/\/nbgtele.com\/fr\/produit\/x-eyeball-5mp-camera-with-ai-64g\/\",\"name\":\"Cam\u00e9ra TVI X Eyeball with AI - 64G - GSD\",\"isPartOf\":{\"@id\":\"https:\/\/nbgtele.com\/fr\/#website\"},\"primaryImageOfPage\":{\"@id\":\"https:\/\/nbgtele.com\/fr\/produit\/x-eyeball-5mp-camera-with-ai-64g\/#primaryimage\"},\"image\":{\"@id\":\"https:\/\/nbgtele.com\/fr\/produit\/x-eyeball-5mp-camera-with-ai-64g\/#primaryimage\"},\"thumbnailUrl\":\"https:\/\/nbgtele.com\/wp-content\/uploads\/2023\/06\/xebatvip5mp28-ai-l-64g-1.png\",\"datePublished\":\"2023-06-14T12:56:57+00:00\",\"dateModified\":\"2025-05-26T19:56:32+00:00\",\"description\":\"Get this 5MP or 8MP resolution TVI (Networkcam) remote surveillance camera and effectively protect your premises and property.Procurez-vous cette cam\u00e9ra de t\u00e9l\u00e9surveillance TVI (Networkcam) d\u2019une r\u00e9solution de 5MP ou 8MP et prot\u00e9gez efficacement vos locaux et vos biens.\",\"breadcrumb\":{\"@id\":\"https:\/\/nbgtele.com\/fr\/produit\/x-eyeball-5mp-camera-with-ai-64g\/#breadcrumb\"},\"inLanguage\":\"fr-FR\",\"potentialAction\":[{\"@type\":\"ReadAction\",\"target\":[\"https:\/\/nbgtele.com\/fr\/produit\/x-eyeball-5mp-camera-with-ai-64g\/\"]}]},{\"@type\":\"ImageObject\",\"inLanguage\":\"fr-FR\",\"@id\":\"https:\/\/nbgtele.com\/fr\/produit\/x-eyeball-5mp-camera-with-ai-64g\/#primaryimage\",\"url\":\"https:\/\/nbgtele.com\/wp-content\/uploads\/2023\/06\/xebatvip5mp28-ai-l-64g-1.png\",\"contentUrl\":\"https:\/\/nbgtele.com\/wp-content\/uploads\/2023\/06\/xebatvip5mp28-ai-l-64g-1.png\",\"width\":1000,\"height\":1000},{\"@type\":\"BreadcrumbList\",\"@id\":\"https:\/\/nbgtele.com\/fr\/produit\/x-eyeball-5mp-camera-with-ai-64g\/#breadcrumb\",\"itemListElement\":[{\"@type\":\"ListItem\",\"position\":1,\"name\":\"Home\",\"item\":\"https:\/\/nbgtele.com\/fr\/\"},{\"@type\":\"ListItem\",\"position\":2,\"name\":\"Boutique\",\"item\":\"https:\/\/nbgtele.com\/fr\/boutique\/\"},{\"@type\":\"ListItem\",\"position\":3,\"name\":\"X Eyeball 5MP Camera with AI &#8211; 64G\"}]},{\"@type\":\"WebSite\",\"@id\":\"https:\/\/nbgtele.com\/fr\/#website\",\"url\":\"https:\/\/nbgtele.com\/fr\/\",\"name\":\"NBGTele.com\",\"description\":\"\",\"potentialAction\":[{\"@type\":\"SearchAction\",\"target\":{\"@type\":\"EntryPoint\",\"urlTemplate\":\"https:\/\/nbgtele.com\/fr\/?s={search_term_string}\"},\"query-input\":{\"@type\":\"PropertyValueSpecification\",\"valueRequired\":true,\"valueName\":\"search_term_string\"}}],\"inLanguage\":\"fr-FR\"}]}<\/script>\n<!-- \/ Yoast SEO plugin. -->","yoast_head_json":{"title":"Cam\u00e9ra TVI X Eyeball with AI - 64G - GSD","description":"Get this 5MP or 8MP resolution TVI (Networkcam) remote surveillance camera and effectively protect your premises and property.Procurez-vous cette cam\u00e9ra de t\u00e9l\u00e9surveillance TVI (Networkcam) d\u2019une r\u00e9solution de 5MP ou 8MP et prot\u00e9gez efficacement vos locaux et vos biens.","robots":{"index":"index","follow":"follow","max-snippet":"max-snippet:-1","max-image-preview":"max-image-preview:large","max-video-preview":"max-video-preview:-1"},"canonical":"https:\/\/nbgtele.com\/fr\/produit\/x-eyeball-5mp-camera-with-ai-64g\/","og_locale":"fr_FR","og_type":"article","og_title":"Cam\u00e9ra TVI X Eyeball with AI - 64G - GSD","og_description":"Get this 5MP or 8MP resolution TVI (Networkcam) remote surveillance camera and effectively protect your premises and property.Procurez-vous cette cam\u00e9ra de t\u00e9l\u00e9surveillance TVI (Networkcam) d\u2019une r\u00e9solution de 5MP ou 8MP et prot\u00e9gez efficacement vos locaux et vos biens.","og_url":"https:\/\/nbgtele.com\/fr\/produit\/x-eyeball-5mp-camera-with-ai-64g\/","og_site_name":"NBGTele.com","article_modified_time":"2025-05-26T19:56:32+00:00","og_image":[{"width":1000,"height":1000,"url":"https:\/\/nbgtele.com\/wp-content\/uploads\/2023\/06\/xebatvip5mp28-ai-l-64g-1.png","type":"image\/png"}],"twitter_card":"summary_large_image","schema":{"@context":"https:\/\/schema.org","@graph":[{"@type":"WebPage","@id":"https:\/\/nbgtele.com\/fr\/produit\/x-eyeball-5mp-camera-with-ai-64g\/","url":"https:\/\/nbgtele.com\/fr\/produit\/x-eyeball-5mp-camera-with-ai-64g\/","name":"Cam\u00e9ra TVI X Eyeball with AI - 64G - GSD","isPartOf":{"@id":"https:\/\/nbgtele.com\/fr\/#website"},"primaryImageOfPage":{"@id":"https:\/\/nbgtele.com\/fr\/produit\/x-eyeball-5mp-camera-with-ai-64g\/#primaryimage"},"image":{"@id":"https:\/\/nbgtele.com\/fr\/produit\/x-eyeball-5mp-camera-with-ai-64g\/#primaryimage"},"thumbnailUrl":"https:\/\/nbgtele.com\/wp-content\/uploads\/2023\/06\/xebatvip5mp28-ai-l-64g-1.png","datePublished":"2023-06-14T12:56:57+00:00","dateModified":"2025-05-26T19:56:32+00:00","description":"Get this 5MP or 8MP resolution TVI (Networkcam) remote surveillance camera and effectively protect your premises and property.Procurez-vous cette cam\u00e9ra de t\u00e9l\u00e9surveillance TVI (Networkcam) d\u2019une r\u00e9solution de 5MP ou 8MP et prot\u00e9gez efficacement vos locaux et vos biens.","breadcrumb":{"@id":"https:\/\/nbgtele.com\/fr\/produit\/x-eyeball-5mp-camera-with-ai-64g\/#breadcrumb"},"inLanguage":"fr-FR","potentialAction":[{"@type":"ReadAction","target":["https:\/\/nbgtele.com\/fr\/produit\/x-eyeball-5mp-camera-with-ai-64g\/"]}]},{"@type":"ImageObject","inLanguage":"fr-FR","@id":"https:\/\/nbgtele.com\/fr\/produit\/x-eyeball-5mp-camera-with-ai-64g\/#primaryimage","url":"https:\/\/nbgtele.com\/wp-content\/uploads\/2023\/06\/xebatvip5mp28-ai-l-64g-1.png","contentUrl":"https:\/\/nbgtele.com\/wp-content\/uploads\/2023\/06\/xebatvip5mp28-ai-l-64g-1.png","width":1000,"height":1000},{"@type":"BreadcrumbList","@id":"https:\/\/nbgtele.com\/fr\/produit\/x-eyeball-5mp-camera-with-ai-64g\/#breadcrumb","itemListElement":[{"@type":"ListItem","position":1,"name":"Home","item":"https:\/\/nbgtele.com\/fr\/"},{"@type":"ListItem","position":2,"name":"Boutique","item":"https:\/\/nbgtele.com\/fr\/boutique\/"},{"@type":"ListItem","position":3,"name":"X Eyeball 5MP Camera with AI &#8211; 64G"}]},{"@type":"WebSite","@id":"https:\/\/nbgtele.com\/fr\/#website","url":"https:\/\/nbgtele.com\/fr\/","name":"NBGTele.com","description":"","potentialAction":[{"@type":"SearchAction","target":{"@type":"EntryPoint","urlTemplate":"https:\/\/nbgtele.com\/fr\/?s={search_term_string}"},"query-input":{"@type":"PropertyValueSpecification","valueRequired":true,"valueName":"search_term_string"}}],"inLanguage":"fr-FR"}]}},"_links":{"self":[{"href":"https:\/\/nbgtele.com\/fr\/wp-json\/wp\/v2\/product\/95794","targetHints":{"allow":["GET"]}}],"collection":[{"href":"https:\/\/nbgtele.com\/fr\/wp-json\/wp\/v2\/product"}],"about":[{"href":"https:\/\/nbgtele.com\/fr\/wp-json\/wp\/v2\/types\/product"}],"wp:featuredmedia":[{"embeddable":true,"href":"https:\/\/nbgtele.com\/fr\/wp-json\/wp\/v2\/media\/104583"}],"wp:attachment":[{"href":"https:\/\/nbgtele.com\/fr\/wp-json\/wp\/v2\/media?parent=95794"}],"wp:term":[{"taxonomy":"product_brand","embeddable":true,"href":"https:\/\/nbgtele.com\/fr\/wp-json\/wp\/v2\/product_brand?post=95794"},{"taxonomy":"product_cat","embeddable":true,"href":"https:\/\/nbgtele.com\/fr\/wp-json\/wp\/v2\/product_cat?post=95794"},{"taxonomy":"product_tag","embeddable":true,"href":"https:\/\/nbgtele.com\/fr\/wp-json\/wp\/v2\/product_tag?post=95794"},{"taxonomy":"brand","embeddable":true,"href":"https:\/\/nbgtele.com\/fr\/wp-json\/wp\/v2\/brand?post=95794"},{"taxonomy":"model","embeddable":true,"href":"https:\/\/nbgtele.com\/fr\/wp-json\/wp\/v2\/model?post=95794"},{"taxonomy":"profile","embeddable":true,"href":"https:\/\/nbgtele.com\/fr\/wp-json\/wp\/v2\/profile?post=95794"},{"taxonomy":"resolution","embeddable":true,"href":"https:\/\/nbgtele.com\/fr\/wp-json\/wp\/v2\/resolution?post=95794"},{"taxonomy":"lens","embeddable":true,"href":"https:\/\/nbgtele.com\/fr\/wp-json\/wp\/v2\/lens?post=95794"},{"taxonomy":"color","embeddable":true,"href":"https:\/\/nbgtele.com\/fr\/wp-json\/wp\/v2\/color?post=95794"},{"taxonomy":"ndaa_compliant","embeddable":true,"href":"https:\/\/nbgtele.com\/fr\/wp-json\/wp\/v2\/ndaa_compliant?post=95794"},{"taxonomy":"dual_voltage","embeddable":true,"href":"https:\/\/nbgtele.com\/fr\/wp-json\/wp\/v2\/dual_voltage?post=95794"},{"taxonomy":"ai","embeddable":true,"href":"https:\/\/nbgtele.com\/fr\/wp-json\/wp\/v2\/ai?post=95794"},{"taxonomy":"lite","embeddable":true,"href":"https:\/\/nbgtele.com\/fr\/wp-json\/wp\/v2\/lite?post=95794"},{"taxonomy":"infrared_perimeter","embeddable":true,"href":"https:\/\/nbgtele.com\/fr\/wp-json\/wp\/v2\/infrared_perimeter?post=95794"},{"taxonomy":"fixed_dome_microphone","embeddable":true,"href":"https:\/\/nbgtele.com\/fr\/wp-json\/wp\/v2\/fixed_dome_microphone?post=95794"},{"taxonomy":"analog_hd","embeddable":true,"href":"https:\/\/nbgtele.com\/fr\/wp-json\/wp\/v2\/analog_hd?post=95794"},{"taxonomy":"covert_camera","embeddable":true,"href":"https:\/\/nbgtele.com\/fr\/wp-json\/wp\/v2\/covert_camera?post=95794"},{"taxonomy":"internet_protocol","embeddable":true,"href":"https:\/\/nbgtele.com\/fr\/wp-json\/wp\/v2\/internet_protocol?post=95794"},{"taxonomy":"channels","embeddable":true,"href":"https:\/\/nbgtele.com\/fr\/wp-json\/wp\/v2\/channels?post=95794"},{"taxonomy":"ports","embeddable":true,"href":"https:\/\/nbgtele.com\/fr\/wp-json\/wp\/v2\/ports?post=95794"}],"curies":[{"name":"wp","href":"https:\/\/api.w.org\/{rel}","templated":true}]}}