{"id":95674,"date":"2023-06-13T09:40:54","date_gmt":"2023-06-13T13:40:54","guid":{"rendered":"https:\/\/nbgtele.com\/?post_type=product&#038;p=95674"},"modified":"2025-05-26T15:56:56","modified_gmt":"2025-05-26T19:56:56","slug":"hd-analog-ai-kit-4-channels-8mp-4k-4-x-cameras","status":"publish","type":"product","link":"https:\/\/nbgtele.com\/fr\/produit\/hd-analog-ai-kit-4-channels-8mp-4k-4-x-cameras\/","title":{"rendered":"HD Analog AI Kit &#8211; 4 Channels-8MP\/4K + 4 x cameras"},"content":{"rendered":"","protected":false},"excerpt":{"rendered":"","protected":false},"featured_media":95438,"template":"","meta":{"_acf_changed":false},"product_brand":[],"product_cat":[78],"product_tag":[247],"brand":[195],"model":[184,149],"profile":[156],"resolution":[163,164],"lens":[166],"color":[172,170],"ndaa_compliant":[173],"dual_voltage":[],"ai":[175],"lite":[],"infrared_perimeter":[],"fixed_dome_microphone":[],"analog_hd":[179],"covert_camera":[],"internet_protocol":[181],"channels":[202],"ports":[],"class_list":{"0":"post-95674","1":"product","2":"type-product","3":"status-publish","4":"has-post-thumbnail","6":"product_cat-kits-fr","7":"product_tag-gsd-fr","8":"brand-gsd-fr","9":"model-dvr-fr","10":"model-tvi-aio-fr","11":"profile-metal-eyeball-fr","12":"resolution-5mp-fr","13":"resolution-8mp-4k-fr","14":"lens-fixed-fr","15":"color-white-fr","16":"color-black-fr","17":"ndaa_compliant-ndaa-compliance-fr","18":"ai-ai-fr","19":"analog_hd-analog-hd-fr","20":"internet_protocol-internet-protocol-fr","21":"channels-4-fr","22":"entry","24":"first","25":"instock","26":"taxable","27":"shipping-taxable","28":"product-type-variable"},"acf":[],"wcpa_form_fields":null,"yoast_head":"<!-- This site is optimized with the Yoast SEO plugin v26.0 - https:\/\/yoast.com\/wordpress\/plugins\/seo\/ -->\n<title>Kit HD Analog - 4 Canaux-8MP\/4K + 4 x cam\u00e9ras TVI - GSD<\/title>\n<meta name=\"description\" content=\"Procurez-vous ce kit compos\u00e9 d\u2019un enregistreur vid\u00e9o DVR de 4 canaux accompagn\u00e9 de 4 cam\u00e9ras TVI noires ou blanches de 5 ou 8 m\u00e9gapixels.\" \/>\n<meta name=\"robots\" content=\"index, follow, max-snippet:-1, max-image-preview:large, max-video-preview:-1\" \/>\n<link rel=\"canonical\" href=\"https:\/\/nbgtele.com\/fr\/produit\/hd-analog-ai-kit-4-channels-8mp-4k-4-x-cameras\/\" \/>\n<meta property=\"og:locale\" content=\"fr_FR\" \/>\n<meta property=\"og:type\" content=\"article\" \/>\n<meta property=\"og:title\" content=\"Kit HD Analog - 4 Canaux-8MP\/4K + 4 x cam\u00e9ras TVI - GSD\" \/>\n<meta property=\"og:description\" content=\"Procurez-vous ce kit compos\u00e9 d\u2019un enregistreur vid\u00e9o DVR de 4 canaux accompagn\u00e9 de 4 cam\u00e9ras TVI noires ou blanches de 5 ou 8 m\u00e9gapixels.\" \/>\n<meta property=\"og:url\" content=\"https:\/\/nbgtele.com\/fr\/produit\/hd-analog-ai-kit-4-channels-8mp-4k-4-x-cameras\/\" \/>\n<meta property=\"og:site_name\" content=\"NBGTele.com\" \/>\n<meta property=\"article:modified_time\" content=\"2025-05-26T19:56:56+00:00\" \/>\n<meta property=\"og:image\" content=\"https:\/\/nbgtele.com\/wp-content\/uploads\/2023\/06\/eb2fdaip5mp28-b-l-1.png\" \/>\n\t<meta property=\"og:image:width\" content=\"1000\" \/>\n\t<meta property=\"og:image:height\" content=\"1000\" \/>\n\t<meta property=\"og:image:type\" content=\"image\/png\" \/>\n<meta name=\"twitter:card\" content=\"summary_large_image\" \/>\n<script type=\"application\/ld+json\" class=\"yoast-schema-graph\">{\"@context\":\"https:\/\/schema.org\",\"@graph\":[{\"@type\":\"WebPage\",\"@id\":\"https:\/\/nbgtele.com\/fr\/produit\/hd-analog-ai-kit-4-channels-8mp-4k-4-x-cameras\/\",\"url\":\"https:\/\/nbgtele.com\/fr\/produit\/hd-analog-ai-kit-4-channels-8mp-4k-4-x-cameras\/\",\"name\":\"Kit HD Analog - 4 Canaux-8MP\/4K + 4 x cam\u00e9ras TVI - GSD\",\"isPartOf\":{\"@id\":\"https:\/\/nbgtele.com\/fr\/#website\"},\"primaryImageOfPage\":{\"@id\":\"https:\/\/nbgtele.com\/fr\/produit\/hd-analog-ai-kit-4-channels-8mp-4k-4-x-cameras\/#primaryimage\"},\"image\":{\"@id\":\"https:\/\/nbgtele.com\/fr\/produit\/hd-analog-ai-kit-4-channels-8mp-4k-4-x-cameras\/#primaryimage\"},\"thumbnailUrl\":\"https:\/\/nbgtele.com\/wp-content\/uploads\/2023\/06\/eb2fdaip5mp28-b-l-1.png\",\"datePublished\":\"2023-06-13T13:40:54+00:00\",\"dateModified\":\"2025-05-26T19:56:56+00:00\",\"description\":\"Procurez-vous ce kit compos\u00e9 d\u2019un enregistreur vid\u00e9o DVR de 4 canaux accompagn\u00e9 de 4 cam\u00e9ras TVI noires ou blanches de 5 ou 8 m\u00e9gapixels.\",\"breadcrumb\":{\"@id\":\"https:\/\/nbgtele.com\/fr\/produit\/hd-analog-ai-kit-4-channels-8mp-4k-4-x-cameras\/#breadcrumb\"},\"inLanguage\":\"fr-FR\",\"potentialAction\":[{\"@type\":\"ReadAction\",\"target\":[\"https:\/\/nbgtele.com\/fr\/produit\/hd-analog-ai-kit-4-channels-8mp-4k-4-x-cameras\/\"]}]},{\"@type\":\"ImageObject\",\"inLanguage\":\"fr-FR\",\"@id\":\"https:\/\/nbgtele.com\/fr\/produit\/hd-analog-ai-kit-4-channels-8mp-4k-4-x-cameras\/#primaryimage\",\"url\":\"https:\/\/nbgtele.com\/wp-content\/uploads\/2023\/06\/eb2fdaip5mp28-b-l-1.png\",\"contentUrl\":\"https:\/\/nbgtele.com\/wp-content\/uploads\/2023\/06\/eb2fdaip5mp28-b-l-1.png\",\"width\":1000,\"height\":1000},{\"@type\":\"BreadcrumbList\",\"@id\":\"https:\/\/nbgtele.com\/fr\/produit\/hd-analog-ai-kit-4-channels-8mp-4k-4-x-cameras\/#breadcrumb\",\"itemListElement\":[{\"@type\":\"ListItem\",\"position\":1,\"name\":\"Home\",\"item\":\"https:\/\/nbgtele.com\/fr\/\"},{\"@type\":\"ListItem\",\"position\":2,\"name\":\"Boutique\",\"item\":\"https:\/\/nbgtele.com\/fr\/boutique\/\"},{\"@type\":\"ListItem\",\"position\":3,\"name\":\"HD Analog AI Kit &#8211; 4 Channels-8MP\/4K + 4 x cameras\"}]},{\"@type\":\"WebSite\",\"@id\":\"https:\/\/nbgtele.com\/fr\/#website\",\"url\":\"https:\/\/nbgtele.com\/fr\/\",\"name\":\"NBGTele.com\",\"description\":\"\",\"potentialAction\":[{\"@type\":\"SearchAction\",\"target\":{\"@type\":\"EntryPoint\",\"urlTemplate\":\"https:\/\/nbgtele.com\/fr\/?s={search_term_string}\"},\"query-input\":{\"@type\":\"PropertyValueSpecification\",\"valueRequired\":true,\"valueName\":\"search_term_string\"}}],\"inLanguage\":\"fr-FR\"}]}<\/script>\n<!-- \/ Yoast SEO plugin. -->","yoast_head_json":{"title":"Kit HD Analog - 4 Canaux-8MP\/4K + 4 x cam\u00e9ras TVI - GSD","description":"Procurez-vous ce kit compos\u00e9 d\u2019un enregistreur vid\u00e9o DVR de 4 canaux accompagn\u00e9 de 4 cam\u00e9ras TVI noires ou blanches de 5 ou 8 m\u00e9gapixels.","robots":{"index":"index","follow":"follow","max-snippet":"max-snippet:-1","max-image-preview":"max-image-preview:large","max-video-preview":"max-video-preview:-1"},"canonical":"https:\/\/nbgtele.com\/fr\/produit\/hd-analog-ai-kit-4-channels-8mp-4k-4-x-cameras\/","og_locale":"fr_FR","og_type":"article","og_title":"Kit HD Analog - 4 Canaux-8MP\/4K + 4 x cam\u00e9ras TVI - GSD","og_description":"Procurez-vous ce kit compos\u00e9 d\u2019un enregistreur vid\u00e9o DVR de 4 canaux accompagn\u00e9 de 4 cam\u00e9ras TVI noires ou blanches de 5 ou 8 m\u00e9gapixels.","og_url":"https:\/\/nbgtele.com\/fr\/produit\/hd-analog-ai-kit-4-channels-8mp-4k-4-x-cameras\/","og_site_name":"NBGTele.com","article_modified_time":"2025-05-26T19:56:56+00:00","og_image":[{"width":1000,"height":1000,"url":"https:\/\/nbgtele.com\/wp-content\/uploads\/2023\/06\/eb2fdaip5mp28-b-l-1.png","type":"image\/png"}],"twitter_card":"summary_large_image","schema":{"@context":"https:\/\/schema.org","@graph":[{"@type":"WebPage","@id":"https:\/\/nbgtele.com\/fr\/produit\/hd-analog-ai-kit-4-channels-8mp-4k-4-x-cameras\/","url":"https:\/\/nbgtele.com\/fr\/produit\/hd-analog-ai-kit-4-channels-8mp-4k-4-x-cameras\/","name":"Kit HD Analog - 4 Canaux-8MP\/4K + 4 x cam\u00e9ras TVI - GSD","isPartOf":{"@id":"https:\/\/nbgtele.com\/fr\/#website"},"primaryImageOfPage":{"@id":"https:\/\/nbgtele.com\/fr\/produit\/hd-analog-ai-kit-4-channels-8mp-4k-4-x-cameras\/#primaryimage"},"image":{"@id":"https:\/\/nbgtele.com\/fr\/produit\/hd-analog-ai-kit-4-channels-8mp-4k-4-x-cameras\/#primaryimage"},"thumbnailUrl":"https:\/\/nbgtele.com\/wp-content\/uploads\/2023\/06\/eb2fdaip5mp28-b-l-1.png","datePublished":"2023-06-13T13:40:54+00:00","dateModified":"2025-05-26T19:56:56+00:00","description":"Procurez-vous ce kit compos\u00e9 d\u2019un enregistreur vid\u00e9o DVR de 4 canaux accompagn\u00e9 de 4 cam\u00e9ras TVI noires ou blanches de 5 ou 8 m\u00e9gapixels.","breadcrumb":{"@id":"https:\/\/nbgtele.com\/fr\/produit\/hd-analog-ai-kit-4-channels-8mp-4k-4-x-cameras\/#breadcrumb"},"inLanguage":"fr-FR","potentialAction":[{"@type":"ReadAction","target":["https:\/\/nbgtele.com\/fr\/produit\/hd-analog-ai-kit-4-channels-8mp-4k-4-x-cameras\/"]}]},{"@type":"ImageObject","inLanguage":"fr-FR","@id":"https:\/\/nbgtele.com\/fr\/produit\/hd-analog-ai-kit-4-channels-8mp-4k-4-x-cameras\/#primaryimage","url":"https:\/\/nbgtele.com\/wp-content\/uploads\/2023\/06\/eb2fdaip5mp28-b-l-1.png","contentUrl":"https:\/\/nbgtele.com\/wp-content\/uploads\/2023\/06\/eb2fdaip5mp28-b-l-1.png","width":1000,"height":1000},{"@type":"BreadcrumbList","@id":"https:\/\/nbgtele.com\/fr\/produit\/hd-analog-ai-kit-4-channels-8mp-4k-4-x-cameras\/#breadcrumb","itemListElement":[{"@type":"ListItem","position":1,"name":"Home","item":"https:\/\/nbgtele.com\/fr\/"},{"@type":"ListItem","position":2,"name":"Boutique","item":"https:\/\/nbgtele.com\/fr\/boutique\/"},{"@type":"ListItem","position":3,"name":"HD Analog AI Kit &#8211; 4 Channels-8MP\/4K + 4 x cameras"}]},{"@type":"WebSite","@id":"https:\/\/nbgtele.com\/fr\/#website","url":"https:\/\/nbgtele.com\/fr\/","name":"NBGTele.com","description":"","potentialAction":[{"@type":"SearchAction","target":{"@type":"EntryPoint","urlTemplate":"https:\/\/nbgtele.com\/fr\/?s={search_term_string}"},"query-input":{"@type":"PropertyValueSpecification","valueRequired":true,"valueName":"search_term_string"}}],"inLanguage":"fr-FR"}]}},"_links":{"self":[{"href":"https:\/\/nbgtele.com\/fr\/wp-json\/wp\/v2\/product\/95674","targetHints":{"allow":["GET"]}}],"collection":[{"href":"https:\/\/nbgtele.com\/fr\/wp-json\/wp\/v2\/product"}],"about":[{"href":"https:\/\/nbgtele.com\/fr\/wp-json\/wp\/v2\/types\/product"}],"wp:featuredmedia":[{"embeddable":true,"href":"https:\/\/nbgtele.com\/fr\/wp-json\/wp\/v2\/media\/95438"}],"wp:attachment":[{"href":"https:\/\/nbgtele.com\/fr\/wp-json\/wp\/v2\/media?parent=95674"}],"wp:term":[{"taxonomy":"product_brand","embeddable":true,"href":"https:\/\/nbgtele.com\/fr\/wp-json\/wp\/v2\/product_brand?post=95674"},{"taxonomy":"product_cat","embeddable":true,"href":"https:\/\/nbgtele.com\/fr\/wp-json\/wp\/v2\/product_cat?post=95674"},{"taxonomy":"product_tag","embeddable":true,"href":"https:\/\/nbgtele.com\/fr\/wp-json\/wp\/v2\/product_tag?post=95674"},{"taxonomy":"brand","embeddable":true,"href":"https:\/\/nbgtele.com\/fr\/wp-json\/wp\/v2\/brand?post=95674"},{"taxonomy":"model","embeddable":true,"href":"https:\/\/nbgtele.com\/fr\/wp-json\/wp\/v2\/model?post=95674"},{"taxonomy":"profile","embeddable":true,"href":"https:\/\/nbgtele.com\/fr\/wp-json\/wp\/v2\/profile?post=95674"},{"taxonomy":"resolution","embeddable":true,"href":"https:\/\/nbgtele.com\/fr\/wp-json\/wp\/v2\/resolution?post=95674"},{"taxonomy":"lens","embeddable":true,"href":"https:\/\/nbgtele.com\/fr\/wp-json\/wp\/v2\/lens?post=95674"},{"taxonomy":"color","embeddable":true,"href":"https:\/\/nbgtele.com\/fr\/wp-json\/wp\/v2\/color?post=95674"},{"taxonomy":"ndaa_compliant","embeddable":true,"href":"https:\/\/nbgtele.com\/fr\/wp-json\/wp\/v2\/ndaa_compliant?post=95674"},{"taxonomy":"dual_voltage","embeddable":true,"href":"https:\/\/nbgtele.com\/fr\/wp-json\/wp\/v2\/dual_voltage?post=95674"},{"taxonomy":"ai","embeddable":true,"href":"https:\/\/nbgtele.com\/fr\/wp-json\/wp\/v2\/ai?post=95674"},{"taxonomy":"lite","embeddable":true,"href":"https:\/\/nbgtele.com\/fr\/wp-json\/wp\/v2\/lite?post=95674"},{"taxonomy":"infrared_perimeter","embeddable":true,"href":"https:\/\/nbgtele.com\/fr\/wp-json\/wp\/v2\/infrared_perimeter?post=95674"},{"taxonomy":"fixed_dome_microphone","embeddable":true,"href":"https:\/\/nbgtele.com\/fr\/wp-json\/wp\/v2\/fixed_dome_microphone?post=95674"},{"taxonomy":"analog_hd","embeddable":true,"href":"https:\/\/nbgtele.com\/fr\/wp-json\/wp\/v2\/analog_hd?post=95674"},{"taxonomy":"covert_camera","embeddable":true,"href":"https:\/\/nbgtele.com\/fr\/wp-json\/wp\/v2\/covert_camera?post=95674"},{"taxonomy":"internet_protocol","embeddable":true,"href":"https:\/\/nbgtele.com\/fr\/wp-json\/wp\/v2\/internet_protocol?post=95674"},{"taxonomy":"channels","embeddable":true,"href":"https:\/\/nbgtele.com\/fr\/wp-json\/wp\/v2\/channels?post=95674"},{"taxonomy":"ports","embeddable":true,"href":"https:\/\/nbgtele.com\/fr\/wp-json\/wp\/v2\/ports?post=95674"}],"curies":[{"name":"wp","href":"https:\/\/api.w.org\/{rel}","templated":true}]}}