{"id":95145,"date":"2023-06-01T16:44:38","date_gmt":"2023-06-01T20:44:38","guid":{"rendered":"https:\/\/nbgtele.com\/?post_type=product&#038;p=95145"},"modified":"2026-03-12T14:22:11","modified_gmt":"2026-03-12T18:22:11","slug":"ulc-kit-de-surveillance-incendie-2-0-transformateur-inclus","status":"publish","type":"product","link":"https:\/\/nbgtele.com\/fr\/produit\/ulc-kit-de-surveillance-incendie-2-0-transformateur-inclus\/","title":{"rendered":"ULC Kit de surveillance incendie 2.0 &#8211; Transformateur inclus"},"content":{"rendered":"","protected":false},"excerpt":{"rendered":"<p><span style=\"font-weight: 400;\">Retrouvez dans ce kit de surveillance tr\u00e8s complet une centrale de contr\u00f4le IP &#8211; 28 points c\u00e2bl\u00e9s ou radio, un clavier standard \u00e0 2 lignes avec des touches pictogramme, un transmetteur <\/span><span style=\"font-weight: 400;\">cellulaire enfichable, une batterie et un module de d\u00e9connexion si celle-ci faiblit ainsi qu\u2019un coffret de protection rouge avec transformateur \u00e0 fil et son jeu de serrure et cl\u00e9.<\/span><\/p>\n","protected":false},"featured_media":99762,"template":"","meta":{"_acf_changed":false},"product_brand":[],"product_cat":[78],"product_tag":[212],"brand":[199],"model":[],"profile":[],"resolution":[],"lens":[],"color":[],"ndaa_compliant":[],"dual_voltage":[],"ai":[],"lite":[],"infrared_perimeter":[],"fixed_dome_microphone":[],"analog_hd":[],"covert_camera":[],"internet_protocol":[],"channels":[],"ports":[],"class_list":{"0":"post-95145","1":"product","2":"type-product","3":"status-publish","4":"has-post-thumbnail","6":"product_cat-kits-fr","7":"product_tag-bosch-fr","8":"product_shipping_class-hide-flat-rate-fr","9":"brand-bosch-fr","10":"entry","12":"first","13":"onbackorder","14":"taxable","15":"shipping-taxable","16":"product-type-simple"},"acf":[],"wcpa_form_fields":null,"yoast_head":"<!-- This site is optimized with the Yoast SEO plugin v26.0 - https:\/\/yoast.com\/wordpress\/plugins\/seo\/ -->\n<title>ULC Kit de surveillance incendie 2.0 - Transformateur inclus - NBGTele.com<\/title>\n<meta name=\"robots\" content=\"index, follow, max-snippet:-1, max-image-preview:large, max-video-preview:-1\" \/>\n<link rel=\"canonical\" href=\"https:\/\/nbgtele.com\/fr\/produit\/ulc-kit-de-surveillance-incendie-2-0-transformateur-inclus\/\" \/>\n<meta property=\"og:locale\" content=\"fr_FR\" \/>\n<meta property=\"og:type\" content=\"article\" \/>\n<meta property=\"og:title\" content=\"ULC Kit de surveillance incendie 2.0 - Transformateur inclus - NBGTele.com\" \/>\n<meta property=\"og:description\" content=\"Retrouvez dans ce kit de surveillance tr\u00e8s complet une centrale de contr\u00f4le IP - 28 points c\u00e2bl\u00e9s ou radio, un clavier standard \u00e0 2 lignes avec des touches pictogramme, un transmetteur cellulaire enfichable, une batterie et un module de d\u00e9connexion si celle-ci faiblit ainsi qu\u2019un coffret de protection rouge avec transformateur \u00e0 fil et son jeu de serrure et cl\u00e9.\" \/>\n<meta property=\"og:url\" content=\"https:\/\/nbgtele.com\/fr\/produit\/ulc-kit-de-surveillance-incendie-2-0-transformateur-inclus\/\" \/>\n<meta property=\"og:site_name\" content=\"NBGTele.com\" \/>\n<meta property=\"article:modified_time\" content=\"2026-03-12T18:22:11+00:00\" \/>\n<meta property=\"og:image\" content=\"https:\/\/nbgtele.com\/wp-content\/uploads\/2023\/06\/B4512-CAN-2A-min.png\" \/>\n\t<meta property=\"og:image:width\" content=\"1285\" \/>\n\t<meta property=\"og:image:height\" content=\"1279\" \/>\n\t<meta property=\"og:image:type\" content=\"image\/png\" \/>\n<meta name=\"twitter:card\" content=\"summary_large_image\" \/>\n<meta name=\"twitter:label1\" content=\"Dur\u00e9e de lecture estim\u00e9e\" \/>\n\t<meta name=\"twitter:data1\" content=\"1 minute\" \/>\n<script type=\"application\/ld+json\" class=\"yoast-schema-graph\">{\"@context\":\"https:\/\/schema.org\",\"@graph\":[{\"@type\":\"WebPage\",\"@id\":\"https:\/\/nbgtele.com\/fr\/produit\/ulc-kit-de-surveillance-incendie-2-0-transformateur-inclus\/\",\"url\":\"https:\/\/nbgtele.com\/fr\/produit\/ulc-kit-de-surveillance-incendie-2-0-transformateur-inclus\/\",\"name\":\"ULC Kit de surveillance incendie 2.0 - Transformateur inclus - NBGTele.com\",\"isPartOf\":{\"@id\":\"https:\/\/nbgtele.com\/fr\/#website\"},\"primaryImageOfPage\":{\"@id\":\"https:\/\/nbgtele.com\/fr\/produit\/ulc-kit-de-surveillance-incendie-2-0-transformateur-inclus\/#primaryimage\"},\"image\":{\"@id\":\"https:\/\/nbgtele.com\/fr\/produit\/ulc-kit-de-surveillance-incendie-2-0-transformateur-inclus\/#primaryimage\"},\"thumbnailUrl\":\"https:\/\/nbgtele.com\/wp-content\/uploads\/2023\/06\/B4512-CAN-2A-min.png\",\"datePublished\":\"2023-06-01T20:44:38+00:00\",\"dateModified\":\"2026-03-12T18:22:11+00:00\",\"breadcrumb\":{\"@id\":\"https:\/\/nbgtele.com\/fr\/produit\/ulc-kit-de-surveillance-incendie-2-0-transformateur-inclus\/#breadcrumb\"},\"inLanguage\":\"fr-FR\",\"potentialAction\":[{\"@type\":\"ReadAction\",\"target\":[\"https:\/\/nbgtele.com\/fr\/produit\/ulc-kit-de-surveillance-incendie-2-0-transformateur-inclus\/\"]}]},{\"@type\":\"ImageObject\",\"inLanguage\":\"fr-FR\",\"@id\":\"https:\/\/nbgtele.com\/fr\/produit\/ulc-kit-de-surveillance-incendie-2-0-transformateur-inclus\/#primaryimage\",\"url\":\"https:\/\/nbgtele.com\/wp-content\/uploads\/2023\/06\/B4512-CAN-2A-min.png\",\"contentUrl\":\"https:\/\/nbgtele.com\/wp-content\/uploads\/2023\/06\/B4512-CAN-2A-min.png\",\"width\":1285,\"height\":1279},{\"@type\":\"BreadcrumbList\",\"@id\":\"https:\/\/nbgtele.com\/fr\/produit\/ulc-kit-de-surveillance-incendie-2-0-transformateur-inclus\/#breadcrumb\",\"itemListElement\":[{\"@type\":\"ListItem\",\"position\":1,\"name\":\"Home\",\"item\":\"https:\/\/nbgtele.com\/fr\/\"},{\"@type\":\"ListItem\",\"position\":2,\"name\":\"Boutique\",\"item\":\"https:\/\/nbgtele.com\/fr\/boutique\/\"},{\"@type\":\"ListItem\",\"position\":3,\"name\":\"ULC Kit de surveillance incendie 2.0 &#8211; Transformateur inclus\"}]},{\"@type\":\"WebSite\",\"@id\":\"https:\/\/nbgtele.com\/fr\/#website\",\"url\":\"https:\/\/nbgtele.com\/fr\/\",\"name\":\"NBGTele.com\",\"description\":\"\",\"potentialAction\":[{\"@type\":\"SearchAction\",\"target\":{\"@type\":\"EntryPoint\",\"urlTemplate\":\"https:\/\/nbgtele.com\/fr\/?s={search_term_string}\"},\"query-input\":{\"@type\":\"PropertyValueSpecification\",\"valueRequired\":true,\"valueName\":\"search_term_string\"}}],\"inLanguage\":\"fr-FR\"}]}<\/script>\n<!-- \/ Yoast SEO plugin. -->","yoast_head_json":{"title":"ULC Kit de surveillance incendie 2.0 - Transformateur inclus - NBGTele.com","robots":{"index":"index","follow":"follow","max-snippet":"max-snippet:-1","max-image-preview":"max-image-preview:large","max-video-preview":"max-video-preview:-1"},"canonical":"https:\/\/nbgtele.com\/fr\/produit\/ulc-kit-de-surveillance-incendie-2-0-transformateur-inclus\/","og_locale":"fr_FR","og_type":"article","og_title":"ULC Kit de surveillance incendie 2.0 - Transformateur inclus - NBGTele.com","og_description":"Retrouvez dans ce kit de surveillance tr\u00e8s complet une centrale de contr\u00f4le IP - 28 points c\u00e2bl\u00e9s ou radio, un clavier standard \u00e0 2 lignes avec des touches pictogramme, un transmetteur cellulaire enfichable, une batterie et un module de d\u00e9connexion si celle-ci faiblit ainsi qu\u2019un coffret de protection rouge avec transformateur \u00e0 fil et son jeu de serrure et cl\u00e9.","og_url":"https:\/\/nbgtele.com\/fr\/produit\/ulc-kit-de-surveillance-incendie-2-0-transformateur-inclus\/","og_site_name":"NBGTele.com","article_modified_time":"2026-03-12T18:22:11+00:00","og_image":[{"width":1285,"height":1279,"url":"https:\/\/nbgtele.com\/wp-content\/uploads\/2023\/06\/B4512-CAN-2A-min.png","type":"image\/png"}],"twitter_card":"summary_large_image","twitter_misc":{"Dur\u00e9e de lecture estim\u00e9e":"1 minute"},"schema":{"@context":"https:\/\/schema.org","@graph":[{"@type":"WebPage","@id":"https:\/\/nbgtele.com\/fr\/produit\/ulc-kit-de-surveillance-incendie-2-0-transformateur-inclus\/","url":"https:\/\/nbgtele.com\/fr\/produit\/ulc-kit-de-surveillance-incendie-2-0-transformateur-inclus\/","name":"ULC Kit de surveillance incendie 2.0 - Transformateur inclus - NBGTele.com","isPartOf":{"@id":"https:\/\/nbgtele.com\/fr\/#website"},"primaryImageOfPage":{"@id":"https:\/\/nbgtele.com\/fr\/produit\/ulc-kit-de-surveillance-incendie-2-0-transformateur-inclus\/#primaryimage"},"image":{"@id":"https:\/\/nbgtele.com\/fr\/produit\/ulc-kit-de-surveillance-incendie-2-0-transformateur-inclus\/#primaryimage"},"thumbnailUrl":"https:\/\/nbgtele.com\/wp-content\/uploads\/2023\/06\/B4512-CAN-2A-min.png","datePublished":"2023-06-01T20:44:38+00:00","dateModified":"2026-03-12T18:22:11+00:00","breadcrumb":{"@id":"https:\/\/nbgtele.com\/fr\/produit\/ulc-kit-de-surveillance-incendie-2-0-transformateur-inclus\/#breadcrumb"},"inLanguage":"fr-FR","potentialAction":[{"@type":"ReadAction","target":["https:\/\/nbgtele.com\/fr\/produit\/ulc-kit-de-surveillance-incendie-2-0-transformateur-inclus\/"]}]},{"@type":"ImageObject","inLanguage":"fr-FR","@id":"https:\/\/nbgtele.com\/fr\/produit\/ulc-kit-de-surveillance-incendie-2-0-transformateur-inclus\/#primaryimage","url":"https:\/\/nbgtele.com\/wp-content\/uploads\/2023\/06\/B4512-CAN-2A-min.png","contentUrl":"https:\/\/nbgtele.com\/wp-content\/uploads\/2023\/06\/B4512-CAN-2A-min.png","width":1285,"height":1279},{"@type":"BreadcrumbList","@id":"https:\/\/nbgtele.com\/fr\/produit\/ulc-kit-de-surveillance-incendie-2-0-transformateur-inclus\/#breadcrumb","itemListElement":[{"@type":"ListItem","position":1,"name":"Home","item":"https:\/\/nbgtele.com\/fr\/"},{"@type":"ListItem","position":2,"name":"Boutique","item":"https:\/\/nbgtele.com\/fr\/boutique\/"},{"@type":"ListItem","position":3,"name":"ULC Kit de surveillance incendie 2.0 &#8211; Transformateur inclus"}]},{"@type":"WebSite","@id":"https:\/\/nbgtele.com\/fr\/#website","url":"https:\/\/nbgtele.com\/fr\/","name":"NBGTele.com","description":"","potentialAction":[{"@type":"SearchAction","target":{"@type":"EntryPoint","urlTemplate":"https:\/\/nbgtele.com\/fr\/?s={search_term_string}"},"query-input":{"@type":"PropertyValueSpecification","valueRequired":true,"valueName":"search_term_string"}}],"inLanguage":"fr-FR"}]}},"_links":{"self":[{"href":"https:\/\/nbgtele.com\/fr\/wp-json\/wp\/v2\/product\/95145","targetHints":{"allow":["GET"]}}],"collection":[{"href":"https:\/\/nbgtele.com\/fr\/wp-json\/wp\/v2\/product"}],"about":[{"href":"https:\/\/nbgtele.com\/fr\/wp-json\/wp\/v2\/types\/product"}],"wp:featuredmedia":[{"embeddable":true,"href":"https:\/\/nbgtele.com\/fr\/wp-json\/wp\/v2\/media\/99762"}],"wp:attachment":[{"href":"https:\/\/nbgtele.com\/fr\/wp-json\/wp\/v2\/media?parent=95145"}],"wp:term":[{"taxonomy":"product_brand","embeddable":true,"href":"https:\/\/nbgtele.com\/fr\/wp-json\/wp\/v2\/product_brand?post=95145"},{"taxonomy":"product_cat","embeddable":true,"href":"https:\/\/nbgtele.com\/fr\/wp-json\/wp\/v2\/product_cat?post=95145"},{"taxonomy":"product_tag","embeddable":true,"href":"https:\/\/nbgtele.com\/fr\/wp-json\/wp\/v2\/product_tag?post=95145"},{"taxonomy":"brand","embeddable":true,"href":"https:\/\/nbgtele.com\/fr\/wp-json\/wp\/v2\/brand?post=95145"},{"taxonomy":"model","embeddable":true,"href":"https:\/\/nbgtele.com\/fr\/wp-json\/wp\/v2\/model?post=95145"},{"taxonomy":"profile","embeddable":true,"href":"https:\/\/nbgtele.com\/fr\/wp-json\/wp\/v2\/profile?post=95145"},{"taxonomy":"resolution","embeddable":true,"href":"https:\/\/nbgtele.com\/fr\/wp-json\/wp\/v2\/resolution?post=95145"},{"taxonomy":"lens","embeddable":true,"href":"https:\/\/nbgtele.com\/fr\/wp-json\/wp\/v2\/lens?post=95145"},{"taxonomy":"color","embeddable":true,"href":"https:\/\/nbgtele.com\/fr\/wp-json\/wp\/v2\/color?post=95145"},{"taxonomy":"ndaa_compliant","embeddable":true,"href":"https:\/\/nbgtele.com\/fr\/wp-json\/wp\/v2\/ndaa_compliant?post=95145"},{"taxonomy":"dual_voltage","embeddable":true,"href":"https:\/\/nbgtele.com\/fr\/wp-json\/wp\/v2\/dual_voltage?post=95145"},{"taxonomy":"ai","embeddable":true,"href":"https:\/\/nbgtele.com\/fr\/wp-json\/wp\/v2\/ai?post=95145"},{"taxonomy":"lite","embeddable":true,"href":"https:\/\/nbgtele.com\/fr\/wp-json\/wp\/v2\/lite?post=95145"},{"taxonomy":"infrared_perimeter","embeddable":true,"href":"https:\/\/nbgtele.com\/fr\/wp-json\/wp\/v2\/infrared_perimeter?post=95145"},{"taxonomy":"fixed_dome_microphone","embeddable":true,"href":"https:\/\/nbgtele.com\/fr\/wp-json\/wp\/v2\/fixed_dome_microphone?post=95145"},{"taxonomy":"analog_hd","embeddable":true,"href":"https:\/\/nbgtele.com\/fr\/wp-json\/wp\/v2\/analog_hd?post=95145"},{"taxonomy":"covert_camera","embeddable":true,"href":"https:\/\/nbgtele.com\/fr\/wp-json\/wp\/v2\/covert_camera?post=95145"},{"taxonomy":"internet_protocol","embeddable":true,"href":"https:\/\/nbgtele.com\/fr\/wp-json\/wp\/v2\/internet_protocol?post=95145"},{"taxonomy":"channels","embeddable":true,"href":"https:\/\/nbgtele.com\/fr\/wp-json\/wp\/v2\/channels?post=95145"},{"taxonomy":"ports","embeddable":true,"href":"https:\/\/nbgtele.com\/fr\/wp-json\/wp\/v2\/ports?post=95145"}],"curies":[{"name":"wp","href":"https:\/\/api.w.org\/{rel}","templated":true}]}}