{"id":2522,"date":"2022-09-07T11:39:40","date_gmt":"2022-09-07T15:39:40","guid":{"rendered":"https:\/\/nbgtele.com\/product\/t-blocks\/"},"modified":"2025-05-26T15:59:10","modified_gmt":"2025-05-26T19:59:10","slug":"t-blocks","status":"publish","type":"product","link":"https:\/\/nbgtele.com\/fr\/produit\/t-blocks\/","title":{"rendered":"T-BLOCKS"},"content":{"rendered":"","protected":false},"excerpt":{"rendered":"<p><span style=\"font-weight: 400;\">Ces borniers renforcent la s\u00e9curit\u00e9 en isolant et en prot\u00e9geant les autres composants du circuit \u00e9lectrique. En outre, ils fournissent \u00e9galement des points de test, ce qui accro\u00eet encore la s\u00e9curit\u00e9 du circuit.<\/span><\/p>\n","protected":false},"featured_media":792,"template":"","meta":{"_acf_changed":false},"product_brand":[],"product_cat":[77],"product_tag":[247],"brand":[195],"model":[],"profile":[],"resolution":[],"lens":[],"color":[],"ndaa_compliant":[],"dual_voltage":[],"ai":[],"lite":[],"infrared_perimeter":[],"fixed_dome_microphone":[],"analog_hd":[],"covert_camera":[],"internet_protocol":[],"channels":[],"ports":[],"class_list":{"0":"post-2522","1":"product","2":"type-product","3":"status-publish","4":"has-post-thumbnail","6":"product_cat-accessories-fr","7":"product_tag-gsd-fr","8":"brand-gsd-fr","9":"entry","11":"first","12":"instock","13":"taxable","14":"shipping-taxable","15":"product-type-simple"},"acf":[],"wcpa_form_fields":null,"yoast_head":"<!-- This site is optimized with the Yoast SEO plugin v26.0 - https:\/\/yoast.com\/wordpress\/plugins\/seo\/ -->\n<title>T-BLOCKS bornier - GSD<\/title>\n<meta name=\"description\" content=\"Renforcez la s\u00e9curit\u00e9 des syst\u00e8mes \u00e9lectriques de vos clients avec le bornier T-BLOCKS de la marque GSD. Ce dernier prot\u00e8ge et isole les composants de vos circuits.\" \/>\n<meta name=\"robots\" content=\"index, follow, max-snippet:-1, max-image-preview:large, max-video-preview:-1\" \/>\n<link rel=\"canonical\" href=\"https:\/\/nbgtele.com\/fr\/produit\/t-blocks\/\" \/>\n<meta property=\"og:locale\" content=\"fr_FR\" \/>\n<meta property=\"og:type\" content=\"article\" \/>\n<meta property=\"og:title\" content=\"T-BLOCKS bornier - GSD\" \/>\n<meta property=\"og:description\" content=\"Renforcez la s\u00e9curit\u00e9 des syst\u00e8mes \u00e9lectriques de vos clients avec le bornier T-BLOCKS de la marque GSD. Ce dernier prot\u00e8ge et isole les composants de vos circuits.\" \/>\n<meta property=\"og:url\" content=\"https:\/\/nbgtele.com\/fr\/produit\/t-blocks\/\" \/>\n<meta property=\"og:site_name\" content=\"NBGTele.com\" \/>\n<meta property=\"article:modified_time\" content=\"2025-05-26T19:59:10+00:00\" \/>\n<meta property=\"og:image\" content=\"https:\/\/nbgtele.com\/wp-content\/uploads\/2022\/09\/t-blocks.png\" \/>\n\t<meta property=\"og:image:width\" content=\"1000\" \/>\n\t<meta property=\"og:image:height\" content=\"1000\" \/>\n\t<meta property=\"og:image:type\" content=\"image\/png\" \/>\n<meta name=\"twitter:card\" content=\"summary_large_image\" \/>\n<script type=\"application\/ld+json\" class=\"yoast-schema-graph\">{\"@context\":\"https:\/\/schema.org\",\"@graph\":[{\"@type\":\"WebPage\",\"@id\":\"https:\/\/nbgtele.com\/fr\/produit\/t-blocks\/\",\"url\":\"https:\/\/nbgtele.com\/fr\/produit\/t-blocks\/\",\"name\":\"T-BLOCKS bornier - GSD\",\"isPartOf\":{\"@id\":\"https:\/\/nbgtele.com\/fr\/#website\"},\"primaryImageOfPage\":{\"@id\":\"https:\/\/nbgtele.com\/fr\/produit\/t-blocks\/#primaryimage\"},\"image\":{\"@id\":\"https:\/\/nbgtele.com\/fr\/produit\/t-blocks\/#primaryimage\"},\"thumbnailUrl\":\"https:\/\/nbgtele.com\/wp-content\/uploads\/2022\/09\/t-blocks.png\",\"datePublished\":\"2022-09-07T15:39:40+00:00\",\"dateModified\":\"2025-05-26T19:59:10+00:00\",\"description\":\"Renforcez la s\u00e9curit\u00e9 des syst\u00e8mes \u00e9lectriques de vos clients avec le bornier T-BLOCKS de la marque GSD. Ce dernier prot\u00e8ge et isole les composants de vos circuits.\",\"breadcrumb\":{\"@id\":\"https:\/\/nbgtele.com\/fr\/produit\/t-blocks\/#breadcrumb\"},\"inLanguage\":\"fr-FR\",\"potentialAction\":[{\"@type\":\"ReadAction\",\"target\":[\"https:\/\/nbgtele.com\/fr\/produit\/t-blocks\/\"]}]},{\"@type\":\"ImageObject\",\"inLanguage\":\"fr-FR\",\"@id\":\"https:\/\/nbgtele.com\/fr\/produit\/t-blocks\/#primaryimage\",\"url\":\"https:\/\/nbgtele.com\/wp-content\/uploads\/2022\/09\/t-blocks.png\",\"contentUrl\":\"https:\/\/nbgtele.com\/wp-content\/uploads\/2022\/09\/t-blocks.png\",\"width\":1000,\"height\":1000},{\"@type\":\"BreadcrumbList\",\"@id\":\"https:\/\/nbgtele.com\/fr\/produit\/t-blocks\/#breadcrumb\",\"itemListElement\":[{\"@type\":\"ListItem\",\"position\":1,\"name\":\"Home\",\"item\":\"https:\/\/nbgtele.com\/fr\/\"},{\"@type\":\"ListItem\",\"position\":2,\"name\":\"Boutique\",\"item\":\"https:\/\/nbgtele.com\/fr\/boutique\/\"},{\"@type\":\"ListItem\",\"position\":3,\"name\":\"T-BLOCKS\"}]},{\"@type\":\"WebSite\",\"@id\":\"https:\/\/nbgtele.com\/fr\/#website\",\"url\":\"https:\/\/nbgtele.com\/fr\/\",\"name\":\"NBGTele.com\",\"description\":\"\",\"potentialAction\":[{\"@type\":\"SearchAction\",\"target\":{\"@type\":\"EntryPoint\",\"urlTemplate\":\"https:\/\/nbgtele.com\/fr\/?s={search_term_string}\"},\"query-input\":{\"@type\":\"PropertyValueSpecification\",\"valueRequired\":true,\"valueName\":\"search_term_string\"}}],\"inLanguage\":\"fr-FR\"}]}<\/script>\n<!-- \/ Yoast SEO plugin. -->","yoast_head_json":{"title":"T-BLOCKS bornier - GSD","description":"Renforcez la s\u00e9curit\u00e9 des syst\u00e8mes \u00e9lectriques de vos clients avec le bornier T-BLOCKS de la marque GSD. Ce dernier prot\u00e8ge et isole les composants de vos circuits.","robots":{"index":"index","follow":"follow","max-snippet":"max-snippet:-1","max-image-preview":"max-image-preview:large","max-video-preview":"max-video-preview:-1"},"canonical":"https:\/\/nbgtele.com\/fr\/produit\/t-blocks\/","og_locale":"fr_FR","og_type":"article","og_title":"T-BLOCKS bornier - GSD","og_description":"Renforcez la s\u00e9curit\u00e9 des syst\u00e8mes \u00e9lectriques de vos clients avec le bornier T-BLOCKS de la marque GSD. Ce dernier prot\u00e8ge et isole les composants de vos circuits.","og_url":"https:\/\/nbgtele.com\/fr\/produit\/t-blocks\/","og_site_name":"NBGTele.com","article_modified_time":"2025-05-26T19:59:10+00:00","og_image":[{"width":1000,"height":1000,"url":"https:\/\/nbgtele.com\/wp-content\/uploads\/2022\/09\/t-blocks.png","type":"image\/png"}],"twitter_card":"summary_large_image","schema":{"@context":"https:\/\/schema.org","@graph":[{"@type":"WebPage","@id":"https:\/\/nbgtele.com\/fr\/produit\/t-blocks\/","url":"https:\/\/nbgtele.com\/fr\/produit\/t-blocks\/","name":"T-BLOCKS bornier - GSD","isPartOf":{"@id":"https:\/\/nbgtele.com\/fr\/#website"},"primaryImageOfPage":{"@id":"https:\/\/nbgtele.com\/fr\/produit\/t-blocks\/#primaryimage"},"image":{"@id":"https:\/\/nbgtele.com\/fr\/produit\/t-blocks\/#primaryimage"},"thumbnailUrl":"https:\/\/nbgtele.com\/wp-content\/uploads\/2022\/09\/t-blocks.png","datePublished":"2022-09-07T15:39:40+00:00","dateModified":"2025-05-26T19:59:10+00:00","description":"Renforcez la s\u00e9curit\u00e9 des syst\u00e8mes \u00e9lectriques de vos clients avec le bornier T-BLOCKS de la marque GSD. Ce dernier prot\u00e8ge et isole les composants de vos circuits.","breadcrumb":{"@id":"https:\/\/nbgtele.com\/fr\/produit\/t-blocks\/#breadcrumb"},"inLanguage":"fr-FR","potentialAction":[{"@type":"ReadAction","target":["https:\/\/nbgtele.com\/fr\/produit\/t-blocks\/"]}]},{"@type":"ImageObject","inLanguage":"fr-FR","@id":"https:\/\/nbgtele.com\/fr\/produit\/t-blocks\/#primaryimage","url":"https:\/\/nbgtele.com\/wp-content\/uploads\/2022\/09\/t-blocks.png","contentUrl":"https:\/\/nbgtele.com\/wp-content\/uploads\/2022\/09\/t-blocks.png","width":1000,"height":1000},{"@type":"BreadcrumbList","@id":"https:\/\/nbgtele.com\/fr\/produit\/t-blocks\/#breadcrumb","itemListElement":[{"@type":"ListItem","position":1,"name":"Home","item":"https:\/\/nbgtele.com\/fr\/"},{"@type":"ListItem","position":2,"name":"Boutique","item":"https:\/\/nbgtele.com\/fr\/boutique\/"},{"@type":"ListItem","position":3,"name":"T-BLOCKS"}]},{"@type":"WebSite","@id":"https:\/\/nbgtele.com\/fr\/#website","url":"https:\/\/nbgtele.com\/fr\/","name":"NBGTele.com","description":"","potentialAction":[{"@type":"SearchAction","target":{"@type":"EntryPoint","urlTemplate":"https:\/\/nbgtele.com\/fr\/?s={search_term_string}"},"query-input":{"@type":"PropertyValueSpecification","valueRequired":true,"valueName":"search_term_string"}}],"inLanguage":"fr-FR"}]}},"_links":{"self":[{"href":"https:\/\/nbgtele.com\/fr\/wp-json\/wp\/v2\/product\/2522","targetHints":{"allow":["GET"]}}],"collection":[{"href":"https:\/\/nbgtele.com\/fr\/wp-json\/wp\/v2\/product"}],"about":[{"href":"https:\/\/nbgtele.com\/fr\/wp-json\/wp\/v2\/types\/product"}],"wp:featuredmedia":[{"embeddable":true,"href":"https:\/\/nbgtele.com\/fr\/wp-json\/wp\/v2\/media\/792"}],"wp:attachment":[{"href":"https:\/\/nbgtele.com\/fr\/wp-json\/wp\/v2\/media?parent=2522"}],"wp:term":[{"taxonomy":"product_brand","embeddable":true,"href":"https:\/\/nbgtele.com\/fr\/wp-json\/wp\/v2\/product_brand?post=2522"},{"taxonomy":"product_cat","embeddable":true,"href":"https:\/\/nbgtele.com\/fr\/wp-json\/wp\/v2\/product_cat?post=2522"},{"taxonomy":"product_tag","embeddable":true,"href":"https:\/\/nbgtele.com\/fr\/wp-json\/wp\/v2\/product_tag?post=2522"},{"taxonomy":"brand","embeddable":true,"href":"https:\/\/nbgtele.com\/fr\/wp-json\/wp\/v2\/brand?post=2522"},{"taxonomy":"model","embeddable":true,"href":"https:\/\/nbgtele.com\/fr\/wp-json\/wp\/v2\/model?post=2522"},{"taxonomy":"profile","embeddable":true,"href":"https:\/\/nbgtele.com\/fr\/wp-json\/wp\/v2\/profile?post=2522"},{"taxonomy":"resolution","embeddable":true,"href":"https:\/\/nbgtele.com\/fr\/wp-json\/wp\/v2\/resolution?post=2522"},{"taxonomy":"lens","embeddable":true,"href":"https:\/\/nbgtele.com\/fr\/wp-json\/wp\/v2\/lens?post=2522"},{"taxonomy":"color","embeddable":true,"href":"https:\/\/nbgtele.com\/fr\/wp-json\/wp\/v2\/color?post=2522"},{"taxonomy":"ndaa_compliant","embeddable":true,"href":"https:\/\/nbgtele.com\/fr\/wp-json\/wp\/v2\/ndaa_compliant?post=2522"},{"taxonomy":"dual_voltage","embeddable":true,"href":"https:\/\/nbgtele.com\/fr\/wp-json\/wp\/v2\/dual_voltage?post=2522"},{"taxonomy":"ai","embeddable":true,"href":"https:\/\/nbgtele.com\/fr\/wp-json\/wp\/v2\/ai?post=2522"},{"taxonomy":"lite","embeddable":true,"href":"https:\/\/nbgtele.com\/fr\/wp-json\/wp\/v2\/lite?post=2522"},{"taxonomy":"infrared_perimeter","embeddable":true,"href":"https:\/\/nbgtele.com\/fr\/wp-json\/wp\/v2\/infrared_perimeter?post=2522"},{"taxonomy":"fixed_dome_microphone","embeddable":true,"href":"https:\/\/nbgtele.com\/fr\/wp-json\/wp\/v2\/fixed_dome_microphone?post=2522"},{"taxonomy":"analog_hd","embeddable":true,"href":"https:\/\/nbgtele.com\/fr\/wp-json\/wp\/v2\/analog_hd?post=2522"},{"taxonomy":"covert_camera","embeddable":true,"href":"https:\/\/nbgtele.com\/fr\/wp-json\/wp\/v2\/covert_camera?post=2522"},{"taxonomy":"internet_protocol","embeddable":true,"href":"https:\/\/nbgtele.com\/fr\/wp-json\/wp\/v2\/internet_protocol?post=2522"},{"taxonomy":"channels","embeddable":true,"href":"https:\/\/nbgtele.com\/fr\/wp-json\/wp\/v2\/channels?post=2522"},{"taxonomy":"ports","embeddable":true,"href":"https:\/\/nbgtele.com\/fr\/wp-json\/wp\/v2\/ports?post=2522"}],"curies":[{"name":"wp","href":"https:\/\/api.w.org\/{rel}","templated":true}]}}