{"id":2520,"date":"2022-09-07T11:52:36","date_gmt":"2022-09-07T15:52:36","guid":{"rendered":"https:\/\/nbgtele.com\/product\/m2m-m-5-g-ul\/"},"modified":"2026-03-31T08:42:58","modified_gmt":"2026-03-31T12:42:58","slug":"mn01-lte-m","status":"publish","type":"product","link":"https:\/\/nbgtele.com\/fr\/produit\/mn01-lte-m\/","title":{"rendered":"MN01-LTE-M-5G"},"content":{"rendered":"","protected":false},"excerpt":{"rendered":"<p><span style=\"font-weight: 400;\">Le MN01-LTE-M-5G est un Communicateur cellulaire multibande aux dimensions ultra-compactes. Il poss\u00e8de la fonction double SIM qui supporte les r\u00e9seaux Rogers, Bell, Telus, AT&amp;T et Verizon.<\/span><\/p>\n","protected":false},"featured_media":113209,"template":"","meta":{"_acf_changed":false},"product_brand":[],"product_cat":[53],"product_tag":[],"brand":[196],"model":[],"profile":[],"resolution":[],"lens":[],"color":[],"ndaa_compliant":[],"dual_voltage":[],"ai":[],"lite":[],"infrared_perimeter":[],"fixed_dome_microphone":[],"analog_hd":[],"covert_camera":[],"internet_protocol":[],"channels":[],"ports":[],"class_list":{"0":"post-2520","1":"product","2":"type-product","3":"status-publish","4":"has-post-thumbnail","6":"product_cat-alarm-communicators-fr","7":"product_shipping_class-hide-flat-rate-fr","8":"brand-m2m-fr","9":"entry","11":"first","12":"onbackorder","13":"taxable","14":"shipping-taxable","15":"product-type-simple"},"acf":[],"wcpa_form_fields":null,"yoast_head":"<!-- This site is optimized with the Yoast SEO plugin v26.0 - https:\/\/yoast.com\/wordpress\/plugins\/seo\/ -->\n<title>M2M MN01-LTE-M (5G) communicateur cellulaire multibande<\/title>\n<meta name=\"description\" content=\"D\u00e9couvrez les sp\u00e9cificit\u00e9s techniques du communicateur cellulaire multibande MN01-LTE-M (Pr\u00eat pour la 5G) de chez M2M. Avec sa fonction double SIM, il supporte les r\u00e9seaux Verizon et AT&amp;T.\" \/>\n<meta name=\"robots\" content=\"index, follow, max-snippet:-1, max-image-preview:large, max-video-preview:-1\" \/>\n<link rel=\"canonical\" href=\"https:\/\/nbgtele.com\/fr\/produit\/mn01-lte-m\/\" \/>\n<meta property=\"og:locale\" content=\"fr_FR\" \/>\n<meta property=\"og:type\" content=\"article\" \/>\n<meta property=\"og:title\" content=\"M2M MN01-LTE-M (5G) communicateur cellulaire multibande\" \/>\n<meta property=\"og:description\" content=\"D\u00e9couvrez les sp\u00e9cificit\u00e9s techniques du communicateur cellulaire multibande MN01-LTE-M (Pr\u00eat pour la 5G) de chez M2M. Avec sa fonction double SIM, il supporte les r\u00e9seaux Verizon et AT&amp;T.\" \/>\n<meta property=\"og:url\" content=\"https:\/\/nbgtele.com\/fr\/produit\/mn01-lte-m\/\" \/>\n<meta property=\"og:site_name\" content=\"NBGTele.com\" \/>\n<meta property=\"article:modified_time\" content=\"2026-03-31T12:42:58+00:00\" \/>\n<meta property=\"og:image\" content=\"https:\/\/nbgtele.com\/wp-content\/uploads\/2022\/09\/mini-K02-min.png\" \/>\n\t<meta property=\"og:image:width\" content=\"1852\" \/>\n\t<meta property=\"og:image:height\" content=\"1343\" \/>\n\t<meta property=\"og:image:type\" content=\"image\/png\" \/>\n<meta name=\"twitter:card\" content=\"summary_large_image\" \/>\n<meta name=\"twitter:label1\" content=\"Dur\u00e9e de lecture estim\u00e9e\" \/>\n\t<meta name=\"twitter:data1\" content=\"1 minute\" \/>\n<script type=\"application\/ld+json\" class=\"yoast-schema-graph\">{\"@context\":\"https:\/\/schema.org\",\"@graph\":[{\"@type\":\"WebPage\",\"@id\":\"https:\/\/nbgtele.com\/fr\/produit\/mn01-lte-m\/\",\"url\":\"https:\/\/nbgtele.com\/fr\/produit\/mn01-lte-m\/\",\"name\":\"M2M MN01-LTE-M (5G) communicateur cellulaire multibande\",\"isPartOf\":{\"@id\":\"https:\/\/nbgtele.com\/fr\/#website\"},\"primaryImageOfPage\":{\"@id\":\"https:\/\/nbgtele.com\/fr\/produit\/mn01-lte-m\/#primaryimage\"},\"image\":{\"@id\":\"https:\/\/nbgtele.com\/fr\/produit\/mn01-lte-m\/#primaryimage\"},\"thumbnailUrl\":\"https:\/\/nbgtele.com\/wp-content\/uploads\/2022\/09\/m2m-lte.png\",\"datePublished\":\"2022-09-07T15:52:36+00:00\",\"dateModified\":\"2026-03-31T12:42:58+00:00\",\"description\":\"D\u00e9couvrez les sp\u00e9cificit\u00e9s techniques du communicateur cellulaire multibande MN01-LTE-M (Pr\u00eat pour la 5G) de chez M2M. Avec sa fonction double SIM, il supporte les r\u00e9seaux Verizon et AT&T.\",\"breadcrumb\":{\"@id\":\"https:\/\/nbgtele.com\/fr\/produit\/mn01-lte-m\/#breadcrumb\"},\"inLanguage\":\"fr-FR\",\"potentialAction\":[{\"@type\":\"ReadAction\",\"target\":[\"https:\/\/nbgtele.com\/fr\/produit\/mn01-lte-m\/\"]}]},{\"@type\":\"ImageObject\",\"inLanguage\":\"fr-FR\",\"@id\":\"https:\/\/nbgtele.com\/fr\/produit\/mn01-lte-m\/#primaryimage\",\"url\":\"https:\/\/nbgtele.com\/wp-content\/uploads\/2022\/09\/m2m-lte.png\",\"contentUrl\":\"https:\/\/nbgtele.com\/wp-content\/uploads\/2022\/09\/m2m-lte.png\",\"width\":1852,\"height\":1343},{\"@type\":\"BreadcrumbList\",\"@id\":\"https:\/\/nbgtele.com\/fr\/produit\/mn01-lte-m\/#breadcrumb\",\"itemListElement\":[{\"@type\":\"ListItem\",\"position\":1,\"name\":\"Home\",\"item\":\"https:\/\/nbgtele.com\/fr\/\"},{\"@type\":\"ListItem\",\"position\":2,\"name\":\"Boutique\",\"item\":\"https:\/\/nbgtele.com\/fr\/boutique\/\"},{\"@type\":\"ListItem\",\"position\":3,\"name\":\"MN01-LTE-M-5G\"}]},{\"@type\":\"WebSite\",\"@id\":\"https:\/\/nbgtele.com\/fr\/#website\",\"url\":\"https:\/\/nbgtele.com\/fr\/\",\"name\":\"NBGTele.com\",\"description\":\"\",\"potentialAction\":[{\"@type\":\"SearchAction\",\"target\":{\"@type\":\"EntryPoint\",\"urlTemplate\":\"https:\/\/nbgtele.com\/fr\/?s={search_term_string}\"},\"query-input\":{\"@type\":\"PropertyValueSpecification\",\"valueRequired\":true,\"valueName\":\"search_term_string\"}}],\"inLanguage\":\"fr-FR\"}]}<\/script>\n<!-- \/ Yoast SEO plugin. -->","yoast_head_json":{"title":"M2M MN01-LTE-M (5G) communicateur cellulaire multibande","description":"D\u00e9couvrez les sp\u00e9cificit\u00e9s techniques du communicateur cellulaire multibande MN01-LTE-M (Pr\u00eat pour la 5G) de chez M2M. Avec sa fonction double SIM, il supporte les r\u00e9seaux Verizon et AT&T.","robots":{"index":"index","follow":"follow","max-snippet":"max-snippet:-1","max-image-preview":"max-image-preview:large","max-video-preview":"max-video-preview:-1"},"canonical":"https:\/\/nbgtele.com\/fr\/produit\/mn01-lte-m\/","og_locale":"fr_FR","og_type":"article","og_title":"M2M MN01-LTE-M (5G) communicateur cellulaire multibande","og_description":"D\u00e9couvrez les sp\u00e9cificit\u00e9s techniques du communicateur cellulaire multibande MN01-LTE-M (Pr\u00eat pour la 5G) de chez M2M. Avec sa fonction double SIM, il supporte les r\u00e9seaux Verizon et AT&T.","og_url":"https:\/\/nbgtele.com\/fr\/produit\/mn01-lte-m\/","og_site_name":"NBGTele.com","article_modified_time":"2026-03-31T12:42:58+00:00","og_image":[{"width":1852,"height":1343,"url":"https:\/\/nbgtele.com\/wp-content\/uploads\/2022\/09\/mini-K02-min.png","type":"image\/png"}],"twitter_card":"summary_large_image","twitter_misc":{"Dur\u00e9e de lecture estim\u00e9e":"1 minute"},"schema":{"@context":"https:\/\/schema.org","@graph":[{"@type":"WebPage","@id":"https:\/\/nbgtele.com\/fr\/produit\/mn01-lte-m\/","url":"https:\/\/nbgtele.com\/fr\/produit\/mn01-lte-m\/","name":"M2M MN01-LTE-M (5G) communicateur cellulaire multibande","isPartOf":{"@id":"https:\/\/nbgtele.com\/fr\/#website"},"primaryImageOfPage":{"@id":"https:\/\/nbgtele.com\/fr\/produit\/mn01-lte-m\/#primaryimage"},"image":{"@id":"https:\/\/nbgtele.com\/fr\/produit\/mn01-lte-m\/#primaryimage"},"thumbnailUrl":"https:\/\/nbgtele.com\/wp-content\/uploads\/2022\/09\/m2m-lte.png","datePublished":"2022-09-07T15:52:36+00:00","dateModified":"2026-03-31T12:42:58+00:00","description":"D\u00e9couvrez les sp\u00e9cificit\u00e9s techniques du communicateur cellulaire multibande MN01-LTE-M (Pr\u00eat pour la 5G) de chez M2M. Avec sa fonction double SIM, il supporte les r\u00e9seaux Verizon et AT&T.","breadcrumb":{"@id":"https:\/\/nbgtele.com\/fr\/produit\/mn01-lte-m\/#breadcrumb"},"inLanguage":"fr-FR","potentialAction":[{"@type":"ReadAction","target":["https:\/\/nbgtele.com\/fr\/produit\/mn01-lte-m\/"]}]},{"@type":"ImageObject","inLanguage":"fr-FR","@id":"https:\/\/nbgtele.com\/fr\/produit\/mn01-lte-m\/#primaryimage","url":"https:\/\/nbgtele.com\/wp-content\/uploads\/2022\/09\/m2m-lte.png","contentUrl":"https:\/\/nbgtele.com\/wp-content\/uploads\/2022\/09\/m2m-lte.png","width":1852,"height":1343},{"@type":"BreadcrumbList","@id":"https:\/\/nbgtele.com\/fr\/produit\/mn01-lte-m\/#breadcrumb","itemListElement":[{"@type":"ListItem","position":1,"name":"Home","item":"https:\/\/nbgtele.com\/fr\/"},{"@type":"ListItem","position":2,"name":"Boutique","item":"https:\/\/nbgtele.com\/fr\/boutique\/"},{"@type":"ListItem","position":3,"name":"MN01-LTE-M-5G"}]},{"@type":"WebSite","@id":"https:\/\/nbgtele.com\/fr\/#website","url":"https:\/\/nbgtele.com\/fr\/","name":"NBGTele.com","description":"","potentialAction":[{"@type":"SearchAction","target":{"@type":"EntryPoint","urlTemplate":"https:\/\/nbgtele.com\/fr\/?s={search_term_string}"},"query-input":{"@type":"PropertyValueSpecification","valueRequired":true,"valueName":"search_term_string"}}],"inLanguage":"fr-FR"}]}},"_links":{"self":[{"href":"https:\/\/nbgtele.com\/fr\/wp-json\/wp\/v2\/product\/2520","targetHints":{"allow":["GET"]}}],"collection":[{"href":"https:\/\/nbgtele.com\/fr\/wp-json\/wp\/v2\/product"}],"about":[{"href":"https:\/\/nbgtele.com\/fr\/wp-json\/wp\/v2\/types\/product"}],"wp:featuredmedia":[{"embeddable":true,"href":"https:\/\/nbgtele.com\/fr\/wp-json\/wp\/v2\/media\/113209"}],"wp:attachment":[{"href":"https:\/\/nbgtele.com\/fr\/wp-json\/wp\/v2\/media?parent=2520"}],"wp:term":[{"taxonomy":"product_brand","embeddable":true,"href":"https:\/\/nbgtele.com\/fr\/wp-json\/wp\/v2\/product_brand?post=2520"},{"taxonomy":"product_cat","embeddable":true,"href":"https:\/\/nbgtele.com\/fr\/wp-json\/wp\/v2\/product_cat?post=2520"},{"taxonomy":"product_tag","embeddable":true,"href":"https:\/\/nbgtele.com\/fr\/wp-json\/wp\/v2\/product_tag?post=2520"},{"taxonomy":"brand","embeddable":true,"href":"https:\/\/nbgtele.com\/fr\/wp-json\/wp\/v2\/brand?post=2520"},{"taxonomy":"model","embeddable":true,"href":"https:\/\/nbgtele.com\/fr\/wp-json\/wp\/v2\/model?post=2520"},{"taxonomy":"profile","embeddable":true,"href":"https:\/\/nbgtele.com\/fr\/wp-json\/wp\/v2\/profile?post=2520"},{"taxonomy":"resolution","embeddable":true,"href":"https:\/\/nbgtele.com\/fr\/wp-json\/wp\/v2\/resolution?post=2520"},{"taxonomy":"lens","embeddable":true,"href":"https:\/\/nbgtele.com\/fr\/wp-json\/wp\/v2\/lens?post=2520"},{"taxonomy":"color","embeddable":true,"href":"https:\/\/nbgtele.com\/fr\/wp-json\/wp\/v2\/color?post=2520"},{"taxonomy":"ndaa_compliant","embeddable":true,"href":"https:\/\/nbgtele.com\/fr\/wp-json\/wp\/v2\/ndaa_compliant?post=2520"},{"taxonomy":"dual_voltage","embeddable":true,"href":"https:\/\/nbgtele.com\/fr\/wp-json\/wp\/v2\/dual_voltage?post=2520"},{"taxonomy":"ai","embeddable":true,"href":"https:\/\/nbgtele.com\/fr\/wp-json\/wp\/v2\/ai?post=2520"},{"taxonomy":"lite","embeddable":true,"href":"https:\/\/nbgtele.com\/fr\/wp-json\/wp\/v2\/lite?post=2520"},{"taxonomy":"infrared_perimeter","embeddable":true,"href":"https:\/\/nbgtele.com\/fr\/wp-json\/wp\/v2\/infrared_perimeter?post=2520"},{"taxonomy":"fixed_dome_microphone","embeddable":true,"href":"https:\/\/nbgtele.com\/fr\/wp-json\/wp\/v2\/fixed_dome_microphone?post=2520"},{"taxonomy":"analog_hd","embeddable":true,"href":"https:\/\/nbgtele.com\/fr\/wp-json\/wp\/v2\/analog_hd?post=2520"},{"taxonomy":"covert_camera","embeddable":true,"href":"https:\/\/nbgtele.com\/fr\/wp-json\/wp\/v2\/covert_camera?post=2520"},{"taxonomy":"internet_protocol","embeddable":true,"href":"https:\/\/nbgtele.com\/fr\/wp-json\/wp\/v2\/internet_protocol?post=2520"},{"taxonomy":"channels","embeddable":true,"href":"https:\/\/nbgtele.com\/fr\/wp-json\/wp\/v2\/channels?post=2520"},{"taxonomy":"ports","embeddable":true,"href":"https:\/\/nbgtele.com\/fr\/wp-json\/wp\/v2\/ports?post=2520"}],"curies":[{"name":"wp","href":"https:\/\/api.w.org\/{rel}","templated":true}]}}