{"id":2517,"date":"2022-09-07T11:53:37","date_gmt":"2022-09-07T15:53:37","guid":{"rendered":"https:\/\/nbgtele.com\/product\/m2m-mq03-lte-ip-dual-communicator\/"},"modified":"2026-01-12T10:33:51","modified_gmt":"2026-01-12T14:33:51","slug":"m2m-mq03-lte-ip-dual-communicator","status":"publish","type":"product","link":"https:\/\/nbgtele.com\/fr\/produit\/m2m-mq03-lte-ip-dual-communicator\/","title":{"rendered":"M2M MQ03 LTE\/IP Dual Communicator"},"content":{"rendered":"","protected":false},"excerpt":{"rendered":"<p><span style=\"font-weight: 400;\">Radio cellulaire universel compatible 5G, double SIM, double voie, avec support Smart Bus et UDL multi-marques int\u00e9gr\u00e9.<\/span><\/p>\n","protected":false},"featured_media":781,"template":"","meta":{"_acf_changed":false},"product_brand":[],"product_cat":[53],"product_tag":[],"brand":[196],"model":[],"profile":[],"resolution":[],"lens":[],"color":[],"ndaa_compliant":[],"dual_voltage":[],"ai":[],"lite":[],"infrared_perimeter":[],"fixed_dome_microphone":[],"analog_hd":[],"covert_camera":[],"internet_protocol":[],"channels":[],"ports":[],"class_list":{"0":"post-2517","1":"product","2":"type-product","3":"status-publish","4":"has-post-thumbnail","6":"product_cat-alarm-communicators-fr","7":"product_shipping_class-hide-flat-rate-fr","8":"brand-m2m-fr","9":"entry","11":"first","12":"onbackorder","13":"taxable","14":"shipping-taxable","15":"product-type-simple"},"acf":[],"wcpa_form_fields":null,"yoast_head":"<!-- This site is optimized with the Yoast SEO plugin v26.0 - https:\/\/yoast.com\/wordpress\/plugins\/seo\/ -->\n<title>MQ03 LTE communicateur universel - M2M<\/title>\n<meta name=\"description\" content=\"D\u00e9couvrez les sp\u00e9cificit\u00e9s techniques du communicateur universel \u00e0 double SIM et double voie LTE-M MQ03 LTE de la marque M2M. L\u2019appareil, sans antenne, p\u00e8se 75 g.\" \/>\n<meta name=\"robots\" content=\"index, follow, max-snippet:-1, max-image-preview:large, max-video-preview:-1\" \/>\n<link rel=\"canonical\" href=\"https:\/\/nbgtele.com\/fr\/produit\/m2m-mq03-lte-ip-dual-communicator\/\" \/>\n<meta property=\"og:locale\" content=\"fr_FR\" \/>\n<meta property=\"og:type\" content=\"article\" \/>\n<meta property=\"og:title\" content=\"MQ03 LTE communicateur universel - M2M\" \/>\n<meta property=\"og:description\" content=\"D\u00e9couvrez les sp\u00e9cificit\u00e9s techniques du communicateur universel \u00e0 double SIM et double voie LTE-M MQ03 LTE de la marque M2M. L\u2019appareil, sans antenne, p\u00e8se 75 g.\" \/>\n<meta property=\"og:url\" content=\"https:\/\/nbgtele.com\/fr\/produit\/m2m-mq03-lte-ip-dual-communicator\/\" \/>\n<meta property=\"og:site_name\" content=\"NBGTele.com\" \/>\n<meta property=\"article:modified_time\" content=\"2026-01-12T14:33:51+00:00\" \/>\n<meta property=\"og:image\" content=\"https:\/\/nbgtele.com\/wp-content\/uploads\/2022\/09\/img1-768x768-1.jpeg\" \/>\n\t<meta property=\"og:image:width\" content=\"768\" \/>\n\t<meta property=\"og:image:height\" content=\"768\" \/>\n\t<meta property=\"og:image:type\" content=\"image\/jpeg\" \/>\n<meta name=\"twitter:card\" content=\"summary_large_image\" \/>\n<meta name=\"twitter:label1\" content=\"Dur\u00e9e de lecture estim\u00e9e\" \/>\n\t<meta name=\"twitter:data1\" content=\"1 minute\" \/>\n<script type=\"application\/ld+json\" class=\"yoast-schema-graph\">{\"@context\":\"https:\/\/schema.org\",\"@graph\":[{\"@type\":\"WebPage\",\"@id\":\"https:\/\/nbgtele.com\/fr\/produit\/m2m-mq03-lte-ip-dual-communicator\/\",\"url\":\"https:\/\/nbgtele.com\/fr\/produit\/m2m-mq03-lte-ip-dual-communicator\/\",\"name\":\"MQ03 LTE communicateur universel - M2M\",\"isPartOf\":{\"@id\":\"https:\/\/nbgtele.com\/fr\/#website\"},\"primaryImageOfPage\":{\"@id\":\"https:\/\/nbgtele.com\/fr\/produit\/m2m-mq03-lte-ip-dual-communicator\/#primaryimage\"},\"image\":{\"@id\":\"https:\/\/nbgtele.com\/fr\/produit\/m2m-mq03-lte-ip-dual-communicator\/#primaryimage\"},\"thumbnailUrl\":\"https:\/\/nbgtele.com\/wp-content\/uploads\/2022\/09\/img1-768x768-1.jpeg\",\"datePublished\":\"2022-09-07T15:53:37+00:00\",\"dateModified\":\"2026-01-12T14:33:51+00:00\",\"description\":\"D\u00e9couvrez les sp\u00e9cificit\u00e9s techniques du communicateur universel \u00e0 double SIM et double voie LTE-M MQ03 LTE de la marque M2M. L\u2019appareil, sans antenne, p\u00e8se 75 g.\",\"breadcrumb\":{\"@id\":\"https:\/\/nbgtele.com\/fr\/produit\/m2m-mq03-lte-ip-dual-communicator\/#breadcrumb\"},\"inLanguage\":\"fr-FR\",\"potentialAction\":[{\"@type\":\"ReadAction\",\"target\":[\"https:\/\/nbgtele.com\/fr\/produit\/m2m-mq03-lte-ip-dual-communicator\/\"]}]},{\"@type\":\"ImageObject\",\"inLanguage\":\"fr-FR\",\"@id\":\"https:\/\/nbgtele.com\/fr\/produit\/m2m-mq03-lte-ip-dual-communicator\/#primaryimage\",\"url\":\"https:\/\/nbgtele.com\/wp-content\/uploads\/2022\/09\/img1-768x768-1.jpeg\",\"contentUrl\":\"https:\/\/nbgtele.com\/wp-content\/uploads\/2022\/09\/img1-768x768-1.jpeg\",\"width\":768,\"height\":768},{\"@type\":\"BreadcrumbList\",\"@id\":\"https:\/\/nbgtele.com\/fr\/produit\/m2m-mq03-lte-ip-dual-communicator\/#breadcrumb\",\"itemListElement\":[{\"@type\":\"ListItem\",\"position\":1,\"name\":\"Home\",\"item\":\"https:\/\/nbgtele.com\/fr\/\"},{\"@type\":\"ListItem\",\"position\":2,\"name\":\"Boutique\",\"item\":\"https:\/\/nbgtele.com\/fr\/boutique\/\"},{\"@type\":\"ListItem\",\"position\":3,\"name\":\"M2M MQ03 LTE\/IP Dual Communicator\"}]},{\"@type\":\"WebSite\",\"@id\":\"https:\/\/nbgtele.com\/fr\/#website\",\"url\":\"https:\/\/nbgtele.com\/fr\/\",\"name\":\"NBGTele.com\",\"description\":\"\",\"potentialAction\":[{\"@type\":\"SearchAction\",\"target\":{\"@type\":\"EntryPoint\",\"urlTemplate\":\"https:\/\/nbgtele.com\/fr\/?s={search_term_string}\"},\"query-input\":{\"@type\":\"PropertyValueSpecification\",\"valueRequired\":true,\"valueName\":\"search_term_string\"}}],\"inLanguage\":\"fr-FR\"}]}<\/script>\n<!-- \/ Yoast SEO plugin. -->","yoast_head_json":{"title":"MQ03 LTE communicateur universel - M2M","description":"D\u00e9couvrez les sp\u00e9cificit\u00e9s techniques du communicateur universel \u00e0 double SIM et double voie LTE-M MQ03 LTE de la marque M2M. L\u2019appareil, sans antenne, p\u00e8se 75 g.","robots":{"index":"index","follow":"follow","max-snippet":"max-snippet:-1","max-image-preview":"max-image-preview:large","max-video-preview":"max-video-preview:-1"},"canonical":"https:\/\/nbgtele.com\/fr\/produit\/m2m-mq03-lte-ip-dual-communicator\/","og_locale":"fr_FR","og_type":"article","og_title":"MQ03 LTE communicateur universel - M2M","og_description":"D\u00e9couvrez les sp\u00e9cificit\u00e9s techniques du communicateur universel \u00e0 double SIM et double voie LTE-M MQ03 LTE de la marque M2M. L\u2019appareil, sans antenne, p\u00e8se 75 g.","og_url":"https:\/\/nbgtele.com\/fr\/produit\/m2m-mq03-lte-ip-dual-communicator\/","og_site_name":"NBGTele.com","article_modified_time":"2026-01-12T14:33:51+00:00","og_image":[{"width":768,"height":768,"url":"https:\/\/nbgtele.com\/wp-content\/uploads\/2022\/09\/img1-768x768-1.jpeg","type":"image\/jpeg"}],"twitter_card":"summary_large_image","twitter_misc":{"Dur\u00e9e de lecture estim\u00e9e":"1 minute"},"schema":{"@context":"https:\/\/schema.org","@graph":[{"@type":"WebPage","@id":"https:\/\/nbgtele.com\/fr\/produit\/m2m-mq03-lte-ip-dual-communicator\/","url":"https:\/\/nbgtele.com\/fr\/produit\/m2m-mq03-lte-ip-dual-communicator\/","name":"MQ03 LTE communicateur universel - M2M","isPartOf":{"@id":"https:\/\/nbgtele.com\/fr\/#website"},"primaryImageOfPage":{"@id":"https:\/\/nbgtele.com\/fr\/produit\/m2m-mq03-lte-ip-dual-communicator\/#primaryimage"},"image":{"@id":"https:\/\/nbgtele.com\/fr\/produit\/m2m-mq03-lte-ip-dual-communicator\/#primaryimage"},"thumbnailUrl":"https:\/\/nbgtele.com\/wp-content\/uploads\/2022\/09\/img1-768x768-1.jpeg","datePublished":"2022-09-07T15:53:37+00:00","dateModified":"2026-01-12T14:33:51+00:00","description":"D\u00e9couvrez les sp\u00e9cificit\u00e9s techniques du communicateur universel \u00e0 double SIM et double voie LTE-M MQ03 LTE de la marque M2M. L\u2019appareil, sans antenne, p\u00e8se 75 g.","breadcrumb":{"@id":"https:\/\/nbgtele.com\/fr\/produit\/m2m-mq03-lte-ip-dual-communicator\/#breadcrumb"},"inLanguage":"fr-FR","potentialAction":[{"@type":"ReadAction","target":["https:\/\/nbgtele.com\/fr\/produit\/m2m-mq03-lte-ip-dual-communicator\/"]}]},{"@type":"ImageObject","inLanguage":"fr-FR","@id":"https:\/\/nbgtele.com\/fr\/produit\/m2m-mq03-lte-ip-dual-communicator\/#primaryimage","url":"https:\/\/nbgtele.com\/wp-content\/uploads\/2022\/09\/img1-768x768-1.jpeg","contentUrl":"https:\/\/nbgtele.com\/wp-content\/uploads\/2022\/09\/img1-768x768-1.jpeg","width":768,"height":768},{"@type":"BreadcrumbList","@id":"https:\/\/nbgtele.com\/fr\/produit\/m2m-mq03-lte-ip-dual-communicator\/#breadcrumb","itemListElement":[{"@type":"ListItem","position":1,"name":"Home","item":"https:\/\/nbgtele.com\/fr\/"},{"@type":"ListItem","position":2,"name":"Boutique","item":"https:\/\/nbgtele.com\/fr\/boutique\/"},{"@type":"ListItem","position":3,"name":"M2M MQ03 LTE\/IP Dual Communicator"}]},{"@type":"WebSite","@id":"https:\/\/nbgtele.com\/fr\/#website","url":"https:\/\/nbgtele.com\/fr\/","name":"NBGTele.com","description":"","potentialAction":[{"@type":"SearchAction","target":{"@type":"EntryPoint","urlTemplate":"https:\/\/nbgtele.com\/fr\/?s={search_term_string}"},"query-input":{"@type":"PropertyValueSpecification","valueRequired":true,"valueName":"search_term_string"}}],"inLanguage":"fr-FR"}]}},"_links":{"self":[{"href":"https:\/\/nbgtele.com\/fr\/wp-json\/wp\/v2\/product\/2517","targetHints":{"allow":["GET"]}}],"collection":[{"href":"https:\/\/nbgtele.com\/fr\/wp-json\/wp\/v2\/product"}],"about":[{"href":"https:\/\/nbgtele.com\/fr\/wp-json\/wp\/v2\/types\/product"}],"wp:featuredmedia":[{"embeddable":true,"href":"https:\/\/nbgtele.com\/fr\/wp-json\/wp\/v2\/media\/781"}],"wp:attachment":[{"href":"https:\/\/nbgtele.com\/fr\/wp-json\/wp\/v2\/media?parent=2517"}],"wp:term":[{"taxonomy":"product_brand","embeddable":true,"href":"https:\/\/nbgtele.com\/fr\/wp-json\/wp\/v2\/product_brand?post=2517"},{"taxonomy":"product_cat","embeddable":true,"href":"https:\/\/nbgtele.com\/fr\/wp-json\/wp\/v2\/product_cat?post=2517"},{"taxonomy":"product_tag","embeddable":true,"href":"https:\/\/nbgtele.com\/fr\/wp-json\/wp\/v2\/product_tag?post=2517"},{"taxonomy":"brand","embeddable":true,"href":"https:\/\/nbgtele.com\/fr\/wp-json\/wp\/v2\/brand?post=2517"},{"taxonomy":"model","embeddable":true,"href":"https:\/\/nbgtele.com\/fr\/wp-json\/wp\/v2\/model?post=2517"},{"taxonomy":"profile","embeddable":true,"href":"https:\/\/nbgtele.com\/fr\/wp-json\/wp\/v2\/profile?post=2517"},{"taxonomy":"resolution","embeddable":true,"href":"https:\/\/nbgtele.com\/fr\/wp-json\/wp\/v2\/resolution?post=2517"},{"taxonomy":"lens","embeddable":true,"href":"https:\/\/nbgtele.com\/fr\/wp-json\/wp\/v2\/lens?post=2517"},{"taxonomy":"color","embeddable":true,"href":"https:\/\/nbgtele.com\/fr\/wp-json\/wp\/v2\/color?post=2517"},{"taxonomy":"ndaa_compliant","embeddable":true,"href":"https:\/\/nbgtele.com\/fr\/wp-json\/wp\/v2\/ndaa_compliant?post=2517"},{"taxonomy":"dual_voltage","embeddable":true,"href":"https:\/\/nbgtele.com\/fr\/wp-json\/wp\/v2\/dual_voltage?post=2517"},{"taxonomy":"ai","embeddable":true,"href":"https:\/\/nbgtele.com\/fr\/wp-json\/wp\/v2\/ai?post=2517"},{"taxonomy":"lite","embeddable":true,"href":"https:\/\/nbgtele.com\/fr\/wp-json\/wp\/v2\/lite?post=2517"},{"taxonomy":"infrared_perimeter","embeddable":true,"href":"https:\/\/nbgtele.com\/fr\/wp-json\/wp\/v2\/infrared_perimeter?post=2517"},{"taxonomy":"fixed_dome_microphone","embeddable":true,"href":"https:\/\/nbgtele.com\/fr\/wp-json\/wp\/v2\/fixed_dome_microphone?post=2517"},{"taxonomy":"analog_hd","embeddable":true,"href":"https:\/\/nbgtele.com\/fr\/wp-json\/wp\/v2\/analog_hd?post=2517"},{"taxonomy":"covert_camera","embeddable":true,"href":"https:\/\/nbgtele.com\/fr\/wp-json\/wp\/v2\/covert_camera?post=2517"},{"taxonomy":"internet_protocol","embeddable":true,"href":"https:\/\/nbgtele.com\/fr\/wp-json\/wp\/v2\/internet_protocol?post=2517"},{"taxonomy":"channels","embeddable":true,"href":"https:\/\/nbgtele.com\/fr\/wp-json\/wp\/v2\/channels?post=2517"},{"taxonomy":"ports","embeddable":true,"href":"https:\/\/nbgtele.com\/fr\/wp-json\/wp\/v2\/ports?post=2517"}],"curies":[{"name":"wp","href":"https:\/\/api.w.org\/{rel}","templated":true}]}}