{"id":2488,"date":"2022-09-07T12:03:41","date_gmt":"2022-09-07T16:03:41","guid":{"rendered":"https:\/\/nbgtele.com\/product\/lanvac-puppy\/"},"modified":"2022-12-07T11:11:57","modified_gmt":"2022-12-07T15:11:57","slug":"lanvac-puppy","status":"publish","type":"product","link":"https:\/\/nbgtele.com\/fr\/produit\/lanvac-puppy\/","title":{"rendered":"Lanvac Puppy"},"content":{"rendered":"","protected":false},"excerpt":{"rendered":"<p><span style=\"font-weight: 400;\">Ce chiot Lanvac apporte joie et confort \u00e0 la prochaine g\u00e9n\u00e9ration d\u2019installateurs de syst\u00e8mes d\u2019alarme.<\/span><\/p>\n","protected":false},"featured_media":864,"template":"","meta":{"_acf_changed":false},"product_brand":[],"product_cat":[77],"product_tag":[],"brand":[200],"model":[],"profile":[],"resolution":[],"lens":[],"color":[],"ndaa_compliant":[],"dual_voltage":[],"ai":[],"lite":[],"infrared_perimeter":[],"fixed_dome_microphone":[],"analog_hd":[],"covert_camera":[],"internet_protocol":[],"channels":[],"ports":[],"class_list":{"0":"post-2488","1":"product","2":"type-product","3":"status-publish","4":"has-post-thumbnail","6":"product_cat-accessories-fr","7":"brand-lanvac-fr","8":"entry","10":"first","11":"instock","12":"taxable","13":"shipping-taxable","14":"product-type-variable"},"acf":[],"wcpa_form_fields":null,"yoast_head":"<!-- This site is optimized with the Yoast SEO plugin v26.0 - https:\/\/yoast.com\/wordpress\/plugins\/seo\/ -->\n<title>Lanvac Puppy peluche<\/title>\n<meta name=\"description\" content=\"Avis aux futurs installateurs de syst\u00e8me de s\u00e9curit\u00e9, le petit chiot en peluche de Lanvac est \u00e0 adopter. En brun ou en blanc, faites votre choix.\" \/>\n<meta name=\"robots\" content=\"index, follow, max-snippet:-1, max-image-preview:large, max-video-preview:-1\" \/>\n<link rel=\"canonical\" href=\"https:\/\/nbgtele.com\/fr\/produit\/lanvac-puppy\/\" \/>\n<meta property=\"og:locale\" content=\"fr_FR\" \/>\n<meta property=\"og:type\" content=\"article\" \/>\n<meta property=\"og:title\" content=\"Lanvac Puppy peluche\" \/>\n<meta property=\"og:description\" content=\"Avis aux futurs installateurs de syst\u00e8me de s\u00e9curit\u00e9, le petit chiot en peluche de Lanvac est \u00e0 adopter. En brun ou en blanc, faites votre choix.\" \/>\n<meta property=\"og:url\" content=\"https:\/\/nbgtele.com\/fr\/produit\/lanvac-puppy\/\" \/>\n<meta property=\"og:site_name\" content=\"NBGTele.com\" \/>\n<meta property=\"article:modified_time\" content=\"2022-12-07T15:11:57+00:00\" \/>\n<meta property=\"og:image\" content=\"https:\/\/nbgtele.com\/wp-content\/uploads\/2022\/09\/puppy-1.jpeg\" \/>\n\t<meta property=\"og:image:width\" content=\"374\" \/>\n\t<meta property=\"og:image:height\" content=\"499\" \/>\n\t<meta property=\"og:image:type\" content=\"image\/jpeg\" \/>\n<meta name=\"twitter:card\" content=\"summary_large_image\" \/>\n<script type=\"application\/ld+json\" class=\"yoast-schema-graph\">{\"@context\":\"https:\/\/schema.org\",\"@graph\":[{\"@type\":\"WebPage\",\"@id\":\"https:\/\/nbgtele.com\/fr\/produit\/lanvac-puppy\/\",\"url\":\"https:\/\/nbgtele.com\/fr\/produit\/lanvac-puppy\/\",\"name\":\"Lanvac Puppy peluche\",\"isPartOf\":{\"@id\":\"https:\/\/nbgtele.com\/fr\/#website\"},\"primaryImageOfPage\":{\"@id\":\"https:\/\/nbgtele.com\/fr\/produit\/lanvac-puppy\/#primaryimage\"},\"image\":{\"@id\":\"https:\/\/nbgtele.com\/fr\/produit\/lanvac-puppy\/#primaryimage\"},\"thumbnailUrl\":\"https:\/\/nbgtele.com\/wp-content\/uploads\/2022\/09\/puppy-1.jpeg\",\"datePublished\":\"2022-09-07T16:03:41+00:00\",\"dateModified\":\"2022-12-07T15:11:57+00:00\",\"description\":\"Avis aux futurs installateurs de syst\u00e8me de s\u00e9curit\u00e9, le petit chiot en peluche de Lanvac est \u00e0 adopter. En brun ou en blanc, faites votre choix.\",\"breadcrumb\":{\"@id\":\"https:\/\/nbgtele.com\/fr\/produit\/lanvac-puppy\/#breadcrumb\"},\"inLanguage\":\"fr-FR\",\"potentialAction\":[{\"@type\":\"ReadAction\",\"target\":[\"https:\/\/nbgtele.com\/fr\/produit\/lanvac-puppy\/\"]}]},{\"@type\":\"ImageObject\",\"inLanguage\":\"fr-FR\",\"@id\":\"https:\/\/nbgtele.com\/fr\/produit\/lanvac-puppy\/#primaryimage\",\"url\":\"https:\/\/nbgtele.com\/wp-content\/uploads\/2022\/09\/puppy-1.jpeg\",\"contentUrl\":\"https:\/\/nbgtele.com\/wp-content\/uploads\/2022\/09\/puppy-1.jpeg\",\"width\":374,\"height\":499},{\"@type\":\"BreadcrumbList\",\"@id\":\"https:\/\/nbgtele.com\/fr\/produit\/lanvac-puppy\/#breadcrumb\",\"itemListElement\":[{\"@type\":\"ListItem\",\"position\":1,\"name\":\"Home\",\"item\":\"https:\/\/nbgtele.com\/fr\/\"},{\"@type\":\"ListItem\",\"position\":2,\"name\":\"Boutique\",\"item\":\"https:\/\/nbgtele.com\/fr\/boutique\/\"},{\"@type\":\"ListItem\",\"position\":3,\"name\":\"Lanvac Puppy\"}]},{\"@type\":\"WebSite\",\"@id\":\"https:\/\/nbgtele.com\/fr\/#website\",\"url\":\"https:\/\/nbgtele.com\/fr\/\",\"name\":\"NBGTele.com\",\"description\":\"\",\"potentialAction\":[{\"@type\":\"SearchAction\",\"target\":{\"@type\":\"EntryPoint\",\"urlTemplate\":\"https:\/\/nbgtele.com\/fr\/?s={search_term_string}\"},\"query-input\":{\"@type\":\"PropertyValueSpecification\",\"valueRequired\":true,\"valueName\":\"search_term_string\"}}],\"inLanguage\":\"fr-FR\"}]}<\/script>\n<!-- \/ Yoast SEO plugin. -->","yoast_head_json":{"title":"Lanvac Puppy peluche","description":"Avis aux futurs installateurs de syst\u00e8me de s\u00e9curit\u00e9, le petit chiot en peluche de Lanvac est \u00e0 adopter. En brun ou en blanc, faites votre choix.","robots":{"index":"index","follow":"follow","max-snippet":"max-snippet:-1","max-image-preview":"max-image-preview:large","max-video-preview":"max-video-preview:-1"},"canonical":"https:\/\/nbgtele.com\/fr\/produit\/lanvac-puppy\/","og_locale":"fr_FR","og_type":"article","og_title":"Lanvac Puppy peluche","og_description":"Avis aux futurs installateurs de syst\u00e8me de s\u00e9curit\u00e9, le petit chiot en peluche de Lanvac est \u00e0 adopter. En brun ou en blanc, faites votre choix.","og_url":"https:\/\/nbgtele.com\/fr\/produit\/lanvac-puppy\/","og_site_name":"NBGTele.com","article_modified_time":"2022-12-07T15:11:57+00:00","og_image":[{"width":374,"height":499,"url":"https:\/\/nbgtele.com\/wp-content\/uploads\/2022\/09\/puppy-1.jpeg","type":"image\/jpeg"}],"twitter_card":"summary_large_image","schema":{"@context":"https:\/\/schema.org","@graph":[{"@type":"WebPage","@id":"https:\/\/nbgtele.com\/fr\/produit\/lanvac-puppy\/","url":"https:\/\/nbgtele.com\/fr\/produit\/lanvac-puppy\/","name":"Lanvac Puppy peluche","isPartOf":{"@id":"https:\/\/nbgtele.com\/fr\/#website"},"primaryImageOfPage":{"@id":"https:\/\/nbgtele.com\/fr\/produit\/lanvac-puppy\/#primaryimage"},"image":{"@id":"https:\/\/nbgtele.com\/fr\/produit\/lanvac-puppy\/#primaryimage"},"thumbnailUrl":"https:\/\/nbgtele.com\/wp-content\/uploads\/2022\/09\/puppy-1.jpeg","datePublished":"2022-09-07T16:03:41+00:00","dateModified":"2022-12-07T15:11:57+00:00","description":"Avis aux futurs installateurs de syst\u00e8me de s\u00e9curit\u00e9, le petit chiot en peluche de Lanvac est \u00e0 adopter. En brun ou en blanc, faites votre choix.","breadcrumb":{"@id":"https:\/\/nbgtele.com\/fr\/produit\/lanvac-puppy\/#breadcrumb"},"inLanguage":"fr-FR","potentialAction":[{"@type":"ReadAction","target":["https:\/\/nbgtele.com\/fr\/produit\/lanvac-puppy\/"]}]},{"@type":"ImageObject","inLanguage":"fr-FR","@id":"https:\/\/nbgtele.com\/fr\/produit\/lanvac-puppy\/#primaryimage","url":"https:\/\/nbgtele.com\/wp-content\/uploads\/2022\/09\/puppy-1.jpeg","contentUrl":"https:\/\/nbgtele.com\/wp-content\/uploads\/2022\/09\/puppy-1.jpeg","width":374,"height":499},{"@type":"BreadcrumbList","@id":"https:\/\/nbgtele.com\/fr\/produit\/lanvac-puppy\/#breadcrumb","itemListElement":[{"@type":"ListItem","position":1,"name":"Home","item":"https:\/\/nbgtele.com\/fr\/"},{"@type":"ListItem","position":2,"name":"Boutique","item":"https:\/\/nbgtele.com\/fr\/boutique\/"},{"@type":"ListItem","position":3,"name":"Lanvac Puppy"}]},{"@type":"WebSite","@id":"https:\/\/nbgtele.com\/fr\/#website","url":"https:\/\/nbgtele.com\/fr\/","name":"NBGTele.com","description":"","potentialAction":[{"@type":"SearchAction","target":{"@type":"EntryPoint","urlTemplate":"https:\/\/nbgtele.com\/fr\/?s={search_term_string}"},"query-input":{"@type":"PropertyValueSpecification","valueRequired":true,"valueName":"search_term_string"}}],"inLanguage":"fr-FR"}]}},"_links":{"self":[{"href":"https:\/\/nbgtele.com\/fr\/wp-json\/wp\/v2\/product\/2488","targetHints":{"allow":["GET"]}}],"collection":[{"href":"https:\/\/nbgtele.com\/fr\/wp-json\/wp\/v2\/product"}],"about":[{"href":"https:\/\/nbgtele.com\/fr\/wp-json\/wp\/v2\/types\/product"}],"wp:featuredmedia":[{"embeddable":true,"href":"https:\/\/nbgtele.com\/fr\/wp-json\/wp\/v2\/media\/864"}],"wp:attachment":[{"href":"https:\/\/nbgtele.com\/fr\/wp-json\/wp\/v2\/media?parent=2488"}],"wp:term":[{"taxonomy":"product_brand","embeddable":true,"href":"https:\/\/nbgtele.com\/fr\/wp-json\/wp\/v2\/product_brand?post=2488"},{"taxonomy":"product_cat","embeddable":true,"href":"https:\/\/nbgtele.com\/fr\/wp-json\/wp\/v2\/product_cat?post=2488"},{"taxonomy":"product_tag","embeddable":true,"href":"https:\/\/nbgtele.com\/fr\/wp-json\/wp\/v2\/product_tag?post=2488"},{"taxonomy":"brand","embeddable":true,"href":"https:\/\/nbgtele.com\/fr\/wp-json\/wp\/v2\/brand?post=2488"},{"taxonomy":"model","embeddable":true,"href":"https:\/\/nbgtele.com\/fr\/wp-json\/wp\/v2\/model?post=2488"},{"taxonomy":"profile","embeddable":true,"href":"https:\/\/nbgtele.com\/fr\/wp-json\/wp\/v2\/profile?post=2488"},{"taxonomy":"resolution","embeddable":true,"href":"https:\/\/nbgtele.com\/fr\/wp-json\/wp\/v2\/resolution?post=2488"},{"taxonomy":"lens","embeddable":true,"href":"https:\/\/nbgtele.com\/fr\/wp-json\/wp\/v2\/lens?post=2488"},{"taxonomy":"color","embeddable":true,"href":"https:\/\/nbgtele.com\/fr\/wp-json\/wp\/v2\/color?post=2488"},{"taxonomy":"ndaa_compliant","embeddable":true,"href":"https:\/\/nbgtele.com\/fr\/wp-json\/wp\/v2\/ndaa_compliant?post=2488"},{"taxonomy":"dual_voltage","embeddable":true,"href":"https:\/\/nbgtele.com\/fr\/wp-json\/wp\/v2\/dual_voltage?post=2488"},{"taxonomy":"ai","embeddable":true,"href":"https:\/\/nbgtele.com\/fr\/wp-json\/wp\/v2\/ai?post=2488"},{"taxonomy":"lite","embeddable":true,"href":"https:\/\/nbgtele.com\/fr\/wp-json\/wp\/v2\/lite?post=2488"},{"taxonomy":"infrared_perimeter","embeddable":true,"href":"https:\/\/nbgtele.com\/fr\/wp-json\/wp\/v2\/infrared_perimeter?post=2488"},{"taxonomy":"fixed_dome_microphone","embeddable":true,"href":"https:\/\/nbgtele.com\/fr\/wp-json\/wp\/v2\/fixed_dome_microphone?post=2488"},{"taxonomy":"analog_hd","embeddable":true,"href":"https:\/\/nbgtele.com\/fr\/wp-json\/wp\/v2\/analog_hd?post=2488"},{"taxonomy":"covert_camera","embeddable":true,"href":"https:\/\/nbgtele.com\/fr\/wp-json\/wp\/v2\/covert_camera?post=2488"},{"taxonomy":"internet_protocol","embeddable":true,"href":"https:\/\/nbgtele.com\/fr\/wp-json\/wp\/v2\/internet_protocol?post=2488"},{"taxonomy":"channels","embeddable":true,"href":"https:\/\/nbgtele.com\/fr\/wp-json\/wp\/v2\/channels?post=2488"},{"taxonomy":"ports","embeddable":true,"href":"https:\/\/nbgtele.com\/fr\/wp-json\/wp\/v2\/ports?post=2488"}],"curies":[{"name":"wp","href":"https:\/\/api.w.org\/{rel}","templated":true}]}}