{"id":2486,"date":"2022-09-13T15:42:21","date_gmt":"2022-09-13T19:42:21","guid":{"rendered":"https:\/\/nbgtele.com\/product\/t2ip5mp28-l\/"},"modified":"2025-05-26T15:59:07","modified_gmt":"2025-05-26T19:59:07","slug":"t2ip5mp28-l","status":"publish","type":"product","link":"https:\/\/nbgtele.com\/fr\/produit\/t2ip5mp28-l\/","title":{"rendered":"IP Turret 5MP Camera"},"content":{"rendered":"","protected":false},"excerpt":{"rendered":"<p><span style=\"font-weight: 400;\">La cam\u00e9ra\u00a0T2IP5MP28-L Turret d\u2019une r\u00e9solution de 5\u00a0m\u00e9gapixels et d\u2019une puissance IR de POE\u00a05W-7W peut \u00eatre install\u00e9e en int\u00e9rieur comme en ext\u00e9rieur. Elle est compatible avec les supports muraux WMB6, EB3BASE3-G ou WMB5.<\/span><\/p>\n","protected":false},"featured_media":1953,"template":"","meta":{"_acf_changed":false},"product_brand":[],"product_cat":[51],"product_tag":[247],"brand":[195],"model":[150],"profile":[160],"resolution":[163],"lens":[],"color":[172],"ndaa_compliant":[173],"dual_voltage":[],"ai":[],"lite":[176],"infrared_perimeter":[],"fixed_dome_microphone":[],"analog_hd":[],"covert_camera":[],"internet_protocol":[181],"channels":[],"ports":[],"class_list":{"0":"post-2486","1":"product","2":"type-product","3":"status-publish","4":"has-post-thumbnail","6":"product_cat-cameras-fr","7":"product_tag-gsd-fr","8":"brand-gsd-fr","9":"model-ip-fr","10":"profile-turret-fr","11":"resolution-5mp-fr","12":"color-white-fr","13":"ndaa_compliant-ndaa-compliance-fr","14":"lite-lite-fr","15":"internet_protocol-internet-protocol-fr","16":"entry","18":"first","19":"instock","20":"taxable","21":"shipping-taxable","22":"product-type-simple"},"acf":[],"wcpa_form_fields":null,"yoast_head":"<!-- This site is optimized with the Yoast SEO plugin v26.0 - https:\/\/yoast.com\/wordpress\/plugins\/seo\/ -->\n<title>T2IP5MP28-L cam\u00e9ra de t\u00e9l\u00e9surveillance IP - GSD<\/title>\n<meta name=\"description\" content=\"Apprenez-en plus sur la cam\u00e9ra de t\u00e9l\u00e9surveillance T2IP5MP28-L avec une r\u00e9solution de 5MP, par la marque GSD. Elle est compatible avec tous supports muraux en tourelle\" \/>\n<meta name=\"robots\" content=\"index, follow, max-snippet:-1, max-image-preview:large, max-video-preview:-1\" \/>\n<link rel=\"canonical\" href=\"https:\/\/nbgtele.com\/fr\/produit\/t2ip5mp28-l\/\" \/>\n<meta property=\"og:locale\" content=\"fr_FR\" \/>\n<meta property=\"og:type\" content=\"article\" \/>\n<meta property=\"og:title\" content=\"T2IP5MP28-L cam\u00e9ra de t\u00e9l\u00e9surveillance IP - GSD\" \/>\n<meta property=\"og:description\" content=\"Apprenez-en plus sur la cam\u00e9ra de t\u00e9l\u00e9surveillance T2IP5MP28-L avec une r\u00e9solution de 5MP, par la marque GSD. Elle est compatible avec tous supports muraux en tourelle\" \/>\n<meta property=\"og:url\" content=\"https:\/\/nbgtele.com\/fr\/produit\/t2ip5mp28-l\/\" \/>\n<meta property=\"og:site_name\" content=\"NBGTele.com\" \/>\n<meta property=\"article:modified_time\" content=\"2025-05-26T19:59:07+00:00\" \/>\n<meta property=\"og:image\" content=\"https:\/\/nbgtele.com\/wp-content\/uploads\/2022\/09\/eb2ip5mp28-l.jpeg\" \/>\n\t<meta property=\"og:image:width\" content=\"1000\" \/>\n\t<meta property=\"og:image:height\" content=\"1000\" \/>\n\t<meta property=\"og:image:type\" content=\"image\/jpeg\" \/>\n<meta name=\"twitter:card\" content=\"summary_large_image\" \/>\n<script type=\"application\/ld+json\" class=\"yoast-schema-graph\">{\"@context\":\"https:\/\/schema.org\",\"@graph\":[{\"@type\":\"WebPage\",\"@id\":\"https:\/\/nbgtele.com\/fr\/produit\/t2ip5mp28-l\/\",\"url\":\"https:\/\/nbgtele.com\/fr\/produit\/t2ip5mp28-l\/\",\"name\":\"T2IP5MP28-L cam\u00e9ra de t\u00e9l\u00e9surveillance IP - GSD\",\"isPartOf\":{\"@id\":\"https:\/\/nbgtele.com\/fr\/#website\"},\"primaryImageOfPage\":{\"@id\":\"https:\/\/nbgtele.com\/fr\/produit\/t2ip5mp28-l\/#primaryimage\"},\"image\":{\"@id\":\"https:\/\/nbgtele.com\/fr\/produit\/t2ip5mp28-l\/#primaryimage\"},\"thumbnailUrl\":\"https:\/\/nbgtele.com\/wp-content\/uploads\/2022\/09\/eb2ip5mp28-l.jpeg\",\"datePublished\":\"2022-09-13T19:42:21+00:00\",\"dateModified\":\"2025-05-26T19:59:07+00:00\",\"description\":\"Apprenez-en plus sur la cam\u00e9ra de t\u00e9l\u00e9surveillance T2IP5MP28-L avec une r\u00e9solution de 5MP, par la marque GSD. Elle est compatible avec tous supports muraux en tourelle\",\"breadcrumb\":{\"@id\":\"https:\/\/nbgtele.com\/fr\/produit\/t2ip5mp28-l\/#breadcrumb\"},\"inLanguage\":\"fr-FR\",\"potentialAction\":[{\"@type\":\"ReadAction\",\"target\":[\"https:\/\/nbgtele.com\/fr\/produit\/t2ip5mp28-l\/\"]}]},{\"@type\":\"ImageObject\",\"inLanguage\":\"fr-FR\",\"@id\":\"https:\/\/nbgtele.com\/fr\/produit\/t2ip5mp28-l\/#primaryimage\",\"url\":\"https:\/\/nbgtele.com\/wp-content\/uploads\/2022\/09\/eb2ip5mp28-l.jpeg\",\"contentUrl\":\"https:\/\/nbgtele.com\/wp-content\/uploads\/2022\/09\/eb2ip5mp28-l.jpeg\",\"width\":1000,\"height\":1000},{\"@type\":\"BreadcrumbList\",\"@id\":\"https:\/\/nbgtele.com\/fr\/produit\/t2ip5mp28-l\/#breadcrumb\",\"itemListElement\":[{\"@type\":\"ListItem\",\"position\":1,\"name\":\"Home\",\"item\":\"https:\/\/nbgtele.com\/fr\/\"},{\"@type\":\"ListItem\",\"position\":2,\"name\":\"Boutique\",\"item\":\"https:\/\/nbgtele.com\/fr\/boutique\/\"},{\"@type\":\"ListItem\",\"position\":3,\"name\":\"IP Turret 5MP Camera\"}]},{\"@type\":\"WebSite\",\"@id\":\"https:\/\/nbgtele.com\/fr\/#website\",\"url\":\"https:\/\/nbgtele.com\/fr\/\",\"name\":\"NBGTele.com\",\"description\":\"\",\"potentialAction\":[{\"@type\":\"SearchAction\",\"target\":{\"@type\":\"EntryPoint\",\"urlTemplate\":\"https:\/\/nbgtele.com\/fr\/?s={search_term_string}\"},\"query-input\":{\"@type\":\"PropertyValueSpecification\",\"valueRequired\":true,\"valueName\":\"search_term_string\"}}],\"inLanguage\":\"fr-FR\"}]}<\/script>\n<!-- \/ Yoast SEO plugin. -->","yoast_head_json":{"title":"T2IP5MP28-L cam\u00e9ra de t\u00e9l\u00e9surveillance IP - GSD","description":"Apprenez-en plus sur la cam\u00e9ra de t\u00e9l\u00e9surveillance T2IP5MP28-L avec une r\u00e9solution de 5MP, par la marque GSD. Elle est compatible avec tous supports muraux en tourelle","robots":{"index":"index","follow":"follow","max-snippet":"max-snippet:-1","max-image-preview":"max-image-preview:large","max-video-preview":"max-video-preview:-1"},"canonical":"https:\/\/nbgtele.com\/fr\/produit\/t2ip5mp28-l\/","og_locale":"fr_FR","og_type":"article","og_title":"T2IP5MP28-L cam\u00e9ra de t\u00e9l\u00e9surveillance IP - GSD","og_description":"Apprenez-en plus sur la cam\u00e9ra de t\u00e9l\u00e9surveillance T2IP5MP28-L avec une r\u00e9solution de 5MP, par la marque GSD. Elle est compatible avec tous supports muraux en tourelle","og_url":"https:\/\/nbgtele.com\/fr\/produit\/t2ip5mp28-l\/","og_site_name":"NBGTele.com","article_modified_time":"2025-05-26T19:59:07+00:00","og_image":[{"width":1000,"height":1000,"url":"https:\/\/nbgtele.com\/wp-content\/uploads\/2022\/09\/eb2ip5mp28-l.jpeg","type":"image\/jpeg"}],"twitter_card":"summary_large_image","schema":{"@context":"https:\/\/schema.org","@graph":[{"@type":"WebPage","@id":"https:\/\/nbgtele.com\/fr\/produit\/t2ip5mp28-l\/","url":"https:\/\/nbgtele.com\/fr\/produit\/t2ip5mp28-l\/","name":"T2IP5MP28-L cam\u00e9ra de t\u00e9l\u00e9surveillance IP - GSD","isPartOf":{"@id":"https:\/\/nbgtele.com\/fr\/#website"},"primaryImageOfPage":{"@id":"https:\/\/nbgtele.com\/fr\/produit\/t2ip5mp28-l\/#primaryimage"},"image":{"@id":"https:\/\/nbgtele.com\/fr\/produit\/t2ip5mp28-l\/#primaryimage"},"thumbnailUrl":"https:\/\/nbgtele.com\/wp-content\/uploads\/2022\/09\/eb2ip5mp28-l.jpeg","datePublished":"2022-09-13T19:42:21+00:00","dateModified":"2025-05-26T19:59:07+00:00","description":"Apprenez-en plus sur la cam\u00e9ra de t\u00e9l\u00e9surveillance T2IP5MP28-L avec une r\u00e9solution de 5MP, par la marque GSD. Elle est compatible avec tous supports muraux en tourelle","breadcrumb":{"@id":"https:\/\/nbgtele.com\/fr\/produit\/t2ip5mp28-l\/#breadcrumb"},"inLanguage":"fr-FR","potentialAction":[{"@type":"ReadAction","target":["https:\/\/nbgtele.com\/fr\/produit\/t2ip5mp28-l\/"]}]},{"@type":"ImageObject","inLanguage":"fr-FR","@id":"https:\/\/nbgtele.com\/fr\/produit\/t2ip5mp28-l\/#primaryimage","url":"https:\/\/nbgtele.com\/wp-content\/uploads\/2022\/09\/eb2ip5mp28-l.jpeg","contentUrl":"https:\/\/nbgtele.com\/wp-content\/uploads\/2022\/09\/eb2ip5mp28-l.jpeg","width":1000,"height":1000},{"@type":"BreadcrumbList","@id":"https:\/\/nbgtele.com\/fr\/produit\/t2ip5mp28-l\/#breadcrumb","itemListElement":[{"@type":"ListItem","position":1,"name":"Home","item":"https:\/\/nbgtele.com\/fr\/"},{"@type":"ListItem","position":2,"name":"Boutique","item":"https:\/\/nbgtele.com\/fr\/boutique\/"},{"@type":"ListItem","position":3,"name":"IP Turret 5MP Camera"}]},{"@type":"WebSite","@id":"https:\/\/nbgtele.com\/fr\/#website","url":"https:\/\/nbgtele.com\/fr\/","name":"NBGTele.com","description":"","potentialAction":[{"@type":"SearchAction","target":{"@type":"EntryPoint","urlTemplate":"https:\/\/nbgtele.com\/fr\/?s={search_term_string}"},"query-input":{"@type":"PropertyValueSpecification","valueRequired":true,"valueName":"search_term_string"}}],"inLanguage":"fr-FR"}]}},"_links":{"self":[{"href":"https:\/\/nbgtele.com\/fr\/wp-json\/wp\/v2\/product\/2486","targetHints":{"allow":["GET"]}}],"collection":[{"href":"https:\/\/nbgtele.com\/fr\/wp-json\/wp\/v2\/product"}],"about":[{"href":"https:\/\/nbgtele.com\/fr\/wp-json\/wp\/v2\/types\/product"}],"wp:featuredmedia":[{"embeddable":true,"href":"https:\/\/nbgtele.com\/fr\/wp-json\/wp\/v2\/media\/1953"}],"wp:attachment":[{"href":"https:\/\/nbgtele.com\/fr\/wp-json\/wp\/v2\/media?parent=2486"}],"wp:term":[{"taxonomy":"product_brand","embeddable":true,"href":"https:\/\/nbgtele.com\/fr\/wp-json\/wp\/v2\/product_brand?post=2486"},{"taxonomy":"product_cat","embeddable":true,"href":"https:\/\/nbgtele.com\/fr\/wp-json\/wp\/v2\/product_cat?post=2486"},{"taxonomy":"product_tag","embeddable":true,"href":"https:\/\/nbgtele.com\/fr\/wp-json\/wp\/v2\/product_tag?post=2486"},{"taxonomy":"brand","embeddable":true,"href":"https:\/\/nbgtele.com\/fr\/wp-json\/wp\/v2\/brand?post=2486"},{"taxonomy":"model","embeddable":true,"href":"https:\/\/nbgtele.com\/fr\/wp-json\/wp\/v2\/model?post=2486"},{"taxonomy":"profile","embeddable":true,"href":"https:\/\/nbgtele.com\/fr\/wp-json\/wp\/v2\/profile?post=2486"},{"taxonomy":"resolution","embeddable":true,"href":"https:\/\/nbgtele.com\/fr\/wp-json\/wp\/v2\/resolution?post=2486"},{"taxonomy":"lens","embeddable":true,"href":"https:\/\/nbgtele.com\/fr\/wp-json\/wp\/v2\/lens?post=2486"},{"taxonomy":"color","embeddable":true,"href":"https:\/\/nbgtele.com\/fr\/wp-json\/wp\/v2\/color?post=2486"},{"taxonomy":"ndaa_compliant","embeddable":true,"href":"https:\/\/nbgtele.com\/fr\/wp-json\/wp\/v2\/ndaa_compliant?post=2486"},{"taxonomy":"dual_voltage","embeddable":true,"href":"https:\/\/nbgtele.com\/fr\/wp-json\/wp\/v2\/dual_voltage?post=2486"},{"taxonomy":"ai","embeddable":true,"href":"https:\/\/nbgtele.com\/fr\/wp-json\/wp\/v2\/ai?post=2486"},{"taxonomy":"lite","embeddable":true,"href":"https:\/\/nbgtele.com\/fr\/wp-json\/wp\/v2\/lite?post=2486"},{"taxonomy":"infrared_perimeter","embeddable":true,"href":"https:\/\/nbgtele.com\/fr\/wp-json\/wp\/v2\/infrared_perimeter?post=2486"},{"taxonomy":"fixed_dome_microphone","embeddable":true,"href":"https:\/\/nbgtele.com\/fr\/wp-json\/wp\/v2\/fixed_dome_microphone?post=2486"},{"taxonomy":"analog_hd","embeddable":true,"href":"https:\/\/nbgtele.com\/fr\/wp-json\/wp\/v2\/analog_hd?post=2486"},{"taxonomy":"covert_camera","embeddable":true,"href":"https:\/\/nbgtele.com\/fr\/wp-json\/wp\/v2\/covert_camera?post=2486"},{"taxonomy":"internet_protocol","embeddable":true,"href":"https:\/\/nbgtele.com\/fr\/wp-json\/wp\/v2\/internet_protocol?post=2486"},{"taxonomy":"channels","embeddable":true,"href":"https:\/\/nbgtele.com\/fr\/wp-json\/wp\/v2\/channels?post=2486"},{"taxonomy":"ports","embeddable":true,"href":"https:\/\/nbgtele.com\/fr\/wp-json\/wp\/v2\/ports?post=2486"}],"curies":[{"name":"wp","href":"https:\/\/api.w.org\/{rel}","templated":true}]}}