{"id":2465,"date":"2022-09-13T16:15:27","date_gmt":"2022-09-13T20:15:27","guid":{"rendered":"https:\/\/nbgtele.com\/product\/d2z288ip5mp-ai\/"},"modified":"2025-05-26T15:58:57","modified_gmt":"2025-05-26T19:58:57","slug":"d2z288ip5mp-ai","status":"publish","type":"product","link":"https:\/\/nbgtele.com\/fr\/produit\/d2z288ip5mp-ai\/","title":{"rendered":"IP Mini Dome Vandal Proof 5MP Camera with AI"},"content":{"rendered":"","protected":false},"excerpt":{"rendered":"<p><span style=\"font-weight: 400;\">La cam\u00e9ra d\u00f4me D2Z288IP5MP-AI propose une r\u00e9solution de cinq m\u00e9gapixels pour des vid\u00e9os de haute qualit\u00e9 et une vue nocturne infrarouge de 25\u00a0m. L\u2019appareil est compatible avec la boite de jonction\u00a0EB3BASE5 et le support mural\u00a0WMB2.<\/span><\/p>\n","protected":false},"featured_media":1291,"template":"","meta":{"_acf_changed":false},"product_brand":[],"product_cat":[51],"product_tag":[247],"brand":[195],"model":[150],"profile":[154],"resolution":[163],"lens":[168],"color":[172],"ndaa_compliant":[173],"dual_voltage":[],"ai":[175],"lite":[],"infrared_perimeter":[],"fixed_dome_microphone":[],"analog_hd":[],"covert_camera":[],"internet_protocol":[181],"channels":[],"ports":[],"class_list":{"0":"post-2465","1":"product","2":"type-product","3":"status-publish","4":"has-post-thumbnail","6":"product_cat-cameras-fr","7":"product_tag-gsd-fr","8":"brand-gsd-fr","9":"model-ip-fr","10":"profile-mini-dome-vandal-proof-fr","11":"resolution-5mp-fr","12":"lens-motorized-fr","13":"color-white-fr","14":"ndaa_compliant-ndaa-compliance-fr","15":"ai-ai-fr","16":"internet_protocol-internet-protocol-fr","17":"entry","19":"first","20":"instock","21":"taxable","22":"shipping-taxable","23":"product-type-simple"},"acf":[],"wcpa_form_fields":null,"yoast_head":"<!-- This site is optimized with the Yoast SEO plugin v26.0 - https:\/\/yoast.com\/wordpress\/plugins\/seo\/ -->\n<title>D2Z288IP5MP-AI cam\u00e9ra de t\u00e9l\u00e9surveillance IP - GSD<\/title>\n<meta name=\"description\" content=\"La cam\u00e9ra de t\u00e9l\u00e9surveillance D2Z288IP5MP-AI de r\u00e9solution 5MP de chez GSD a une port\u00e9e de 25 m\u00e8tres et peut \u00eatre utilis\u00e9e en int\u00e9rieur comme en exterieur\" \/>\n<meta name=\"robots\" content=\"index, follow, max-snippet:-1, max-image-preview:large, max-video-preview:-1\" \/>\n<link rel=\"canonical\" href=\"https:\/\/nbgtele.com\/fr\/produit\/d2z288ip5mp-ai\/\" \/>\n<meta property=\"og:locale\" content=\"fr_FR\" \/>\n<meta property=\"og:type\" content=\"article\" \/>\n<meta property=\"og:title\" content=\"D2Z288IP5MP-AI cam\u00e9ra de t\u00e9l\u00e9surveillance IP - GSD\" \/>\n<meta property=\"og:description\" content=\"La cam\u00e9ra de t\u00e9l\u00e9surveillance D2Z288IP5MP-AI de r\u00e9solution 5MP de chez GSD a une port\u00e9e de 25 m\u00e8tres et peut \u00eatre utilis\u00e9e en int\u00e9rieur comme en exterieur\" \/>\n<meta property=\"og:url\" content=\"https:\/\/nbgtele.com\/fr\/produit\/d2z288ip5mp-ai\/\" \/>\n<meta property=\"og:site_name\" content=\"NBGTele.com\" \/>\n<meta property=\"article:modified_time\" content=\"2025-05-26T19:58:57+00:00\" \/>\n<meta property=\"og:image\" content=\"https:\/\/nbgtele.com\/wp-content\/uploads\/2022\/09\/D2Z288IP5MP-AI-4.png\" \/>\n\t<meta property=\"og:image:width\" content=\"1000\" \/>\n\t<meta property=\"og:image:height\" content=\"1000\" \/>\n\t<meta property=\"og:image:type\" content=\"image\/png\" \/>\n<meta name=\"twitter:card\" content=\"summary_large_image\" \/>\n<script type=\"application\/ld+json\" class=\"yoast-schema-graph\">{\"@context\":\"https:\/\/schema.org\",\"@graph\":[{\"@type\":\"WebPage\",\"@id\":\"https:\/\/nbgtele.com\/fr\/produit\/d2z288ip5mp-ai\/\",\"url\":\"https:\/\/nbgtele.com\/fr\/produit\/d2z288ip5mp-ai\/\",\"name\":\"D2Z288IP5MP-AI cam\u00e9ra de t\u00e9l\u00e9surveillance IP - GSD\",\"isPartOf\":{\"@id\":\"https:\/\/nbgtele.com\/fr\/#website\"},\"primaryImageOfPage\":{\"@id\":\"https:\/\/nbgtele.com\/fr\/produit\/d2z288ip5mp-ai\/#primaryimage\"},\"image\":{\"@id\":\"https:\/\/nbgtele.com\/fr\/produit\/d2z288ip5mp-ai\/#primaryimage\"},\"thumbnailUrl\":\"https:\/\/nbgtele.com\/wp-content\/uploads\/2022\/09\/D2Z288IP5MP-AI-4.png\",\"datePublished\":\"2022-09-13T20:15:27+00:00\",\"dateModified\":\"2025-05-26T19:58:57+00:00\",\"description\":\"La cam\u00e9ra de t\u00e9l\u00e9surveillance D2Z288IP5MP-AI de r\u00e9solution 5MP de chez GSD a une port\u00e9e de 25 m\u00e8tres et peut \u00eatre utilis\u00e9e en int\u00e9rieur comme en exterieur\",\"breadcrumb\":{\"@id\":\"https:\/\/nbgtele.com\/fr\/produit\/d2z288ip5mp-ai\/#breadcrumb\"},\"inLanguage\":\"fr-FR\",\"potentialAction\":[{\"@type\":\"ReadAction\",\"target\":[\"https:\/\/nbgtele.com\/fr\/produit\/d2z288ip5mp-ai\/\"]}]},{\"@type\":\"ImageObject\",\"inLanguage\":\"fr-FR\",\"@id\":\"https:\/\/nbgtele.com\/fr\/produit\/d2z288ip5mp-ai\/#primaryimage\",\"url\":\"https:\/\/nbgtele.com\/wp-content\/uploads\/2022\/09\/D2Z288IP5MP-AI-4.png\",\"contentUrl\":\"https:\/\/nbgtele.com\/wp-content\/uploads\/2022\/09\/D2Z288IP5MP-AI-4.png\",\"width\":1000,\"height\":1000},{\"@type\":\"BreadcrumbList\",\"@id\":\"https:\/\/nbgtele.com\/fr\/produit\/d2z288ip5mp-ai\/#breadcrumb\",\"itemListElement\":[{\"@type\":\"ListItem\",\"position\":1,\"name\":\"Home\",\"item\":\"https:\/\/nbgtele.com\/fr\/\"},{\"@type\":\"ListItem\",\"position\":2,\"name\":\"Boutique\",\"item\":\"https:\/\/nbgtele.com\/fr\/boutique\/\"},{\"@type\":\"ListItem\",\"position\":3,\"name\":\"IP Mini Dome Vandal Proof 5MP Camera with AI\"}]},{\"@type\":\"WebSite\",\"@id\":\"https:\/\/nbgtele.com\/fr\/#website\",\"url\":\"https:\/\/nbgtele.com\/fr\/\",\"name\":\"NBGTele.com\",\"description\":\"\",\"potentialAction\":[{\"@type\":\"SearchAction\",\"target\":{\"@type\":\"EntryPoint\",\"urlTemplate\":\"https:\/\/nbgtele.com\/fr\/?s={search_term_string}\"},\"query-input\":{\"@type\":\"PropertyValueSpecification\",\"valueRequired\":true,\"valueName\":\"search_term_string\"}}],\"inLanguage\":\"fr-FR\"}]}<\/script>\n<!-- \/ Yoast SEO plugin. -->","yoast_head_json":{"title":"D2Z288IP5MP-AI cam\u00e9ra de t\u00e9l\u00e9surveillance IP - GSD","description":"La cam\u00e9ra de t\u00e9l\u00e9surveillance D2Z288IP5MP-AI de r\u00e9solution 5MP de chez GSD a une port\u00e9e de 25 m\u00e8tres et peut \u00eatre utilis\u00e9e en int\u00e9rieur comme en exterieur","robots":{"index":"index","follow":"follow","max-snippet":"max-snippet:-1","max-image-preview":"max-image-preview:large","max-video-preview":"max-video-preview:-1"},"canonical":"https:\/\/nbgtele.com\/fr\/produit\/d2z288ip5mp-ai\/","og_locale":"fr_FR","og_type":"article","og_title":"D2Z288IP5MP-AI cam\u00e9ra de t\u00e9l\u00e9surveillance IP - GSD","og_description":"La cam\u00e9ra de t\u00e9l\u00e9surveillance D2Z288IP5MP-AI de r\u00e9solution 5MP de chez GSD a une port\u00e9e de 25 m\u00e8tres et peut \u00eatre utilis\u00e9e en int\u00e9rieur comme en exterieur","og_url":"https:\/\/nbgtele.com\/fr\/produit\/d2z288ip5mp-ai\/","og_site_name":"NBGTele.com","article_modified_time":"2025-05-26T19:58:57+00:00","og_image":[{"width":1000,"height":1000,"url":"https:\/\/nbgtele.com\/wp-content\/uploads\/2022\/09\/D2Z288IP5MP-AI-4.png","type":"image\/png"}],"twitter_card":"summary_large_image","schema":{"@context":"https:\/\/schema.org","@graph":[{"@type":"WebPage","@id":"https:\/\/nbgtele.com\/fr\/produit\/d2z288ip5mp-ai\/","url":"https:\/\/nbgtele.com\/fr\/produit\/d2z288ip5mp-ai\/","name":"D2Z288IP5MP-AI cam\u00e9ra de t\u00e9l\u00e9surveillance IP - GSD","isPartOf":{"@id":"https:\/\/nbgtele.com\/fr\/#website"},"primaryImageOfPage":{"@id":"https:\/\/nbgtele.com\/fr\/produit\/d2z288ip5mp-ai\/#primaryimage"},"image":{"@id":"https:\/\/nbgtele.com\/fr\/produit\/d2z288ip5mp-ai\/#primaryimage"},"thumbnailUrl":"https:\/\/nbgtele.com\/wp-content\/uploads\/2022\/09\/D2Z288IP5MP-AI-4.png","datePublished":"2022-09-13T20:15:27+00:00","dateModified":"2025-05-26T19:58:57+00:00","description":"La cam\u00e9ra de t\u00e9l\u00e9surveillance D2Z288IP5MP-AI de r\u00e9solution 5MP de chez GSD a une port\u00e9e de 25 m\u00e8tres et peut \u00eatre utilis\u00e9e en int\u00e9rieur comme en exterieur","breadcrumb":{"@id":"https:\/\/nbgtele.com\/fr\/produit\/d2z288ip5mp-ai\/#breadcrumb"},"inLanguage":"fr-FR","potentialAction":[{"@type":"ReadAction","target":["https:\/\/nbgtele.com\/fr\/produit\/d2z288ip5mp-ai\/"]}]},{"@type":"ImageObject","inLanguage":"fr-FR","@id":"https:\/\/nbgtele.com\/fr\/produit\/d2z288ip5mp-ai\/#primaryimage","url":"https:\/\/nbgtele.com\/wp-content\/uploads\/2022\/09\/D2Z288IP5MP-AI-4.png","contentUrl":"https:\/\/nbgtele.com\/wp-content\/uploads\/2022\/09\/D2Z288IP5MP-AI-4.png","width":1000,"height":1000},{"@type":"BreadcrumbList","@id":"https:\/\/nbgtele.com\/fr\/produit\/d2z288ip5mp-ai\/#breadcrumb","itemListElement":[{"@type":"ListItem","position":1,"name":"Home","item":"https:\/\/nbgtele.com\/fr\/"},{"@type":"ListItem","position":2,"name":"Boutique","item":"https:\/\/nbgtele.com\/fr\/boutique\/"},{"@type":"ListItem","position":3,"name":"IP Mini Dome Vandal Proof 5MP Camera with AI"}]},{"@type":"WebSite","@id":"https:\/\/nbgtele.com\/fr\/#website","url":"https:\/\/nbgtele.com\/fr\/","name":"NBGTele.com","description":"","potentialAction":[{"@type":"SearchAction","target":{"@type":"EntryPoint","urlTemplate":"https:\/\/nbgtele.com\/fr\/?s={search_term_string}"},"query-input":{"@type":"PropertyValueSpecification","valueRequired":true,"valueName":"search_term_string"}}],"inLanguage":"fr-FR"}]}},"_links":{"self":[{"href":"https:\/\/nbgtele.com\/fr\/wp-json\/wp\/v2\/product\/2465","targetHints":{"allow":["GET"]}}],"collection":[{"href":"https:\/\/nbgtele.com\/fr\/wp-json\/wp\/v2\/product"}],"about":[{"href":"https:\/\/nbgtele.com\/fr\/wp-json\/wp\/v2\/types\/product"}],"wp:featuredmedia":[{"embeddable":true,"href":"https:\/\/nbgtele.com\/fr\/wp-json\/wp\/v2\/media\/1291"}],"wp:attachment":[{"href":"https:\/\/nbgtele.com\/fr\/wp-json\/wp\/v2\/media?parent=2465"}],"wp:term":[{"taxonomy":"product_brand","embeddable":true,"href":"https:\/\/nbgtele.com\/fr\/wp-json\/wp\/v2\/product_brand?post=2465"},{"taxonomy":"product_cat","embeddable":true,"href":"https:\/\/nbgtele.com\/fr\/wp-json\/wp\/v2\/product_cat?post=2465"},{"taxonomy":"product_tag","embeddable":true,"href":"https:\/\/nbgtele.com\/fr\/wp-json\/wp\/v2\/product_tag?post=2465"},{"taxonomy":"brand","embeddable":true,"href":"https:\/\/nbgtele.com\/fr\/wp-json\/wp\/v2\/brand?post=2465"},{"taxonomy":"model","embeddable":true,"href":"https:\/\/nbgtele.com\/fr\/wp-json\/wp\/v2\/model?post=2465"},{"taxonomy":"profile","embeddable":true,"href":"https:\/\/nbgtele.com\/fr\/wp-json\/wp\/v2\/profile?post=2465"},{"taxonomy":"resolution","embeddable":true,"href":"https:\/\/nbgtele.com\/fr\/wp-json\/wp\/v2\/resolution?post=2465"},{"taxonomy":"lens","embeddable":true,"href":"https:\/\/nbgtele.com\/fr\/wp-json\/wp\/v2\/lens?post=2465"},{"taxonomy":"color","embeddable":true,"href":"https:\/\/nbgtele.com\/fr\/wp-json\/wp\/v2\/color?post=2465"},{"taxonomy":"ndaa_compliant","embeddable":true,"href":"https:\/\/nbgtele.com\/fr\/wp-json\/wp\/v2\/ndaa_compliant?post=2465"},{"taxonomy":"dual_voltage","embeddable":true,"href":"https:\/\/nbgtele.com\/fr\/wp-json\/wp\/v2\/dual_voltage?post=2465"},{"taxonomy":"ai","embeddable":true,"href":"https:\/\/nbgtele.com\/fr\/wp-json\/wp\/v2\/ai?post=2465"},{"taxonomy":"lite","embeddable":true,"href":"https:\/\/nbgtele.com\/fr\/wp-json\/wp\/v2\/lite?post=2465"},{"taxonomy":"infrared_perimeter","embeddable":true,"href":"https:\/\/nbgtele.com\/fr\/wp-json\/wp\/v2\/infrared_perimeter?post=2465"},{"taxonomy":"fixed_dome_microphone","embeddable":true,"href":"https:\/\/nbgtele.com\/fr\/wp-json\/wp\/v2\/fixed_dome_microphone?post=2465"},{"taxonomy":"analog_hd","embeddable":true,"href":"https:\/\/nbgtele.com\/fr\/wp-json\/wp\/v2\/analog_hd?post=2465"},{"taxonomy":"covert_camera","embeddable":true,"href":"https:\/\/nbgtele.com\/fr\/wp-json\/wp\/v2\/covert_camera?post=2465"},{"taxonomy":"internet_protocol","embeddable":true,"href":"https:\/\/nbgtele.com\/fr\/wp-json\/wp\/v2\/internet_protocol?post=2465"},{"taxonomy":"channels","embeddable":true,"href":"https:\/\/nbgtele.com\/fr\/wp-json\/wp\/v2\/channels?post=2465"},{"taxonomy":"ports","embeddable":true,"href":"https:\/\/nbgtele.com\/fr\/wp-json\/wp\/v2\/ports?post=2465"}],"curies":[{"name":"wp","href":"https:\/\/api.w.org\/{rel}","templated":true}]}}