{"id":2399,"date":"2022-09-13T16:50:02","date_gmt":"2022-09-13T20:50:02","guid":{"rendered":"https:\/\/nbgtele.com\/product\/dcmb6\/"},"modified":"2025-05-26T15:57:30","modified_gmt":"2025-05-26T19:57:30","slug":"dcmb6","status":"publish","type":"product","link":"https:\/\/nbgtele.com\/fr\/produit\/dcmb6\/","title":{"rendered":"DCMB6"},"content":{"rendered":"","protected":false},"excerpt":{"rendered":"<p><span style=\"font-weight: 400;\">Installez directement vos cam\u00e9ras surveillance de type D6 au plafond avec le support de montage encastr\u00e9 DCMB6.\u00a0 <\/span><\/p>\n","protected":false},"featured_media":1945,"template":"","meta":{"_acf_changed":false},"product_brand":[],"product_cat":[76],"product_tag":[247],"brand":[195],"model":[],"profile":[],"resolution":[],"lens":[],"color":[],"ndaa_compliant":[],"dual_voltage":[],"ai":[],"lite":[],"infrared_perimeter":[],"fixed_dome_microphone":[],"analog_hd":[],"covert_camera":[],"internet_protocol":[],"channels":[],"ports":[],"class_list":{"0":"post-2399","1":"product","2":"type-product","3":"status-publish","4":"has-post-thumbnail","6":"product_cat-supports-fr","7":"product_tag-gsd-fr","8":"brand-gsd-fr","9":"entry","11":"first","12":"instock","13":"taxable","14":"shipping-taxable","15":"product-type-simple"},"acf":[],"wcpa_form_fields":null,"yoast_head":"<!-- This site is optimized with the Yoast SEO plugin v26.0 - https:\/\/yoast.com\/wordpress\/plugins\/seo\/ -->\n<title>DCMB6 Support de montage encastr\u00e9 pour cam\u00e9ras - GSD<\/title>\n<meta name=\"description\" content=\"D\u00e9couvrez le support de montage encastr\u00e9 DCMB6 de chez GSD et installer les cam\u00e9ras de t\u00e9l\u00e9surveillance de type D6 chez vos clients.\" \/>\n<meta name=\"robots\" content=\"index, follow, max-snippet:-1, max-image-preview:large, max-video-preview:-1\" \/>\n<link rel=\"canonical\" href=\"https:\/\/nbgtele.com\/fr\/produit\/dcmb6\/\" \/>\n<meta property=\"og:locale\" content=\"fr_FR\" \/>\n<meta property=\"og:type\" content=\"article\" \/>\n<meta property=\"og:title\" content=\"DCMB6 Support de montage encastr\u00e9 pour cam\u00e9ras - GSD\" \/>\n<meta property=\"og:description\" content=\"D\u00e9couvrez le support de montage encastr\u00e9 DCMB6 de chez GSD et installer les cam\u00e9ras de t\u00e9l\u00e9surveillance de type D6 chez vos clients.\" \/>\n<meta property=\"og:url\" content=\"https:\/\/nbgtele.com\/fr\/produit\/dcmb6\/\" \/>\n<meta property=\"og:site_name\" content=\"NBGTele.com\" \/>\n<meta property=\"article:modified_time\" content=\"2025-05-26T19:57:30+00:00\" \/>\n<meta property=\"og:image\" content=\"https:\/\/nbgtele.com\/wp-content\/uploads\/2022\/09\/DCMB6.png\" \/>\n\t<meta property=\"og:image:width\" content=\"1000\" \/>\n\t<meta property=\"og:image:height\" content=\"1000\" \/>\n\t<meta property=\"og:image:type\" content=\"image\/png\" \/>\n<meta name=\"twitter:card\" content=\"summary_large_image\" \/>\n<script type=\"application\/ld+json\" class=\"yoast-schema-graph\">{\"@context\":\"https:\/\/schema.org\",\"@graph\":[{\"@type\":\"WebPage\",\"@id\":\"https:\/\/nbgtele.com\/fr\/produit\/dcmb6\/\",\"url\":\"https:\/\/nbgtele.com\/fr\/produit\/dcmb6\/\",\"name\":\"DCMB6 Support de montage encastr\u00e9 pour cam\u00e9ras - GSD\",\"isPartOf\":{\"@id\":\"https:\/\/nbgtele.com\/fr\/#website\"},\"primaryImageOfPage\":{\"@id\":\"https:\/\/nbgtele.com\/fr\/produit\/dcmb6\/#primaryimage\"},\"image\":{\"@id\":\"https:\/\/nbgtele.com\/fr\/produit\/dcmb6\/#primaryimage\"},\"thumbnailUrl\":\"https:\/\/nbgtele.com\/wp-content\/uploads\/2022\/09\/DCMB6.png\",\"datePublished\":\"2022-09-13T20:50:02+00:00\",\"dateModified\":\"2025-05-26T19:57:30+00:00\",\"description\":\"D\u00e9couvrez le support de montage encastr\u00e9 DCMB6 de chez GSD et installer les cam\u00e9ras de t\u00e9l\u00e9surveillance de type D6 chez vos clients.\",\"breadcrumb\":{\"@id\":\"https:\/\/nbgtele.com\/fr\/produit\/dcmb6\/#breadcrumb\"},\"inLanguage\":\"fr-FR\",\"potentialAction\":[{\"@type\":\"ReadAction\",\"target\":[\"https:\/\/nbgtele.com\/fr\/produit\/dcmb6\/\"]}]},{\"@type\":\"ImageObject\",\"inLanguage\":\"fr-FR\",\"@id\":\"https:\/\/nbgtele.com\/fr\/produit\/dcmb6\/#primaryimage\",\"url\":\"https:\/\/nbgtele.com\/wp-content\/uploads\/2022\/09\/DCMB6.png\",\"contentUrl\":\"https:\/\/nbgtele.com\/wp-content\/uploads\/2022\/09\/DCMB6.png\",\"width\":1000,\"height\":1000},{\"@type\":\"BreadcrumbList\",\"@id\":\"https:\/\/nbgtele.com\/fr\/produit\/dcmb6\/#breadcrumb\",\"itemListElement\":[{\"@type\":\"ListItem\",\"position\":1,\"name\":\"Home\",\"item\":\"https:\/\/nbgtele.com\/fr\/\"},{\"@type\":\"ListItem\",\"position\":2,\"name\":\"Boutique\",\"item\":\"https:\/\/nbgtele.com\/fr\/boutique\/\"},{\"@type\":\"ListItem\",\"position\":3,\"name\":\"DCMB6\"}]},{\"@type\":\"WebSite\",\"@id\":\"https:\/\/nbgtele.com\/fr\/#website\",\"url\":\"https:\/\/nbgtele.com\/fr\/\",\"name\":\"NBGTele.com\",\"description\":\"\",\"potentialAction\":[{\"@type\":\"SearchAction\",\"target\":{\"@type\":\"EntryPoint\",\"urlTemplate\":\"https:\/\/nbgtele.com\/fr\/?s={search_term_string}\"},\"query-input\":{\"@type\":\"PropertyValueSpecification\",\"valueRequired\":true,\"valueName\":\"search_term_string\"}}],\"inLanguage\":\"fr-FR\"}]}<\/script>\n<!-- \/ Yoast SEO plugin. -->","yoast_head_json":{"title":"DCMB6 Support de montage encastr\u00e9 pour cam\u00e9ras - GSD","description":"D\u00e9couvrez le support de montage encastr\u00e9 DCMB6 de chez GSD et installer les cam\u00e9ras de t\u00e9l\u00e9surveillance de type D6 chez vos clients.","robots":{"index":"index","follow":"follow","max-snippet":"max-snippet:-1","max-image-preview":"max-image-preview:large","max-video-preview":"max-video-preview:-1"},"canonical":"https:\/\/nbgtele.com\/fr\/produit\/dcmb6\/","og_locale":"fr_FR","og_type":"article","og_title":"DCMB6 Support de montage encastr\u00e9 pour cam\u00e9ras - GSD","og_description":"D\u00e9couvrez le support de montage encastr\u00e9 DCMB6 de chez GSD et installer les cam\u00e9ras de t\u00e9l\u00e9surveillance de type D6 chez vos clients.","og_url":"https:\/\/nbgtele.com\/fr\/produit\/dcmb6\/","og_site_name":"NBGTele.com","article_modified_time":"2025-05-26T19:57:30+00:00","og_image":[{"width":1000,"height":1000,"url":"https:\/\/nbgtele.com\/wp-content\/uploads\/2022\/09\/DCMB6.png","type":"image\/png"}],"twitter_card":"summary_large_image","schema":{"@context":"https:\/\/schema.org","@graph":[{"@type":"WebPage","@id":"https:\/\/nbgtele.com\/fr\/produit\/dcmb6\/","url":"https:\/\/nbgtele.com\/fr\/produit\/dcmb6\/","name":"DCMB6 Support de montage encastr\u00e9 pour cam\u00e9ras - GSD","isPartOf":{"@id":"https:\/\/nbgtele.com\/fr\/#website"},"primaryImageOfPage":{"@id":"https:\/\/nbgtele.com\/fr\/produit\/dcmb6\/#primaryimage"},"image":{"@id":"https:\/\/nbgtele.com\/fr\/produit\/dcmb6\/#primaryimage"},"thumbnailUrl":"https:\/\/nbgtele.com\/wp-content\/uploads\/2022\/09\/DCMB6.png","datePublished":"2022-09-13T20:50:02+00:00","dateModified":"2025-05-26T19:57:30+00:00","description":"D\u00e9couvrez le support de montage encastr\u00e9 DCMB6 de chez GSD et installer les cam\u00e9ras de t\u00e9l\u00e9surveillance de type D6 chez vos clients.","breadcrumb":{"@id":"https:\/\/nbgtele.com\/fr\/produit\/dcmb6\/#breadcrumb"},"inLanguage":"fr-FR","potentialAction":[{"@type":"ReadAction","target":["https:\/\/nbgtele.com\/fr\/produit\/dcmb6\/"]}]},{"@type":"ImageObject","inLanguage":"fr-FR","@id":"https:\/\/nbgtele.com\/fr\/produit\/dcmb6\/#primaryimage","url":"https:\/\/nbgtele.com\/wp-content\/uploads\/2022\/09\/DCMB6.png","contentUrl":"https:\/\/nbgtele.com\/wp-content\/uploads\/2022\/09\/DCMB6.png","width":1000,"height":1000},{"@type":"BreadcrumbList","@id":"https:\/\/nbgtele.com\/fr\/produit\/dcmb6\/#breadcrumb","itemListElement":[{"@type":"ListItem","position":1,"name":"Home","item":"https:\/\/nbgtele.com\/fr\/"},{"@type":"ListItem","position":2,"name":"Boutique","item":"https:\/\/nbgtele.com\/fr\/boutique\/"},{"@type":"ListItem","position":3,"name":"DCMB6"}]},{"@type":"WebSite","@id":"https:\/\/nbgtele.com\/fr\/#website","url":"https:\/\/nbgtele.com\/fr\/","name":"NBGTele.com","description":"","potentialAction":[{"@type":"SearchAction","target":{"@type":"EntryPoint","urlTemplate":"https:\/\/nbgtele.com\/fr\/?s={search_term_string}"},"query-input":{"@type":"PropertyValueSpecification","valueRequired":true,"valueName":"search_term_string"}}],"inLanguage":"fr-FR"}]}},"_links":{"self":[{"href":"https:\/\/nbgtele.com\/fr\/wp-json\/wp\/v2\/product\/2399","targetHints":{"allow":["GET"]}}],"collection":[{"href":"https:\/\/nbgtele.com\/fr\/wp-json\/wp\/v2\/product"}],"about":[{"href":"https:\/\/nbgtele.com\/fr\/wp-json\/wp\/v2\/types\/product"}],"wp:featuredmedia":[{"embeddable":true,"href":"https:\/\/nbgtele.com\/fr\/wp-json\/wp\/v2\/media\/1945"}],"wp:attachment":[{"href":"https:\/\/nbgtele.com\/fr\/wp-json\/wp\/v2\/media?parent=2399"}],"wp:term":[{"taxonomy":"product_brand","embeddable":true,"href":"https:\/\/nbgtele.com\/fr\/wp-json\/wp\/v2\/product_brand?post=2399"},{"taxonomy":"product_cat","embeddable":true,"href":"https:\/\/nbgtele.com\/fr\/wp-json\/wp\/v2\/product_cat?post=2399"},{"taxonomy":"product_tag","embeddable":true,"href":"https:\/\/nbgtele.com\/fr\/wp-json\/wp\/v2\/product_tag?post=2399"},{"taxonomy":"brand","embeddable":true,"href":"https:\/\/nbgtele.com\/fr\/wp-json\/wp\/v2\/brand?post=2399"},{"taxonomy":"model","embeddable":true,"href":"https:\/\/nbgtele.com\/fr\/wp-json\/wp\/v2\/model?post=2399"},{"taxonomy":"profile","embeddable":true,"href":"https:\/\/nbgtele.com\/fr\/wp-json\/wp\/v2\/profile?post=2399"},{"taxonomy":"resolution","embeddable":true,"href":"https:\/\/nbgtele.com\/fr\/wp-json\/wp\/v2\/resolution?post=2399"},{"taxonomy":"lens","embeddable":true,"href":"https:\/\/nbgtele.com\/fr\/wp-json\/wp\/v2\/lens?post=2399"},{"taxonomy":"color","embeddable":true,"href":"https:\/\/nbgtele.com\/fr\/wp-json\/wp\/v2\/color?post=2399"},{"taxonomy":"ndaa_compliant","embeddable":true,"href":"https:\/\/nbgtele.com\/fr\/wp-json\/wp\/v2\/ndaa_compliant?post=2399"},{"taxonomy":"dual_voltage","embeddable":true,"href":"https:\/\/nbgtele.com\/fr\/wp-json\/wp\/v2\/dual_voltage?post=2399"},{"taxonomy":"ai","embeddable":true,"href":"https:\/\/nbgtele.com\/fr\/wp-json\/wp\/v2\/ai?post=2399"},{"taxonomy":"lite","embeddable":true,"href":"https:\/\/nbgtele.com\/fr\/wp-json\/wp\/v2\/lite?post=2399"},{"taxonomy":"infrared_perimeter","embeddable":true,"href":"https:\/\/nbgtele.com\/fr\/wp-json\/wp\/v2\/infrared_perimeter?post=2399"},{"taxonomy":"fixed_dome_microphone","embeddable":true,"href":"https:\/\/nbgtele.com\/fr\/wp-json\/wp\/v2\/fixed_dome_microphone?post=2399"},{"taxonomy":"analog_hd","embeddable":true,"href":"https:\/\/nbgtele.com\/fr\/wp-json\/wp\/v2\/analog_hd?post=2399"},{"taxonomy":"covert_camera","embeddable":true,"href":"https:\/\/nbgtele.com\/fr\/wp-json\/wp\/v2\/covert_camera?post=2399"},{"taxonomy":"internet_protocol","embeddable":true,"href":"https:\/\/nbgtele.com\/fr\/wp-json\/wp\/v2\/internet_protocol?post=2399"},{"taxonomy":"channels","embeddable":true,"href":"https:\/\/nbgtele.com\/fr\/wp-json\/wp\/v2\/channels?post=2399"},{"taxonomy":"ports","embeddable":true,"href":"https:\/\/nbgtele.com\/fr\/wp-json\/wp\/v2\/ports?post=2399"}],"curies":[{"name":"wp","href":"https:\/\/api.w.org\/{rel}","templated":true}]}}