{"id":121829,"date":"2026-04-23T10:13:29","date_gmt":"2026-04-23T14:13:29","guid":{"rendered":"https:\/\/nbgtele.com\/?post_type=product&#038;p=121829"},"modified":"2026-04-23T10:26:29","modified_gmt":"2026-04-23T14:26:29","slug":"ip-fisheye-12mp-camera-ai","status":"publish","type":"product","link":"https:\/\/nbgtele.com\/fr\/produit\/ip-fisheye-12mp-camera-ai\/","title":{"rendered":"IP Fisheye 12MP Camera AI"},"content":{"rendered":"","protected":false},"excerpt":{"rendered":"<p data-start=\"100\" data-end=\"421\">Cette cam\u00e9ra <strong data-start=\"113\" data-end=\"131\">FE360IP12MP-AI<\/strong> poss\u00e8de une lentille fixe de <strong data-start=\"161\" data-end=\"171\">2,0 mm<\/strong> et capture des images tr\u00e8s haute r\u00e9solution de <strong data-start=\"219\" data-end=\"236\">12 m\u00e9gapixels<\/strong>. Elle est fonctionnelle la nuit gr\u00e2ce \u00e0 sa vision nocturne par infrarouge portant jusqu\u2019\u00e0 <strong data-start=\"327\" data-end=\"335\">10 m<\/strong>, et int\u00e8gre des <strong data-start=\"352\" data-end=\"393\">fonctions d\u2019analyse intelligente (IA)<\/strong> pour une d\u00e9tection avanc\u00e9e.<\/p>\n<p data-start=\"423\" data-end=\"559\">De couleur blanche, la cam\u00e9ra est compatible avec les supports muraux <strong data-start=\"493\" data-end=\"512\">FEBASE-G + WMB6<\/strong> ainsi qu\u2019avec la bo\u00eete de jonction <strong data-start=\"548\" data-end=\"558\">FEBASE<\/strong>.<\/p>\n","protected":false},"featured_media":76814,"template":"","meta":{"_acf_changed":false},"product_brand":[],"product_cat":[51],"product_tag":[247],"brand":[195],"model":[],"profile":[],"resolution":[165],"lens":[169],"color":[172],"ndaa_compliant":[],"dual_voltage":[],"ai":[175],"lite":[],"infrared_perimeter":[],"fixed_dome_microphone":[],"analog_hd":[],"covert_camera":[],"internet_protocol":[],"channels":[],"ports":[],"class_list":{"0":"post-121829","1":"product","2":"type-product","3":"status-publish","4":"has-post-thumbnail","6":"product_cat-cameras-fr","7":"product_tag-gsd-fr","8":"brand-gsd-fr","9":"resolution-12mp-fr","10":"lens-fisheye-360-fr","11":"color-white-fr","12":"ai-ai-fr","13":"entry","15":"first","16":"instock","17":"taxable","18":"shipping-taxable","19":"product-type-simple"},"acf":[],"wcpa_form_fields":null,"yoast_head":"<!-- This site is optimized with the Yoast SEO plugin v26.0 - https:\/\/yoast.com\/wordpress\/plugins\/seo\/ -->\n<title>IP Fisheye 12MP Camera AI - NBGTele.com<\/title>\n<meta name=\"robots\" content=\"index, follow, max-snippet:-1, max-image-preview:large, max-video-preview:-1\" \/>\n<link rel=\"canonical\" href=\"https:\/\/nbgtele.com\/fr\/produit\/ip-fisheye-12mp-camera-ai\/\" \/>\n<meta property=\"og:locale\" content=\"fr_FR\" \/>\n<meta property=\"og:type\" content=\"article\" \/>\n<meta property=\"og:title\" content=\"IP Fisheye 12MP Camera AI - NBGTele.com\" \/>\n<meta property=\"og:description\" content=\"Cette cam\u00e9ra FE360IP12MP-AI poss\u00e8de une lentille fixe de 2,0 mm et capture des images tr\u00e8s haute r\u00e9solution de 12 m\u00e9gapixels. Elle est fonctionnelle la nuit gr\u00e2ce \u00e0 sa vision nocturne par infrarouge portant jusqu\u2019\u00e0 10 m, et int\u00e8gre des fonctions d\u2019analyse intelligente (IA) pour une d\u00e9tection avanc\u00e9e. De couleur blanche, la cam\u00e9ra est compatible avec les supports muraux FEBASE-G + WMB6 ainsi qu\u2019avec la bo\u00eete de jonction FEBASE.\" \/>\n<meta property=\"og:url\" content=\"https:\/\/nbgtele.com\/fr\/produit\/ip-fisheye-12mp-camera-ai\/\" \/>\n<meta property=\"og:site_name\" content=\"NBGTele.com\" \/>\n<meta property=\"article:modified_time\" content=\"2026-04-23T14:26:29+00:00\" \/>\n<meta property=\"og:image\" content=\"https:\/\/nbgtele.com\/wp-content\/uploads\/2023\/01\/FE360IP12MP-AI_1.jpg\" \/>\n\t<meta property=\"og:image:width\" content=\"1000\" \/>\n\t<meta property=\"og:image:height\" content=\"1000\" \/>\n\t<meta property=\"og:image:type\" content=\"image\/jpeg\" \/>\n<meta name=\"twitter:card\" content=\"summary_large_image\" \/>\n<meta name=\"twitter:label1\" content=\"Dur\u00e9e de lecture estim\u00e9e\" \/>\n\t<meta name=\"twitter:data1\" content=\"1 minute\" \/>\n<script type=\"application\/ld+json\" class=\"yoast-schema-graph\">{\"@context\":\"https:\/\/schema.org\",\"@graph\":[{\"@type\":\"WebPage\",\"@id\":\"https:\/\/nbgtele.com\/fr\/produit\/ip-fisheye-12mp-camera-ai\/\",\"url\":\"https:\/\/nbgtele.com\/fr\/produit\/ip-fisheye-12mp-camera-ai\/\",\"name\":\"IP Fisheye 12MP Camera AI - NBGTele.com\",\"isPartOf\":{\"@id\":\"https:\/\/nbgtele.com\/fr\/#website\"},\"primaryImageOfPage\":{\"@id\":\"https:\/\/nbgtele.com\/fr\/produit\/ip-fisheye-12mp-camera-ai\/#primaryimage\"},\"image\":{\"@id\":\"https:\/\/nbgtele.com\/fr\/produit\/ip-fisheye-12mp-camera-ai\/#primaryimage\"},\"thumbnailUrl\":\"https:\/\/nbgtele.com\/wp-content\/uploads\/2023\/01\/FE360IP12MP-AI_1.jpg\",\"datePublished\":\"2026-04-23T14:13:29+00:00\",\"dateModified\":\"2026-04-23T14:26:29+00:00\",\"breadcrumb\":{\"@id\":\"https:\/\/nbgtele.com\/fr\/produit\/ip-fisheye-12mp-camera-ai\/#breadcrumb\"},\"inLanguage\":\"fr-FR\",\"potentialAction\":[{\"@type\":\"ReadAction\",\"target\":[\"https:\/\/nbgtele.com\/fr\/produit\/ip-fisheye-12mp-camera-ai\/\"]}]},{\"@type\":\"ImageObject\",\"inLanguage\":\"fr-FR\",\"@id\":\"https:\/\/nbgtele.com\/fr\/produit\/ip-fisheye-12mp-camera-ai\/#primaryimage\",\"url\":\"https:\/\/nbgtele.com\/wp-content\/uploads\/2023\/01\/FE360IP12MP-AI_1.jpg\",\"contentUrl\":\"https:\/\/nbgtele.com\/wp-content\/uploads\/2023\/01\/FE360IP12MP-AI_1.jpg\",\"width\":1000,\"height\":1000},{\"@type\":\"BreadcrumbList\",\"@id\":\"https:\/\/nbgtele.com\/fr\/produit\/ip-fisheye-12mp-camera-ai\/#breadcrumb\",\"itemListElement\":[{\"@type\":\"ListItem\",\"position\":1,\"name\":\"Home\",\"item\":\"https:\/\/nbgtele.com\/fr\/\"},{\"@type\":\"ListItem\",\"position\":2,\"name\":\"Boutique\",\"item\":\"https:\/\/nbgtele.com\/fr\/boutique\/\"},{\"@type\":\"ListItem\",\"position\":3,\"name\":\"IP Fisheye 12MP Camera AI\"}]},{\"@type\":\"WebSite\",\"@id\":\"https:\/\/nbgtele.com\/fr\/#website\",\"url\":\"https:\/\/nbgtele.com\/fr\/\",\"name\":\"NBGTele.com\",\"description\":\"\",\"potentialAction\":[{\"@type\":\"SearchAction\",\"target\":{\"@type\":\"EntryPoint\",\"urlTemplate\":\"https:\/\/nbgtele.com\/fr\/?s={search_term_string}\"},\"query-input\":{\"@type\":\"PropertyValueSpecification\",\"valueRequired\":true,\"valueName\":\"search_term_string\"}}],\"inLanguage\":\"fr-FR\"}]}<\/script>\n<!-- \/ Yoast SEO plugin. -->","yoast_head_json":{"title":"IP Fisheye 12MP Camera AI - NBGTele.com","robots":{"index":"index","follow":"follow","max-snippet":"max-snippet:-1","max-image-preview":"max-image-preview:large","max-video-preview":"max-video-preview:-1"},"canonical":"https:\/\/nbgtele.com\/fr\/produit\/ip-fisheye-12mp-camera-ai\/","og_locale":"fr_FR","og_type":"article","og_title":"IP Fisheye 12MP Camera AI - NBGTele.com","og_description":"Cette cam\u00e9ra FE360IP12MP-AI poss\u00e8de une lentille fixe de 2,0 mm et capture des images tr\u00e8s haute r\u00e9solution de 12 m\u00e9gapixels. Elle est fonctionnelle la nuit gr\u00e2ce \u00e0 sa vision nocturne par infrarouge portant jusqu\u2019\u00e0 10 m, et int\u00e8gre des fonctions d\u2019analyse intelligente (IA) pour une d\u00e9tection avanc\u00e9e. De couleur blanche, la cam\u00e9ra est compatible avec les supports muraux FEBASE-G + WMB6 ainsi qu\u2019avec la bo\u00eete de jonction FEBASE.","og_url":"https:\/\/nbgtele.com\/fr\/produit\/ip-fisheye-12mp-camera-ai\/","og_site_name":"NBGTele.com","article_modified_time":"2026-04-23T14:26:29+00:00","og_image":[{"width":1000,"height":1000,"url":"https:\/\/nbgtele.com\/wp-content\/uploads\/2023\/01\/FE360IP12MP-AI_1.jpg","type":"image\/jpeg"}],"twitter_card":"summary_large_image","twitter_misc":{"Dur\u00e9e de lecture estim\u00e9e":"1 minute"},"schema":{"@context":"https:\/\/schema.org","@graph":[{"@type":"WebPage","@id":"https:\/\/nbgtele.com\/fr\/produit\/ip-fisheye-12mp-camera-ai\/","url":"https:\/\/nbgtele.com\/fr\/produit\/ip-fisheye-12mp-camera-ai\/","name":"IP Fisheye 12MP Camera AI - NBGTele.com","isPartOf":{"@id":"https:\/\/nbgtele.com\/fr\/#website"},"primaryImageOfPage":{"@id":"https:\/\/nbgtele.com\/fr\/produit\/ip-fisheye-12mp-camera-ai\/#primaryimage"},"image":{"@id":"https:\/\/nbgtele.com\/fr\/produit\/ip-fisheye-12mp-camera-ai\/#primaryimage"},"thumbnailUrl":"https:\/\/nbgtele.com\/wp-content\/uploads\/2023\/01\/FE360IP12MP-AI_1.jpg","datePublished":"2026-04-23T14:13:29+00:00","dateModified":"2026-04-23T14:26:29+00:00","breadcrumb":{"@id":"https:\/\/nbgtele.com\/fr\/produit\/ip-fisheye-12mp-camera-ai\/#breadcrumb"},"inLanguage":"fr-FR","potentialAction":[{"@type":"ReadAction","target":["https:\/\/nbgtele.com\/fr\/produit\/ip-fisheye-12mp-camera-ai\/"]}]},{"@type":"ImageObject","inLanguage":"fr-FR","@id":"https:\/\/nbgtele.com\/fr\/produit\/ip-fisheye-12mp-camera-ai\/#primaryimage","url":"https:\/\/nbgtele.com\/wp-content\/uploads\/2023\/01\/FE360IP12MP-AI_1.jpg","contentUrl":"https:\/\/nbgtele.com\/wp-content\/uploads\/2023\/01\/FE360IP12MP-AI_1.jpg","width":1000,"height":1000},{"@type":"BreadcrumbList","@id":"https:\/\/nbgtele.com\/fr\/produit\/ip-fisheye-12mp-camera-ai\/#breadcrumb","itemListElement":[{"@type":"ListItem","position":1,"name":"Home","item":"https:\/\/nbgtele.com\/fr\/"},{"@type":"ListItem","position":2,"name":"Boutique","item":"https:\/\/nbgtele.com\/fr\/boutique\/"},{"@type":"ListItem","position":3,"name":"IP Fisheye 12MP Camera AI"}]},{"@type":"WebSite","@id":"https:\/\/nbgtele.com\/fr\/#website","url":"https:\/\/nbgtele.com\/fr\/","name":"NBGTele.com","description":"","potentialAction":[{"@type":"SearchAction","target":{"@type":"EntryPoint","urlTemplate":"https:\/\/nbgtele.com\/fr\/?s={search_term_string}"},"query-input":{"@type":"PropertyValueSpecification","valueRequired":true,"valueName":"search_term_string"}}],"inLanguage":"fr-FR"}]}},"_links":{"self":[{"href":"https:\/\/nbgtele.com\/fr\/wp-json\/wp\/v2\/product\/121829","targetHints":{"allow":["GET"]}}],"collection":[{"href":"https:\/\/nbgtele.com\/fr\/wp-json\/wp\/v2\/product"}],"about":[{"href":"https:\/\/nbgtele.com\/fr\/wp-json\/wp\/v2\/types\/product"}],"wp:featuredmedia":[{"embeddable":true,"href":"https:\/\/nbgtele.com\/fr\/wp-json\/wp\/v2\/media\/76814"}],"wp:attachment":[{"href":"https:\/\/nbgtele.com\/fr\/wp-json\/wp\/v2\/media?parent=121829"}],"wp:term":[{"taxonomy":"product_brand","embeddable":true,"href":"https:\/\/nbgtele.com\/fr\/wp-json\/wp\/v2\/product_brand?post=121829"},{"taxonomy":"product_cat","embeddable":true,"href":"https:\/\/nbgtele.com\/fr\/wp-json\/wp\/v2\/product_cat?post=121829"},{"taxonomy":"product_tag","embeddable":true,"href":"https:\/\/nbgtele.com\/fr\/wp-json\/wp\/v2\/product_tag?post=121829"},{"taxonomy":"brand","embeddable":true,"href":"https:\/\/nbgtele.com\/fr\/wp-json\/wp\/v2\/brand?post=121829"},{"taxonomy":"model","embeddable":true,"href":"https:\/\/nbgtele.com\/fr\/wp-json\/wp\/v2\/model?post=121829"},{"taxonomy":"profile","embeddable":true,"href":"https:\/\/nbgtele.com\/fr\/wp-json\/wp\/v2\/profile?post=121829"},{"taxonomy":"resolution","embeddable":true,"href":"https:\/\/nbgtele.com\/fr\/wp-json\/wp\/v2\/resolution?post=121829"},{"taxonomy":"lens","embeddable":true,"href":"https:\/\/nbgtele.com\/fr\/wp-json\/wp\/v2\/lens?post=121829"},{"taxonomy":"color","embeddable":true,"href":"https:\/\/nbgtele.com\/fr\/wp-json\/wp\/v2\/color?post=121829"},{"taxonomy":"ndaa_compliant","embeddable":true,"href":"https:\/\/nbgtele.com\/fr\/wp-json\/wp\/v2\/ndaa_compliant?post=121829"},{"taxonomy":"dual_voltage","embeddable":true,"href":"https:\/\/nbgtele.com\/fr\/wp-json\/wp\/v2\/dual_voltage?post=121829"},{"taxonomy":"ai","embeddable":true,"href":"https:\/\/nbgtele.com\/fr\/wp-json\/wp\/v2\/ai?post=121829"},{"taxonomy":"lite","embeddable":true,"href":"https:\/\/nbgtele.com\/fr\/wp-json\/wp\/v2\/lite?post=121829"},{"taxonomy":"infrared_perimeter","embeddable":true,"href":"https:\/\/nbgtele.com\/fr\/wp-json\/wp\/v2\/infrared_perimeter?post=121829"},{"taxonomy":"fixed_dome_microphone","embeddable":true,"href":"https:\/\/nbgtele.com\/fr\/wp-json\/wp\/v2\/fixed_dome_microphone?post=121829"},{"taxonomy":"analog_hd","embeddable":true,"href":"https:\/\/nbgtele.com\/fr\/wp-json\/wp\/v2\/analog_hd?post=121829"},{"taxonomy":"covert_camera","embeddable":true,"href":"https:\/\/nbgtele.com\/fr\/wp-json\/wp\/v2\/covert_camera?post=121829"},{"taxonomy":"internet_protocol","embeddable":true,"href":"https:\/\/nbgtele.com\/fr\/wp-json\/wp\/v2\/internet_protocol?post=121829"},{"taxonomy":"channels","embeddable":true,"href":"https:\/\/nbgtele.com\/fr\/wp-json\/wp\/v2\/channels?post=121829"},{"taxonomy":"ports","embeddable":true,"href":"https:\/\/nbgtele.com\/fr\/wp-json\/wp\/v2\/ports?post=121829"}],"curies":[{"name":"wp","href":"https:\/\/api.w.org\/{rel}","templated":true}]}}