{"id":121807,"date":"2026-04-22T11:38:16","date_gmt":"2026-04-22T15:38:16","guid":{"rendered":"https:\/\/nbgtele.com\/product\/bosch-zx935z-motion-detector-35-11m\/"},"modified":"2026-04-22T11:49:57","modified_gmt":"2026-04-22T15:49:57","slug":"bosch-zx935z-motion-detector-35-11m","status":"publish","type":"product","link":"https:\/\/nbgtele.com\/fr\/produit\/bosch-zx935z-motion-detector-35-11m\/","title":{"rendered":"Bosch ZX935Z Motion Detector, 35&prime; (11m)"},"content":{"rendered":"","protected":false},"excerpt":{"rendered":"<p>Le d\u00e9tecteur PIR ZX935Z \u00e0 montage mural utilise le traitement du signal Motion Analyzer II afin de r\u00e9duire les fausses alarmes. Plusieurs fonctions de test uniques, dont Motion Monitor, assurent l\u2019int\u00e9grit\u00e9 de la couverture. L\u2019optique du d\u00e9tecteur, les sch\u00e9mas de couverture et les options de montage offrent une grande flexibilit\u00e9 d\u2019installation.<\/p>\n","protected":false},"featured_media":121808,"template":"","meta":{"_acf_changed":false},"product_brand":[],"product_cat":[222],"product_tag":[],"brand":[199],"model":[],"profile":[],"resolution":[],"lens":[],"color":[],"ndaa_compliant":[],"dual_voltage":[],"ai":[],"lite":[],"infrared_perimeter":[],"fixed_dome_microphone":[],"analog_hd":[],"covert_camera":[],"internet_protocol":[],"channels":[],"ports":[],"class_list":{"0":"post-121807","1":"product","2":"type-product","3":"status-publish","4":"has-post-thumbnail","6":"product_cat-detectors-fr","7":"brand-bosch-fr","8":"entry","10":"first","11":"instock","12":"taxable","13":"shipping-taxable","14":"product-type-simple"},"acf":[],"wcpa_form_fields":null,"yoast_head":"<!-- This site is optimized with the Yoast SEO plugin v26.0 - https:\/\/yoast.com\/wordpress\/plugins\/seo\/ -->\n<title>Bosch ZX935Z Motion Detector, 35&#039; (11m) - NBGTele.com<\/title>\n<meta name=\"robots\" content=\"index, follow, max-snippet:-1, max-image-preview:large, max-video-preview:-1\" \/>\n<link rel=\"canonical\" href=\"https:\/\/nbgtele.com\/fr\/produit\/bosch-zx935z-motion-detector-35-11m\/\" \/>\n<meta property=\"og:locale\" content=\"fr_FR\" \/>\n<meta property=\"og:type\" content=\"article\" \/>\n<meta property=\"og:title\" content=\"Bosch ZX935Z Motion Detector, 35&#039; (11m) - NBGTele.com\" \/>\n<meta property=\"og:description\" content=\"Le d\u00e9tecteur PIR ZX935Z \u00e0 montage mural utilise le traitement du signal Motion Analyzer II afin de r\u00e9duire les fausses alarmes. Plusieurs fonctions de test uniques, dont Motion Monitor, assurent l\u2019int\u00e9grit\u00e9 de la couverture. L\u2019optique du d\u00e9tecteur, les sch\u00e9mas de couverture et les options de montage offrent une grande flexibilit\u00e9 d\u2019installation.\" \/>\n<meta property=\"og:url\" content=\"https:\/\/nbgtele.com\/fr\/produit\/bosch-zx935z-motion-detector-35-11m\/\" \/>\n<meta property=\"og:site_name\" content=\"NBGTele.com\" \/>\n<meta property=\"article:modified_time\" content=\"2026-04-22T15:49:57+00:00\" \/>\n<meta property=\"og:image\" content=\"https:\/\/nbgtele.com\/wp-content\/uploads\/2026\/04\/ZX935Z.png\" \/>\n\t<meta property=\"og:image:width\" content=\"500\" \/>\n\t<meta property=\"og:image:height\" content=\"500\" \/>\n\t<meta property=\"og:image:type\" content=\"image\/png\" \/>\n<meta name=\"twitter:card\" content=\"summary_large_image\" \/>\n<script type=\"application\/ld+json\" class=\"yoast-schema-graph\">{\"@context\":\"https:\/\/schema.org\",\"@graph\":[{\"@type\":\"WebPage\",\"@id\":\"https:\/\/nbgtele.com\/fr\/produit\/bosch-zx935z-motion-detector-35-11m\/\",\"url\":\"https:\/\/nbgtele.com\/fr\/produit\/bosch-zx935z-motion-detector-35-11m\/\",\"name\":\"Bosch ZX935Z Motion Detector, 35' (11m) - NBGTele.com\",\"isPartOf\":{\"@id\":\"https:\/\/nbgtele.com\/fr\/#website\"},\"primaryImageOfPage\":{\"@id\":\"https:\/\/nbgtele.com\/fr\/produit\/bosch-zx935z-motion-detector-35-11m\/#primaryimage\"},\"image\":{\"@id\":\"https:\/\/nbgtele.com\/fr\/produit\/bosch-zx935z-motion-detector-35-11m\/#primaryimage\"},\"thumbnailUrl\":\"https:\/\/nbgtele.com\/wp-content\/uploads\/2026\/04\/ZX935Z.png\",\"datePublished\":\"2026-04-22T15:38:16+00:00\",\"dateModified\":\"2026-04-22T15:49:57+00:00\",\"breadcrumb\":{\"@id\":\"https:\/\/nbgtele.com\/fr\/produit\/bosch-zx935z-motion-detector-35-11m\/#breadcrumb\"},\"inLanguage\":\"fr-FR\",\"potentialAction\":[{\"@type\":\"ReadAction\",\"target\":[\"https:\/\/nbgtele.com\/fr\/produit\/bosch-zx935z-motion-detector-35-11m\/\"]}]},{\"@type\":\"ImageObject\",\"inLanguage\":\"fr-FR\",\"@id\":\"https:\/\/nbgtele.com\/fr\/produit\/bosch-zx935z-motion-detector-35-11m\/#primaryimage\",\"url\":\"https:\/\/nbgtele.com\/wp-content\/uploads\/2026\/04\/ZX935Z.png\",\"contentUrl\":\"https:\/\/nbgtele.com\/wp-content\/uploads\/2026\/04\/ZX935Z.png\",\"width\":500,\"height\":500},{\"@type\":\"BreadcrumbList\",\"@id\":\"https:\/\/nbgtele.com\/fr\/produit\/bosch-zx935z-motion-detector-35-11m\/#breadcrumb\",\"itemListElement\":[{\"@type\":\"ListItem\",\"position\":1,\"name\":\"Home\",\"item\":\"https:\/\/nbgtele.com\/fr\/\"},{\"@type\":\"ListItem\",\"position\":2,\"name\":\"Boutique\",\"item\":\"https:\/\/nbgtele.com\/fr\/boutique\/\"},{\"@type\":\"ListItem\",\"position\":3,\"name\":\"Bosch ZX935Z Motion Detector, 35&#8242; (11m)\"}]},{\"@type\":\"WebSite\",\"@id\":\"https:\/\/nbgtele.com\/fr\/#website\",\"url\":\"https:\/\/nbgtele.com\/fr\/\",\"name\":\"NBGTele.com\",\"description\":\"\",\"potentialAction\":[{\"@type\":\"SearchAction\",\"target\":{\"@type\":\"EntryPoint\",\"urlTemplate\":\"https:\/\/nbgtele.com\/fr\/?s={search_term_string}\"},\"query-input\":{\"@type\":\"PropertyValueSpecification\",\"valueRequired\":true,\"valueName\":\"search_term_string\"}}],\"inLanguage\":\"fr-FR\"}]}<\/script>\n<!-- \/ Yoast SEO plugin. -->","yoast_head_json":{"title":"Bosch ZX935Z Motion Detector, 35' (11m) - NBGTele.com","robots":{"index":"index","follow":"follow","max-snippet":"max-snippet:-1","max-image-preview":"max-image-preview:large","max-video-preview":"max-video-preview:-1"},"canonical":"https:\/\/nbgtele.com\/fr\/produit\/bosch-zx935z-motion-detector-35-11m\/","og_locale":"fr_FR","og_type":"article","og_title":"Bosch ZX935Z Motion Detector, 35' (11m) - NBGTele.com","og_description":"Le d\u00e9tecteur PIR ZX935Z \u00e0 montage mural utilise le traitement du signal Motion Analyzer II afin de r\u00e9duire les fausses alarmes. Plusieurs fonctions de test uniques, dont Motion Monitor, assurent l\u2019int\u00e9grit\u00e9 de la couverture. L\u2019optique du d\u00e9tecteur, les sch\u00e9mas de couverture et les options de montage offrent une grande flexibilit\u00e9 d\u2019installation.","og_url":"https:\/\/nbgtele.com\/fr\/produit\/bosch-zx935z-motion-detector-35-11m\/","og_site_name":"NBGTele.com","article_modified_time":"2026-04-22T15:49:57+00:00","og_image":[{"width":500,"height":500,"url":"https:\/\/nbgtele.com\/wp-content\/uploads\/2026\/04\/ZX935Z.png","type":"image\/png"}],"twitter_card":"summary_large_image","schema":{"@context":"https:\/\/schema.org","@graph":[{"@type":"WebPage","@id":"https:\/\/nbgtele.com\/fr\/produit\/bosch-zx935z-motion-detector-35-11m\/","url":"https:\/\/nbgtele.com\/fr\/produit\/bosch-zx935z-motion-detector-35-11m\/","name":"Bosch ZX935Z Motion Detector, 35' (11m) - NBGTele.com","isPartOf":{"@id":"https:\/\/nbgtele.com\/fr\/#website"},"primaryImageOfPage":{"@id":"https:\/\/nbgtele.com\/fr\/produit\/bosch-zx935z-motion-detector-35-11m\/#primaryimage"},"image":{"@id":"https:\/\/nbgtele.com\/fr\/produit\/bosch-zx935z-motion-detector-35-11m\/#primaryimage"},"thumbnailUrl":"https:\/\/nbgtele.com\/wp-content\/uploads\/2026\/04\/ZX935Z.png","datePublished":"2026-04-22T15:38:16+00:00","dateModified":"2026-04-22T15:49:57+00:00","breadcrumb":{"@id":"https:\/\/nbgtele.com\/fr\/produit\/bosch-zx935z-motion-detector-35-11m\/#breadcrumb"},"inLanguage":"fr-FR","potentialAction":[{"@type":"ReadAction","target":["https:\/\/nbgtele.com\/fr\/produit\/bosch-zx935z-motion-detector-35-11m\/"]}]},{"@type":"ImageObject","inLanguage":"fr-FR","@id":"https:\/\/nbgtele.com\/fr\/produit\/bosch-zx935z-motion-detector-35-11m\/#primaryimage","url":"https:\/\/nbgtele.com\/wp-content\/uploads\/2026\/04\/ZX935Z.png","contentUrl":"https:\/\/nbgtele.com\/wp-content\/uploads\/2026\/04\/ZX935Z.png","width":500,"height":500},{"@type":"BreadcrumbList","@id":"https:\/\/nbgtele.com\/fr\/produit\/bosch-zx935z-motion-detector-35-11m\/#breadcrumb","itemListElement":[{"@type":"ListItem","position":1,"name":"Home","item":"https:\/\/nbgtele.com\/fr\/"},{"@type":"ListItem","position":2,"name":"Boutique","item":"https:\/\/nbgtele.com\/fr\/boutique\/"},{"@type":"ListItem","position":3,"name":"Bosch ZX935Z Motion Detector, 35&#8242; (11m)"}]},{"@type":"WebSite","@id":"https:\/\/nbgtele.com\/fr\/#website","url":"https:\/\/nbgtele.com\/fr\/","name":"NBGTele.com","description":"","potentialAction":[{"@type":"SearchAction","target":{"@type":"EntryPoint","urlTemplate":"https:\/\/nbgtele.com\/fr\/?s={search_term_string}"},"query-input":{"@type":"PropertyValueSpecification","valueRequired":true,"valueName":"search_term_string"}}],"inLanguage":"fr-FR"}]}},"_links":{"self":[{"href":"https:\/\/nbgtele.com\/fr\/wp-json\/wp\/v2\/product\/121807","targetHints":{"allow":["GET"]}}],"collection":[{"href":"https:\/\/nbgtele.com\/fr\/wp-json\/wp\/v2\/product"}],"about":[{"href":"https:\/\/nbgtele.com\/fr\/wp-json\/wp\/v2\/types\/product"}],"wp:featuredmedia":[{"embeddable":true,"href":"https:\/\/nbgtele.com\/fr\/wp-json\/wp\/v2\/media\/121808"}],"wp:attachment":[{"href":"https:\/\/nbgtele.com\/fr\/wp-json\/wp\/v2\/media?parent=121807"}],"wp:term":[{"taxonomy":"product_brand","embeddable":true,"href":"https:\/\/nbgtele.com\/fr\/wp-json\/wp\/v2\/product_brand?post=121807"},{"taxonomy":"product_cat","embeddable":true,"href":"https:\/\/nbgtele.com\/fr\/wp-json\/wp\/v2\/product_cat?post=121807"},{"taxonomy":"product_tag","embeddable":true,"href":"https:\/\/nbgtele.com\/fr\/wp-json\/wp\/v2\/product_tag?post=121807"},{"taxonomy":"brand","embeddable":true,"href":"https:\/\/nbgtele.com\/fr\/wp-json\/wp\/v2\/brand?post=121807"},{"taxonomy":"model","embeddable":true,"href":"https:\/\/nbgtele.com\/fr\/wp-json\/wp\/v2\/model?post=121807"},{"taxonomy":"profile","embeddable":true,"href":"https:\/\/nbgtele.com\/fr\/wp-json\/wp\/v2\/profile?post=121807"},{"taxonomy":"resolution","embeddable":true,"href":"https:\/\/nbgtele.com\/fr\/wp-json\/wp\/v2\/resolution?post=121807"},{"taxonomy":"lens","embeddable":true,"href":"https:\/\/nbgtele.com\/fr\/wp-json\/wp\/v2\/lens?post=121807"},{"taxonomy":"color","embeddable":true,"href":"https:\/\/nbgtele.com\/fr\/wp-json\/wp\/v2\/color?post=121807"},{"taxonomy":"ndaa_compliant","embeddable":true,"href":"https:\/\/nbgtele.com\/fr\/wp-json\/wp\/v2\/ndaa_compliant?post=121807"},{"taxonomy":"dual_voltage","embeddable":true,"href":"https:\/\/nbgtele.com\/fr\/wp-json\/wp\/v2\/dual_voltage?post=121807"},{"taxonomy":"ai","embeddable":true,"href":"https:\/\/nbgtele.com\/fr\/wp-json\/wp\/v2\/ai?post=121807"},{"taxonomy":"lite","embeddable":true,"href":"https:\/\/nbgtele.com\/fr\/wp-json\/wp\/v2\/lite?post=121807"},{"taxonomy":"infrared_perimeter","embeddable":true,"href":"https:\/\/nbgtele.com\/fr\/wp-json\/wp\/v2\/infrared_perimeter?post=121807"},{"taxonomy":"fixed_dome_microphone","embeddable":true,"href":"https:\/\/nbgtele.com\/fr\/wp-json\/wp\/v2\/fixed_dome_microphone?post=121807"},{"taxonomy":"analog_hd","embeddable":true,"href":"https:\/\/nbgtele.com\/fr\/wp-json\/wp\/v2\/analog_hd?post=121807"},{"taxonomy":"covert_camera","embeddable":true,"href":"https:\/\/nbgtele.com\/fr\/wp-json\/wp\/v2\/covert_camera?post=121807"},{"taxonomy":"internet_protocol","embeddable":true,"href":"https:\/\/nbgtele.com\/fr\/wp-json\/wp\/v2\/internet_protocol?post=121807"},{"taxonomy":"channels","embeddable":true,"href":"https:\/\/nbgtele.com\/fr\/wp-json\/wp\/v2\/channels?post=121807"},{"taxonomy":"ports","embeddable":true,"href":"https:\/\/nbgtele.com\/fr\/wp-json\/wp\/v2\/ports?post=121807"}],"curies":[{"name":"wp","href":"https:\/\/api.w.org\/{rel}","templated":true}]}}