{"id":121801,"date":"2026-04-22T11:16:14","date_gmt":"2026-04-22T15:16:14","guid":{"rendered":"https:\/\/nbgtele.com\/product\/bosch-b299-expansion-module-sdi2-100-devices\/"},"modified":"2026-04-22T11:32:32","modified_gmt":"2026-04-22T15:32:32","slug":"bosch-b299-expansion-module-sdi2-100-devices","status":"publish","type":"product","link":"https:\/\/nbgtele.com\/fr\/produit\/bosch-b299-expansion-module-sdi2-100-devices\/","title":{"rendered":"Bosch B299 Expansion module, SDI2, 100 Devices"},"content":{"rendered":"","protected":false},"excerpt":{"rendered":"<div class=\"sc-bczRLJ blswqV\">\n<p data-start=\"40\" data-end=\"327\">Le module POPEX B299 est un appareil compatible SDI2. Le module communique avec le panneau de commande via le bus SDI2 et prend en charge jusqu\u2019\u00e0 100 dispositifs POPIT (Point Of Protection Input Transponder). Cela se fait via une seule boucle d\u2019extension utilisant deux paires de bornes.<\/p>\n<h3 data-section-id=\"1rjnzzu\" data-start=\"329\" data-end=\"362\"><span role=\"text\"><strong data-start=\"333\" data-end=\"362\">Vue d\u2019ensemble du syst\u00e8me<\/strong><\/span><\/h3>\n<p data-start=\"364\" data-end=\"770\">Chaque module s\u2019installe dans le bo\u00eetier du panneau de commande ou dans un bo\u00eetier approuv\u00e9 adjacent. L\u2019extension future du syst\u00e8me est tr\u00e8s \u00e9conomique, car le module permet l\u2019extension des zones en prenant en charge les modules POPIT D9127U\/T ainsi que les d\u00e9tecteurs POPIT. Les modules POPIT peuvent \u00eatre install\u00e9s n\u2019importe o\u00f9 le long de la boucle d\u2019extension de donn\u00e9es \u00e0 deux fils provenant du module.<\/p>\n<h3 data-section-id=\"6cbdbm\" data-start=\"772\" data-end=\"802\"><span role=\"text\"><strong data-start=\"776\" data-end=\"802\">Contenu de l\u2019emballage<\/strong><\/span><\/h3>\n<ul data-start=\"803\" data-end=\"921\">\n<li data-section-id=\"13qmydi\" data-start=\"803\" data-end=\"836\">Module d\u2019extension B299, SDI2<\/li>\n<li data-section-id=\"atc18a\" data-start=\"837\" data-end=\"860\">1 \u00d7 kit de mat\u00e9riel<\/li>\n<li data-section-id=\"17isp1g\" data-start=\"861\" data-end=\"891\">1 \u00d7 c\u00e2ble d\u2019interconnexion<\/li>\n<li data-section-id=\"63tpjl\" data-start=\"892\" data-end=\"921\">1 \u00d7 manuel d\u2019installation<\/li>\n<\/ul>\n<\/div>\n","protected":false},"featured_media":121797,"template":"","meta":{"_acf_changed":false},"product_brand":[],"product_cat":[54],"product_tag":[],"brand":[199],"model":[],"profile":[],"resolution":[],"lens":[],"color":[],"ndaa_compliant":[],"dual_voltage":[],"ai":[],"lite":[],"infrared_perimeter":[],"fixed_dome_microphone":[],"analog_hd":[],"covert_camera":[],"internet_protocol":[],"channels":[],"ports":[],"class_list":{"0":"post-121801","1":"product","2":"type-product","3":"status-publish","4":"has-post-thumbnail","6":"product_cat-alarm-panels-fr","7":"brand-bosch-fr","8":"entry","10":"first","11":"instock","12":"taxable","13":"shipping-taxable","14":"product-type-simple"},"acf":[],"wcpa_form_fields":null,"yoast_head":"<!-- This site is optimized with the Yoast SEO plugin v26.0 - https:\/\/yoast.com\/wordpress\/plugins\/seo\/ -->\n<title>Bosch B299 Expansion module, SDI2, 100 Devices - NBGTele.com<\/title>\n<meta name=\"robots\" content=\"index, follow, max-snippet:-1, max-image-preview:large, max-video-preview:-1\" \/>\n<link rel=\"canonical\" href=\"https:\/\/nbgtele.com\/fr\/produit\/bosch-b299-expansion-module-sdi2-100-devices\/\" \/>\n<meta property=\"og:locale\" content=\"fr_FR\" \/>\n<meta property=\"og:type\" content=\"article\" \/>\n<meta property=\"og:title\" content=\"Bosch B299 Expansion module, SDI2, 100 Devices - NBGTele.com\" \/>\n<meta property=\"og:description\" content=\"Le module POPEX B299 est un appareil compatible SDI2. Le module communique avec le panneau de commande via le bus SDI2 et prend en charge jusqu\u2019\u00e0 100 dispositifs POPIT (Point Of Protection Input Transponder). Cela se fait via une seule boucle d\u2019extension utilisant deux paires de bornes.  Vue d\u2019ensemble du syst\u00e8me Chaque module s\u2019installe dans le bo\u00eetier du panneau de commande ou dans un bo\u00eetier approuv\u00e9 adjacent. L\u2019extension future du syst\u00e8me est tr\u00e8s \u00e9conomique, car le module permet l\u2019extension des zones en prenant en charge les modules POPIT D9127U\/T ainsi que les d\u00e9tecteurs POPIT. Les modules POPIT peuvent \u00eatre install\u00e9s n\u2019importe o\u00f9 le long de la boucle d\u2019extension de donn\u00e9es \u00e0 deux fils provenant du module.  Contenu de l\u2019emballage   Module d\u2019extension B299, SDI2  1 \u00d7 kit de mat\u00e9riel  1 \u00d7 c\u00e2ble d\u2019interconnexion  1 \u00d7 manuel d\u2019installation\" \/>\n<meta property=\"og:url\" content=\"https:\/\/nbgtele.com\/fr\/produit\/bosch-b299-expansion-module-sdi2-100-devices\/\" \/>\n<meta property=\"og:site_name\" content=\"NBGTele.com\" \/>\n<meta property=\"article:modified_time\" content=\"2026-04-22T15:32:32+00:00\" \/>\n<meta property=\"og:image\" content=\"https:\/\/nbgtele.com\/wp-content\/uploads\/2026\/04\/DS-B299_lg.jpg\" \/>\n\t<meta property=\"og:image:width\" content=\"500\" \/>\n\t<meta property=\"og:image:height\" content=\"500\" \/>\n\t<meta property=\"og:image:type\" content=\"image\/jpeg\" \/>\n<meta name=\"twitter:card\" content=\"summary_large_image\" \/>\n<meta name=\"twitter:label1\" content=\"Dur\u00e9e de lecture estim\u00e9e\" \/>\n\t<meta name=\"twitter:data1\" content=\"1 minute\" \/>\n<script type=\"application\/ld+json\" class=\"yoast-schema-graph\">{\"@context\":\"https:\/\/schema.org\",\"@graph\":[{\"@type\":\"WebPage\",\"@id\":\"https:\/\/nbgtele.com\/fr\/produit\/bosch-b299-expansion-module-sdi2-100-devices\/\",\"url\":\"https:\/\/nbgtele.com\/fr\/produit\/bosch-b299-expansion-module-sdi2-100-devices\/\",\"name\":\"Bosch B299 Expansion module, SDI2, 100 Devices - NBGTele.com\",\"isPartOf\":{\"@id\":\"https:\/\/nbgtele.com\/fr\/#website\"},\"primaryImageOfPage\":{\"@id\":\"https:\/\/nbgtele.com\/fr\/produit\/bosch-b299-expansion-module-sdi2-100-devices\/#primaryimage\"},\"image\":{\"@id\":\"https:\/\/nbgtele.com\/fr\/produit\/bosch-b299-expansion-module-sdi2-100-devices\/#primaryimage\"},\"thumbnailUrl\":\"https:\/\/nbgtele.com\/wp-content\/uploads\/2026\/04\/DS-B299_lg.jpg\",\"datePublished\":\"2026-04-22T15:16:14+00:00\",\"dateModified\":\"2026-04-22T15:32:32+00:00\",\"breadcrumb\":{\"@id\":\"https:\/\/nbgtele.com\/fr\/produit\/bosch-b299-expansion-module-sdi2-100-devices\/#breadcrumb\"},\"inLanguage\":\"fr-FR\",\"potentialAction\":[{\"@type\":\"ReadAction\",\"target\":[\"https:\/\/nbgtele.com\/fr\/produit\/bosch-b299-expansion-module-sdi2-100-devices\/\"]}]},{\"@type\":\"ImageObject\",\"inLanguage\":\"fr-FR\",\"@id\":\"https:\/\/nbgtele.com\/fr\/produit\/bosch-b299-expansion-module-sdi2-100-devices\/#primaryimage\",\"url\":\"https:\/\/nbgtele.com\/wp-content\/uploads\/2026\/04\/DS-B299_lg.jpg\",\"contentUrl\":\"https:\/\/nbgtele.com\/wp-content\/uploads\/2026\/04\/DS-B299_lg.jpg\",\"width\":500,\"height\":500},{\"@type\":\"BreadcrumbList\",\"@id\":\"https:\/\/nbgtele.com\/fr\/produit\/bosch-b299-expansion-module-sdi2-100-devices\/#breadcrumb\",\"itemListElement\":[{\"@type\":\"ListItem\",\"position\":1,\"name\":\"Home\",\"item\":\"https:\/\/nbgtele.com\/fr\/\"},{\"@type\":\"ListItem\",\"position\":2,\"name\":\"Boutique\",\"item\":\"https:\/\/nbgtele.com\/fr\/boutique\/\"},{\"@type\":\"ListItem\",\"position\":3,\"name\":\"Bosch B299 Expansion module, SDI2, 100 Devices\"}]},{\"@type\":\"WebSite\",\"@id\":\"https:\/\/nbgtele.com\/fr\/#website\",\"url\":\"https:\/\/nbgtele.com\/fr\/\",\"name\":\"NBGTele.com\",\"description\":\"\",\"potentialAction\":[{\"@type\":\"SearchAction\",\"target\":{\"@type\":\"EntryPoint\",\"urlTemplate\":\"https:\/\/nbgtele.com\/fr\/?s={search_term_string}\"},\"query-input\":{\"@type\":\"PropertyValueSpecification\",\"valueRequired\":true,\"valueName\":\"search_term_string\"}}],\"inLanguage\":\"fr-FR\"}]}<\/script>\n<!-- \/ Yoast SEO plugin. -->","yoast_head_json":{"title":"Bosch B299 Expansion module, SDI2, 100 Devices - NBGTele.com","robots":{"index":"index","follow":"follow","max-snippet":"max-snippet:-1","max-image-preview":"max-image-preview:large","max-video-preview":"max-video-preview:-1"},"canonical":"https:\/\/nbgtele.com\/fr\/produit\/bosch-b299-expansion-module-sdi2-100-devices\/","og_locale":"fr_FR","og_type":"article","og_title":"Bosch B299 Expansion module, SDI2, 100 Devices - NBGTele.com","og_description":"Le module POPEX B299 est un appareil compatible SDI2. Le module communique avec le panneau de commande via le bus SDI2 et prend en charge jusqu\u2019\u00e0 100 dispositifs POPIT (Point Of Protection Input Transponder). Cela se fait via une seule boucle d\u2019extension utilisant deux paires de bornes.  Vue d\u2019ensemble du syst\u00e8me Chaque module s\u2019installe dans le bo\u00eetier du panneau de commande ou dans un bo\u00eetier approuv\u00e9 adjacent. L\u2019extension future du syst\u00e8me est tr\u00e8s \u00e9conomique, car le module permet l\u2019extension des zones en prenant en charge les modules POPIT D9127U\/T ainsi que les d\u00e9tecteurs POPIT. Les modules POPIT peuvent \u00eatre install\u00e9s n\u2019importe o\u00f9 le long de la boucle d\u2019extension de donn\u00e9es \u00e0 deux fils provenant du module.  Contenu de l\u2019emballage   Module d\u2019extension B299, SDI2  1 \u00d7 kit de mat\u00e9riel  1 \u00d7 c\u00e2ble d\u2019interconnexion  1 \u00d7 manuel d\u2019installation","og_url":"https:\/\/nbgtele.com\/fr\/produit\/bosch-b299-expansion-module-sdi2-100-devices\/","og_site_name":"NBGTele.com","article_modified_time":"2026-04-22T15:32:32+00:00","og_image":[{"width":500,"height":500,"url":"https:\/\/nbgtele.com\/wp-content\/uploads\/2026\/04\/DS-B299_lg.jpg","type":"image\/jpeg"}],"twitter_card":"summary_large_image","twitter_misc":{"Dur\u00e9e de lecture estim\u00e9e":"1 minute"},"schema":{"@context":"https:\/\/schema.org","@graph":[{"@type":"WebPage","@id":"https:\/\/nbgtele.com\/fr\/produit\/bosch-b299-expansion-module-sdi2-100-devices\/","url":"https:\/\/nbgtele.com\/fr\/produit\/bosch-b299-expansion-module-sdi2-100-devices\/","name":"Bosch B299 Expansion module, SDI2, 100 Devices - NBGTele.com","isPartOf":{"@id":"https:\/\/nbgtele.com\/fr\/#website"},"primaryImageOfPage":{"@id":"https:\/\/nbgtele.com\/fr\/produit\/bosch-b299-expansion-module-sdi2-100-devices\/#primaryimage"},"image":{"@id":"https:\/\/nbgtele.com\/fr\/produit\/bosch-b299-expansion-module-sdi2-100-devices\/#primaryimage"},"thumbnailUrl":"https:\/\/nbgtele.com\/wp-content\/uploads\/2026\/04\/DS-B299_lg.jpg","datePublished":"2026-04-22T15:16:14+00:00","dateModified":"2026-04-22T15:32:32+00:00","breadcrumb":{"@id":"https:\/\/nbgtele.com\/fr\/produit\/bosch-b299-expansion-module-sdi2-100-devices\/#breadcrumb"},"inLanguage":"fr-FR","potentialAction":[{"@type":"ReadAction","target":["https:\/\/nbgtele.com\/fr\/produit\/bosch-b299-expansion-module-sdi2-100-devices\/"]}]},{"@type":"ImageObject","inLanguage":"fr-FR","@id":"https:\/\/nbgtele.com\/fr\/produit\/bosch-b299-expansion-module-sdi2-100-devices\/#primaryimage","url":"https:\/\/nbgtele.com\/wp-content\/uploads\/2026\/04\/DS-B299_lg.jpg","contentUrl":"https:\/\/nbgtele.com\/wp-content\/uploads\/2026\/04\/DS-B299_lg.jpg","width":500,"height":500},{"@type":"BreadcrumbList","@id":"https:\/\/nbgtele.com\/fr\/produit\/bosch-b299-expansion-module-sdi2-100-devices\/#breadcrumb","itemListElement":[{"@type":"ListItem","position":1,"name":"Home","item":"https:\/\/nbgtele.com\/fr\/"},{"@type":"ListItem","position":2,"name":"Boutique","item":"https:\/\/nbgtele.com\/fr\/boutique\/"},{"@type":"ListItem","position":3,"name":"Bosch B299 Expansion module, SDI2, 100 Devices"}]},{"@type":"WebSite","@id":"https:\/\/nbgtele.com\/fr\/#website","url":"https:\/\/nbgtele.com\/fr\/","name":"NBGTele.com","description":"","potentialAction":[{"@type":"SearchAction","target":{"@type":"EntryPoint","urlTemplate":"https:\/\/nbgtele.com\/fr\/?s={search_term_string}"},"query-input":{"@type":"PropertyValueSpecification","valueRequired":true,"valueName":"search_term_string"}}],"inLanguage":"fr-FR"}]}},"_links":{"self":[{"href":"https:\/\/nbgtele.com\/fr\/wp-json\/wp\/v2\/product\/121801","targetHints":{"allow":["GET"]}}],"collection":[{"href":"https:\/\/nbgtele.com\/fr\/wp-json\/wp\/v2\/product"}],"about":[{"href":"https:\/\/nbgtele.com\/fr\/wp-json\/wp\/v2\/types\/product"}],"wp:featuredmedia":[{"embeddable":true,"href":"https:\/\/nbgtele.com\/fr\/wp-json\/wp\/v2\/media\/121797"}],"wp:attachment":[{"href":"https:\/\/nbgtele.com\/fr\/wp-json\/wp\/v2\/media?parent=121801"}],"wp:term":[{"taxonomy":"product_brand","embeddable":true,"href":"https:\/\/nbgtele.com\/fr\/wp-json\/wp\/v2\/product_brand?post=121801"},{"taxonomy":"product_cat","embeddable":true,"href":"https:\/\/nbgtele.com\/fr\/wp-json\/wp\/v2\/product_cat?post=121801"},{"taxonomy":"product_tag","embeddable":true,"href":"https:\/\/nbgtele.com\/fr\/wp-json\/wp\/v2\/product_tag?post=121801"},{"taxonomy":"brand","embeddable":true,"href":"https:\/\/nbgtele.com\/fr\/wp-json\/wp\/v2\/brand?post=121801"},{"taxonomy":"model","embeddable":true,"href":"https:\/\/nbgtele.com\/fr\/wp-json\/wp\/v2\/model?post=121801"},{"taxonomy":"profile","embeddable":true,"href":"https:\/\/nbgtele.com\/fr\/wp-json\/wp\/v2\/profile?post=121801"},{"taxonomy":"resolution","embeddable":true,"href":"https:\/\/nbgtele.com\/fr\/wp-json\/wp\/v2\/resolution?post=121801"},{"taxonomy":"lens","embeddable":true,"href":"https:\/\/nbgtele.com\/fr\/wp-json\/wp\/v2\/lens?post=121801"},{"taxonomy":"color","embeddable":true,"href":"https:\/\/nbgtele.com\/fr\/wp-json\/wp\/v2\/color?post=121801"},{"taxonomy":"ndaa_compliant","embeddable":true,"href":"https:\/\/nbgtele.com\/fr\/wp-json\/wp\/v2\/ndaa_compliant?post=121801"},{"taxonomy":"dual_voltage","embeddable":true,"href":"https:\/\/nbgtele.com\/fr\/wp-json\/wp\/v2\/dual_voltage?post=121801"},{"taxonomy":"ai","embeddable":true,"href":"https:\/\/nbgtele.com\/fr\/wp-json\/wp\/v2\/ai?post=121801"},{"taxonomy":"lite","embeddable":true,"href":"https:\/\/nbgtele.com\/fr\/wp-json\/wp\/v2\/lite?post=121801"},{"taxonomy":"infrared_perimeter","embeddable":true,"href":"https:\/\/nbgtele.com\/fr\/wp-json\/wp\/v2\/infrared_perimeter?post=121801"},{"taxonomy":"fixed_dome_microphone","embeddable":true,"href":"https:\/\/nbgtele.com\/fr\/wp-json\/wp\/v2\/fixed_dome_microphone?post=121801"},{"taxonomy":"analog_hd","embeddable":true,"href":"https:\/\/nbgtele.com\/fr\/wp-json\/wp\/v2\/analog_hd?post=121801"},{"taxonomy":"covert_camera","embeddable":true,"href":"https:\/\/nbgtele.com\/fr\/wp-json\/wp\/v2\/covert_camera?post=121801"},{"taxonomy":"internet_protocol","embeddable":true,"href":"https:\/\/nbgtele.com\/fr\/wp-json\/wp\/v2\/internet_protocol?post=121801"},{"taxonomy":"channels","embeddable":true,"href":"https:\/\/nbgtele.com\/fr\/wp-json\/wp\/v2\/channels?post=121801"},{"taxonomy":"ports","embeddable":true,"href":"https:\/\/nbgtele.com\/fr\/wp-json\/wp\/v2\/ports?post=121801"}],"curies":[{"name":"wp","href":"https:\/\/api.w.org\/{rel}","templated":true}]}}