{"id":120725,"date":"2026-02-27T12:34:22","date_gmt":"2026-02-27T16:34:22","guid":{"rendered":"https:\/\/nbgtele.com\/product\/xptz37xip8mp-ai-n\/"},"modified":"2026-02-27T12:39:44","modified_gmt":"2026-02-27T16:39:44","slug":"xptz37xip8mp-ai-n","status":"publish","type":"product","link":"https:\/\/nbgtele.com\/fr\/produit\/xptz37xip8mp-ai-n\/","title":{"rendered":"XPTZ37XIP8MP-AI-N"},"content":{"rendered":"","protected":false},"excerpt":{"rendered":"<p>La XPTZ37XIP8MP-AI-N est une cam\u00e9ra IP PTZ 8MP de la s\u00e9rie X \u00e9quip\u00e9e d\u2019un objectif 5,5\u2013202 mm, d\u2019un zoom optique 37x et d\u2019un zoom num\u00e9rique 16x pour une surveillance d\u00e9taill\u00e9e \u00e0 longue distance. Avec une port\u00e9e IR jusqu\u2019\u00e0 200 m, la vision nocturne en couleur, un microphone et haut-parleur int\u00e9gr\u00e9s, des entr\u00e9es\/sorties audio\/alarme, une r\u00e9sistance IK10 et une protection IP67, elle offre une performance de s\u00e9curit\u00e9 puissante et fiable.<\/p>\n","protected":false},"featured_media":120713,"template":"","meta":{"_acf_changed":false},"product_brand":[],"product_cat":[51],"product_tag":[],"brand":[195],"model":[150],"profile":[],"resolution":[164],"lens":[],"color":[172,170],"ndaa_compliant":[],"dual_voltage":[],"ai":[175],"lite":[],"infrared_perimeter":[],"fixed_dome_microphone":[],"analog_hd":[],"covert_camera":[],"internet_protocol":[],"channels":[],"ports":[],"class_list":{"0":"post-120725","1":"product","2":"type-product","3":"status-publish","4":"has-post-thumbnail","6":"product_cat-cameras-fr","7":"brand-gsd-fr","8":"model-ip-fr","9":"resolution-8mp-4k-fr","10":"color-white-fr","11":"color-black-fr","12":"ai-ai-fr","13":"entry","15":"first","16":"instock","17":"taxable","18":"shipping-taxable","19":"product-type-simple"},"acf":[],"wcpa_form_fields":null,"yoast_head":"<!-- This site is optimized with the Yoast SEO plugin v26.0 - https:\/\/yoast.com\/wordpress\/plugins\/seo\/ -->\n<title>XPTZ37XIP8MP-AI-N - NBGTele.com<\/title>\n<meta name=\"robots\" content=\"index, follow, max-snippet:-1, max-image-preview:large, max-video-preview:-1\" \/>\n<link rel=\"canonical\" href=\"https:\/\/nbgtele.com\/fr\/produit\/xptz37xip8mp-ai-n\/\" \/>\n<meta property=\"og:locale\" content=\"fr_FR\" \/>\n<meta property=\"og:type\" content=\"article\" \/>\n<meta property=\"og:title\" content=\"XPTZ37XIP8MP-AI-N - NBGTele.com\" \/>\n<meta property=\"og:description\" content=\"La XPTZ37XIP8MP-AI-N est une cam\u00e9ra IP PTZ 8MP de la s\u00e9rie X \u00e9quip\u00e9e d\u2019un objectif 5,5\u2013202 mm, d\u2019un zoom optique 37x et d\u2019un zoom num\u00e9rique 16x pour une surveillance d\u00e9taill\u00e9e \u00e0 longue distance. Avec une port\u00e9e IR jusqu\u2019\u00e0 200 m, la vision nocturne en couleur, un microphone et haut-parleur int\u00e9gr\u00e9s, des entr\u00e9es\/sorties audio\/alarme, une r\u00e9sistance IK10 et une protection IP67, elle offre une performance de s\u00e9curit\u00e9 puissante et fiable.\" \/>\n<meta property=\"og:url\" content=\"https:\/\/nbgtele.com\/fr\/produit\/xptz37xip8mp-ai-n\/\" \/>\n<meta property=\"og:site_name\" content=\"NBGTele.com\" \/>\n<meta property=\"article:modified_time\" content=\"2026-02-27T16:39:44+00:00\" \/>\n<meta property=\"og:image\" content=\"https:\/\/nbgtele.com\/wp-content\/uploads\/2026\/02\/XPTZ37XIP8MP-AI-N-XPTZ37XIP8MP-AI-N.gif\" \/>\n\t<meta property=\"og:image:width\" content=\"1080\" \/>\n\t<meta property=\"og:image:height\" content=\"1080\" \/>\n\t<meta property=\"og:image:type\" content=\"image\/gif\" \/>\n<meta name=\"twitter:card\" content=\"summary_large_image\" \/>\n<meta name=\"twitter:label1\" content=\"Dur\u00e9e de lecture estim\u00e9e\" \/>\n\t<meta name=\"twitter:data1\" content=\"1 minute\" \/>\n<script type=\"application\/ld+json\" class=\"yoast-schema-graph\">{\"@context\":\"https:\/\/schema.org\",\"@graph\":[{\"@type\":\"WebPage\",\"@id\":\"https:\/\/nbgtele.com\/fr\/produit\/xptz37xip8mp-ai-n\/\",\"url\":\"https:\/\/nbgtele.com\/fr\/produit\/xptz37xip8mp-ai-n\/\",\"name\":\"XPTZ37XIP8MP-AI-N - NBGTele.com\",\"isPartOf\":{\"@id\":\"https:\/\/nbgtele.com\/fr\/#website\"},\"primaryImageOfPage\":{\"@id\":\"https:\/\/nbgtele.com\/fr\/produit\/xptz37xip8mp-ai-n\/#primaryimage\"},\"image\":{\"@id\":\"https:\/\/nbgtele.com\/fr\/produit\/xptz37xip8mp-ai-n\/#primaryimage\"},\"thumbnailUrl\":\"https:\/\/nbgtele.com\/wp-content\/uploads\/2026\/02\/XPTZ37XIP8MP-AI-N-XPTZ37XIP8MP-AI-N.gif\",\"datePublished\":\"2026-02-27T16:34:22+00:00\",\"dateModified\":\"2026-02-27T16:39:44+00:00\",\"breadcrumb\":{\"@id\":\"https:\/\/nbgtele.com\/fr\/produit\/xptz37xip8mp-ai-n\/#breadcrumb\"},\"inLanguage\":\"fr-FR\",\"potentialAction\":[{\"@type\":\"ReadAction\",\"target\":[\"https:\/\/nbgtele.com\/fr\/produit\/xptz37xip8mp-ai-n\/\"]}]},{\"@type\":\"ImageObject\",\"inLanguage\":\"fr-FR\",\"@id\":\"https:\/\/nbgtele.com\/fr\/produit\/xptz37xip8mp-ai-n\/#primaryimage\",\"url\":\"https:\/\/nbgtele.com\/wp-content\/uploads\/2026\/02\/XPTZ37XIP8MP-AI-N-XPTZ37XIP8MP-AI-N.gif\",\"contentUrl\":\"https:\/\/nbgtele.com\/wp-content\/uploads\/2026\/02\/XPTZ37XIP8MP-AI-N-XPTZ37XIP8MP-AI-N.gif\",\"width\":1080,\"height\":1080},{\"@type\":\"BreadcrumbList\",\"@id\":\"https:\/\/nbgtele.com\/fr\/produit\/xptz37xip8mp-ai-n\/#breadcrumb\",\"itemListElement\":[{\"@type\":\"ListItem\",\"position\":1,\"name\":\"Home\",\"item\":\"https:\/\/nbgtele.com\/fr\/\"},{\"@type\":\"ListItem\",\"position\":2,\"name\":\"Boutique\",\"item\":\"https:\/\/nbgtele.com\/fr\/boutique\/\"},{\"@type\":\"ListItem\",\"position\":3,\"name\":\"XPTZ37XIP8MP-AI-N\"}]},{\"@type\":\"WebSite\",\"@id\":\"https:\/\/nbgtele.com\/fr\/#website\",\"url\":\"https:\/\/nbgtele.com\/fr\/\",\"name\":\"NBGTele.com\",\"description\":\"\",\"potentialAction\":[{\"@type\":\"SearchAction\",\"target\":{\"@type\":\"EntryPoint\",\"urlTemplate\":\"https:\/\/nbgtele.com\/fr\/?s={search_term_string}\"},\"query-input\":{\"@type\":\"PropertyValueSpecification\",\"valueRequired\":true,\"valueName\":\"search_term_string\"}}],\"inLanguage\":\"fr-FR\"}]}<\/script>\n<!-- \/ Yoast SEO plugin. -->","yoast_head_json":{"title":"XPTZ37XIP8MP-AI-N - NBGTele.com","robots":{"index":"index","follow":"follow","max-snippet":"max-snippet:-1","max-image-preview":"max-image-preview:large","max-video-preview":"max-video-preview:-1"},"canonical":"https:\/\/nbgtele.com\/fr\/produit\/xptz37xip8mp-ai-n\/","og_locale":"fr_FR","og_type":"article","og_title":"XPTZ37XIP8MP-AI-N - NBGTele.com","og_description":"La XPTZ37XIP8MP-AI-N est une cam\u00e9ra IP PTZ 8MP de la s\u00e9rie X \u00e9quip\u00e9e d\u2019un objectif 5,5\u2013202 mm, d\u2019un zoom optique 37x et d\u2019un zoom num\u00e9rique 16x pour une surveillance d\u00e9taill\u00e9e \u00e0 longue distance. Avec une port\u00e9e IR jusqu\u2019\u00e0 200 m, la vision nocturne en couleur, un microphone et haut-parleur int\u00e9gr\u00e9s, des entr\u00e9es\/sorties audio\/alarme, une r\u00e9sistance IK10 et une protection IP67, elle offre une performance de s\u00e9curit\u00e9 puissante et fiable.","og_url":"https:\/\/nbgtele.com\/fr\/produit\/xptz37xip8mp-ai-n\/","og_site_name":"NBGTele.com","article_modified_time":"2026-02-27T16:39:44+00:00","og_image":[{"width":1080,"height":1080,"url":"https:\/\/nbgtele.com\/wp-content\/uploads\/2026\/02\/XPTZ37XIP8MP-AI-N-XPTZ37XIP8MP-AI-N.gif","type":"image\/gif"}],"twitter_card":"summary_large_image","twitter_misc":{"Dur\u00e9e de lecture estim\u00e9e":"1 minute"},"schema":{"@context":"https:\/\/schema.org","@graph":[{"@type":"WebPage","@id":"https:\/\/nbgtele.com\/fr\/produit\/xptz37xip8mp-ai-n\/","url":"https:\/\/nbgtele.com\/fr\/produit\/xptz37xip8mp-ai-n\/","name":"XPTZ37XIP8MP-AI-N - NBGTele.com","isPartOf":{"@id":"https:\/\/nbgtele.com\/fr\/#website"},"primaryImageOfPage":{"@id":"https:\/\/nbgtele.com\/fr\/produit\/xptz37xip8mp-ai-n\/#primaryimage"},"image":{"@id":"https:\/\/nbgtele.com\/fr\/produit\/xptz37xip8mp-ai-n\/#primaryimage"},"thumbnailUrl":"https:\/\/nbgtele.com\/wp-content\/uploads\/2026\/02\/XPTZ37XIP8MP-AI-N-XPTZ37XIP8MP-AI-N.gif","datePublished":"2026-02-27T16:34:22+00:00","dateModified":"2026-02-27T16:39:44+00:00","breadcrumb":{"@id":"https:\/\/nbgtele.com\/fr\/produit\/xptz37xip8mp-ai-n\/#breadcrumb"},"inLanguage":"fr-FR","potentialAction":[{"@type":"ReadAction","target":["https:\/\/nbgtele.com\/fr\/produit\/xptz37xip8mp-ai-n\/"]}]},{"@type":"ImageObject","inLanguage":"fr-FR","@id":"https:\/\/nbgtele.com\/fr\/produit\/xptz37xip8mp-ai-n\/#primaryimage","url":"https:\/\/nbgtele.com\/wp-content\/uploads\/2026\/02\/XPTZ37XIP8MP-AI-N-XPTZ37XIP8MP-AI-N.gif","contentUrl":"https:\/\/nbgtele.com\/wp-content\/uploads\/2026\/02\/XPTZ37XIP8MP-AI-N-XPTZ37XIP8MP-AI-N.gif","width":1080,"height":1080},{"@type":"BreadcrumbList","@id":"https:\/\/nbgtele.com\/fr\/produit\/xptz37xip8mp-ai-n\/#breadcrumb","itemListElement":[{"@type":"ListItem","position":1,"name":"Home","item":"https:\/\/nbgtele.com\/fr\/"},{"@type":"ListItem","position":2,"name":"Boutique","item":"https:\/\/nbgtele.com\/fr\/boutique\/"},{"@type":"ListItem","position":3,"name":"XPTZ37XIP8MP-AI-N"}]},{"@type":"WebSite","@id":"https:\/\/nbgtele.com\/fr\/#website","url":"https:\/\/nbgtele.com\/fr\/","name":"NBGTele.com","description":"","potentialAction":[{"@type":"SearchAction","target":{"@type":"EntryPoint","urlTemplate":"https:\/\/nbgtele.com\/fr\/?s={search_term_string}"},"query-input":{"@type":"PropertyValueSpecification","valueRequired":true,"valueName":"search_term_string"}}],"inLanguage":"fr-FR"}]}},"_links":{"self":[{"href":"https:\/\/nbgtele.com\/fr\/wp-json\/wp\/v2\/product\/120725","targetHints":{"allow":["GET"]}}],"collection":[{"href":"https:\/\/nbgtele.com\/fr\/wp-json\/wp\/v2\/product"}],"about":[{"href":"https:\/\/nbgtele.com\/fr\/wp-json\/wp\/v2\/types\/product"}],"wp:featuredmedia":[{"embeddable":true,"href":"https:\/\/nbgtele.com\/fr\/wp-json\/wp\/v2\/media\/120713"}],"wp:attachment":[{"href":"https:\/\/nbgtele.com\/fr\/wp-json\/wp\/v2\/media?parent=120725"}],"wp:term":[{"taxonomy":"product_brand","embeddable":true,"href":"https:\/\/nbgtele.com\/fr\/wp-json\/wp\/v2\/product_brand?post=120725"},{"taxonomy":"product_cat","embeddable":true,"href":"https:\/\/nbgtele.com\/fr\/wp-json\/wp\/v2\/product_cat?post=120725"},{"taxonomy":"product_tag","embeddable":true,"href":"https:\/\/nbgtele.com\/fr\/wp-json\/wp\/v2\/product_tag?post=120725"},{"taxonomy":"brand","embeddable":true,"href":"https:\/\/nbgtele.com\/fr\/wp-json\/wp\/v2\/brand?post=120725"},{"taxonomy":"model","embeddable":true,"href":"https:\/\/nbgtele.com\/fr\/wp-json\/wp\/v2\/model?post=120725"},{"taxonomy":"profile","embeddable":true,"href":"https:\/\/nbgtele.com\/fr\/wp-json\/wp\/v2\/profile?post=120725"},{"taxonomy":"resolution","embeddable":true,"href":"https:\/\/nbgtele.com\/fr\/wp-json\/wp\/v2\/resolution?post=120725"},{"taxonomy":"lens","embeddable":true,"href":"https:\/\/nbgtele.com\/fr\/wp-json\/wp\/v2\/lens?post=120725"},{"taxonomy":"color","embeddable":true,"href":"https:\/\/nbgtele.com\/fr\/wp-json\/wp\/v2\/color?post=120725"},{"taxonomy":"ndaa_compliant","embeddable":true,"href":"https:\/\/nbgtele.com\/fr\/wp-json\/wp\/v2\/ndaa_compliant?post=120725"},{"taxonomy":"dual_voltage","embeddable":true,"href":"https:\/\/nbgtele.com\/fr\/wp-json\/wp\/v2\/dual_voltage?post=120725"},{"taxonomy":"ai","embeddable":true,"href":"https:\/\/nbgtele.com\/fr\/wp-json\/wp\/v2\/ai?post=120725"},{"taxonomy":"lite","embeddable":true,"href":"https:\/\/nbgtele.com\/fr\/wp-json\/wp\/v2\/lite?post=120725"},{"taxonomy":"infrared_perimeter","embeddable":true,"href":"https:\/\/nbgtele.com\/fr\/wp-json\/wp\/v2\/infrared_perimeter?post=120725"},{"taxonomy":"fixed_dome_microphone","embeddable":true,"href":"https:\/\/nbgtele.com\/fr\/wp-json\/wp\/v2\/fixed_dome_microphone?post=120725"},{"taxonomy":"analog_hd","embeddable":true,"href":"https:\/\/nbgtele.com\/fr\/wp-json\/wp\/v2\/analog_hd?post=120725"},{"taxonomy":"covert_camera","embeddable":true,"href":"https:\/\/nbgtele.com\/fr\/wp-json\/wp\/v2\/covert_camera?post=120725"},{"taxonomy":"internet_protocol","embeddable":true,"href":"https:\/\/nbgtele.com\/fr\/wp-json\/wp\/v2\/internet_protocol?post=120725"},{"taxonomy":"channels","embeddable":true,"href":"https:\/\/nbgtele.com\/fr\/wp-json\/wp\/v2\/channels?post=120725"},{"taxonomy":"ports","embeddable":true,"href":"https:\/\/nbgtele.com\/fr\/wp-json\/wp\/v2\/ports?post=120725"}],"curies":[{"name":"wp","href":"https:\/\/api.w.org\/{rel}","templated":true}]}}