{"id":120710,"date":"2026-02-27T12:20:08","date_gmt":"2026-02-27T16:20:08","guid":{"rendered":"https:\/\/nbgtele.com\/product\/ptz25xip2mp-ai-n\/"},"modified":"2026-02-27T12:27:10","modified_gmt":"2026-02-27T16:27:10","slug":"ptz25xip2mp-ai-n","status":"publish","type":"product","link":"https:\/\/nbgtele.com\/fr\/produit\/ptz25xip2mp-ai-n\/","title":{"rendered":"PTZ25XIP2MP-AI-N"},"content":{"rendered":"","protected":false},"excerpt":{"rendered":"<div class=\"flex flex-col text-sm pb-25\">\n<article class=\"text-token-text-primary w-full focus:outline-none [--shadow-height:45px] has-data-writing-block:pointer-events-none has-data-writing-block:-mt-(--shadow-height) has-data-writing-block:pt-(--shadow-height) [&amp;:has([data-writing-block])&gt;*]:pointer-events-auto scroll-mt-[calc(var(--header-height)+min(200px,max(70px,20svh)))]\" dir=\"auto\" tabindex=\"-1\" data-turn-id=\"request-WEB:ad66148c-e982-476c-8d86-4e9e6539373f-29\" data-testid=\"conversation-turn-16\" data-scroll-anchor=\"true\" data-turn=\"assistant\">\n<div class=\"text-base my-auto mx-auto pb-10 [--thread-content-margin:--spacing(4)] @w-sm\/main:[--thread-content-margin:--spacing(6)] @w-lg\/main:[--thread-content-margin:--spacing(16)] px-(--thread-content-margin)\">\n<div class=\"[--thread-content-max-width:40rem] @w-lg\/main:[--thread-content-max-width:48rem] mx-auto max-w-(--thread-content-max-width) flex-1 group\/turn-messages focus-visible:outline-hidden relative flex w-full min-w-0 flex-col agent-turn\" tabindex=\"-1\">\n<div class=\"flex max-w-full flex-col grow\">\n<div class=\"min-h-8 text-message relative flex w-full flex-col items-end gap-2 text-start break-words whitespace-normal [.text-message+&amp;]:mt-1\" dir=\"auto\" data-message-author-role=\"assistant\" data-message-id=\"016c2498-1e48-4cf4-8e89-7ac733c83748\" data-message-model-slug=\"gpt-5-2\">\n<div class=\"flex w-full flex-col gap-1 empty:hidden first:pt-[1px]\">\n<div class=\"markdown prose dark:prose-invert w-full wrap-break-word dark markdown-new-styling\">\n<p data-start=\"0\" data-end=\"353\" data-is-last-node=\"\" data-is-only-node=\"\">La <strong data-start=\"3\" data-end=\"23\">PTZ25XIP2MP-AI-N<\/strong> est une cam\u00e9ra IP PTZ 2MP \u00e9quip\u00e9e d\u2019un objectif 5\u2013125 mm et d\u2019un zoom optique 25x pour une surveillance d\u00e9taill\u00e9e \u00e0 longue distance. Elle dispose d\u2019une port\u00e9e IR jusqu\u2019\u00e0 100 m, du suivi automatique, d\u2019entr\u00e9es\/sorties alarme\/audio et d\u2019une certification IP66 r\u00e9sistante aux intemp\u00e9ries, id\u00e9ale pour une s\u00e9curit\u00e9 ext\u00e9rieure fiable.<\/p>\n<\/div>\n<\/div>\n<\/div>\n<\/div>\n<\/div>\n<\/div>\n<\/article>\n<\/div>\n","protected":false},"featured_media":120703,"template":"","meta":{"_acf_changed":false},"product_brand":[],"product_cat":[51],"product_tag":[],"brand":[195],"model":[150],"profile":[],"resolution":[162],"lens":[],"color":[172,170],"ndaa_compliant":[],"dual_voltage":[],"ai":[175],"lite":[],"infrared_perimeter":[],"fixed_dome_microphone":[],"analog_hd":[],"covert_camera":[],"internet_protocol":[],"channels":[],"ports":[],"class_list":{"0":"post-120710","1":"product","2":"type-product","3":"status-publish","4":"has-post-thumbnail","6":"product_cat-cameras-fr","7":"brand-gsd-fr","8":"model-ip-fr","9":"resolution-2mp-fr","10":"color-white-fr","11":"color-black-fr","12":"ai-ai-fr","13":"entry","15":"first","16":"instock","17":"taxable","18":"shipping-taxable","19":"product-type-simple"},"acf":[],"wcpa_form_fields":null,"yoast_head":"<!-- This site is optimized with the Yoast SEO plugin v26.0 - https:\/\/yoast.com\/wordpress\/plugins\/seo\/ -->\n<title>PTZ25XIP2MP-AI-N - NBGTele.com<\/title>\n<meta name=\"robots\" content=\"index, follow, max-snippet:-1, max-image-preview:large, max-video-preview:-1\" \/>\n<link rel=\"canonical\" href=\"https:\/\/nbgtele.com\/fr\/produit\/ptz25xip2mp-ai-n\/\" \/>\n<meta property=\"og:locale\" content=\"fr_FR\" \/>\n<meta property=\"og:type\" content=\"article\" \/>\n<meta property=\"og:title\" content=\"PTZ25XIP2MP-AI-N - NBGTele.com\" \/>\n<meta property=\"og:description\" content=\"La PTZ25XIP2MP-AI-N est une cam\u00e9ra IP PTZ 2MP \u00e9quip\u00e9e d\u2019un objectif 5\u2013125 mm et d\u2019un zoom optique 25x pour une surveillance d\u00e9taill\u00e9e \u00e0 longue distance. Elle dispose d\u2019une port\u00e9e IR jusqu\u2019\u00e0 100 m, du suivi automatique, d\u2019entr\u00e9es\/sorties alarme\/audio et d\u2019une certification IP66 r\u00e9sistante aux intemp\u00e9ries, id\u00e9ale pour une s\u00e9curit\u00e9 ext\u00e9rieure fiable.\" \/>\n<meta property=\"og:url\" content=\"https:\/\/nbgtele.com\/fr\/produit\/ptz25xip2mp-ai-n\/\" \/>\n<meta property=\"og:site_name\" content=\"NBGTele.com\" \/>\n<meta property=\"article:modified_time\" content=\"2026-02-27T16:27:10+00:00\" \/>\n<meta property=\"og:image\" content=\"https:\/\/nbgtele.com\/wp-content\/uploads\/2026\/02\/PTZ25XIP2MP-AI-N-PTZ25XIP2MP-AI-N.png\" \/>\n\t<meta property=\"og:image:width\" content=\"627\" \/>\n\t<meta property=\"og:image:height\" content=\"1024\" \/>\n\t<meta property=\"og:image:type\" content=\"image\/png\" \/>\n<meta name=\"twitter:card\" content=\"summary_large_image\" \/>\n<meta name=\"twitter:label1\" content=\"Dur\u00e9e de lecture estim\u00e9e\" \/>\n\t<meta name=\"twitter:data1\" content=\"1 minute\" \/>\n<script type=\"application\/ld+json\" class=\"yoast-schema-graph\">{\"@context\":\"https:\/\/schema.org\",\"@graph\":[{\"@type\":\"WebPage\",\"@id\":\"https:\/\/nbgtele.com\/fr\/produit\/ptz25xip2mp-ai-n\/\",\"url\":\"https:\/\/nbgtele.com\/fr\/produit\/ptz25xip2mp-ai-n\/\",\"name\":\"PTZ25XIP2MP-AI-N - NBGTele.com\",\"isPartOf\":{\"@id\":\"https:\/\/nbgtele.com\/fr\/#website\"},\"primaryImageOfPage\":{\"@id\":\"https:\/\/nbgtele.com\/fr\/produit\/ptz25xip2mp-ai-n\/#primaryimage\"},\"image\":{\"@id\":\"https:\/\/nbgtele.com\/fr\/produit\/ptz25xip2mp-ai-n\/#primaryimage\"},\"thumbnailUrl\":\"https:\/\/nbgtele.com\/wp-content\/uploads\/2026\/02\/PTZ25XIP2MP-AI-N-PTZ25XIP2MP-AI-N.png\",\"datePublished\":\"2026-02-27T16:20:08+00:00\",\"dateModified\":\"2026-02-27T16:27:10+00:00\",\"breadcrumb\":{\"@id\":\"https:\/\/nbgtele.com\/fr\/produit\/ptz25xip2mp-ai-n\/#breadcrumb\"},\"inLanguage\":\"fr-FR\",\"potentialAction\":[{\"@type\":\"ReadAction\",\"target\":[\"https:\/\/nbgtele.com\/fr\/produit\/ptz25xip2mp-ai-n\/\"]}]},{\"@type\":\"ImageObject\",\"inLanguage\":\"fr-FR\",\"@id\":\"https:\/\/nbgtele.com\/fr\/produit\/ptz25xip2mp-ai-n\/#primaryimage\",\"url\":\"https:\/\/nbgtele.com\/wp-content\/uploads\/2026\/02\/PTZ25XIP2MP-AI-N-PTZ25XIP2MP-AI-N.png\",\"contentUrl\":\"https:\/\/nbgtele.com\/wp-content\/uploads\/2026\/02\/PTZ25XIP2MP-AI-N-PTZ25XIP2MP-AI-N.png\",\"width\":627,\"height\":1024},{\"@type\":\"BreadcrumbList\",\"@id\":\"https:\/\/nbgtele.com\/fr\/produit\/ptz25xip2mp-ai-n\/#breadcrumb\",\"itemListElement\":[{\"@type\":\"ListItem\",\"position\":1,\"name\":\"Home\",\"item\":\"https:\/\/nbgtele.com\/fr\/\"},{\"@type\":\"ListItem\",\"position\":2,\"name\":\"Boutique\",\"item\":\"https:\/\/nbgtele.com\/fr\/boutique\/\"},{\"@type\":\"ListItem\",\"position\":3,\"name\":\"PTZ25XIP2MP-AI-N\"}]},{\"@type\":\"WebSite\",\"@id\":\"https:\/\/nbgtele.com\/fr\/#website\",\"url\":\"https:\/\/nbgtele.com\/fr\/\",\"name\":\"NBGTele.com\",\"description\":\"\",\"potentialAction\":[{\"@type\":\"SearchAction\",\"target\":{\"@type\":\"EntryPoint\",\"urlTemplate\":\"https:\/\/nbgtele.com\/fr\/?s={search_term_string}\"},\"query-input\":{\"@type\":\"PropertyValueSpecification\",\"valueRequired\":true,\"valueName\":\"search_term_string\"}}],\"inLanguage\":\"fr-FR\"}]}<\/script>\n<!-- \/ Yoast SEO plugin. -->","yoast_head_json":{"title":"PTZ25XIP2MP-AI-N - NBGTele.com","robots":{"index":"index","follow":"follow","max-snippet":"max-snippet:-1","max-image-preview":"max-image-preview:large","max-video-preview":"max-video-preview:-1"},"canonical":"https:\/\/nbgtele.com\/fr\/produit\/ptz25xip2mp-ai-n\/","og_locale":"fr_FR","og_type":"article","og_title":"PTZ25XIP2MP-AI-N - NBGTele.com","og_description":"La PTZ25XIP2MP-AI-N est une cam\u00e9ra IP PTZ 2MP \u00e9quip\u00e9e d\u2019un objectif 5\u2013125 mm et d\u2019un zoom optique 25x pour une surveillance d\u00e9taill\u00e9e \u00e0 longue distance. Elle dispose d\u2019une port\u00e9e IR jusqu\u2019\u00e0 100 m, du suivi automatique, d\u2019entr\u00e9es\/sorties alarme\/audio et d\u2019une certification IP66 r\u00e9sistante aux intemp\u00e9ries, id\u00e9ale pour une s\u00e9curit\u00e9 ext\u00e9rieure fiable.","og_url":"https:\/\/nbgtele.com\/fr\/produit\/ptz25xip2mp-ai-n\/","og_site_name":"NBGTele.com","article_modified_time":"2026-02-27T16:27:10+00:00","og_image":[{"width":627,"height":1024,"url":"https:\/\/nbgtele.com\/wp-content\/uploads\/2026\/02\/PTZ25XIP2MP-AI-N-PTZ25XIP2MP-AI-N.png","type":"image\/png"}],"twitter_card":"summary_large_image","twitter_misc":{"Dur\u00e9e de lecture estim\u00e9e":"1 minute"},"schema":{"@context":"https:\/\/schema.org","@graph":[{"@type":"WebPage","@id":"https:\/\/nbgtele.com\/fr\/produit\/ptz25xip2mp-ai-n\/","url":"https:\/\/nbgtele.com\/fr\/produit\/ptz25xip2mp-ai-n\/","name":"PTZ25XIP2MP-AI-N - NBGTele.com","isPartOf":{"@id":"https:\/\/nbgtele.com\/fr\/#website"},"primaryImageOfPage":{"@id":"https:\/\/nbgtele.com\/fr\/produit\/ptz25xip2mp-ai-n\/#primaryimage"},"image":{"@id":"https:\/\/nbgtele.com\/fr\/produit\/ptz25xip2mp-ai-n\/#primaryimage"},"thumbnailUrl":"https:\/\/nbgtele.com\/wp-content\/uploads\/2026\/02\/PTZ25XIP2MP-AI-N-PTZ25XIP2MP-AI-N.png","datePublished":"2026-02-27T16:20:08+00:00","dateModified":"2026-02-27T16:27:10+00:00","breadcrumb":{"@id":"https:\/\/nbgtele.com\/fr\/produit\/ptz25xip2mp-ai-n\/#breadcrumb"},"inLanguage":"fr-FR","potentialAction":[{"@type":"ReadAction","target":["https:\/\/nbgtele.com\/fr\/produit\/ptz25xip2mp-ai-n\/"]}]},{"@type":"ImageObject","inLanguage":"fr-FR","@id":"https:\/\/nbgtele.com\/fr\/produit\/ptz25xip2mp-ai-n\/#primaryimage","url":"https:\/\/nbgtele.com\/wp-content\/uploads\/2026\/02\/PTZ25XIP2MP-AI-N-PTZ25XIP2MP-AI-N.png","contentUrl":"https:\/\/nbgtele.com\/wp-content\/uploads\/2026\/02\/PTZ25XIP2MP-AI-N-PTZ25XIP2MP-AI-N.png","width":627,"height":1024},{"@type":"BreadcrumbList","@id":"https:\/\/nbgtele.com\/fr\/produit\/ptz25xip2mp-ai-n\/#breadcrumb","itemListElement":[{"@type":"ListItem","position":1,"name":"Home","item":"https:\/\/nbgtele.com\/fr\/"},{"@type":"ListItem","position":2,"name":"Boutique","item":"https:\/\/nbgtele.com\/fr\/boutique\/"},{"@type":"ListItem","position":3,"name":"PTZ25XIP2MP-AI-N"}]},{"@type":"WebSite","@id":"https:\/\/nbgtele.com\/fr\/#website","url":"https:\/\/nbgtele.com\/fr\/","name":"NBGTele.com","description":"","potentialAction":[{"@type":"SearchAction","target":{"@type":"EntryPoint","urlTemplate":"https:\/\/nbgtele.com\/fr\/?s={search_term_string}"},"query-input":{"@type":"PropertyValueSpecification","valueRequired":true,"valueName":"search_term_string"}}],"inLanguage":"fr-FR"}]}},"_links":{"self":[{"href":"https:\/\/nbgtele.com\/fr\/wp-json\/wp\/v2\/product\/120710","targetHints":{"allow":["GET"]}}],"collection":[{"href":"https:\/\/nbgtele.com\/fr\/wp-json\/wp\/v2\/product"}],"about":[{"href":"https:\/\/nbgtele.com\/fr\/wp-json\/wp\/v2\/types\/product"}],"wp:featuredmedia":[{"embeddable":true,"href":"https:\/\/nbgtele.com\/fr\/wp-json\/wp\/v2\/media\/120703"}],"wp:attachment":[{"href":"https:\/\/nbgtele.com\/fr\/wp-json\/wp\/v2\/media?parent=120710"}],"wp:term":[{"taxonomy":"product_brand","embeddable":true,"href":"https:\/\/nbgtele.com\/fr\/wp-json\/wp\/v2\/product_brand?post=120710"},{"taxonomy":"product_cat","embeddable":true,"href":"https:\/\/nbgtele.com\/fr\/wp-json\/wp\/v2\/product_cat?post=120710"},{"taxonomy":"product_tag","embeddable":true,"href":"https:\/\/nbgtele.com\/fr\/wp-json\/wp\/v2\/product_tag?post=120710"},{"taxonomy":"brand","embeddable":true,"href":"https:\/\/nbgtele.com\/fr\/wp-json\/wp\/v2\/brand?post=120710"},{"taxonomy":"model","embeddable":true,"href":"https:\/\/nbgtele.com\/fr\/wp-json\/wp\/v2\/model?post=120710"},{"taxonomy":"profile","embeddable":true,"href":"https:\/\/nbgtele.com\/fr\/wp-json\/wp\/v2\/profile?post=120710"},{"taxonomy":"resolution","embeddable":true,"href":"https:\/\/nbgtele.com\/fr\/wp-json\/wp\/v2\/resolution?post=120710"},{"taxonomy":"lens","embeddable":true,"href":"https:\/\/nbgtele.com\/fr\/wp-json\/wp\/v2\/lens?post=120710"},{"taxonomy":"color","embeddable":true,"href":"https:\/\/nbgtele.com\/fr\/wp-json\/wp\/v2\/color?post=120710"},{"taxonomy":"ndaa_compliant","embeddable":true,"href":"https:\/\/nbgtele.com\/fr\/wp-json\/wp\/v2\/ndaa_compliant?post=120710"},{"taxonomy":"dual_voltage","embeddable":true,"href":"https:\/\/nbgtele.com\/fr\/wp-json\/wp\/v2\/dual_voltage?post=120710"},{"taxonomy":"ai","embeddable":true,"href":"https:\/\/nbgtele.com\/fr\/wp-json\/wp\/v2\/ai?post=120710"},{"taxonomy":"lite","embeddable":true,"href":"https:\/\/nbgtele.com\/fr\/wp-json\/wp\/v2\/lite?post=120710"},{"taxonomy":"infrared_perimeter","embeddable":true,"href":"https:\/\/nbgtele.com\/fr\/wp-json\/wp\/v2\/infrared_perimeter?post=120710"},{"taxonomy":"fixed_dome_microphone","embeddable":true,"href":"https:\/\/nbgtele.com\/fr\/wp-json\/wp\/v2\/fixed_dome_microphone?post=120710"},{"taxonomy":"analog_hd","embeddable":true,"href":"https:\/\/nbgtele.com\/fr\/wp-json\/wp\/v2\/analog_hd?post=120710"},{"taxonomy":"covert_camera","embeddable":true,"href":"https:\/\/nbgtele.com\/fr\/wp-json\/wp\/v2\/covert_camera?post=120710"},{"taxonomy":"internet_protocol","embeddable":true,"href":"https:\/\/nbgtele.com\/fr\/wp-json\/wp\/v2\/internet_protocol?post=120710"},{"taxonomy":"channels","embeddable":true,"href":"https:\/\/nbgtele.com\/fr\/wp-json\/wp\/v2\/channels?post=120710"},{"taxonomy":"ports","embeddable":true,"href":"https:\/\/nbgtele.com\/fr\/wp-json\/wp\/v2\/ports?post=120710"}],"curies":[{"name":"wp","href":"https:\/\/api.w.org\/{rel}","templated":true}]}}