{"id":118389,"date":"2025-11-06T14:28:15","date_gmt":"2025-11-06T18:28:15","guid":{"rendered":"https:\/\/nbgtele.com\/product\/xt3dual20ip8mp-ai\/"},"modified":"2025-11-11T11:24:41","modified_gmt":"2025-11-11T15:24:41","slug":"xt3dual20ip8mp-ai","status":"publish","type":"product","link":"https:\/\/nbgtele.com\/fr\/produit\/xt3dual20ip8mp-ai\/","title":{"rendered":"XT3DUAL20IP8MP-AI"},"content":{"rendered":"","protected":false},"excerpt":{"rendered":"<p>La cam\u00e9ra de s\u00e9curit\u00e9 \u00e0 double objectif XT3DUAL20IP8MP-AI est une solution de surveillance intelligente et performante. Dot\u00e9e de deux objectifs de 4\u202fMP chacun, elle offre des images ultra-nettes et d\u00e9taill\u00e9es pour une couverture compl\u00e8te de vos espaces. Gr\u00e2ce \u00e0 ses fonctions d\u2019intelligence artificielle, sa communication bidirectionnelle et ses lumi\u00e8res de dissuasion int\u00e9gr\u00e9es, cette cam\u00e9ra combine des mesures de s\u00e9curit\u00e9 proactives avec une utilisation simple et intuitive. La connexion P2P permet un acc\u00e8s \u00e0 distance fluide, pla\u00e7ant le contr\u00f4le de la s\u00e9curit\u00e9 directement entre vos mains.<\/p>\n<p>Chaque objectif de la XT3DUAL20IP8MP-AI fournit une r\u00e9solution de 4\u202fMP avec vision nocturne infrarouge jusqu\u2019\u00e0 30\u202fm et lumi\u00e8re chaude jusqu\u2019\u00e0 40\u202fm, garantissant une image claire m\u00eame dans des conditions de faible luminosit\u00e9. La cam\u00e9ra prend en charge le stockage sur carte microSD jusqu\u2019\u00e0 256\u202fGo et est log\u00e9e dans un bo\u00eetier m\u00e9tallique robuste, IP66, con\u00e7u pour r\u00e9sister aux temp\u00e9ratures extr\u00eames de -30\u202f\u00b0C \u00e0 60\u202f\u00b0C. La communication bidirectionnelle permet une interaction en temps r\u00e9el, tandis que les lumi\u00e8res rouges et bleues clignotantes et la sir\u00e8ne renforcent l\u2019effet dissuasif.<\/p>\n<p>Les fonctions avanc\u00e9es d\u2019IA transforment cette cam\u00e9ra en un syst\u00e8me de surveillance intelligent. D\u00e9tectez les mouvements, reconnaissez les visages, suivez les pi\u00e9tons et v\u00e9hicules, surveillez la densit\u00e9 de foule, les files d\u2019attente, les plaques d\u2019immatriculation et recevez des alertes pour les intrusions ou les entr\u00e9es et sorties de zones sp\u00e9cifiques. Les flux vid\u00e9o multiples avec compression H.265+\/H.265\/H.264+\/H.264 garantissent un stockage efficace et une lecture fluide, tandis que le champ de vision horizontal de 180\u00b0 capture une large zone avec pr\u00e9cision.<\/p>\n<p>Gr\u00e2ce \u00e0 sa combinaison de construction robuste, intelligence artificielle et fonctionnalit\u00e9s compl\u00e8tes, la cam\u00e9ra de s\u00e9curit\u00e9 \u00e0 double objectif XT3DUAL20IP8MP-AI constitue une solution fiable, conviviale et proactive pour la surveillance r\u00e9sidentielle et commerciale.<\/p>\n","protected":false},"featured_media":118380,"template":"","meta":{"_acf_changed":false},"product_brand":[],"product_cat":[51],"product_tag":[],"brand":[195],"model":[],"profile":[],"resolution":[],"lens":[],"color":[],"ndaa_compliant":[],"dual_voltage":[],"ai":[],"lite":[],"infrared_perimeter":[],"fixed_dome_microphone":[],"analog_hd":[],"covert_camera":[],"internet_protocol":[],"channels":[],"ports":[],"class_list":{"0":"post-118389","1":"product","2":"type-product","3":"status-publish","4":"has-post-thumbnail","6":"product_cat-cameras-fr","7":"brand-gsd-fr","8":"entry","10":"first","11":"instock","12":"taxable","13":"shipping-taxable","14":"product-type-simple"},"acf":[],"wcpa_form_fields":null,"yoast_head":"<!-- This site is optimized with the Yoast SEO plugin v26.0 - https:\/\/yoast.com\/wordpress\/plugins\/seo\/ -->\n<title>XT3DUAL20IP8MP-AI - NBGTele.com<\/title>\n<meta name=\"robots\" content=\"index, follow, max-snippet:-1, max-image-preview:large, max-video-preview:-1\" \/>\n<link rel=\"canonical\" href=\"https:\/\/nbgtele.com\/fr\/produit\/xt3dual20ip8mp-ai\/\" \/>\n<meta property=\"og:locale\" content=\"fr_FR\" \/>\n<meta property=\"og:type\" content=\"article\" \/>\n<meta property=\"og:title\" content=\"XT3DUAL20IP8MP-AI - NBGTele.com\" \/>\n<meta property=\"og:description\" content=\"La cam\u00e9ra de s\u00e9curit\u00e9 \u00e0 double objectif XT3DUAL20IP8MP-AI est une solution de surveillance intelligente et performante. Dot\u00e9e de deux objectifs de 4\u202fMP chacun, elle offre des images ultra-nettes et d\u00e9taill\u00e9es pour une couverture compl\u00e8te de vos espaces. Gr\u00e2ce \u00e0 ses fonctions d\u2019intelligence artificielle, sa communication bidirectionnelle et ses lumi\u00e8res de dissuasion int\u00e9gr\u00e9es, cette cam\u00e9ra combine des mesures de s\u00e9curit\u00e9 proactives avec une utilisation simple et intuitive. La connexion P2P permet un acc\u00e8s \u00e0 distance fluide, pla\u00e7ant le contr\u00f4le de la s\u00e9curit\u00e9 directement entre vos mains.  Chaque objectif de la XT3DUAL20IP8MP-AI fournit une r\u00e9solution de 4\u202fMP avec vision nocturne infrarouge jusqu\u2019\u00e0 30\u202fm et lumi\u00e8re chaude jusqu\u2019\u00e0 40\u202fm, garantissant une image claire m\u00eame dans des conditions de faible luminosit\u00e9. La cam\u00e9ra prend en charge le stockage sur carte microSD jusqu\u2019\u00e0 256\u202fGo et est log\u00e9e dans un bo\u00eetier m\u00e9tallique robuste, IP66, con\u00e7u pour r\u00e9sister aux temp\u00e9ratures extr\u00eames de -30\u202f\u00b0C \u00e0 60\u202f\u00b0C. La communication bidirectionnelle permet une interaction en temps r\u00e9el, tandis que les lumi\u00e8res rouges et bleues clignotantes et la sir\u00e8ne renforcent l\u2019effet dissuasif.  Les fonctions avanc\u00e9es d\u2019IA transforment cette cam\u00e9ra en un syst\u00e8me de surveillance intelligent. D\u00e9tectez les mouvements, reconnaissez les visages, suivez les pi\u00e9tons et v\u00e9hicules, surveillez la densit\u00e9 de foule, les files d\u2019attente, les plaques d\u2019immatriculation et recevez des alertes pour les intrusions ou les entr\u00e9es et sorties de zones sp\u00e9cifiques. Les flux vid\u00e9o multiples avec compression H.265+\/H.265\/H.264+\/H.264 garantissent un stockage efficace et une lecture fluide, tandis que le champ de vision horizontal de 180\u00b0 capture une large zone avec pr\u00e9cision.  Gr\u00e2ce \u00e0 sa combinaison de construction robuste, intelligence artificielle et fonctionnalit\u00e9s compl\u00e8tes, la cam\u00e9ra de s\u00e9curit\u00e9 \u00e0 double objectif XT3DUAL20IP8MP-AI constitue une solution fiable, conviviale et proactive pour la surveillance r\u00e9sidentielle et commerciale.\" \/>\n<meta property=\"og:url\" content=\"https:\/\/nbgtele.com\/fr\/produit\/xt3dual20ip8mp-ai\/\" \/>\n<meta property=\"og:site_name\" content=\"NBGTele.com\" \/>\n<meta property=\"article:modified_time\" content=\"2025-11-11T15:24:41+00:00\" \/>\n<meta property=\"og:image\" content=\"https:\/\/nbgtele.com\/wp-content\/uploads\/2025\/11\/XT3DUAL20IP8MP-AI-XT3DUAL20IP8MP-AI.gif\" \/>\n\t<meta property=\"og:image:width\" content=\"1080\" \/>\n\t<meta property=\"og:image:height\" content=\"1080\" \/>\n\t<meta property=\"og:image:type\" content=\"image\/gif\" \/>\n<meta name=\"twitter:card\" content=\"summary_large_image\" \/>\n<meta name=\"twitter:label1\" content=\"Dur\u00e9e de lecture estim\u00e9e\" \/>\n\t<meta name=\"twitter:data1\" content=\"1 minute\" \/>\n<script type=\"application\/ld+json\" class=\"yoast-schema-graph\">{\"@context\":\"https:\/\/schema.org\",\"@graph\":[{\"@type\":\"WebPage\",\"@id\":\"https:\/\/nbgtele.com\/fr\/produit\/xt3dual20ip8mp-ai\/\",\"url\":\"https:\/\/nbgtele.com\/fr\/produit\/xt3dual20ip8mp-ai\/\",\"name\":\"XT3DUAL20IP8MP-AI - NBGTele.com\",\"isPartOf\":{\"@id\":\"https:\/\/nbgtele.com\/fr\/#website\"},\"primaryImageOfPage\":{\"@id\":\"https:\/\/nbgtele.com\/fr\/produit\/xt3dual20ip8mp-ai\/#primaryimage\"},\"image\":{\"@id\":\"https:\/\/nbgtele.com\/fr\/produit\/xt3dual20ip8mp-ai\/#primaryimage\"},\"thumbnailUrl\":\"https:\/\/nbgtele.com\/wp-content\/uploads\/2025\/11\/XT3DUAL20IP8MP-AI-XT3DUAL20IP8MP-AI.gif\",\"datePublished\":\"2025-11-06T18:28:15+00:00\",\"dateModified\":\"2025-11-11T15:24:41+00:00\",\"breadcrumb\":{\"@id\":\"https:\/\/nbgtele.com\/fr\/produit\/xt3dual20ip8mp-ai\/#breadcrumb\"},\"inLanguage\":\"fr-FR\",\"potentialAction\":[{\"@type\":\"ReadAction\",\"target\":[\"https:\/\/nbgtele.com\/fr\/produit\/xt3dual20ip8mp-ai\/\"]}]},{\"@type\":\"ImageObject\",\"inLanguage\":\"fr-FR\",\"@id\":\"https:\/\/nbgtele.com\/fr\/produit\/xt3dual20ip8mp-ai\/#primaryimage\",\"url\":\"https:\/\/nbgtele.com\/wp-content\/uploads\/2025\/11\/XT3DUAL20IP8MP-AI-XT3DUAL20IP8MP-AI.gif\",\"contentUrl\":\"https:\/\/nbgtele.com\/wp-content\/uploads\/2025\/11\/XT3DUAL20IP8MP-AI-XT3DUAL20IP8MP-AI.gif\",\"width\":1080,\"height\":1080},{\"@type\":\"BreadcrumbList\",\"@id\":\"https:\/\/nbgtele.com\/fr\/produit\/xt3dual20ip8mp-ai\/#breadcrumb\",\"itemListElement\":[{\"@type\":\"ListItem\",\"position\":1,\"name\":\"Home\",\"item\":\"https:\/\/nbgtele.com\/fr\/\"},{\"@type\":\"ListItem\",\"position\":2,\"name\":\"Boutique\",\"item\":\"https:\/\/nbgtele.com\/fr\/boutique\/\"},{\"@type\":\"ListItem\",\"position\":3,\"name\":\"XT3DUAL20IP8MP-AI\"}]},{\"@type\":\"WebSite\",\"@id\":\"https:\/\/nbgtele.com\/fr\/#website\",\"url\":\"https:\/\/nbgtele.com\/fr\/\",\"name\":\"NBGTele.com\",\"description\":\"\",\"potentialAction\":[{\"@type\":\"SearchAction\",\"target\":{\"@type\":\"EntryPoint\",\"urlTemplate\":\"https:\/\/nbgtele.com\/fr\/?s={search_term_string}\"},\"query-input\":{\"@type\":\"PropertyValueSpecification\",\"valueRequired\":true,\"valueName\":\"search_term_string\"}}],\"inLanguage\":\"fr-FR\"}]}<\/script>\n<!-- \/ Yoast SEO plugin. -->","yoast_head_json":{"title":"XT3DUAL20IP8MP-AI - NBGTele.com","robots":{"index":"index","follow":"follow","max-snippet":"max-snippet:-1","max-image-preview":"max-image-preview:large","max-video-preview":"max-video-preview:-1"},"canonical":"https:\/\/nbgtele.com\/fr\/produit\/xt3dual20ip8mp-ai\/","og_locale":"fr_FR","og_type":"article","og_title":"XT3DUAL20IP8MP-AI - NBGTele.com","og_description":"La cam\u00e9ra de s\u00e9curit\u00e9 \u00e0 double objectif XT3DUAL20IP8MP-AI est une solution de surveillance intelligente et performante. Dot\u00e9e de deux objectifs de 4\u202fMP chacun, elle offre des images ultra-nettes et d\u00e9taill\u00e9es pour une couverture compl\u00e8te de vos espaces. Gr\u00e2ce \u00e0 ses fonctions d\u2019intelligence artificielle, sa communication bidirectionnelle et ses lumi\u00e8res de dissuasion int\u00e9gr\u00e9es, cette cam\u00e9ra combine des mesures de s\u00e9curit\u00e9 proactives avec une utilisation simple et intuitive. La connexion P2P permet un acc\u00e8s \u00e0 distance fluide, pla\u00e7ant le contr\u00f4le de la s\u00e9curit\u00e9 directement entre vos mains.  Chaque objectif de la XT3DUAL20IP8MP-AI fournit une r\u00e9solution de 4\u202fMP avec vision nocturne infrarouge jusqu\u2019\u00e0 30\u202fm et lumi\u00e8re chaude jusqu\u2019\u00e0 40\u202fm, garantissant une image claire m\u00eame dans des conditions de faible luminosit\u00e9. La cam\u00e9ra prend en charge le stockage sur carte microSD jusqu\u2019\u00e0 256\u202fGo et est log\u00e9e dans un bo\u00eetier m\u00e9tallique robuste, IP66, con\u00e7u pour r\u00e9sister aux temp\u00e9ratures extr\u00eames de -30\u202f\u00b0C \u00e0 60\u202f\u00b0C. La communication bidirectionnelle permet une interaction en temps r\u00e9el, tandis que les lumi\u00e8res rouges et bleues clignotantes et la sir\u00e8ne renforcent l\u2019effet dissuasif.  Les fonctions avanc\u00e9es d\u2019IA transforment cette cam\u00e9ra en un syst\u00e8me de surveillance intelligent. D\u00e9tectez les mouvements, reconnaissez les visages, suivez les pi\u00e9tons et v\u00e9hicules, surveillez la densit\u00e9 de foule, les files d\u2019attente, les plaques d\u2019immatriculation et recevez des alertes pour les intrusions ou les entr\u00e9es et sorties de zones sp\u00e9cifiques. Les flux vid\u00e9o multiples avec compression H.265+\/H.265\/H.264+\/H.264 garantissent un stockage efficace et une lecture fluide, tandis que le champ de vision horizontal de 180\u00b0 capture une large zone avec pr\u00e9cision.  Gr\u00e2ce \u00e0 sa combinaison de construction robuste, intelligence artificielle et fonctionnalit\u00e9s compl\u00e8tes, la cam\u00e9ra de s\u00e9curit\u00e9 \u00e0 double objectif XT3DUAL20IP8MP-AI constitue une solution fiable, conviviale et proactive pour la surveillance r\u00e9sidentielle et commerciale.","og_url":"https:\/\/nbgtele.com\/fr\/produit\/xt3dual20ip8mp-ai\/","og_site_name":"NBGTele.com","article_modified_time":"2025-11-11T15:24:41+00:00","og_image":[{"width":1080,"height":1080,"url":"https:\/\/nbgtele.com\/wp-content\/uploads\/2025\/11\/XT3DUAL20IP8MP-AI-XT3DUAL20IP8MP-AI.gif","type":"image\/gif"}],"twitter_card":"summary_large_image","twitter_misc":{"Dur\u00e9e de lecture estim\u00e9e":"1 minute"},"schema":{"@context":"https:\/\/schema.org","@graph":[{"@type":"WebPage","@id":"https:\/\/nbgtele.com\/fr\/produit\/xt3dual20ip8mp-ai\/","url":"https:\/\/nbgtele.com\/fr\/produit\/xt3dual20ip8mp-ai\/","name":"XT3DUAL20IP8MP-AI - NBGTele.com","isPartOf":{"@id":"https:\/\/nbgtele.com\/fr\/#website"},"primaryImageOfPage":{"@id":"https:\/\/nbgtele.com\/fr\/produit\/xt3dual20ip8mp-ai\/#primaryimage"},"image":{"@id":"https:\/\/nbgtele.com\/fr\/produit\/xt3dual20ip8mp-ai\/#primaryimage"},"thumbnailUrl":"https:\/\/nbgtele.com\/wp-content\/uploads\/2025\/11\/XT3DUAL20IP8MP-AI-XT3DUAL20IP8MP-AI.gif","datePublished":"2025-11-06T18:28:15+00:00","dateModified":"2025-11-11T15:24:41+00:00","breadcrumb":{"@id":"https:\/\/nbgtele.com\/fr\/produit\/xt3dual20ip8mp-ai\/#breadcrumb"},"inLanguage":"fr-FR","potentialAction":[{"@type":"ReadAction","target":["https:\/\/nbgtele.com\/fr\/produit\/xt3dual20ip8mp-ai\/"]}]},{"@type":"ImageObject","inLanguage":"fr-FR","@id":"https:\/\/nbgtele.com\/fr\/produit\/xt3dual20ip8mp-ai\/#primaryimage","url":"https:\/\/nbgtele.com\/wp-content\/uploads\/2025\/11\/XT3DUAL20IP8MP-AI-XT3DUAL20IP8MP-AI.gif","contentUrl":"https:\/\/nbgtele.com\/wp-content\/uploads\/2025\/11\/XT3DUAL20IP8MP-AI-XT3DUAL20IP8MP-AI.gif","width":1080,"height":1080},{"@type":"BreadcrumbList","@id":"https:\/\/nbgtele.com\/fr\/produit\/xt3dual20ip8mp-ai\/#breadcrumb","itemListElement":[{"@type":"ListItem","position":1,"name":"Home","item":"https:\/\/nbgtele.com\/fr\/"},{"@type":"ListItem","position":2,"name":"Boutique","item":"https:\/\/nbgtele.com\/fr\/boutique\/"},{"@type":"ListItem","position":3,"name":"XT3DUAL20IP8MP-AI"}]},{"@type":"WebSite","@id":"https:\/\/nbgtele.com\/fr\/#website","url":"https:\/\/nbgtele.com\/fr\/","name":"NBGTele.com","description":"","potentialAction":[{"@type":"SearchAction","target":{"@type":"EntryPoint","urlTemplate":"https:\/\/nbgtele.com\/fr\/?s={search_term_string}"},"query-input":{"@type":"PropertyValueSpecification","valueRequired":true,"valueName":"search_term_string"}}],"inLanguage":"fr-FR"}]}},"_links":{"self":[{"href":"https:\/\/nbgtele.com\/fr\/wp-json\/wp\/v2\/product\/118389","targetHints":{"allow":["GET"]}}],"collection":[{"href":"https:\/\/nbgtele.com\/fr\/wp-json\/wp\/v2\/product"}],"about":[{"href":"https:\/\/nbgtele.com\/fr\/wp-json\/wp\/v2\/types\/product"}],"wp:featuredmedia":[{"embeddable":true,"href":"https:\/\/nbgtele.com\/fr\/wp-json\/wp\/v2\/media\/118380"}],"wp:attachment":[{"href":"https:\/\/nbgtele.com\/fr\/wp-json\/wp\/v2\/media?parent=118389"}],"wp:term":[{"taxonomy":"product_brand","embeddable":true,"href":"https:\/\/nbgtele.com\/fr\/wp-json\/wp\/v2\/product_brand?post=118389"},{"taxonomy":"product_cat","embeddable":true,"href":"https:\/\/nbgtele.com\/fr\/wp-json\/wp\/v2\/product_cat?post=118389"},{"taxonomy":"product_tag","embeddable":true,"href":"https:\/\/nbgtele.com\/fr\/wp-json\/wp\/v2\/product_tag?post=118389"},{"taxonomy":"brand","embeddable":true,"href":"https:\/\/nbgtele.com\/fr\/wp-json\/wp\/v2\/brand?post=118389"},{"taxonomy":"model","embeddable":true,"href":"https:\/\/nbgtele.com\/fr\/wp-json\/wp\/v2\/model?post=118389"},{"taxonomy":"profile","embeddable":true,"href":"https:\/\/nbgtele.com\/fr\/wp-json\/wp\/v2\/profile?post=118389"},{"taxonomy":"resolution","embeddable":true,"href":"https:\/\/nbgtele.com\/fr\/wp-json\/wp\/v2\/resolution?post=118389"},{"taxonomy":"lens","embeddable":true,"href":"https:\/\/nbgtele.com\/fr\/wp-json\/wp\/v2\/lens?post=118389"},{"taxonomy":"color","embeddable":true,"href":"https:\/\/nbgtele.com\/fr\/wp-json\/wp\/v2\/color?post=118389"},{"taxonomy":"ndaa_compliant","embeddable":true,"href":"https:\/\/nbgtele.com\/fr\/wp-json\/wp\/v2\/ndaa_compliant?post=118389"},{"taxonomy":"dual_voltage","embeddable":true,"href":"https:\/\/nbgtele.com\/fr\/wp-json\/wp\/v2\/dual_voltage?post=118389"},{"taxonomy":"ai","embeddable":true,"href":"https:\/\/nbgtele.com\/fr\/wp-json\/wp\/v2\/ai?post=118389"},{"taxonomy":"lite","embeddable":true,"href":"https:\/\/nbgtele.com\/fr\/wp-json\/wp\/v2\/lite?post=118389"},{"taxonomy":"infrared_perimeter","embeddable":true,"href":"https:\/\/nbgtele.com\/fr\/wp-json\/wp\/v2\/infrared_perimeter?post=118389"},{"taxonomy":"fixed_dome_microphone","embeddable":true,"href":"https:\/\/nbgtele.com\/fr\/wp-json\/wp\/v2\/fixed_dome_microphone?post=118389"},{"taxonomy":"analog_hd","embeddable":true,"href":"https:\/\/nbgtele.com\/fr\/wp-json\/wp\/v2\/analog_hd?post=118389"},{"taxonomy":"covert_camera","embeddable":true,"href":"https:\/\/nbgtele.com\/fr\/wp-json\/wp\/v2\/covert_camera?post=118389"},{"taxonomy":"internet_protocol","embeddable":true,"href":"https:\/\/nbgtele.com\/fr\/wp-json\/wp\/v2\/internet_protocol?post=118389"},{"taxonomy":"channels","embeddable":true,"href":"https:\/\/nbgtele.com\/fr\/wp-json\/wp\/v2\/channels?post=118389"},{"taxonomy":"ports","embeddable":true,"href":"https:\/\/nbgtele.com\/fr\/wp-json\/wp\/v2\/ports?post=118389"}],"curies":[{"name":"wp","href":"https:\/\/api.w.org\/{rel}","templated":true}]}}