{"id":117520,"date":"2025-09-29T11:59:54","date_gmt":"2025-09-29T15:59:54","guid":{"rendered":"https:\/\/nbgtele.com\/product\/chekt-30w-ip-horn-outdoor-speaker\/"},"modified":"2025-09-29T12:38:28","modified_gmt":"2025-09-29T16:38:28","slug":"chekt-30w-ip-horn-outdoor-speaker","status":"publish","type":"product","link":"https:\/\/nbgtele.com\/fr\/produit\/chekt-30w-ip-horn-outdoor-speaker\/","title":{"rendered":"Haut-parleur d\u2019ext\u00e9rieur \u00e0 pavillon IP 30W CHeKT"},"content":{"rendered":"","protected":false},"excerpt":{"rendered":"<p><span style=\"font-weight: 400;\">Le CHeKT CKIPS30W r\u00e9siste non seulement aux conditions ext\u00e9rieures difficiles gr\u00e2ce \u00e0 sa certification IP67 \u00e9tanche, mais offre \u00e9galement une qualit\u00e9 sonore sup\u00e9rieure pour les alertes en direct et automatis\u00e9es. Id\u00e9al pour une int\u00e9gration avec CHeKT Visual Security, ce haut-parleur permet aux utilisateurs de recevoir des notifications imm\u00e9diates, essentielles pour la protection des installations.<\/span><\/p>\n","protected":false},"featured_media":117515,"template":"","meta":{"_acf_changed":false},"product_brand":[],"product_cat":[231],"product_tag":[],"brand":[235],"model":[],"profile":[],"resolution":[],"lens":[],"color":[],"ndaa_compliant":[],"dual_voltage":[],"ai":[],"lite":[],"infrared_perimeter":[],"fixed_dome_microphone":[],"analog_hd":[],"covert_camera":[],"internet_protocol":[],"channels":[],"ports":[],"class_list":{"0":"post-117520","1":"product","2":"type-product","3":"status-publish","4":"has-post-thumbnail","6":"product_cat-audio-fr","7":"brand-chekt-fr","8":"entry","10":"first","11":"instock","12":"taxable","13":"shipping-taxable","14":"product-type-simple"},"acf":[],"wcpa_form_fields":null,"yoast_head":"<!-- This site is optimized with the Yoast SEO plugin v26.0 - https:\/\/yoast.com\/wordpress\/plugins\/seo\/ -->\n<title>Haut-parleur d\u2019ext\u00e9rieur \u00e0 pavillon IP 30W CHeKT - NBGTele.com<\/title>\n<meta name=\"robots\" content=\"index, follow, max-snippet:-1, max-image-preview:large, max-video-preview:-1\" \/>\n<link rel=\"canonical\" href=\"https:\/\/nbgtele.com\/fr\/produit\/chekt-30w-ip-horn-outdoor-speaker\/\" \/>\n<meta property=\"og:locale\" content=\"fr_FR\" \/>\n<meta property=\"og:type\" content=\"article\" \/>\n<meta property=\"og:title\" content=\"Haut-parleur d\u2019ext\u00e9rieur \u00e0 pavillon IP 30W CHeKT - NBGTele.com\" \/>\n<meta property=\"og:description\" content=\"Le CHeKT CKIPS30W r\u00e9siste non seulement aux conditions ext\u00e9rieures difficiles gr\u00e2ce \u00e0 sa certification IP67 \u00e9tanche, mais offre \u00e9galement une qualit\u00e9 sonore sup\u00e9rieure pour les alertes en direct et automatis\u00e9es. Id\u00e9al pour une int\u00e9gration avec CHeKT Visual Security, ce haut-parleur permet aux utilisateurs de recevoir des notifications imm\u00e9diates, essentielles pour la protection des installations.\" \/>\n<meta property=\"og:url\" content=\"https:\/\/nbgtele.com\/fr\/produit\/chekt-30w-ip-horn-outdoor-speaker\/\" \/>\n<meta property=\"og:site_name\" content=\"NBGTele.com\" \/>\n<meta property=\"article:modified_time\" content=\"2025-09-29T16:38:28+00:00\" \/>\n<meta property=\"og:image\" content=\"https:\/\/nbgtele.com\/wp-content\/uploads\/2025\/09\/CHeKT_IP_Speaker_sm__53115.webp\" \/>\n\t<meta property=\"og:image:width\" content=\"1280\" \/>\n\t<meta property=\"og:image:height\" content=\"1009\" \/>\n\t<meta property=\"og:image:type\" content=\"image\/webp\" \/>\n<meta name=\"twitter:card\" content=\"summary_large_image\" \/>\n<meta name=\"twitter:label1\" content=\"Dur\u00e9e de lecture estim\u00e9e\" \/>\n\t<meta name=\"twitter:data1\" content=\"1 minute\" \/>\n<script type=\"application\/ld+json\" class=\"yoast-schema-graph\">{\"@context\":\"https:\/\/schema.org\",\"@graph\":[{\"@type\":\"WebPage\",\"@id\":\"https:\/\/nbgtele.com\/fr\/produit\/chekt-30w-ip-horn-outdoor-speaker\/\",\"url\":\"https:\/\/nbgtele.com\/fr\/produit\/chekt-30w-ip-horn-outdoor-speaker\/\",\"name\":\"Haut-parleur d\u2019ext\u00e9rieur \u00e0 pavillon IP 30W CHeKT - NBGTele.com\",\"isPartOf\":{\"@id\":\"https:\/\/nbgtele.com\/fr\/#website\"},\"primaryImageOfPage\":{\"@id\":\"https:\/\/nbgtele.com\/fr\/produit\/chekt-30w-ip-horn-outdoor-speaker\/#primaryimage\"},\"image\":{\"@id\":\"https:\/\/nbgtele.com\/fr\/produit\/chekt-30w-ip-horn-outdoor-speaker\/#primaryimage\"},\"thumbnailUrl\":\"https:\/\/nbgtele.com\/wp-content\/uploads\/2025\/09\/CHeKT_IP_Speaker_sm__53115.webp\",\"datePublished\":\"2025-09-29T15:59:54+00:00\",\"dateModified\":\"2025-09-29T16:38:28+00:00\",\"breadcrumb\":{\"@id\":\"https:\/\/nbgtele.com\/fr\/produit\/chekt-30w-ip-horn-outdoor-speaker\/#breadcrumb\"},\"inLanguage\":\"fr-FR\",\"potentialAction\":[{\"@type\":\"ReadAction\",\"target\":[\"https:\/\/nbgtele.com\/fr\/produit\/chekt-30w-ip-horn-outdoor-speaker\/\"]}]},{\"@type\":\"ImageObject\",\"inLanguage\":\"fr-FR\",\"@id\":\"https:\/\/nbgtele.com\/fr\/produit\/chekt-30w-ip-horn-outdoor-speaker\/#primaryimage\",\"url\":\"https:\/\/nbgtele.com\/wp-content\/uploads\/2025\/09\/CHeKT_IP_Speaker_sm__53115.webp\",\"contentUrl\":\"https:\/\/nbgtele.com\/wp-content\/uploads\/2025\/09\/CHeKT_IP_Speaker_sm__53115.webp\",\"width\":1280,\"height\":1009},{\"@type\":\"BreadcrumbList\",\"@id\":\"https:\/\/nbgtele.com\/fr\/produit\/chekt-30w-ip-horn-outdoor-speaker\/#breadcrumb\",\"itemListElement\":[{\"@type\":\"ListItem\",\"position\":1,\"name\":\"Home\",\"item\":\"https:\/\/nbgtele.com\/fr\/\"},{\"@type\":\"ListItem\",\"position\":2,\"name\":\"Boutique\",\"item\":\"https:\/\/nbgtele.com\/fr\/boutique\/\"},{\"@type\":\"ListItem\",\"position\":3,\"name\":\"Haut-parleur d\u2019ext\u00e9rieur \u00e0 pavillon IP 30W CHeKT\"}]},{\"@type\":\"WebSite\",\"@id\":\"https:\/\/nbgtele.com\/fr\/#website\",\"url\":\"https:\/\/nbgtele.com\/fr\/\",\"name\":\"NBGTele.com\",\"description\":\"\",\"potentialAction\":[{\"@type\":\"SearchAction\",\"target\":{\"@type\":\"EntryPoint\",\"urlTemplate\":\"https:\/\/nbgtele.com\/fr\/?s={search_term_string}\"},\"query-input\":{\"@type\":\"PropertyValueSpecification\",\"valueRequired\":true,\"valueName\":\"search_term_string\"}}],\"inLanguage\":\"fr-FR\"}]}<\/script>\n<!-- \/ Yoast SEO plugin. -->","yoast_head_json":{"title":"Haut-parleur d\u2019ext\u00e9rieur \u00e0 pavillon IP 30W CHeKT - NBGTele.com","robots":{"index":"index","follow":"follow","max-snippet":"max-snippet:-1","max-image-preview":"max-image-preview:large","max-video-preview":"max-video-preview:-1"},"canonical":"https:\/\/nbgtele.com\/fr\/produit\/chekt-30w-ip-horn-outdoor-speaker\/","og_locale":"fr_FR","og_type":"article","og_title":"Haut-parleur d\u2019ext\u00e9rieur \u00e0 pavillon IP 30W CHeKT - NBGTele.com","og_description":"Le CHeKT CKIPS30W r\u00e9siste non seulement aux conditions ext\u00e9rieures difficiles gr\u00e2ce \u00e0 sa certification IP67 \u00e9tanche, mais offre \u00e9galement une qualit\u00e9 sonore sup\u00e9rieure pour les alertes en direct et automatis\u00e9es. Id\u00e9al pour une int\u00e9gration avec CHeKT Visual Security, ce haut-parleur permet aux utilisateurs de recevoir des notifications imm\u00e9diates, essentielles pour la protection des installations.","og_url":"https:\/\/nbgtele.com\/fr\/produit\/chekt-30w-ip-horn-outdoor-speaker\/","og_site_name":"NBGTele.com","article_modified_time":"2025-09-29T16:38:28+00:00","og_image":[{"width":1280,"height":1009,"url":"https:\/\/nbgtele.com\/wp-content\/uploads\/2025\/09\/CHeKT_IP_Speaker_sm__53115.webp","type":"image\/webp"}],"twitter_card":"summary_large_image","twitter_misc":{"Dur\u00e9e de lecture estim\u00e9e":"1 minute"},"schema":{"@context":"https:\/\/schema.org","@graph":[{"@type":"WebPage","@id":"https:\/\/nbgtele.com\/fr\/produit\/chekt-30w-ip-horn-outdoor-speaker\/","url":"https:\/\/nbgtele.com\/fr\/produit\/chekt-30w-ip-horn-outdoor-speaker\/","name":"Haut-parleur d\u2019ext\u00e9rieur \u00e0 pavillon IP 30W CHeKT - NBGTele.com","isPartOf":{"@id":"https:\/\/nbgtele.com\/fr\/#website"},"primaryImageOfPage":{"@id":"https:\/\/nbgtele.com\/fr\/produit\/chekt-30w-ip-horn-outdoor-speaker\/#primaryimage"},"image":{"@id":"https:\/\/nbgtele.com\/fr\/produit\/chekt-30w-ip-horn-outdoor-speaker\/#primaryimage"},"thumbnailUrl":"https:\/\/nbgtele.com\/wp-content\/uploads\/2025\/09\/CHeKT_IP_Speaker_sm__53115.webp","datePublished":"2025-09-29T15:59:54+00:00","dateModified":"2025-09-29T16:38:28+00:00","breadcrumb":{"@id":"https:\/\/nbgtele.com\/fr\/produit\/chekt-30w-ip-horn-outdoor-speaker\/#breadcrumb"},"inLanguage":"fr-FR","potentialAction":[{"@type":"ReadAction","target":["https:\/\/nbgtele.com\/fr\/produit\/chekt-30w-ip-horn-outdoor-speaker\/"]}]},{"@type":"ImageObject","inLanguage":"fr-FR","@id":"https:\/\/nbgtele.com\/fr\/produit\/chekt-30w-ip-horn-outdoor-speaker\/#primaryimage","url":"https:\/\/nbgtele.com\/wp-content\/uploads\/2025\/09\/CHeKT_IP_Speaker_sm__53115.webp","contentUrl":"https:\/\/nbgtele.com\/wp-content\/uploads\/2025\/09\/CHeKT_IP_Speaker_sm__53115.webp","width":1280,"height":1009},{"@type":"BreadcrumbList","@id":"https:\/\/nbgtele.com\/fr\/produit\/chekt-30w-ip-horn-outdoor-speaker\/#breadcrumb","itemListElement":[{"@type":"ListItem","position":1,"name":"Home","item":"https:\/\/nbgtele.com\/fr\/"},{"@type":"ListItem","position":2,"name":"Boutique","item":"https:\/\/nbgtele.com\/fr\/boutique\/"},{"@type":"ListItem","position":3,"name":"Haut-parleur d\u2019ext\u00e9rieur \u00e0 pavillon IP 30W CHeKT"}]},{"@type":"WebSite","@id":"https:\/\/nbgtele.com\/fr\/#website","url":"https:\/\/nbgtele.com\/fr\/","name":"NBGTele.com","description":"","potentialAction":[{"@type":"SearchAction","target":{"@type":"EntryPoint","urlTemplate":"https:\/\/nbgtele.com\/fr\/?s={search_term_string}"},"query-input":{"@type":"PropertyValueSpecification","valueRequired":true,"valueName":"search_term_string"}}],"inLanguage":"fr-FR"}]}},"_links":{"self":[{"href":"https:\/\/nbgtele.com\/fr\/wp-json\/wp\/v2\/product\/117520","targetHints":{"allow":["GET"]}}],"collection":[{"href":"https:\/\/nbgtele.com\/fr\/wp-json\/wp\/v2\/product"}],"about":[{"href":"https:\/\/nbgtele.com\/fr\/wp-json\/wp\/v2\/types\/product"}],"wp:featuredmedia":[{"embeddable":true,"href":"https:\/\/nbgtele.com\/fr\/wp-json\/wp\/v2\/media\/117515"}],"wp:attachment":[{"href":"https:\/\/nbgtele.com\/fr\/wp-json\/wp\/v2\/media?parent=117520"}],"wp:term":[{"taxonomy":"product_brand","embeddable":true,"href":"https:\/\/nbgtele.com\/fr\/wp-json\/wp\/v2\/product_brand?post=117520"},{"taxonomy":"product_cat","embeddable":true,"href":"https:\/\/nbgtele.com\/fr\/wp-json\/wp\/v2\/product_cat?post=117520"},{"taxonomy":"product_tag","embeddable":true,"href":"https:\/\/nbgtele.com\/fr\/wp-json\/wp\/v2\/product_tag?post=117520"},{"taxonomy":"brand","embeddable":true,"href":"https:\/\/nbgtele.com\/fr\/wp-json\/wp\/v2\/brand?post=117520"},{"taxonomy":"model","embeddable":true,"href":"https:\/\/nbgtele.com\/fr\/wp-json\/wp\/v2\/model?post=117520"},{"taxonomy":"profile","embeddable":true,"href":"https:\/\/nbgtele.com\/fr\/wp-json\/wp\/v2\/profile?post=117520"},{"taxonomy":"resolution","embeddable":true,"href":"https:\/\/nbgtele.com\/fr\/wp-json\/wp\/v2\/resolution?post=117520"},{"taxonomy":"lens","embeddable":true,"href":"https:\/\/nbgtele.com\/fr\/wp-json\/wp\/v2\/lens?post=117520"},{"taxonomy":"color","embeddable":true,"href":"https:\/\/nbgtele.com\/fr\/wp-json\/wp\/v2\/color?post=117520"},{"taxonomy":"ndaa_compliant","embeddable":true,"href":"https:\/\/nbgtele.com\/fr\/wp-json\/wp\/v2\/ndaa_compliant?post=117520"},{"taxonomy":"dual_voltage","embeddable":true,"href":"https:\/\/nbgtele.com\/fr\/wp-json\/wp\/v2\/dual_voltage?post=117520"},{"taxonomy":"ai","embeddable":true,"href":"https:\/\/nbgtele.com\/fr\/wp-json\/wp\/v2\/ai?post=117520"},{"taxonomy":"lite","embeddable":true,"href":"https:\/\/nbgtele.com\/fr\/wp-json\/wp\/v2\/lite?post=117520"},{"taxonomy":"infrared_perimeter","embeddable":true,"href":"https:\/\/nbgtele.com\/fr\/wp-json\/wp\/v2\/infrared_perimeter?post=117520"},{"taxonomy":"fixed_dome_microphone","embeddable":true,"href":"https:\/\/nbgtele.com\/fr\/wp-json\/wp\/v2\/fixed_dome_microphone?post=117520"},{"taxonomy":"analog_hd","embeddable":true,"href":"https:\/\/nbgtele.com\/fr\/wp-json\/wp\/v2\/analog_hd?post=117520"},{"taxonomy":"covert_camera","embeddable":true,"href":"https:\/\/nbgtele.com\/fr\/wp-json\/wp\/v2\/covert_camera?post=117520"},{"taxonomy":"internet_protocol","embeddable":true,"href":"https:\/\/nbgtele.com\/fr\/wp-json\/wp\/v2\/internet_protocol?post=117520"},{"taxonomy":"channels","embeddable":true,"href":"https:\/\/nbgtele.com\/fr\/wp-json\/wp\/v2\/channels?post=117520"},{"taxonomy":"ports","embeddable":true,"href":"https:\/\/nbgtele.com\/fr\/wp-json\/wp\/v2\/ports?post=117520"}],"curies":[{"name":"wp","href":"https:\/\/api.w.org\/{rel}","templated":true}]}}