{"id":117461,"date":"2025-09-25T08:42:34","date_gmt":"2025-09-25T12:42:34","guid":{"rendered":"https:\/\/nbgtele.com\/product\/libris-aura\/"},"modified":"2025-09-29T14:57:19","modified_gmt":"2025-09-29T18:57:19","slug":"libris-aura","status":"publish","type":"product","link":"https:\/\/nbgtele.com\/fr\/produit\/libris-aura\/","title":{"rendered":"Kit Libris Aura"},"content":{"rendered":"","protected":false},"excerpt":{"rendered":"<p><b>Libris Aura\u2122 \u2013 Dispositif de s\u00e9curit\u00e9 personnelle mobile<br \/>\n<\/b>Un syst\u00e8me de r\u00e9ponse d\u2019urgence personnelle mobile (mPERS) de nouvelle g\u00e9n\u00e9ration con\u00e7u pour ceux qui souhaitent vivre de mani\u00e8re autonome sans compromettre leur s\u00e9curit\u00e9. Avec une d\u00e9tection de chute am\u00e9lior\u00e9e, une autonomie prolong\u00e9e jusqu\u2019\u00e0 72 heures et une conception compacte et \u00e9l\u00e9gante, le Libris Aura\u2122 offre tranquillit\u00e9 d\u2019esprit aux utilisateurs et aux aidants. Gr\u00e2ce \u00e0 la plateforme infonuagique EverThere\u00ae, Aura combine connectivit\u00e9 avanc\u00e9e, suivi pr\u00e9cis de la localisation et interface intuitive pour un contr\u00f4le simple et quotidien.<\/p>\n<p><b>Ce que contient le kit<\/b><\/p>\n<ul>\n<li><span style=\"font-weight: 500;\">Appareil Libris Aura\u2122<\/span><\/li>\n<li><span style=\"font-weight: 500;\">Socle de recharge<\/span><\/li>\n<li><span style=\"font-weight: 500;\">Tour de cou \/ Lani\u00e8re<\/span><\/li>\n<li><span style=\"font-weight: 500;\">Pince ceinture<\/span><\/li>\n<\/ul>\n","protected":false},"featured_media":117449,"template":"","meta":{"_acf_changed":false},"product_brand":[],"product_cat":[245,78],"product_tag":[],"brand":[243],"model":[],"profile":[],"resolution":[],"lens":[],"color":[],"ndaa_compliant":[],"dual_voltage":[],"ai":[],"lite":[],"infrared_perimeter":[],"fixed_dome_microphone":[],"analog_hd":[],"covert_camera":[],"internet_protocol":[],"channels":[],"ports":[],"class_list":{"0":"post-117461","1":"product","2":"type-product","3":"status-publish","4":"has-post-thumbnail","6":"product_cat-medical-wellness-fr","7":"product_cat-kits-fr","8":"brand-numera-fr","9":"entry","11":"first","12":"onbackorder","13":"taxable","14":"shipping-taxable","15":"product-type-variable"},"acf":[],"wcpa_form_fields":null,"yoast_head":"<!-- This site is optimized with the Yoast SEO plugin v26.0 - https:\/\/yoast.com\/wordpress\/plugins\/seo\/ -->\n<title>Kit Libris Aura - NBGTele.com<\/title>\n<meta name=\"robots\" content=\"index, follow, max-snippet:-1, max-image-preview:large, max-video-preview:-1\" \/>\n<link rel=\"canonical\" href=\"https:\/\/nbgtele.com\/fr\/produit\/libris-aura\/\" \/>\n<meta property=\"og:locale\" content=\"fr_FR\" \/>\n<meta property=\"og:type\" content=\"article\" \/>\n<meta property=\"og:title\" content=\"Kit Libris Aura - NBGTele.com\" \/>\n<meta property=\"og:description\" content=\"Libris Aura\u2122 \u2013 Dispositif de s\u00e9curit\u00e9 personnelle mobile Un syst\u00e8me de r\u00e9ponse d\u2019urgence personnelle mobile (mPERS) de nouvelle g\u00e9n\u00e9ration con\u00e7u pour ceux qui souhaitent vivre de mani\u00e8re autonome sans compromettre leur s\u00e9curit\u00e9. Avec une d\u00e9tection de chute am\u00e9lior\u00e9e, une autonomie prolong\u00e9e jusqu\u2019\u00e0 72 heures et une conception compacte et \u00e9l\u00e9gante, le Libris Aura\u2122 offre tranquillit\u00e9 d\u2019esprit aux utilisateurs et aux aidants. Gr\u00e2ce \u00e0 la plateforme infonuagique EverThere\u00ae, Aura combine connectivit\u00e9 avanc\u00e9e, suivi pr\u00e9cis de la localisation et interface intuitive pour un contr\u00f4le simple et quotidien.  Ce que contient le kit   Appareil Libris Aura\u2122  Socle de recharge  Tour de cou \/ Lani\u00e8re  Pince ceinture\" \/>\n<meta property=\"og:url\" content=\"https:\/\/nbgtele.com\/fr\/produit\/libris-aura\/\" \/>\n<meta property=\"og:site_name\" content=\"NBGTele.com\" \/>\n<meta property=\"article:modified_time\" content=\"2025-09-29T18:57:19+00:00\" \/>\n<meta property=\"og:image\" content=\"https:\/\/nbgtele.com\/wp-content\/uploads\/2025\/09\/Libris-aura-duo.png\" \/>\n\t<meta property=\"og:image:width\" content=\"512\" \/>\n\t<meta property=\"og:image:height\" content=\"512\" \/>\n\t<meta property=\"og:image:type\" content=\"image\/png\" \/>\n<meta name=\"twitter:card\" content=\"summary_large_image\" \/>\n<meta name=\"twitter:label1\" content=\"Dur\u00e9e de lecture estim\u00e9e\" \/>\n\t<meta name=\"twitter:data1\" content=\"1 minute\" \/>\n<script type=\"application\/ld+json\" class=\"yoast-schema-graph\">{\"@context\":\"https:\/\/schema.org\",\"@graph\":[{\"@type\":\"WebPage\",\"@id\":\"https:\/\/nbgtele.com\/fr\/produit\/libris-aura\/\",\"url\":\"https:\/\/nbgtele.com\/fr\/produit\/libris-aura\/\",\"name\":\"Kit Libris Aura - NBGTele.com\",\"isPartOf\":{\"@id\":\"https:\/\/nbgtele.com\/fr\/#website\"},\"primaryImageOfPage\":{\"@id\":\"https:\/\/nbgtele.com\/fr\/produit\/libris-aura\/#primaryimage\"},\"image\":{\"@id\":\"https:\/\/nbgtele.com\/fr\/produit\/libris-aura\/#primaryimage\"},\"thumbnailUrl\":\"https:\/\/nbgtele.com\/wp-content\/uploads\/2025\/09\/Libris-aura-duo.png\",\"datePublished\":\"2025-09-25T12:42:34+00:00\",\"dateModified\":\"2025-09-29T18:57:19+00:00\",\"breadcrumb\":{\"@id\":\"https:\/\/nbgtele.com\/fr\/produit\/libris-aura\/#breadcrumb\"},\"inLanguage\":\"fr-FR\",\"potentialAction\":[{\"@type\":\"ReadAction\",\"target\":[\"https:\/\/nbgtele.com\/fr\/produit\/libris-aura\/\"]}]},{\"@type\":\"ImageObject\",\"inLanguage\":\"fr-FR\",\"@id\":\"https:\/\/nbgtele.com\/fr\/produit\/libris-aura\/#primaryimage\",\"url\":\"https:\/\/nbgtele.com\/wp-content\/uploads\/2025\/09\/Libris-aura-duo.png\",\"contentUrl\":\"https:\/\/nbgtele.com\/wp-content\/uploads\/2025\/09\/Libris-aura-duo.png\",\"width\":512,\"height\":512},{\"@type\":\"BreadcrumbList\",\"@id\":\"https:\/\/nbgtele.com\/fr\/produit\/libris-aura\/#breadcrumb\",\"itemListElement\":[{\"@type\":\"ListItem\",\"position\":1,\"name\":\"Home\",\"item\":\"https:\/\/nbgtele.com\/fr\/\"},{\"@type\":\"ListItem\",\"position\":2,\"name\":\"Boutique\",\"item\":\"https:\/\/nbgtele.com\/fr\/boutique\/\"},{\"@type\":\"ListItem\",\"position\":3,\"name\":\"Kit Libris Aura\"}]},{\"@type\":\"WebSite\",\"@id\":\"https:\/\/nbgtele.com\/fr\/#website\",\"url\":\"https:\/\/nbgtele.com\/fr\/\",\"name\":\"NBGTele.com\",\"description\":\"\",\"potentialAction\":[{\"@type\":\"SearchAction\",\"target\":{\"@type\":\"EntryPoint\",\"urlTemplate\":\"https:\/\/nbgtele.com\/fr\/?s={search_term_string}\"},\"query-input\":{\"@type\":\"PropertyValueSpecification\",\"valueRequired\":true,\"valueName\":\"search_term_string\"}}],\"inLanguage\":\"fr-FR\"}]}<\/script>\n<!-- \/ Yoast SEO plugin. -->","yoast_head_json":{"title":"Kit Libris Aura - NBGTele.com","robots":{"index":"index","follow":"follow","max-snippet":"max-snippet:-1","max-image-preview":"max-image-preview:large","max-video-preview":"max-video-preview:-1"},"canonical":"https:\/\/nbgtele.com\/fr\/produit\/libris-aura\/","og_locale":"fr_FR","og_type":"article","og_title":"Kit Libris Aura - NBGTele.com","og_description":"Libris Aura\u2122 \u2013 Dispositif de s\u00e9curit\u00e9 personnelle mobile Un syst\u00e8me de r\u00e9ponse d\u2019urgence personnelle mobile (mPERS) de nouvelle g\u00e9n\u00e9ration con\u00e7u pour ceux qui souhaitent vivre de mani\u00e8re autonome sans compromettre leur s\u00e9curit\u00e9. Avec une d\u00e9tection de chute am\u00e9lior\u00e9e, une autonomie prolong\u00e9e jusqu\u2019\u00e0 72 heures et une conception compacte et \u00e9l\u00e9gante, le Libris Aura\u2122 offre tranquillit\u00e9 d\u2019esprit aux utilisateurs et aux aidants. Gr\u00e2ce \u00e0 la plateforme infonuagique EverThere\u00ae, Aura combine connectivit\u00e9 avanc\u00e9e, suivi pr\u00e9cis de la localisation et interface intuitive pour un contr\u00f4le simple et quotidien.  Ce que contient le kit   Appareil Libris Aura\u2122  Socle de recharge  Tour de cou \/ Lani\u00e8re  Pince ceinture","og_url":"https:\/\/nbgtele.com\/fr\/produit\/libris-aura\/","og_site_name":"NBGTele.com","article_modified_time":"2025-09-29T18:57:19+00:00","og_image":[{"width":512,"height":512,"url":"https:\/\/nbgtele.com\/wp-content\/uploads\/2025\/09\/Libris-aura-duo.png","type":"image\/png"}],"twitter_card":"summary_large_image","twitter_misc":{"Dur\u00e9e de lecture estim\u00e9e":"1 minute"},"schema":{"@context":"https:\/\/schema.org","@graph":[{"@type":"WebPage","@id":"https:\/\/nbgtele.com\/fr\/produit\/libris-aura\/","url":"https:\/\/nbgtele.com\/fr\/produit\/libris-aura\/","name":"Kit Libris Aura - NBGTele.com","isPartOf":{"@id":"https:\/\/nbgtele.com\/fr\/#website"},"primaryImageOfPage":{"@id":"https:\/\/nbgtele.com\/fr\/produit\/libris-aura\/#primaryimage"},"image":{"@id":"https:\/\/nbgtele.com\/fr\/produit\/libris-aura\/#primaryimage"},"thumbnailUrl":"https:\/\/nbgtele.com\/wp-content\/uploads\/2025\/09\/Libris-aura-duo.png","datePublished":"2025-09-25T12:42:34+00:00","dateModified":"2025-09-29T18:57:19+00:00","breadcrumb":{"@id":"https:\/\/nbgtele.com\/fr\/produit\/libris-aura\/#breadcrumb"},"inLanguage":"fr-FR","potentialAction":[{"@type":"ReadAction","target":["https:\/\/nbgtele.com\/fr\/produit\/libris-aura\/"]}]},{"@type":"ImageObject","inLanguage":"fr-FR","@id":"https:\/\/nbgtele.com\/fr\/produit\/libris-aura\/#primaryimage","url":"https:\/\/nbgtele.com\/wp-content\/uploads\/2025\/09\/Libris-aura-duo.png","contentUrl":"https:\/\/nbgtele.com\/wp-content\/uploads\/2025\/09\/Libris-aura-duo.png","width":512,"height":512},{"@type":"BreadcrumbList","@id":"https:\/\/nbgtele.com\/fr\/produit\/libris-aura\/#breadcrumb","itemListElement":[{"@type":"ListItem","position":1,"name":"Home","item":"https:\/\/nbgtele.com\/fr\/"},{"@type":"ListItem","position":2,"name":"Boutique","item":"https:\/\/nbgtele.com\/fr\/boutique\/"},{"@type":"ListItem","position":3,"name":"Kit Libris Aura"}]},{"@type":"WebSite","@id":"https:\/\/nbgtele.com\/fr\/#website","url":"https:\/\/nbgtele.com\/fr\/","name":"NBGTele.com","description":"","potentialAction":[{"@type":"SearchAction","target":{"@type":"EntryPoint","urlTemplate":"https:\/\/nbgtele.com\/fr\/?s={search_term_string}"},"query-input":{"@type":"PropertyValueSpecification","valueRequired":true,"valueName":"search_term_string"}}],"inLanguage":"fr-FR"}]}},"_links":{"self":[{"href":"https:\/\/nbgtele.com\/fr\/wp-json\/wp\/v2\/product\/117461","targetHints":{"allow":["GET"]}}],"collection":[{"href":"https:\/\/nbgtele.com\/fr\/wp-json\/wp\/v2\/product"}],"about":[{"href":"https:\/\/nbgtele.com\/fr\/wp-json\/wp\/v2\/types\/product"}],"wp:featuredmedia":[{"embeddable":true,"href":"https:\/\/nbgtele.com\/fr\/wp-json\/wp\/v2\/media\/117449"}],"wp:attachment":[{"href":"https:\/\/nbgtele.com\/fr\/wp-json\/wp\/v2\/media?parent=117461"}],"wp:term":[{"taxonomy":"product_brand","embeddable":true,"href":"https:\/\/nbgtele.com\/fr\/wp-json\/wp\/v2\/product_brand?post=117461"},{"taxonomy":"product_cat","embeddable":true,"href":"https:\/\/nbgtele.com\/fr\/wp-json\/wp\/v2\/product_cat?post=117461"},{"taxonomy":"product_tag","embeddable":true,"href":"https:\/\/nbgtele.com\/fr\/wp-json\/wp\/v2\/product_tag?post=117461"},{"taxonomy":"brand","embeddable":true,"href":"https:\/\/nbgtele.com\/fr\/wp-json\/wp\/v2\/brand?post=117461"},{"taxonomy":"model","embeddable":true,"href":"https:\/\/nbgtele.com\/fr\/wp-json\/wp\/v2\/model?post=117461"},{"taxonomy":"profile","embeddable":true,"href":"https:\/\/nbgtele.com\/fr\/wp-json\/wp\/v2\/profile?post=117461"},{"taxonomy":"resolution","embeddable":true,"href":"https:\/\/nbgtele.com\/fr\/wp-json\/wp\/v2\/resolution?post=117461"},{"taxonomy":"lens","embeddable":true,"href":"https:\/\/nbgtele.com\/fr\/wp-json\/wp\/v2\/lens?post=117461"},{"taxonomy":"color","embeddable":true,"href":"https:\/\/nbgtele.com\/fr\/wp-json\/wp\/v2\/color?post=117461"},{"taxonomy":"ndaa_compliant","embeddable":true,"href":"https:\/\/nbgtele.com\/fr\/wp-json\/wp\/v2\/ndaa_compliant?post=117461"},{"taxonomy":"dual_voltage","embeddable":true,"href":"https:\/\/nbgtele.com\/fr\/wp-json\/wp\/v2\/dual_voltage?post=117461"},{"taxonomy":"ai","embeddable":true,"href":"https:\/\/nbgtele.com\/fr\/wp-json\/wp\/v2\/ai?post=117461"},{"taxonomy":"lite","embeddable":true,"href":"https:\/\/nbgtele.com\/fr\/wp-json\/wp\/v2\/lite?post=117461"},{"taxonomy":"infrared_perimeter","embeddable":true,"href":"https:\/\/nbgtele.com\/fr\/wp-json\/wp\/v2\/infrared_perimeter?post=117461"},{"taxonomy":"fixed_dome_microphone","embeddable":true,"href":"https:\/\/nbgtele.com\/fr\/wp-json\/wp\/v2\/fixed_dome_microphone?post=117461"},{"taxonomy":"analog_hd","embeddable":true,"href":"https:\/\/nbgtele.com\/fr\/wp-json\/wp\/v2\/analog_hd?post=117461"},{"taxonomy":"covert_camera","embeddable":true,"href":"https:\/\/nbgtele.com\/fr\/wp-json\/wp\/v2\/covert_camera?post=117461"},{"taxonomy":"internet_protocol","embeddable":true,"href":"https:\/\/nbgtele.com\/fr\/wp-json\/wp\/v2\/internet_protocol?post=117461"},{"taxonomy":"channels","embeddable":true,"href":"https:\/\/nbgtele.com\/fr\/wp-json\/wp\/v2\/channels?post=117461"},{"taxonomy":"ports","embeddable":true,"href":"https:\/\/nbgtele.com\/fr\/wp-json\/wp\/v2\/ports?post=117461"}],"curies":[{"name":"wp","href":"https:\/\/api.w.org\/{rel}","templated":true}]}}