{"id":113316,"date":"2025-03-26T16:08:42","date_gmt":"2025-03-26T20:08:42","guid":{"rendered":"https:\/\/nbgtele.com\/product\/mn01-lte-m-px\/"},"modified":"2025-10-08T16:18:47","modified_gmt":"2025-10-08T20:18:47","slug":"mn01-lte-m-px","status":"publish","type":"product","link":"https:\/\/nbgtele.com\/fr\/produit\/mn01-lte-m-px\/","title":{"rendered":"MN01-LTE-M-PX"},"content":{"rendered":"","protected":false},"excerpt":{"rendered":"<p style=\"font-weight: 400;\"><strong>MN01-LTE-M-PX<\/strong> prend en charge la connexion Paradox Keybus pour tous les panneaux Spectra, Magellan et Evo.<\/p>\n<p style=\"font-weight: 400;\">Il offre un rapport d\u2019\u00e9v\u00e9nements complet et un contr\u00f4le total du panneau via notre application, incluant :<\/p>\n<ul>\n<li>Contr\u00f4le de plusieurs partitions \u2013 Armement (total et partiel) et d\u00e9sarmement \u00e0 distance<\/li>\n<li>Surveillance et exclusion des zones<\/li>\n<li>Contr\u00f4le des sorties PGM<\/li>\n<li>Configuration des codes utilisateurs du panneau<\/li>\n<\/ul>\n","protected":false},"featured_media":113315,"template":"","meta":{"_acf_changed":false},"product_brand":[],"product_cat":[53],"product_tag":[],"brand":[196],"model":[],"profile":[],"resolution":[],"lens":[],"color":[],"ndaa_compliant":[],"dual_voltage":[],"ai":[],"lite":[],"infrared_perimeter":[],"fixed_dome_microphone":[],"analog_hd":[],"covert_camera":[],"internet_protocol":[],"channels":[],"ports":[],"class_list":{"0":"post-113316","1":"product","2":"type-product","3":"status-publish","4":"has-post-thumbnail","6":"product_cat-alarm-communicators-fr","7":"product_shipping_class-hide-flat-rate-fr","8":"brand-m2m-fr","9":"entry","11":"first","12":"onbackorder","13":"taxable","14":"shipping-taxable","15":"product-type-simple"},"acf":[],"wcpa_form_fields":null,"yoast_head":"<!-- This site is optimized with the Yoast SEO plugin v26.0 - https:\/\/yoast.com\/wordpress\/plugins\/seo\/ -->\n<title>MN01-LTE-M-PX - NBGTele.com<\/title>\n<meta name=\"robots\" content=\"index, follow, max-snippet:-1, max-image-preview:large, max-video-preview:-1\" \/>\n<link rel=\"canonical\" href=\"https:\/\/nbgtele.com\/fr\/produit\/mn01-lte-m-px\/\" \/>\n<meta property=\"og:locale\" content=\"fr_FR\" \/>\n<meta property=\"og:type\" content=\"article\" \/>\n<meta property=\"og:title\" content=\"MN01-LTE-M-PX - NBGTele.com\" \/>\n<meta property=\"og:description\" content=\"MN01-LTE-M-PX prend en charge la connexion Paradox Keybus pour tous les panneaux Spectra, Magellan et Evo. Il offre un rapport d\u2019\u00e9v\u00e9nements complet et un contr\u00f4le total du panneau via notre application, incluant :    Contr\u00f4le de plusieurs partitions \u2013 Armement (total et partiel) et d\u00e9sarmement \u00e0 distance  Surveillance et exclusion des zones  Contr\u00f4le des sorties PGM  Configuration des codes utilisateurs du panneau\" \/>\n<meta property=\"og:url\" content=\"https:\/\/nbgtele.com\/fr\/produit\/mn01-lte-m-px\/\" \/>\n<meta property=\"og:site_name\" content=\"NBGTele.com\" \/>\n<meta property=\"article:modified_time\" content=\"2025-10-08T20:18:47+00:00\" \/>\n<meta property=\"og:image\" content=\"https:\/\/nbgtele.com\/wp-content\/uploads\/2025\/03\/M2Mparadox.png\" \/>\n\t<meta property=\"og:image:width\" content=\"1000\" \/>\n\t<meta property=\"og:image:height\" content=\"707\" \/>\n\t<meta property=\"og:image:type\" content=\"image\/png\" \/>\n<meta name=\"twitter:card\" content=\"summary_large_image\" \/>\n<meta name=\"twitter:label1\" content=\"Dur\u00e9e de lecture estim\u00e9e\" \/>\n\t<meta name=\"twitter:data1\" content=\"1 minute\" \/>\n<script type=\"application\/ld+json\" class=\"yoast-schema-graph\">{\"@context\":\"https:\/\/schema.org\",\"@graph\":[{\"@type\":\"WebPage\",\"@id\":\"https:\/\/nbgtele.com\/fr\/produit\/mn01-lte-m-px\/\",\"url\":\"https:\/\/nbgtele.com\/fr\/produit\/mn01-lte-m-px\/\",\"name\":\"MN01-LTE-M-PX - NBGTele.com\",\"isPartOf\":{\"@id\":\"https:\/\/nbgtele.com\/fr\/#website\"},\"primaryImageOfPage\":{\"@id\":\"https:\/\/nbgtele.com\/fr\/produit\/mn01-lte-m-px\/#primaryimage\"},\"image\":{\"@id\":\"https:\/\/nbgtele.com\/fr\/produit\/mn01-lte-m-px\/#primaryimage\"},\"thumbnailUrl\":\"https:\/\/nbgtele.com\/wp-content\/uploads\/2025\/03\/M2Mparadox.png\",\"datePublished\":\"2025-03-26T20:08:42+00:00\",\"dateModified\":\"2025-10-08T20:18:47+00:00\",\"breadcrumb\":{\"@id\":\"https:\/\/nbgtele.com\/fr\/produit\/mn01-lte-m-px\/#breadcrumb\"},\"inLanguage\":\"fr-FR\",\"potentialAction\":[{\"@type\":\"ReadAction\",\"target\":[\"https:\/\/nbgtele.com\/fr\/produit\/mn01-lte-m-px\/\"]}]},{\"@type\":\"ImageObject\",\"inLanguage\":\"fr-FR\",\"@id\":\"https:\/\/nbgtele.com\/fr\/produit\/mn01-lte-m-px\/#primaryimage\",\"url\":\"https:\/\/nbgtele.com\/wp-content\/uploads\/2025\/03\/M2Mparadox.png\",\"contentUrl\":\"https:\/\/nbgtele.com\/wp-content\/uploads\/2025\/03\/M2Mparadox.png\",\"width\":1000,\"height\":707},{\"@type\":\"BreadcrumbList\",\"@id\":\"https:\/\/nbgtele.com\/fr\/produit\/mn01-lte-m-px\/#breadcrumb\",\"itemListElement\":[{\"@type\":\"ListItem\",\"position\":1,\"name\":\"Home\",\"item\":\"https:\/\/nbgtele.com\/fr\/\"},{\"@type\":\"ListItem\",\"position\":2,\"name\":\"Boutique\",\"item\":\"https:\/\/nbgtele.com\/fr\/boutique\/\"},{\"@type\":\"ListItem\",\"position\":3,\"name\":\"MN01-LTE-M-PX\"}]},{\"@type\":\"WebSite\",\"@id\":\"https:\/\/nbgtele.com\/fr\/#website\",\"url\":\"https:\/\/nbgtele.com\/fr\/\",\"name\":\"NBGTele.com\",\"description\":\"\",\"potentialAction\":[{\"@type\":\"SearchAction\",\"target\":{\"@type\":\"EntryPoint\",\"urlTemplate\":\"https:\/\/nbgtele.com\/fr\/?s={search_term_string}\"},\"query-input\":{\"@type\":\"PropertyValueSpecification\",\"valueRequired\":true,\"valueName\":\"search_term_string\"}}],\"inLanguage\":\"fr-FR\"}]}<\/script>\n<!-- \/ Yoast SEO plugin. -->","yoast_head_json":{"title":"MN01-LTE-M-PX - NBGTele.com","robots":{"index":"index","follow":"follow","max-snippet":"max-snippet:-1","max-image-preview":"max-image-preview:large","max-video-preview":"max-video-preview:-1"},"canonical":"https:\/\/nbgtele.com\/fr\/produit\/mn01-lte-m-px\/","og_locale":"fr_FR","og_type":"article","og_title":"MN01-LTE-M-PX - NBGTele.com","og_description":"MN01-LTE-M-PX prend en charge la connexion Paradox Keybus pour tous les panneaux Spectra, Magellan et Evo. Il offre un rapport d\u2019\u00e9v\u00e9nements complet et un contr\u00f4le total du panneau via notre application, incluant :    Contr\u00f4le de plusieurs partitions \u2013 Armement (total et partiel) et d\u00e9sarmement \u00e0 distance  Surveillance et exclusion des zones  Contr\u00f4le des sorties PGM  Configuration des codes utilisateurs du panneau","og_url":"https:\/\/nbgtele.com\/fr\/produit\/mn01-lte-m-px\/","og_site_name":"NBGTele.com","article_modified_time":"2025-10-08T20:18:47+00:00","og_image":[{"width":1000,"height":707,"url":"https:\/\/nbgtele.com\/wp-content\/uploads\/2025\/03\/M2Mparadox.png","type":"image\/png"}],"twitter_card":"summary_large_image","twitter_misc":{"Dur\u00e9e de lecture estim\u00e9e":"1 minute"},"schema":{"@context":"https:\/\/schema.org","@graph":[{"@type":"WebPage","@id":"https:\/\/nbgtele.com\/fr\/produit\/mn01-lte-m-px\/","url":"https:\/\/nbgtele.com\/fr\/produit\/mn01-lte-m-px\/","name":"MN01-LTE-M-PX - NBGTele.com","isPartOf":{"@id":"https:\/\/nbgtele.com\/fr\/#website"},"primaryImageOfPage":{"@id":"https:\/\/nbgtele.com\/fr\/produit\/mn01-lte-m-px\/#primaryimage"},"image":{"@id":"https:\/\/nbgtele.com\/fr\/produit\/mn01-lte-m-px\/#primaryimage"},"thumbnailUrl":"https:\/\/nbgtele.com\/wp-content\/uploads\/2025\/03\/M2Mparadox.png","datePublished":"2025-03-26T20:08:42+00:00","dateModified":"2025-10-08T20:18:47+00:00","breadcrumb":{"@id":"https:\/\/nbgtele.com\/fr\/produit\/mn01-lte-m-px\/#breadcrumb"},"inLanguage":"fr-FR","potentialAction":[{"@type":"ReadAction","target":["https:\/\/nbgtele.com\/fr\/produit\/mn01-lte-m-px\/"]}]},{"@type":"ImageObject","inLanguage":"fr-FR","@id":"https:\/\/nbgtele.com\/fr\/produit\/mn01-lte-m-px\/#primaryimage","url":"https:\/\/nbgtele.com\/wp-content\/uploads\/2025\/03\/M2Mparadox.png","contentUrl":"https:\/\/nbgtele.com\/wp-content\/uploads\/2025\/03\/M2Mparadox.png","width":1000,"height":707},{"@type":"BreadcrumbList","@id":"https:\/\/nbgtele.com\/fr\/produit\/mn01-lte-m-px\/#breadcrumb","itemListElement":[{"@type":"ListItem","position":1,"name":"Home","item":"https:\/\/nbgtele.com\/fr\/"},{"@type":"ListItem","position":2,"name":"Boutique","item":"https:\/\/nbgtele.com\/fr\/boutique\/"},{"@type":"ListItem","position":3,"name":"MN01-LTE-M-PX"}]},{"@type":"WebSite","@id":"https:\/\/nbgtele.com\/fr\/#website","url":"https:\/\/nbgtele.com\/fr\/","name":"NBGTele.com","description":"","potentialAction":[{"@type":"SearchAction","target":{"@type":"EntryPoint","urlTemplate":"https:\/\/nbgtele.com\/fr\/?s={search_term_string}"},"query-input":{"@type":"PropertyValueSpecification","valueRequired":true,"valueName":"search_term_string"}}],"inLanguage":"fr-FR"}]}},"_links":{"self":[{"href":"https:\/\/nbgtele.com\/fr\/wp-json\/wp\/v2\/product\/113316","targetHints":{"allow":["GET"]}}],"collection":[{"href":"https:\/\/nbgtele.com\/fr\/wp-json\/wp\/v2\/product"}],"about":[{"href":"https:\/\/nbgtele.com\/fr\/wp-json\/wp\/v2\/types\/product"}],"wp:featuredmedia":[{"embeddable":true,"href":"https:\/\/nbgtele.com\/fr\/wp-json\/wp\/v2\/media\/113315"}],"wp:attachment":[{"href":"https:\/\/nbgtele.com\/fr\/wp-json\/wp\/v2\/media?parent=113316"}],"wp:term":[{"taxonomy":"product_brand","embeddable":true,"href":"https:\/\/nbgtele.com\/fr\/wp-json\/wp\/v2\/product_brand?post=113316"},{"taxonomy":"product_cat","embeddable":true,"href":"https:\/\/nbgtele.com\/fr\/wp-json\/wp\/v2\/product_cat?post=113316"},{"taxonomy":"product_tag","embeddable":true,"href":"https:\/\/nbgtele.com\/fr\/wp-json\/wp\/v2\/product_tag?post=113316"},{"taxonomy":"brand","embeddable":true,"href":"https:\/\/nbgtele.com\/fr\/wp-json\/wp\/v2\/brand?post=113316"},{"taxonomy":"model","embeddable":true,"href":"https:\/\/nbgtele.com\/fr\/wp-json\/wp\/v2\/model?post=113316"},{"taxonomy":"profile","embeddable":true,"href":"https:\/\/nbgtele.com\/fr\/wp-json\/wp\/v2\/profile?post=113316"},{"taxonomy":"resolution","embeddable":true,"href":"https:\/\/nbgtele.com\/fr\/wp-json\/wp\/v2\/resolution?post=113316"},{"taxonomy":"lens","embeddable":true,"href":"https:\/\/nbgtele.com\/fr\/wp-json\/wp\/v2\/lens?post=113316"},{"taxonomy":"color","embeddable":true,"href":"https:\/\/nbgtele.com\/fr\/wp-json\/wp\/v2\/color?post=113316"},{"taxonomy":"ndaa_compliant","embeddable":true,"href":"https:\/\/nbgtele.com\/fr\/wp-json\/wp\/v2\/ndaa_compliant?post=113316"},{"taxonomy":"dual_voltage","embeddable":true,"href":"https:\/\/nbgtele.com\/fr\/wp-json\/wp\/v2\/dual_voltage?post=113316"},{"taxonomy":"ai","embeddable":true,"href":"https:\/\/nbgtele.com\/fr\/wp-json\/wp\/v2\/ai?post=113316"},{"taxonomy":"lite","embeddable":true,"href":"https:\/\/nbgtele.com\/fr\/wp-json\/wp\/v2\/lite?post=113316"},{"taxonomy":"infrared_perimeter","embeddable":true,"href":"https:\/\/nbgtele.com\/fr\/wp-json\/wp\/v2\/infrared_perimeter?post=113316"},{"taxonomy":"fixed_dome_microphone","embeddable":true,"href":"https:\/\/nbgtele.com\/fr\/wp-json\/wp\/v2\/fixed_dome_microphone?post=113316"},{"taxonomy":"analog_hd","embeddable":true,"href":"https:\/\/nbgtele.com\/fr\/wp-json\/wp\/v2\/analog_hd?post=113316"},{"taxonomy":"covert_camera","embeddable":true,"href":"https:\/\/nbgtele.com\/fr\/wp-json\/wp\/v2\/covert_camera?post=113316"},{"taxonomy":"internet_protocol","embeddable":true,"href":"https:\/\/nbgtele.com\/fr\/wp-json\/wp\/v2\/internet_protocol?post=113316"},{"taxonomy":"channels","embeddable":true,"href":"https:\/\/nbgtele.com\/fr\/wp-json\/wp\/v2\/channels?post=113316"},{"taxonomy":"ports","embeddable":true,"href":"https:\/\/nbgtele.com\/fr\/wp-json\/wp\/v2\/ports?post=113316"}],"curies":[{"name":"wp","href":"https:\/\/api.w.org\/{rel}","templated":true}]}}