{"id":111014,"date":"2024-12-16T16:18:19","date_gmt":"2024-12-16T20:18:19","guid":{"rendered":"https:\/\/nbgtele.com\/product\/x-eyeball-4mp-4k-camera-with-ai\/"},"modified":"2025-05-26T15:54:45","modified_gmt":"2025-05-26T19:54:45","slug":"x-eyeball-4mp-4k-camera-with-ai","status":"publish","type":"product","link":"https:\/\/nbgtele.com\/fr\/produit\/x-eyeball-4mp-4k-camera-with-ai\/","title":{"rendered":"X Eyeball 4MP\/4K Camera with AI"},"content":{"rendered":"","protected":false},"excerpt":{"rendered":"<p><span style=\"font-weight: 400;\">La cam\u00e9ra IP XEBFATVIP4MP28-AI-E est une cam\u00e9ra 4 m\u00e9gapixels (4MP) con\u00e7ue pour une surveillance exceptionnelle. Elle dispose d\u2019une vision nocturne infrarouge (IR) allant jusqu\u2019\u00e0 25 m\u00e8tres, garantissant une s\u00e9curit\u00e9 optimale de jour comme de nuit. Son objectif de 2,8 mm offre un champ de vision large et d\u00e9taill\u00e9. \u00c9quip\u00e9e de fonctionnalit\u00e9s Eco AI, elle propose une d\u00e9tection intelligente pour une r\u00e9activit\u00e9 accrue. Les utilisateurs peuvent enregistrer des vid\u00e9os sur une carte SD d\u2019une capacit\u00e9 maximale de 256 Go et utiliser les fonctionnalit\u00e9s audio int\u00e9gr\u00e9es, y compris un haut-parleur et un microphone. Robuste, cette cam\u00e9ra b\u00e9n\u00e9ficie d\u2019un indice de protection IP67, la rendant adapt\u00e9e aux conditions difficiles. Elle prend en charge des options d\u2019alimentation flexibles avec une alimentation DC 12V (maximum 6,2W) ou Power over Ethernet (PoE) \u00e0 48V (maximum 7,5W). De plus, elle est conforme aux normes NDAA, garantissant une utilisation fiable et s\u00e9curis\u00e9e.<\/span><span style=\"font-weight: 400;\"><br \/>\n<\/span><\/p>\n","protected":false},"featured_media":111011,"template":"","meta":{"_acf_changed":false},"product_brand":[],"product_cat":[77],"product_tag":[247],"brand":[195],"model":[],"profile":[],"resolution":[],"lens":[],"color":[],"ndaa_compliant":[],"dual_voltage":[],"ai":[],"lite":[],"infrared_perimeter":[],"fixed_dome_microphone":[],"analog_hd":[],"covert_camera":[],"internet_protocol":[],"channels":[],"ports":[],"class_list":{"0":"post-111014","1":"product","2":"type-product","3":"status-publish","4":"has-post-thumbnail","6":"product_cat-accessories-fr","7":"product_tag-gsd-fr","8":"brand-gsd-fr","9":"entry","11":"first","12":"instock","13":"taxable","14":"shipping-taxable","15":"product-type-simple"},"acf":[],"wcpa_form_fields":null,"yoast_head":"<!-- This site is optimized with the Yoast SEO plugin v26.0 - https:\/\/yoast.com\/wordpress\/plugins\/seo\/ -->\n<title>X Eyeball 4MP\/4K Camera with AI - NBGTele.com<\/title>\n<meta name=\"robots\" content=\"index, follow, max-snippet:-1, max-image-preview:large, max-video-preview:-1\" \/>\n<link rel=\"canonical\" href=\"https:\/\/nbgtele.com\/fr\/produit\/x-eyeball-4mp-4k-camera-with-ai\/\" \/>\n<meta property=\"og:locale\" content=\"fr_FR\" \/>\n<meta property=\"og:type\" content=\"article\" \/>\n<meta property=\"og:title\" content=\"X Eyeball 4MP\/4K Camera with AI - NBGTele.com\" \/>\n<meta property=\"og:description\" content=\"La cam\u00e9ra IP XEBFATVIP4MP28-AI-E est une cam\u00e9ra 4 m\u00e9gapixels (4MP) con\u00e7ue pour une surveillance exceptionnelle. Elle dispose d\u2019une vision nocturne infrarouge (IR) allant jusqu\u2019\u00e0 25 m\u00e8tres, garantissant une s\u00e9curit\u00e9 optimale de jour comme de nuit. Son objectif de 2,8 mm offre un champ de vision large et d\u00e9taill\u00e9. \u00c9quip\u00e9e de fonctionnalit\u00e9s Eco AI, elle propose une d\u00e9tection intelligente pour une r\u00e9activit\u00e9 accrue. Les utilisateurs peuvent enregistrer des vid\u00e9os sur une carte SD d\u2019une capacit\u00e9 maximale de 256 Go et utiliser les fonctionnalit\u00e9s audio int\u00e9gr\u00e9es, y compris un haut-parleur et un microphone. Robuste, cette cam\u00e9ra b\u00e9n\u00e9ficie d\u2019un indice de protection IP67, la rendant adapt\u00e9e aux conditions difficiles. Elle prend en charge des options d\u2019alimentation flexibles avec une alimentation DC 12V (maximum 6,2W) ou Power over Ethernet (PoE) \u00e0 48V (maximum 7,5W). De plus, elle est conforme aux normes NDAA, garantissant une utilisation fiable et s\u00e9curis\u00e9e.\" \/>\n<meta property=\"og:url\" content=\"https:\/\/nbgtele.com\/fr\/produit\/x-eyeball-4mp-4k-camera-with-ai\/\" \/>\n<meta property=\"og:site_name\" content=\"NBGTele.com\" \/>\n<meta property=\"article:modified_time\" content=\"2025-05-26T19:54:45+00:00\" \/>\n<meta property=\"og:image\" content=\"https:\/\/nbgtele.com\/wp-content\/uploads\/2024\/12\/xebfatvip4mp28-ai-e.png\" \/>\n\t<meta property=\"og:image:width\" content=\"1000\" \/>\n\t<meta property=\"og:image:height\" content=\"1000\" \/>\n\t<meta property=\"og:image:type\" content=\"image\/png\" \/>\n<meta name=\"twitter:card\" content=\"summary_large_image\" \/>\n<meta name=\"twitter:label1\" content=\"Dur\u00e9e de lecture estim\u00e9e\" \/>\n\t<meta name=\"twitter:data1\" content=\"1 minute\" \/>\n<script type=\"application\/ld+json\" class=\"yoast-schema-graph\">{\"@context\":\"https:\/\/schema.org\",\"@graph\":[{\"@type\":\"WebPage\",\"@id\":\"https:\/\/nbgtele.com\/fr\/produit\/x-eyeball-4mp-4k-camera-with-ai\/\",\"url\":\"https:\/\/nbgtele.com\/fr\/produit\/x-eyeball-4mp-4k-camera-with-ai\/\",\"name\":\"X Eyeball 4MP\/4K Camera with AI - NBGTele.com\",\"isPartOf\":{\"@id\":\"https:\/\/nbgtele.com\/fr\/#website\"},\"primaryImageOfPage\":{\"@id\":\"https:\/\/nbgtele.com\/fr\/produit\/x-eyeball-4mp-4k-camera-with-ai\/#primaryimage\"},\"image\":{\"@id\":\"https:\/\/nbgtele.com\/fr\/produit\/x-eyeball-4mp-4k-camera-with-ai\/#primaryimage\"},\"thumbnailUrl\":\"https:\/\/nbgtele.com\/wp-content\/uploads\/2024\/12\/xebfatvip4mp28-ai-e.png\",\"datePublished\":\"2024-12-16T20:18:19+00:00\",\"dateModified\":\"2025-05-26T19:54:45+00:00\",\"breadcrumb\":{\"@id\":\"https:\/\/nbgtele.com\/fr\/produit\/x-eyeball-4mp-4k-camera-with-ai\/#breadcrumb\"},\"inLanguage\":\"fr-FR\",\"potentialAction\":[{\"@type\":\"ReadAction\",\"target\":[\"https:\/\/nbgtele.com\/fr\/produit\/x-eyeball-4mp-4k-camera-with-ai\/\"]}]},{\"@type\":\"ImageObject\",\"inLanguage\":\"fr-FR\",\"@id\":\"https:\/\/nbgtele.com\/fr\/produit\/x-eyeball-4mp-4k-camera-with-ai\/#primaryimage\",\"url\":\"https:\/\/nbgtele.com\/wp-content\/uploads\/2024\/12\/xebfatvip4mp28-ai-e.png\",\"contentUrl\":\"https:\/\/nbgtele.com\/wp-content\/uploads\/2024\/12\/xebfatvip4mp28-ai-e.png\",\"width\":1000,\"height\":1000},{\"@type\":\"BreadcrumbList\",\"@id\":\"https:\/\/nbgtele.com\/fr\/produit\/x-eyeball-4mp-4k-camera-with-ai\/#breadcrumb\",\"itemListElement\":[{\"@type\":\"ListItem\",\"position\":1,\"name\":\"Home\",\"item\":\"https:\/\/nbgtele.com\/fr\/\"},{\"@type\":\"ListItem\",\"position\":2,\"name\":\"Boutique\",\"item\":\"https:\/\/nbgtele.com\/fr\/boutique\/\"},{\"@type\":\"ListItem\",\"position\":3,\"name\":\"X Eyeball 4MP\/4K Camera with AI\"}]},{\"@type\":\"WebSite\",\"@id\":\"https:\/\/nbgtele.com\/fr\/#website\",\"url\":\"https:\/\/nbgtele.com\/fr\/\",\"name\":\"NBGTele.com\",\"description\":\"\",\"potentialAction\":[{\"@type\":\"SearchAction\",\"target\":{\"@type\":\"EntryPoint\",\"urlTemplate\":\"https:\/\/nbgtele.com\/fr\/?s={search_term_string}\"},\"query-input\":{\"@type\":\"PropertyValueSpecification\",\"valueRequired\":true,\"valueName\":\"search_term_string\"}}],\"inLanguage\":\"fr-FR\"}]}<\/script>\n<!-- \/ Yoast SEO plugin. -->","yoast_head_json":{"title":"X Eyeball 4MP\/4K Camera with AI - NBGTele.com","robots":{"index":"index","follow":"follow","max-snippet":"max-snippet:-1","max-image-preview":"max-image-preview:large","max-video-preview":"max-video-preview:-1"},"canonical":"https:\/\/nbgtele.com\/fr\/produit\/x-eyeball-4mp-4k-camera-with-ai\/","og_locale":"fr_FR","og_type":"article","og_title":"X Eyeball 4MP\/4K Camera with AI - NBGTele.com","og_description":"La cam\u00e9ra IP XEBFATVIP4MP28-AI-E est une cam\u00e9ra 4 m\u00e9gapixels (4MP) con\u00e7ue pour une surveillance exceptionnelle. Elle dispose d\u2019une vision nocturne infrarouge (IR) allant jusqu\u2019\u00e0 25 m\u00e8tres, garantissant une s\u00e9curit\u00e9 optimale de jour comme de nuit. Son objectif de 2,8 mm offre un champ de vision large et d\u00e9taill\u00e9. \u00c9quip\u00e9e de fonctionnalit\u00e9s Eco AI, elle propose une d\u00e9tection intelligente pour une r\u00e9activit\u00e9 accrue. Les utilisateurs peuvent enregistrer des vid\u00e9os sur une carte SD d\u2019une capacit\u00e9 maximale de 256 Go et utiliser les fonctionnalit\u00e9s audio int\u00e9gr\u00e9es, y compris un haut-parleur et un microphone. Robuste, cette cam\u00e9ra b\u00e9n\u00e9ficie d\u2019un indice de protection IP67, la rendant adapt\u00e9e aux conditions difficiles. Elle prend en charge des options d\u2019alimentation flexibles avec une alimentation DC 12V (maximum 6,2W) ou Power over Ethernet (PoE) \u00e0 48V (maximum 7,5W). De plus, elle est conforme aux normes NDAA, garantissant une utilisation fiable et s\u00e9curis\u00e9e.","og_url":"https:\/\/nbgtele.com\/fr\/produit\/x-eyeball-4mp-4k-camera-with-ai\/","og_site_name":"NBGTele.com","article_modified_time":"2025-05-26T19:54:45+00:00","og_image":[{"width":1000,"height":1000,"url":"https:\/\/nbgtele.com\/wp-content\/uploads\/2024\/12\/xebfatvip4mp28-ai-e.png","type":"image\/png"}],"twitter_card":"summary_large_image","twitter_misc":{"Dur\u00e9e de lecture estim\u00e9e":"1 minute"},"schema":{"@context":"https:\/\/schema.org","@graph":[{"@type":"WebPage","@id":"https:\/\/nbgtele.com\/fr\/produit\/x-eyeball-4mp-4k-camera-with-ai\/","url":"https:\/\/nbgtele.com\/fr\/produit\/x-eyeball-4mp-4k-camera-with-ai\/","name":"X Eyeball 4MP\/4K Camera with AI - NBGTele.com","isPartOf":{"@id":"https:\/\/nbgtele.com\/fr\/#website"},"primaryImageOfPage":{"@id":"https:\/\/nbgtele.com\/fr\/produit\/x-eyeball-4mp-4k-camera-with-ai\/#primaryimage"},"image":{"@id":"https:\/\/nbgtele.com\/fr\/produit\/x-eyeball-4mp-4k-camera-with-ai\/#primaryimage"},"thumbnailUrl":"https:\/\/nbgtele.com\/wp-content\/uploads\/2024\/12\/xebfatvip4mp28-ai-e.png","datePublished":"2024-12-16T20:18:19+00:00","dateModified":"2025-05-26T19:54:45+00:00","breadcrumb":{"@id":"https:\/\/nbgtele.com\/fr\/produit\/x-eyeball-4mp-4k-camera-with-ai\/#breadcrumb"},"inLanguage":"fr-FR","potentialAction":[{"@type":"ReadAction","target":["https:\/\/nbgtele.com\/fr\/produit\/x-eyeball-4mp-4k-camera-with-ai\/"]}]},{"@type":"ImageObject","inLanguage":"fr-FR","@id":"https:\/\/nbgtele.com\/fr\/produit\/x-eyeball-4mp-4k-camera-with-ai\/#primaryimage","url":"https:\/\/nbgtele.com\/wp-content\/uploads\/2024\/12\/xebfatvip4mp28-ai-e.png","contentUrl":"https:\/\/nbgtele.com\/wp-content\/uploads\/2024\/12\/xebfatvip4mp28-ai-e.png","width":1000,"height":1000},{"@type":"BreadcrumbList","@id":"https:\/\/nbgtele.com\/fr\/produit\/x-eyeball-4mp-4k-camera-with-ai\/#breadcrumb","itemListElement":[{"@type":"ListItem","position":1,"name":"Home","item":"https:\/\/nbgtele.com\/fr\/"},{"@type":"ListItem","position":2,"name":"Boutique","item":"https:\/\/nbgtele.com\/fr\/boutique\/"},{"@type":"ListItem","position":3,"name":"X Eyeball 4MP\/4K Camera with AI"}]},{"@type":"WebSite","@id":"https:\/\/nbgtele.com\/fr\/#website","url":"https:\/\/nbgtele.com\/fr\/","name":"NBGTele.com","description":"","potentialAction":[{"@type":"SearchAction","target":{"@type":"EntryPoint","urlTemplate":"https:\/\/nbgtele.com\/fr\/?s={search_term_string}"},"query-input":{"@type":"PropertyValueSpecification","valueRequired":true,"valueName":"search_term_string"}}],"inLanguage":"fr-FR"}]}},"_links":{"self":[{"href":"https:\/\/nbgtele.com\/fr\/wp-json\/wp\/v2\/product\/111014","targetHints":{"allow":["GET"]}}],"collection":[{"href":"https:\/\/nbgtele.com\/fr\/wp-json\/wp\/v2\/product"}],"about":[{"href":"https:\/\/nbgtele.com\/fr\/wp-json\/wp\/v2\/types\/product"}],"wp:featuredmedia":[{"embeddable":true,"href":"https:\/\/nbgtele.com\/fr\/wp-json\/wp\/v2\/media\/111011"}],"wp:attachment":[{"href":"https:\/\/nbgtele.com\/fr\/wp-json\/wp\/v2\/media?parent=111014"}],"wp:term":[{"taxonomy":"product_brand","embeddable":true,"href":"https:\/\/nbgtele.com\/fr\/wp-json\/wp\/v2\/product_brand?post=111014"},{"taxonomy":"product_cat","embeddable":true,"href":"https:\/\/nbgtele.com\/fr\/wp-json\/wp\/v2\/product_cat?post=111014"},{"taxonomy":"product_tag","embeddable":true,"href":"https:\/\/nbgtele.com\/fr\/wp-json\/wp\/v2\/product_tag?post=111014"},{"taxonomy":"brand","embeddable":true,"href":"https:\/\/nbgtele.com\/fr\/wp-json\/wp\/v2\/brand?post=111014"},{"taxonomy":"model","embeddable":true,"href":"https:\/\/nbgtele.com\/fr\/wp-json\/wp\/v2\/model?post=111014"},{"taxonomy":"profile","embeddable":true,"href":"https:\/\/nbgtele.com\/fr\/wp-json\/wp\/v2\/profile?post=111014"},{"taxonomy":"resolution","embeddable":true,"href":"https:\/\/nbgtele.com\/fr\/wp-json\/wp\/v2\/resolution?post=111014"},{"taxonomy":"lens","embeddable":true,"href":"https:\/\/nbgtele.com\/fr\/wp-json\/wp\/v2\/lens?post=111014"},{"taxonomy":"color","embeddable":true,"href":"https:\/\/nbgtele.com\/fr\/wp-json\/wp\/v2\/color?post=111014"},{"taxonomy":"ndaa_compliant","embeddable":true,"href":"https:\/\/nbgtele.com\/fr\/wp-json\/wp\/v2\/ndaa_compliant?post=111014"},{"taxonomy":"dual_voltage","embeddable":true,"href":"https:\/\/nbgtele.com\/fr\/wp-json\/wp\/v2\/dual_voltage?post=111014"},{"taxonomy":"ai","embeddable":true,"href":"https:\/\/nbgtele.com\/fr\/wp-json\/wp\/v2\/ai?post=111014"},{"taxonomy":"lite","embeddable":true,"href":"https:\/\/nbgtele.com\/fr\/wp-json\/wp\/v2\/lite?post=111014"},{"taxonomy":"infrared_perimeter","embeddable":true,"href":"https:\/\/nbgtele.com\/fr\/wp-json\/wp\/v2\/infrared_perimeter?post=111014"},{"taxonomy":"fixed_dome_microphone","embeddable":true,"href":"https:\/\/nbgtele.com\/fr\/wp-json\/wp\/v2\/fixed_dome_microphone?post=111014"},{"taxonomy":"analog_hd","embeddable":true,"href":"https:\/\/nbgtele.com\/fr\/wp-json\/wp\/v2\/analog_hd?post=111014"},{"taxonomy":"covert_camera","embeddable":true,"href":"https:\/\/nbgtele.com\/fr\/wp-json\/wp\/v2\/covert_camera?post=111014"},{"taxonomy":"internet_protocol","embeddable":true,"href":"https:\/\/nbgtele.com\/fr\/wp-json\/wp\/v2\/internet_protocol?post=111014"},{"taxonomy":"channels","embeddable":true,"href":"https:\/\/nbgtele.com\/fr\/wp-json\/wp\/v2\/channels?post=111014"},{"taxonomy":"ports","embeddable":true,"href":"https:\/\/nbgtele.com\/fr\/wp-json\/wp\/v2\/ports?post=111014"}],"curies":[{"name":"wp","href":"https:\/\/api.w.org\/{rel}","templated":true}]}}