{"id":110358,"date":"2024-10-30T15:42:25","date_gmt":"2024-10-30T19:42:25","guid":{"rendered":"https:\/\/nbgtele.com\/product\/pstn-take-over-kit\/"},"modified":"2024-11-19T15:58:33","modified_gmt":"2024-11-19T19:58:33","slug":"pstn-take-over-kit","status":"publish","type":"product","link":"https:\/\/nbgtele.com\/fr\/produit\/pstn-take-over-kit\/","title":{"rendered":"PSTN Take over kit"},"content":{"rendered":"","protected":false},"excerpt":{"rendered":"<p><span style=\"font-weight: 400;\">Le kit de prise en charge PSTN Bosch am\u00e9liore votre syst\u00e8me de s\u00e9curit\u00e9 existant avec un communicateur PSTN, une batterie de secours et le mat\u00e9riel de montage. Il permet des notifications d&rsquo;alarme fiables via des lignes t\u00e9l\u00e9phoniques traditionnelles et garantit le fonctionnement de votre syst\u00e8me pendant les pannes de courant. Avec une installation facile et des performances fiables, ce kit est parfait pour maintenir l&rsquo;int\u00e9grit\u00e9 de votre installation de s\u00e9curit\u00e9.<\/span><\/p>\n","protected":false},"featured_media":110211,"template":"","meta":{"_acf_changed":false},"product_brand":[],"product_cat":[78],"product_tag":[212],"brand":[199],"model":[],"profile":[],"resolution":[],"lens":[],"color":[],"ndaa_compliant":[],"dual_voltage":[],"ai":[],"lite":[],"infrared_perimeter":[],"fixed_dome_microphone":[],"analog_hd":[],"covert_camera":[],"internet_protocol":[],"channels":[],"ports":[],"class_list":{"0":"post-110358","1":"product","2":"type-product","3":"status-publish","4":"has-post-thumbnail","6":"product_cat-kits-fr","7":"product_tag-bosch-fr","8":"brand-bosch-fr","9":"entry","11":"first","12":"instock","13":"taxable","14":"shipping-taxable","15":"product-type-simple"},"acf":[],"wcpa_form_fields":null,"yoast_head":"<!-- This site is optimized with the Yoast SEO plugin v26.0 - https:\/\/yoast.com\/wordpress\/plugins\/seo\/ -->\n<title>PSTN Take over kit - NBGTele.com<\/title>\n<meta name=\"robots\" content=\"index, follow, max-snippet:-1, max-image-preview:large, max-video-preview:-1\" \/>\n<link rel=\"canonical\" href=\"https:\/\/nbgtele.com\/fr\/produit\/pstn-take-over-kit\/\" \/>\n<meta property=\"og:locale\" content=\"fr_FR\" \/>\n<meta property=\"og:type\" content=\"article\" \/>\n<meta property=\"og:title\" content=\"PSTN Take over kit - NBGTele.com\" \/>\n<meta property=\"og:description\" content=\"Le kit de prise en charge PSTN Bosch am\u00e9liore votre syst\u00e8me de s\u00e9curit\u00e9 existant avec un communicateur PSTN, une batterie de secours et le mat\u00e9riel de montage. Il permet des notifications d&#039;alarme fiables via des lignes t\u00e9l\u00e9phoniques traditionnelles et garantit le fonctionnement de votre syst\u00e8me pendant les pannes de courant. Avec une installation facile et des performances fiables, ce kit est parfait pour maintenir l&#039;int\u00e9grit\u00e9 de votre installation de s\u00e9curit\u00e9.\" \/>\n<meta property=\"og:url\" content=\"https:\/\/nbgtele.com\/fr\/produit\/pstn-take-over-kit\/\" \/>\n<meta property=\"og:site_name\" content=\"NBGTele.com\" \/>\n<meta property=\"article:modified_time\" content=\"2024-11-19T19:58:33+00:00\" \/>\n<meta property=\"og:image\" content=\"https:\/\/nbgtele.com\/wp-content\/uploads\/2024\/10\/Bosch-PSNT-Take-Over-Kit-NBG-Telecom.png\" \/>\n\t<meta property=\"og:image:width\" content=\"1285\" \/>\n\t<meta property=\"og:image:height\" content=\"1279\" \/>\n\t<meta property=\"og:image:type\" content=\"image\/png\" \/>\n<meta name=\"twitter:card\" content=\"summary_large_image\" \/>\n<meta name=\"twitter:label1\" content=\"Dur\u00e9e de lecture estim\u00e9e\" \/>\n\t<meta name=\"twitter:data1\" content=\"1 minute\" \/>\n<script type=\"application\/ld+json\" class=\"yoast-schema-graph\">{\"@context\":\"https:\/\/schema.org\",\"@graph\":[{\"@type\":\"WebPage\",\"@id\":\"https:\/\/nbgtele.com\/fr\/produit\/pstn-take-over-kit\/\",\"url\":\"https:\/\/nbgtele.com\/fr\/produit\/pstn-take-over-kit\/\",\"name\":\"PSTN Take over kit - NBGTele.com\",\"isPartOf\":{\"@id\":\"https:\/\/nbgtele.com\/fr\/#website\"},\"primaryImageOfPage\":{\"@id\":\"https:\/\/nbgtele.com\/fr\/produit\/pstn-take-over-kit\/#primaryimage\"},\"image\":{\"@id\":\"https:\/\/nbgtele.com\/fr\/produit\/pstn-take-over-kit\/#primaryimage\"},\"thumbnailUrl\":\"https:\/\/nbgtele.com\/wp-content\/uploads\/2024\/10\/Bosch-PSNT-Take-Over-Kit-NBG-Telecom.png\",\"datePublished\":\"2024-10-30T19:42:25+00:00\",\"dateModified\":\"2024-11-19T19:58:33+00:00\",\"breadcrumb\":{\"@id\":\"https:\/\/nbgtele.com\/fr\/produit\/pstn-take-over-kit\/#breadcrumb\"},\"inLanguage\":\"fr-FR\",\"potentialAction\":[{\"@type\":\"ReadAction\",\"target\":[\"https:\/\/nbgtele.com\/fr\/produit\/pstn-take-over-kit\/\"]}]},{\"@type\":\"ImageObject\",\"inLanguage\":\"fr-FR\",\"@id\":\"https:\/\/nbgtele.com\/fr\/produit\/pstn-take-over-kit\/#primaryimage\",\"url\":\"https:\/\/nbgtele.com\/wp-content\/uploads\/2024\/10\/Bosch-PSNT-Take-Over-Kit-NBG-Telecom.png\",\"contentUrl\":\"https:\/\/nbgtele.com\/wp-content\/uploads\/2024\/10\/Bosch-PSNT-Take-Over-Kit-NBG-Telecom.png\",\"width\":1285,\"height\":1279},{\"@type\":\"BreadcrumbList\",\"@id\":\"https:\/\/nbgtele.com\/fr\/produit\/pstn-take-over-kit\/#breadcrumb\",\"itemListElement\":[{\"@type\":\"ListItem\",\"position\":1,\"name\":\"Home\",\"item\":\"https:\/\/nbgtele.com\/fr\/\"},{\"@type\":\"ListItem\",\"position\":2,\"name\":\"Boutique\",\"item\":\"https:\/\/nbgtele.com\/fr\/boutique\/\"},{\"@type\":\"ListItem\",\"position\":3,\"name\":\"PSTN Take over kit\"}]},{\"@type\":\"WebSite\",\"@id\":\"https:\/\/nbgtele.com\/fr\/#website\",\"url\":\"https:\/\/nbgtele.com\/fr\/\",\"name\":\"NBGTele.com\",\"description\":\"\",\"potentialAction\":[{\"@type\":\"SearchAction\",\"target\":{\"@type\":\"EntryPoint\",\"urlTemplate\":\"https:\/\/nbgtele.com\/fr\/?s={search_term_string}\"},\"query-input\":{\"@type\":\"PropertyValueSpecification\",\"valueRequired\":true,\"valueName\":\"search_term_string\"}}],\"inLanguage\":\"fr-FR\"}]}<\/script>\n<!-- \/ Yoast SEO plugin. -->","yoast_head_json":{"title":"PSTN Take over kit - NBGTele.com","robots":{"index":"index","follow":"follow","max-snippet":"max-snippet:-1","max-image-preview":"max-image-preview:large","max-video-preview":"max-video-preview:-1"},"canonical":"https:\/\/nbgtele.com\/fr\/produit\/pstn-take-over-kit\/","og_locale":"fr_FR","og_type":"article","og_title":"PSTN Take over kit - NBGTele.com","og_description":"Le kit de prise en charge PSTN Bosch am\u00e9liore votre syst\u00e8me de s\u00e9curit\u00e9 existant avec un communicateur PSTN, une batterie de secours et le mat\u00e9riel de montage. Il permet des notifications d'alarme fiables via des lignes t\u00e9l\u00e9phoniques traditionnelles et garantit le fonctionnement de votre syst\u00e8me pendant les pannes de courant. Avec une installation facile et des performances fiables, ce kit est parfait pour maintenir l'int\u00e9grit\u00e9 de votre installation de s\u00e9curit\u00e9.","og_url":"https:\/\/nbgtele.com\/fr\/produit\/pstn-take-over-kit\/","og_site_name":"NBGTele.com","article_modified_time":"2024-11-19T19:58:33+00:00","og_image":[{"width":1285,"height":1279,"url":"https:\/\/nbgtele.com\/wp-content\/uploads\/2024\/10\/Bosch-PSNT-Take-Over-Kit-NBG-Telecom.png","type":"image\/png"}],"twitter_card":"summary_large_image","twitter_misc":{"Dur\u00e9e de lecture estim\u00e9e":"1 minute"},"schema":{"@context":"https:\/\/schema.org","@graph":[{"@type":"WebPage","@id":"https:\/\/nbgtele.com\/fr\/produit\/pstn-take-over-kit\/","url":"https:\/\/nbgtele.com\/fr\/produit\/pstn-take-over-kit\/","name":"PSTN Take over kit - NBGTele.com","isPartOf":{"@id":"https:\/\/nbgtele.com\/fr\/#website"},"primaryImageOfPage":{"@id":"https:\/\/nbgtele.com\/fr\/produit\/pstn-take-over-kit\/#primaryimage"},"image":{"@id":"https:\/\/nbgtele.com\/fr\/produit\/pstn-take-over-kit\/#primaryimage"},"thumbnailUrl":"https:\/\/nbgtele.com\/wp-content\/uploads\/2024\/10\/Bosch-PSNT-Take-Over-Kit-NBG-Telecom.png","datePublished":"2024-10-30T19:42:25+00:00","dateModified":"2024-11-19T19:58:33+00:00","breadcrumb":{"@id":"https:\/\/nbgtele.com\/fr\/produit\/pstn-take-over-kit\/#breadcrumb"},"inLanguage":"fr-FR","potentialAction":[{"@type":"ReadAction","target":["https:\/\/nbgtele.com\/fr\/produit\/pstn-take-over-kit\/"]}]},{"@type":"ImageObject","inLanguage":"fr-FR","@id":"https:\/\/nbgtele.com\/fr\/produit\/pstn-take-over-kit\/#primaryimage","url":"https:\/\/nbgtele.com\/wp-content\/uploads\/2024\/10\/Bosch-PSNT-Take-Over-Kit-NBG-Telecom.png","contentUrl":"https:\/\/nbgtele.com\/wp-content\/uploads\/2024\/10\/Bosch-PSNT-Take-Over-Kit-NBG-Telecom.png","width":1285,"height":1279},{"@type":"BreadcrumbList","@id":"https:\/\/nbgtele.com\/fr\/produit\/pstn-take-over-kit\/#breadcrumb","itemListElement":[{"@type":"ListItem","position":1,"name":"Home","item":"https:\/\/nbgtele.com\/fr\/"},{"@type":"ListItem","position":2,"name":"Boutique","item":"https:\/\/nbgtele.com\/fr\/boutique\/"},{"@type":"ListItem","position":3,"name":"PSTN Take over kit"}]},{"@type":"WebSite","@id":"https:\/\/nbgtele.com\/fr\/#website","url":"https:\/\/nbgtele.com\/fr\/","name":"NBGTele.com","description":"","potentialAction":[{"@type":"SearchAction","target":{"@type":"EntryPoint","urlTemplate":"https:\/\/nbgtele.com\/fr\/?s={search_term_string}"},"query-input":{"@type":"PropertyValueSpecification","valueRequired":true,"valueName":"search_term_string"}}],"inLanguage":"fr-FR"}]}},"_links":{"self":[{"href":"https:\/\/nbgtele.com\/fr\/wp-json\/wp\/v2\/product\/110358","targetHints":{"allow":["GET"]}}],"collection":[{"href":"https:\/\/nbgtele.com\/fr\/wp-json\/wp\/v2\/product"}],"about":[{"href":"https:\/\/nbgtele.com\/fr\/wp-json\/wp\/v2\/types\/product"}],"wp:featuredmedia":[{"embeddable":true,"href":"https:\/\/nbgtele.com\/fr\/wp-json\/wp\/v2\/media\/110211"}],"wp:attachment":[{"href":"https:\/\/nbgtele.com\/fr\/wp-json\/wp\/v2\/media?parent=110358"}],"wp:term":[{"taxonomy":"product_brand","embeddable":true,"href":"https:\/\/nbgtele.com\/fr\/wp-json\/wp\/v2\/product_brand?post=110358"},{"taxonomy":"product_cat","embeddable":true,"href":"https:\/\/nbgtele.com\/fr\/wp-json\/wp\/v2\/product_cat?post=110358"},{"taxonomy":"product_tag","embeddable":true,"href":"https:\/\/nbgtele.com\/fr\/wp-json\/wp\/v2\/product_tag?post=110358"},{"taxonomy":"brand","embeddable":true,"href":"https:\/\/nbgtele.com\/fr\/wp-json\/wp\/v2\/brand?post=110358"},{"taxonomy":"model","embeddable":true,"href":"https:\/\/nbgtele.com\/fr\/wp-json\/wp\/v2\/model?post=110358"},{"taxonomy":"profile","embeddable":true,"href":"https:\/\/nbgtele.com\/fr\/wp-json\/wp\/v2\/profile?post=110358"},{"taxonomy":"resolution","embeddable":true,"href":"https:\/\/nbgtele.com\/fr\/wp-json\/wp\/v2\/resolution?post=110358"},{"taxonomy":"lens","embeddable":true,"href":"https:\/\/nbgtele.com\/fr\/wp-json\/wp\/v2\/lens?post=110358"},{"taxonomy":"color","embeddable":true,"href":"https:\/\/nbgtele.com\/fr\/wp-json\/wp\/v2\/color?post=110358"},{"taxonomy":"ndaa_compliant","embeddable":true,"href":"https:\/\/nbgtele.com\/fr\/wp-json\/wp\/v2\/ndaa_compliant?post=110358"},{"taxonomy":"dual_voltage","embeddable":true,"href":"https:\/\/nbgtele.com\/fr\/wp-json\/wp\/v2\/dual_voltage?post=110358"},{"taxonomy":"ai","embeddable":true,"href":"https:\/\/nbgtele.com\/fr\/wp-json\/wp\/v2\/ai?post=110358"},{"taxonomy":"lite","embeddable":true,"href":"https:\/\/nbgtele.com\/fr\/wp-json\/wp\/v2\/lite?post=110358"},{"taxonomy":"infrared_perimeter","embeddable":true,"href":"https:\/\/nbgtele.com\/fr\/wp-json\/wp\/v2\/infrared_perimeter?post=110358"},{"taxonomy":"fixed_dome_microphone","embeddable":true,"href":"https:\/\/nbgtele.com\/fr\/wp-json\/wp\/v2\/fixed_dome_microphone?post=110358"},{"taxonomy":"analog_hd","embeddable":true,"href":"https:\/\/nbgtele.com\/fr\/wp-json\/wp\/v2\/analog_hd?post=110358"},{"taxonomy":"covert_camera","embeddable":true,"href":"https:\/\/nbgtele.com\/fr\/wp-json\/wp\/v2\/covert_camera?post=110358"},{"taxonomy":"internet_protocol","embeddable":true,"href":"https:\/\/nbgtele.com\/fr\/wp-json\/wp\/v2\/internet_protocol?post=110358"},{"taxonomy":"channels","embeddable":true,"href":"https:\/\/nbgtele.com\/fr\/wp-json\/wp\/v2\/channels?post=110358"},{"taxonomy":"ports","embeddable":true,"href":"https:\/\/nbgtele.com\/fr\/wp-json\/wp\/v2\/ports?post=110358"}],"curies":[{"name":"wp","href":"https:\/\/api.w.org\/{rel}","templated":true}]}}