{"id":110356,"date":"2024-11-19T15:20:37","date_gmt":"2024-11-19T19:20:37","guid":{"rendered":"https:\/\/nbgtele.com\/product\/b4512-ip-control-panel-28-points\/"},"modified":"2024-11-19T15:22:07","modified_gmt":"2024-11-19T19:22:07","slug":"b4512-ip-control-panel-28-points","status":"publish","type":"product","link":"https:\/\/nbgtele.com\/fr\/produit\/b4512-ip-control-panel-28-points\/","title":{"rendered":"B4512 IP control panel, 28 points"},"content":{"rendered":"","protected":false},"excerpt":{"rendered":"<p><span style=\"font-weight: 400;\">Le kit de panneau de contr\u00f4le Bosch B4512 est une solution de s\u00e9curit\u00e9 polyvalente prenant en charge jusqu&rsquo;\u00e0 28 points c\u00e2bl\u00e9s ou sans fil. Son port Ethernet int\u00e9gr\u00e9 permet une communication IP Conettix et une programmation \u00e0 distance, simplifiant ainsi l&rsquo;installation pour les applications r\u00e9sidentielles et commerciales.<\/span><\/p>\n","protected":false},"featured_media":110354,"template":"","meta":{"_acf_changed":false},"product_brand":[],"product_cat":[54],"product_tag":[],"brand":[],"model":[],"profile":[],"resolution":[],"lens":[],"color":[],"ndaa_compliant":[],"dual_voltage":[],"ai":[],"lite":[],"infrared_perimeter":[],"fixed_dome_microphone":[],"analog_hd":[],"covert_camera":[],"internet_protocol":[],"channels":[],"ports":[],"class_list":{"0":"post-110356","1":"product","2":"type-product","3":"status-publish","4":"has-post-thumbnail","6":"product_cat-alarm-panels-fr","7":"entry","9":"first","10":"instock","11":"taxable","12":"shipping-taxable","13":"product-type-simple"},"acf":[],"wcpa_form_fields":null,"yoast_head":"<!-- This site is optimized with the Yoast SEO plugin v26.0 - https:\/\/yoast.com\/wordpress\/plugins\/seo\/ -->\n<title>B4512 IP control panel, 28 points - NBGTele.com<\/title>\n<meta name=\"robots\" content=\"index, follow, max-snippet:-1, max-image-preview:large, max-video-preview:-1\" \/>\n<link rel=\"canonical\" href=\"https:\/\/nbgtele.com\/fr\/produit\/b4512-ip-control-panel-28-points\/\" \/>\n<meta property=\"og:locale\" content=\"fr_FR\" \/>\n<meta property=\"og:type\" content=\"article\" \/>\n<meta property=\"og:title\" content=\"B4512 IP control panel, 28 points - NBGTele.com\" \/>\n<meta property=\"og:description\" content=\"Le kit de panneau de contr\u00f4le Bosch B4512 est une solution de s\u00e9curit\u00e9 polyvalente prenant en charge jusqu&#039;\u00e0 28 points c\u00e2bl\u00e9s ou sans fil. Son port Ethernet int\u00e9gr\u00e9 permet une communication IP Conettix et une programmation \u00e0 distance, simplifiant ainsi l&#039;installation pour les applications r\u00e9sidentielles et commerciales.\" \/>\n<meta property=\"og:url\" content=\"https:\/\/nbgtele.com\/fr\/produit\/b4512-ip-control-panel-28-points\/\" \/>\n<meta property=\"og:site_name\" content=\"NBGTele.com\" \/>\n<meta property=\"article:modified_time\" content=\"2024-11-19T19:22:07+00:00\" \/>\n<meta property=\"og:image\" content=\"https:\/\/nbgtele.com\/wp-content\/uploads\/2024\/11\/DS-B4512DCN_lg.jpg\" \/>\n\t<meta property=\"og:image:width\" content=\"500\" \/>\n\t<meta property=\"og:image:height\" content=\"500\" \/>\n\t<meta property=\"og:image:type\" content=\"image\/jpeg\" \/>\n<meta name=\"twitter:card\" content=\"summary_large_image\" \/>\n<meta name=\"twitter:label1\" content=\"Dur\u00e9e de lecture estim\u00e9e\" \/>\n\t<meta name=\"twitter:data1\" content=\"1 minute\" \/>\n<script type=\"application\/ld+json\" class=\"yoast-schema-graph\">{\"@context\":\"https:\/\/schema.org\",\"@graph\":[{\"@type\":\"WebPage\",\"@id\":\"https:\/\/nbgtele.com\/fr\/produit\/b4512-ip-control-panel-28-points\/\",\"url\":\"https:\/\/nbgtele.com\/fr\/produit\/b4512-ip-control-panel-28-points\/\",\"name\":\"B4512 IP control panel, 28 points - NBGTele.com\",\"isPartOf\":{\"@id\":\"https:\/\/nbgtele.com\/fr\/#website\"},\"primaryImageOfPage\":{\"@id\":\"https:\/\/nbgtele.com\/fr\/produit\/b4512-ip-control-panel-28-points\/#primaryimage\"},\"image\":{\"@id\":\"https:\/\/nbgtele.com\/fr\/produit\/b4512-ip-control-panel-28-points\/#primaryimage\"},\"thumbnailUrl\":\"https:\/\/nbgtele.com\/wp-content\/uploads\/2024\/11\/DS-B4512DCN_lg.jpg\",\"datePublished\":\"2024-11-19T19:20:37+00:00\",\"dateModified\":\"2024-11-19T19:22:07+00:00\",\"breadcrumb\":{\"@id\":\"https:\/\/nbgtele.com\/fr\/produit\/b4512-ip-control-panel-28-points\/#breadcrumb\"},\"inLanguage\":\"fr-FR\",\"potentialAction\":[{\"@type\":\"ReadAction\",\"target\":[\"https:\/\/nbgtele.com\/fr\/produit\/b4512-ip-control-panel-28-points\/\"]}]},{\"@type\":\"ImageObject\",\"inLanguage\":\"fr-FR\",\"@id\":\"https:\/\/nbgtele.com\/fr\/produit\/b4512-ip-control-panel-28-points\/#primaryimage\",\"url\":\"https:\/\/nbgtele.com\/wp-content\/uploads\/2024\/11\/DS-B4512DCN_lg.jpg\",\"contentUrl\":\"https:\/\/nbgtele.com\/wp-content\/uploads\/2024\/11\/DS-B4512DCN_lg.jpg\",\"width\":500,\"height\":500},{\"@type\":\"BreadcrumbList\",\"@id\":\"https:\/\/nbgtele.com\/fr\/produit\/b4512-ip-control-panel-28-points\/#breadcrumb\",\"itemListElement\":[{\"@type\":\"ListItem\",\"position\":1,\"name\":\"Home\",\"item\":\"https:\/\/nbgtele.com\/fr\/\"},{\"@type\":\"ListItem\",\"position\":2,\"name\":\"Boutique\",\"item\":\"https:\/\/nbgtele.com\/fr\/boutique\/\"},{\"@type\":\"ListItem\",\"position\":3,\"name\":\"B4512 IP control panel, 28 points\"}]},{\"@type\":\"WebSite\",\"@id\":\"https:\/\/nbgtele.com\/fr\/#website\",\"url\":\"https:\/\/nbgtele.com\/fr\/\",\"name\":\"NBGTele.com\",\"description\":\"\",\"potentialAction\":[{\"@type\":\"SearchAction\",\"target\":{\"@type\":\"EntryPoint\",\"urlTemplate\":\"https:\/\/nbgtele.com\/fr\/?s={search_term_string}\"},\"query-input\":{\"@type\":\"PropertyValueSpecification\",\"valueRequired\":true,\"valueName\":\"search_term_string\"}}],\"inLanguage\":\"fr-FR\"}]}<\/script>\n<!-- \/ Yoast SEO plugin. -->","yoast_head_json":{"title":"B4512 IP control panel, 28 points - NBGTele.com","robots":{"index":"index","follow":"follow","max-snippet":"max-snippet:-1","max-image-preview":"max-image-preview:large","max-video-preview":"max-video-preview:-1"},"canonical":"https:\/\/nbgtele.com\/fr\/produit\/b4512-ip-control-panel-28-points\/","og_locale":"fr_FR","og_type":"article","og_title":"B4512 IP control panel, 28 points - NBGTele.com","og_description":"Le kit de panneau de contr\u00f4le Bosch B4512 est une solution de s\u00e9curit\u00e9 polyvalente prenant en charge jusqu'\u00e0 28 points c\u00e2bl\u00e9s ou sans fil. Son port Ethernet int\u00e9gr\u00e9 permet une communication IP Conettix et une programmation \u00e0 distance, simplifiant ainsi l'installation pour les applications r\u00e9sidentielles et commerciales.","og_url":"https:\/\/nbgtele.com\/fr\/produit\/b4512-ip-control-panel-28-points\/","og_site_name":"NBGTele.com","article_modified_time":"2024-11-19T19:22:07+00:00","og_image":[{"width":500,"height":500,"url":"https:\/\/nbgtele.com\/wp-content\/uploads\/2024\/11\/DS-B4512DCN_lg.jpg","type":"image\/jpeg"}],"twitter_card":"summary_large_image","twitter_misc":{"Dur\u00e9e de lecture estim\u00e9e":"1 minute"},"schema":{"@context":"https:\/\/schema.org","@graph":[{"@type":"WebPage","@id":"https:\/\/nbgtele.com\/fr\/produit\/b4512-ip-control-panel-28-points\/","url":"https:\/\/nbgtele.com\/fr\/produit\/b4512-ip-control-panel-28-points\/","name":"B4512 IP control panel, 28 points - NBGTele.com","isPartOf":{"@id":"https:\/\/nbgtele.com\/fr\/#website"},"primaryImageOfPage":{"@id":"https:\/\/nbgtele.com\/fr\/produit\/b4512-ip-control-panel-28-points\/#primaryimage"},"image":{"@id":"https:\/\/nbgtele.com\/fr\/produit\/b4512-ip-control-panel-28-points\/#primaryimage"},"thumbnailUrl":"https:\/\/nbgtele.com\/wp-content\/uploads\/2024\/11\/DS-B4512DCN_lg.jpg","datePublished":"2024-11-19T19:20:37+00:00","dateModified":"2024-11-19T19:22:07+00:00","breadcrumb":{"@id":"https:\/\/nbgtele.com\/fr\/produit\/b4512-ip-control-panel-28-points\/#breadcrumb"},"inLanguage":"fr-FR","potentialAction":[{"@type":"ReadAction","target":["https:\/\/nbgtele.com\/fr\/produit\/b4512-ip-control-panel-28-points\/"]}]},{"@type":"ImageObject","inLanguage":"fr-FR","@id":"https:\/\/nbgtele.com\/fr\/produit\/b4512-ip-control-panel-28-points\/#primaryimage","url":"https:\/\/nbgtele.com\/wp-content\/uploads\/2024\/11\/DS-B4512DCN_lg.jpg","contentUrl":"https:\/\/nbgtele.com\/wp-content\/uploads\/2024\/11\/DS-B4512DCN_lg.jpg","width":500,"height":500},{"@type":"BreadcrumbList","@id":"https:\/\/nbgtele.com\/fr\/produit\/b4512-ip-control-panel-28-points\/#breadcrumb","itemListElement":[{"@type":"ListItem","position":1,"name":"Home","item":"https:\/\/nbgtele.com\/fr\/"},{"@type":"ListItem","position":2,"name":"Boutique","item":"https:\/\/nbgtele.com\/fr\/boutique\/"},{"@type":"ListItem","position":3,"name":"B4512 IP control panel, 28 points"}]},{"@type":"WebSite","@id":"https:\/\/nbgtele.com\/fr\/#website","url":"https:\/\/nbgtele.com\/fr\/","name":"NBGTele.com","description":"","potentialAction":[{"@type":"SearchAction","target":{"@type":"EntryPoint","urlTemplate":"https:\/\/nbgtele.com\/fr\/?s={search_term_string}"},"query-input":{"@type":"PropertyValueSpecification","valueRequired":true,"valueName":"search_term_string"}}],"inLanguage":"fr-FR"}]}},"_links":{"self":[{"href":"https:\/\/nbgtele.com\/fr\/wp-json\/wp\/v2\/product\/110356","targetHints":{"allow":["GET"]}}],"collection":[{"href":"https:\/\/nbgtele.com\/fr\/wp-json\/wp\/v2\/product"}],"about":[{"href":"https:\/\/nbgtele.com\/fr\/wp-json\/wp\/v2\/types\/product"}],"wp:featuredmedia":[{"embeddable":true,"href":"https:\/\/nbgtele.com\/fr\/wp-json\/wp\/v2\/media\/110354"}],"wp:attachment":[{"href":"https:\/\/nbgtele.com\/fr\/wp-json\/wp\/v2\/media?parent=110356"}],"wp:term":[{"taxonomy":"product_brand","embeddable":true,"href":"https:\/\/nbgtele.com\/fr\/wp-json\/wp\/v2\/product_brand?post=110356"},{"taxonomy":"product_cat","embeddable":true,"href":"https:\/\/nbgtele.com\/fr\/wp-json\/wp\/v2\/product_cat?post=110356"},{"taxonomy":"product_tag","embeddable":true,"href":"https:\/\/nbgtele.com\/fr\/wp-json\/wp\/v2\/product_tag?post=110356"},{"taxonomy":"brand","embeddable":true,"href":"https:\/\/nbgtele.com\/fr\/wp-json\/wp\/v2\/brand?post=110356"},{"taxonomy":"model","embeddable":true,"href":"https:\/\/nbgtele.com\/fr\/wp-json\/wp\/v2\/model?post=110356"},{"taxonomy":"profile","embeddable":true,"href":"https:\/\/nbgtele.com\/fr\/wp-json\/wp\/v2\/profile?post=110356"},{"taxonomy":"resolution","embeddable":true,"href":"https:\/\/nbgtele.com\/fr\/wp-json\/wp\/v2\/resolution?post=110356"},{"taxonomy":"lens","embeddable":true,"href":"https:\/\/nbgtele.com\/fr\/wp-json\/wp\/v2\/lens?post=110356"},{"taxonomy":"color","embeddable":true,"href":"https:\/\/nbgtele.com\/fr\/wp-json\/wp\/v2\/color?post=110356"},{"taxonomy":"ndaa_compliant","embeddable":true,"href":"https:\/\/nbgtele.com\/fr\/wp-json\/wp\/v2\/ndaa_compliant?post=110356"},{"taxonomy":"dual_voltage","embeddable":true,"href":"https:\/\/nbgtele.com\/fr\/wp-json\/wp\/v2\/dual_voltage?post=110356"},{"taxonomy":"ai","embeddable":true,"href":"https:\/\/nbgtele.com\/fr\/wp-json\/wp\/v2\/ai?post=110356"},{"taxonomy":"lite","embeddable":true,"href":"https:\/\/nbgtele.com\/fr\/wp-json\/wp\/v2\/lite?post=110356"},{"taxonomy":"infrared_perimeter","embeddable":true,"href":"https:\/\/nbgtele.com\/fr\/wp-json\/wp\/v2\/infrared_perimeter?post=110356"},{"taxonomy":"fixed_dome_microphone","embeddable":true,"href":"https:\/\/nbgtele.com\/fr\/wp-json\/wp\/v2\/fixed_dome_microphone?post=110356"},{"taxonomy":"analog_hd","embeddable":true,"href":"https:\/\/nbgtele.com\/fr\/wp-json\/wp\/v2\/analog_hd?post=110356"},{"taxonomy":"covert_camera","embeddable":true,"href":"https:\/\/nbgtele.com\/fr\/wp-json\/wp\/v2\/covert_camera?post=110356"},{"taxonomy":"internet_protocol","embeddable":true,"href":"https:\/\/nbgtele.com\/fr\/wp-json\/wp\/v2\/internet_protocol?post=110356"},{"taxonomy":"channels","embeddable":true,"href":"https:\/\/nbgtele.com\/fr\/wp-json\/wp\/v2\/channels?post=110356"},{"taxonomy":"ports","embeddable":true,"href":"https:\/\/nbgtele.com\/fr\/wp-json\/wp\/v2\/ports?post=110356"}],"curies":[{"name":"wp","href":"https:\/\/api.w.org\/{rel}","templated":true}]}}