{"id":110345,"date":"2024-11-19T15:08:41","date_gmt":"2024-11-19T19:08:41","guid":{"rendered":"https:\/\/nbgtele.com\/product\/external-annunciator-for-b465\/"},"modified":"2024-11-19T15:11:41","modified_gmt":"2024-11-19T19:11:41","slug":"external-annunciator-for-b465","status":"publish","type":"product","link":"https:\/\/nbgtele.com\/fr\/produit\/external-annunciator-for-b465\/","title":{"rendered":"External annunciator for B465"},"content":{"rendered":"","protected":false},"excerpt":{"rendered":"<p><span style=\"font-weight: 400;\">Le B46 External Annunciator est un module optionnel qui utilise des signaux audio et des LED pour indiquer l&rsquo;\u00e9tat des probl\u00e8mes syst\u00e8me, de l&rsquo;alimentation et de la batterie \u00e0 travers un emplacement pr\u00e9d\u00e9coup\u00e9 sur certaines portes de bo\u00eetier.<\/span><\/p>\n","protected":false},"featured_media":110344,"template":"","meta":{"_acf_changed":false},"product_brand":[],"product_cat":[53],"product_tag":[],"brand":[],"model":[],"profile":[],"resolution":[],"lens":[],"color":[],"ndaa_compliant":[],"dual_voltage":[],"ai":[],"lite":[],"infrared_perimeter":[],"fixed_dome_microphone":[],"analog_hd":[],"covert_camera":[],"internet_protocol":[],"channels":[],"ports":[],"class_list":{"0":"post-110345","1":"product","2":"type-product","3":"status-publish","4":"has-post-thumbnail","6":"product_cat-alarm-communicators-fr","7":"entry","9":"first","10":"instock","11":"taxable","12":"shipping-taxable","13":"product-type-simple"},"acf":[],"wcpa_form_fields":null,"yoast_head":"<!-- This site is optimized with the Yoast SEO plugin v26.0 - https:\/\/yoast.com\/wordpress\/plugins\/seo\/ -->\n<title>External annunciator for B465 - NBGTele.com<\/title>\n<meta name=\"robots\" content=\"index, follow, max-snippet:-1, max-image-preview:large, max-video-preview:-1\" \/>\n<link rel=\"canonical\" href=\"https:\/\/nbgtele.com\/fr\/produit\/external-annunciator-for-b465\/\" \/>\n<meta property=\"og:locale\" content=\"fr_FR\" \/>\n<meta property=\"og:type\" content=\"article\" \/>\n<meta property=\"og:title\" content=\"External annunciator for B465 - NBGTele.com\" \/>\n<meta property=\"og:description\" content=\"Le B46 External Annunciator est un module optionnel qui utilise des signaux audio et des LED pour indiquer l&#039;\u00e9tat des probl\u00e8mes syst\u00e8me, de l&#039;alimentation et de la batterie \u00e0 travers un emplacement pr\u00e9d\u00e9coup\u00e9 sur certaines portes de bo\u00eetier.\" \/>\n<meta property=\"og:url\" content=\"https:\/\/nbgtele.com\/fr\/produit\/external-annunciator-for-b465\/\" \/>\n<meta property=\"og:site_name\" content=\"NBGTele.com\" \/>\n<meta property=\"article:modified_time\" content=\"2024-11-19T19:11:41+00:00\" \/>\n<meta property=\"og:image\" content=\"https:\/\/nbgtele.com\/wp-content\/uploads\/2024\/11\/ProductPhoto_Web_all_19444404619.png\" \/>\n\t<meta property=\"og:image:width\" content=\"287\" \/>\n\t<meta property=\"og:image:height\" content=\"320\" \/>\n\t<meta property=\"og:image:type\" content=\"image\/png\" \/>\n<meta name=\"twitter:card\" content=\"summary_large_image\" \/>\n<meta name=\"twitter:label1\" content=\"Dur\u00e9e de lecture estim\u00e9e\" \/>\n\t<meta name=\"twitter:data1\" content=\"1 minute\" \/>\n<script type=\"application\/ld+json\" class=\"yoast-schema-graph\">{\"@context\":\"https:\/\/schema.org\",\"@graph\":[{\"@type\":\"WebPage\",\"@id\":\"https:\/\/nbgtele.com\/fr\/produit\/external-annunciator-for-b465\/\",\"url\":\"https:\/\/nbgtele.com\/fr\/produit\/external-annunciator-for-b465\/\",\"name\":\"External annunciator for B465 - NBGTele.com\",\"isPartOf\":{\"@id\":\"https:\/\/nbgtele.com\/fr\/#website\"},\"primaryImageOfPage\":{\"@id\":\"https:\/\/nbgtele.com\/fr\/produit\/external-annunciator-for-b465\/#primaryimage\"},\"image\":{\"@id\":\"https:\/\/nbgtele.com\/fr\/produit\/external-annunciator-for-b465\/#primaryimage\"},\"thumbnailUrl\":\"https:\/\/nbgtele.com\/wp-content\/uploads\/2024\/11\/ProductPhoto_Web_all_19444404619.png\",\"datePublished\":\"2024-11-19T19:08:41+00:00\",\"dateModified\":\"2024-11-19T19:11:41+00:00\",\"breadcrumb\":{\"@id\":\"https:\/\/nbgtele.com\/fr\/produit\/external-annunciator-for-b465\/#breadcrumb\"},\"inLanguage\":\"fr-FR\",\"potentialAction\":[{\"@type\":\"ReadAction\",\"target\":[\"https:\/\/nbgtele.com\/fr\/produit\/external-annunciator-for-b465\/\"]}]},{\"@type\":\"ImageObject\",\"inLanguage\":\"fr-FR\",\"@id\":\"https:\/\/nbgtele.com\/fr\/produit\/external-annunciator-for-b465\/#primaryimage\",\"url\":\"https:\/\/nbgtele.com\/wp-content\/uploads\/2024\/11\/ProductPhoto_Web_all_19444404619.png\",\"contentUrl\":\"https:\/\/nbgtele.com\/wp-content\/uploads\/2024\/11\/ProductPhoto_Web_all_19444404619.png\",\"width\":287,\"height\":320},{\"@type\":\"BreadcrumbList\",\"@id\":\"https:\/\/nbgtele.com\/fr\/produit\/external-annunciator-for-b465\/#breadcrumb\",\"itemListElement\":[{\"@type\":\"ListItem\",\"position\":1,\"name\":\"Home\",\"item\":\"https:\/\/nbgtele.com\/fr\/\"},{\"@type\":\"ListItem\",\"position\":2,\"name\":\"Boutique\",\"item\":\"https:\/\/nbgtele.com\/fr\/boutique\/\"},{\"@type\":\"ListItem\",\"position\":3,\"name\":\"External annunciator for B465\"}]},{\"@type\":\"WebSite\",\"@id\":\"https:\/\/nbgtele.com\/fr\/#website\",\"url\":\"https:\/\/nbgtele.com\/fr\/\",\"name\":\"NBGTele.com\",\"description\":\"\",\"potentialAction\":[{\"@type\":\"SearchAction\",\"target\":{\"@type\":\"EntryPoint\",\"urlTemplate\":\"https:\/\/nbgtele.com\/fr\/?s={search_term_string}\"},\"query-input\":{\"@type\":\"PropertyValueSpecification\",\"valueRequired\":true,\"valueName\":\"search_term_string\"}}],\"inLanguage\":\"fr-FR\"}]}<\/script>\n<!-- \/ Yoast SEO plugin. -->","yoast_head_json":{"title":"External annunciator for B465 - NBGTele.com","robots":{"index":"index","follow":"follow","max-snippet":"max-snippet:-1","max-image-preview":"max-image-preview:large","max-video-preview":"max-video-preview:-1"},"canonical":"https:\/\/nbgtele.com\/fr\/produit\/external-annunciator-for-b465\/","og_locale":"fr_FR","og_type":"article","og_title":"External annunciator for B465 - NBGTele.com","og_description":"Le B46 External Annunciator est un module optionnel qui utilise des signaux audio et des LED pour indiquer l'\u00e9tat des probl\u00e8mes syst\u00e8me, de l'alimentation et de la batterie \u00e0 travers un emplacement pr\u00e9d\u00e9coup\u00e9 sur certaines portes de bo\u00eetier.","og_url":"https:\/\/nbgtele.com\/fr\/produit\/external-annunciator-for-b465\/","og_site_name":"NBGTele.com","article_modified_time":"2024-11-19T19:11:41+00:00","og_image":[{"width":287,"height":320,"url":"https:\/\/nbgtele.com\/wp-content\/uploads\/2024\/11\/ProductPhoto_Web_all_19444404619.png","type":"image\/png"}],"twitter_card":"summary_large_image","twitter_misc":{"Dur\u00e9e de lecture estim\u00e9e":"1 minute"},"schema":{"@context":"https:\/\/schema.org","@graph":[{"@type":"WebPage","@id":"https:\/\/nbgtele.com\/fr\/produit\/external-annunciator-for-b465\/","url":"https:\/\/nbgtele.com\/fr\/produit\/external-annunciator-for-b465\/","name":"External annunciator for B465 - NBGTele.com","isPartOf":{"@id":"https:\/\/nbgtele.com\/fr\/#website"},"primaryImageOfPage":{"@id":"https:\/\/nbgtele.com\/fr\/produit\/external-annunciator-for-b465\/#primaryimage"},"image":{"@id":"https:\/\/nbgtele.com\/fr\/produit\/external-annunciator-for-b465\/#primaryimage"},"thumbnailUrl":"https:\/\/nbgtele.com\/wp-content\/uploads\/2024\/11\/ProductPhoto_Web_all_19444404619.png","datePublished":"2024-11-19T19:08:41+00:00","dateModified":"2024-11-19T19:11:41+00:00","breadcrumb":{"@id":"https:\/\/nbgtele.com\/fr\/produit\/external-annunciator-for-b465\/#breadcrumb"},"inLanguage":"fr-FR","potentialAction":[{"@type":"ReadAction","target":["https:\/\/nbgtele.com\/fr\/produit\/external-annunciator-for-b465\/"]}]},{"@type":"ImageObject","inLanguage":"fr-FR","@id":"https:\/\/nbgtele.com\/fr\/produit\/external-annunciator-for-b465\/#primaryimage","url":"https:\/\/nbgtele.com\/wp-content\/uploads\/2024\/11\/ProductPhoto_Web_all_19444404619.png","contentUrl":"https:\/\/nbgtele.com\/wp-content\/uploads\/2024\/11\/ProductPhoto_Web_all_19444404619.png","width":287,"height":320},{"@type":"BreadcrumbList","@id":"https:\/\/nbgtele.com\/fr\/produit\/external-annunciator-for-b465\/#breadcrumb","itemListElement":[{"@type":"ListItem","position":1,"name":"Home","item":"https:\/\/nbgtele.com\/fr\/"},{"@type":"ListItem","position":2,"name":"Boutique","item":"https:\/\/nbgtele.com\/fr\/boutique\/"},{"@type":"ListItem","position":3,"name":"External annunciator for B465"}]},{"@type":"WebSite","@id":"https:\/\/nbgtele.com\/fr\/#website","url":"https:\/\/nbgtele.com\/fr\/","name":"NBGTele.com","description":"","potentialAction":[{"@type":"SearchAction","target":{"@type":"EntryPoint","urlTemplate":"https:\/\/nbgtele.com\/fr\/?s={search_term_string}"},"query-input":{"@type":"PropertyValueSpecification","valueRequired":true,"valueName":"search_term_string"}}],"inLanguage":"fr-FR"}]}},"_links":{"self":[{"href":"https:\/\/nbgtele.com\/fr\/wp-json\/wp\/v2\/product\/110345","targetHints":{"allow":["GET"]}}],"collection":[{"href":"https:\/\/nbgtele.com\/fr\/wp-json\/wp\/v2\/product"}],"about":[{"href":"https:\/\/nbgtele.com\/fr\/wp-json\/wp\/v2\/types\/product"}],"wp:featuredmedia":[{"embeddable":true,"href":"https:\/\/nbgtele.com\/fr\/wp-json\/wp\/v2\/media\/110344"}],"wp:attachment":[{"href":"https:\/\/nbgtele.com\/fr\/wp-json\/wp\/v2\/media?parent=110345"}],"wp:term":[{"taxonomy":"product_brand","embeddable":true,"href":"https:\/\/nbgtele.com\/fr\/wp-json\/wp\/v2\/product_brand?post=110345"},{"taxonomy":"product_cat","embeddable":true,"href":"https:\/\/nbgtele.com\/fr\/wp-json\/wp\/v2\/product_cat?post=110345"},{"taxonomy":"product_tag","embeddable":true,"href":"https:\/\/nbgtele.com\/fr\/wp-json\/wp\/v2\/product_tag?post=110345"},{"taxonomy":"brand","embeddable":true,"href":"https:\/\/nbgtele.com\/fr\/wp-json\/wp\/v2\/brand?post=110345"},{"taxonomy":"model","embeddable":true,"href":"https:\/\/nbgtele.com\/fr\/wp-json\/wp\/v2\/model?post=110345"},{"taxonomy":"profile","embeddable":true,"href":"https:\/\/nbgtele.com\/fr\/wp-json\/wp\/v2\/profile?post=110345"},{"taxonomy":"resolution","embeddable":true,"href":"https:\/\/nbgtele.com\/fr\/wp-json\/wp\/v2\/resolution?post=110345"},{"taxonomy":"lens","embeddable":true,"href":"https:\/\/nbgtele.com\/fr\/wp-json\/wp\/v2\/lens?post=110345"},{"taxonomy":"color","embeddable":true,"href":"https:\/\/nbgtele.com\/fr\/wp-json\/wp\/v2\/color?post=110345"},{"taxonomy":"ndaa_compliant","embeddable":true,"href":"https:\/\/nbgtele.com\/fr\/wp-json\/wp\/v2\/ndaa_compliant?post=110345"},{"taxonomy":"dual_voltage","embeddable":true,"href":"https:\/\/nbgtele.com\/fr\/wp-json\/wp\/v2\/dual_voltage?post=110345"},{"taxonomy":"ai","embeddable":true,"href":"https:\/\/nbgtele.com\/fr\/wp-json\/wp\/v2\/ai?post=110345"},{"taxonomy":"lite","embeddable":true,"href":"https:\/\/nbgtele.com\/fr\/wp-json\/wp\/v2\/lite?post=110345"},{"taxonomy":"infrared_perimeter","embeddable":true,"href":"https:\/\/nbgtele.com\/fr\/wp-json\/wp\/v2\/infrared_perimeter?post=110345"},{"taxonomy":"fixed_dome_microphone","embeddable":true,"href":"https:\/\/nbgtele.com\/fr\/wp-json\/wp\/v2\/fixed_dome_microphone?post=110345"},{"taxonomy":"analog_hd","embeddable":true,"href":"https:\/\/nbgtele.com\/fr\/wp-json\/wp\/v2\/analog_hd?post=110345"},{"taxonomy":"covert_camera","embeddable":true,"href":"https:\/\/nbgtele.com\/fr\/wp-json\/wp\/v2\/covert_camera?post=110345"},{"taxonomy":"internet_protocol","embeddable":true,"href":"https:\/\/nbgtele.com\/fr\/wp-json\/wp\/v2\/internet_protocol?post=110345"},{"taxonomy":"channels","embeddable":true,"href":"https:\/\/nbgtele.com\/fr\/wp-json\/wp\/v2\/channels?post=110345"},{"taxonomy":"ports","embeddable":true,"href":"https:\/\/nbgtele.com\/fr\/wp-json\/wp\/v2\/ports?post=110345"}],"curies":[{"name":"wp","href":"https:\/\/api.w.org\/{rel}","templated":true}]}}