{"id":108370,"date":"2024-07-25T13:38:42","date_gmt":"2024-07-25T17:38:42","guid":{"rendered":"https:\/\/nbgtele.com\/?post_type=product&#038;p=108370"},"modified":"2026-02-04T12:42:00","modified_gmt":"2026-02-04T16:42:00","slug":"10gb-data-plan-no-sms-activation","status":"publish","type":"product","link":"https:\/\/nbgtele.com\/fr\/produit\/10gb-data-plan-no-sms-activation\/","title":{"rendered":"10GB Data Plan Activation"},"content":{"rendered":"","protected":false},"excerpt":{"rendered":"","protected":false},"featured_media":108376,"template":"","meta":{"_acf_changed":false},"product_brand":[],"product_cat":[52],"product_tag":[],"brand":[],"model":[],"profile":[],"resolution":[],"lens":[],"color":[],"ndaa_compliant":[],"dual_voltage":[],"ai":[],"lite":[],"infrared_perimeter":[],"fixed_dome_microphone":[],"analog_hd":[],"covert_camera":[],"internet_protocol":[],"channels":[],"ports":[],"class_list":{"0":"post-108370","1":"product","2":"type-product","3":"status-publish","4":"has-post-thumbnail","6":"product_cat-sim-card-plans-fr","7":"pa_payment-bi-yearly-fr","8":"pa_payment-monthly-fr","9":"pa_payment-quarterly-fr","10":"pa_payment-yearly-get-one-month-free-fr","11":"pa_payment-yearly-fr","12":"wcpa_has_options","13":"entry","15":"first","16":"instock","17":"taxable","18":"shipping-taxable","19":"product-type-variable-subscription"},"acf":[],"wcpa_form_fields":{"rules":{"pric_overide_base_price":false,"pric_overide_base_price_if_gt_zero":false,"pric_overide_base_price_fully":false,"pric_cal_option_once":false,"pric_use_as_fee":false,"bind_quantity":false,"quantity_bind_formula":false},"fields":[{"type":"number","required":true,"elementId":"wcpa-number-1657038964393","label":"SIM CARD #","pricingType":"fixed","className":"form-control2 _nineteenCheck","name":"number-1657038964393","cl_rule":"show","col":6,"relations":[{"operator":false,"rules":[{"operator":false,"rules":{"cl_field":"wcpa-number-1657038964393","cl_relation":"is_greater","cl_val":""}}]}],"form_id":70186,"form_rules":{"pric_cal_option_once":false,"exclude_from_discount":false,"pric_use_as_fee":false,"fee_label":"Fee","render_after_acb":false,"disp_hide_options_price":false}},{"type":"text","required":true,"elementId":"wcpa-text-1658347265855","label":"Nom du client","pricingType":"fixed","name":"text-1658347265855","subtype":"text","cl_rule":"show","col":6,"relations":false,"form_id":70186,"form_rules":{"pric_cal_option_once":false,"exclude_from_discount":false,"pric_use_as_fee":false,"fee_label":"Fee","render_after_acb":false,"disp_hide_options_price":false}},{"type":"placeselector","required":true,"elementId":"wcpa-placeselector-1658347098033","label":"Adresse","map_height":"300","pricingType":"fixed","name":"placeselector-1658347098033","hideFieldIn_cart":true,"cl_rule":"show","col":6,"values":[],"relations":false,"form_id":70186,"form_rules":{"pric_cal_option_once":false,"exclude_from_discount":false,"pric_use_as_fee":false,"fee_label":"Fee","render_after_acb":false,"disp_hide_options_price":false}},{"type":"text","required":true,"elementId":"wcpa-text-1658347143321","label":"Type d'\u00e9quipement","pricingType":"fixed","name":"text-1658347143321","subtype":"text","cl_rule":"show","col":6,"relations":false,"form_id":70186,"form_rules":{"pric_cal_option_once":false,"exclude_from_discount":false,"pric_use_as_fee":false,"fee_label":"Fee","render_after_acb":false,"disp_hide_options_price":false}}]},"yoast_head":"<!-- This site is optimized with the Yoast SEO plugin v26.0 - https:\/\/yoast.com\/wordpress\/plugins\/seo\/ -->\n<title>10GB Data Plan (No SMS) Activation forfait carte SIM<\/title>\n<meta name=\"description\" content=\"D\u00e9couvrez nos forfaits d&#039;itin\u00e9rance de 10 GB id\u00e9als pour les panneaux d&#039;alarme de vos clients et choisissez une dur\u00e9e \u00e0 votre convenance.\" \/>\n<meta name=\"robots\" content=\"index, follow, max-snippet:-1, max-image-preview:large, max-video-preview:-1\" \/>\n<link rel=\"canonical\" href=\"https:\/\/nbgtele.com\/fr\/produit\/10gb-data-plan-no-sms-activation\/\" \/>\n<meta property=\"og:locale\" content=\"fr_FR\" \/>\n<meta property=\"og:type\" content=\"article\" \/>\n<meta property=\"og:title\" content=\"10GB Data Plan (No SMS) Activation forfait carte SIM\" \/>\n<meta property=\"og:description\" content=\"D\u00e9couvrez nos forfaits d&#039;itin\u00e9rance de 10 GB id\u00e9als pour les panneaux d&#039;alarme de vos clients et choisissez une dur\u00e9e \u00e0 votre convenance.\" \/>\n<meta property=\"og:url\" content=\"https:\/\/nbgtele.com\/fr\/produit\/10gb-data-plan-no-sms-activation\/\" \/>\n<meta property=\"og:site_name\" content=\"NBGTele.com\" \/>\n<meta property=\"article:modified_time\" content=\"2026-02-04T16:42:00+00:00\" \/>\n<meta property=\"og:image\" content=\"https:\/\/nbgtele.com\/wp-content\/uploads\/2024\/07\/10gb-data-plan.jpg\" \/>\n\t<meta property=\"og:image:width\" content=\"585\" \/>\n\t<meta property=\"og:image:height\" content=\"439\" \/>\n\t<meta property=\"og:image:type\" content=\"image\/jpeg\" \/>\n<meta name=\"twitter:card\" content=\"summary_large_image\" \/>\n<meta name=\"twitter:label1\" content=\"Dur\u00e9e de lecture estim\u00e9e\" \/>\n\t<meta name=\"twitter:data1\" content=\"1 minute\" \/>\n<script type=\"application\/ld+json\" class=\"yoast-schema-graph\">{\"@context\":\"https:\/\/schema.org\",\"@graph\":[{\"@type\":\"WebPage\",\"@id\":\"https:\/\/nbgtele.com\/fr\/produit\/10gb-data-plan-no-sms-activation\/\",\"url\":\"https:\/\/nbgtele.com\/fr\/produit\/10gb-data-plan-no-sms-activation\/\",\"name\":\"10GB Data Plan (No SMS) Activation forfait carte SIM\",\"isPartOf\":{\"@id\":\"https:\/\/nbgtele.com\/fr\/#website\"},\"primaryImageOfPage\":{\"@id\":\"https:\/\/nbgtele.com\/fr\/produit\/10gb-data-plan-no-sms-activation\/#primaryimage\"},\"image\":{\"@id\":\"https:\/\/nbgtele.com\/fr\/produit\/10gb-data-plan-no-sms-activation\/#primaryimage\"},\"thumbnailUrl\":\"https:\/\/nbgtele.com\/wp-content\/uploads\/2024\/07\/10gb-data-plan.jpg\",\"datePublished\":\"2024-07-25T17:38:42+00:00\",\"dateModified\":\"2026-02-04T16:42:00+00:00\",\"description\":\"D\u00e9couvrez nos forfaits d'itin\u00e9rance de 10 GB id\u00e9als pour les panneaux d'alarme de vos clients et choisissez une dur\u00e9e \u00e0 votre convenance.\",\"breadcrumb\":{\"@id\":\"https:\/\/nbgtele.com\/fr\/produit\/10gb-data-plan-no-sms-activation\/#breadcrumb\"},\"inLanguage\":\"fr-FR\",\"potentialAction\":[{\"@type\":\"ReadAction\",\"target\":[\"https:\/\/nbgtele.com\/fr\/produit\/10gb-data-plan-no-sms-activation\/\"]}]},{\"@type\":\"ImageObject\",\"inLanguage\":\"fr-FR\",\"@id\":\"https:\/\/nbgtele.com\/fr\/produit\/10gb-data-plan-no-sms-activation\/#primaryimage\",\"url\":\"https:\/\/nbgtele.com\/wp-content\/uploads\/2024\/07\/10gb-data-plan.jpg\",\"contentUrl\":\"https:\/\/nbgtele.com\/wp-content\/uploads\/2024\/07\/10gb-data-plan.jpg\",\"width\":585,\"height\":439},{\"@type\":\"BreadcrumbList\",\"@id\":\"https:\/\/nbgtele.com\/fr\/produit\/10gb-data-plan-no-sms-activation\/#breadcrumb\",\"itemListElement\":[{\"@type\":\"ListItem\",\"position\":1,\"name\":\"Home\",\"item\":\"https:\/\/nbgtele.com\/fr\/\"},{\"@type\":\"ListItem\",\"position\":2,\"name\":\"Boutique\",\"item\":\"https:\/\/nbgtele.com\/fr\/boutique\/\"},{\"@type\":\"ListItem\",\"position\":3,\"name\":\"10GB Data Plan Activation\"}]},{\"@type\":\"WebSite\",\"@id\":\"https:\/\/nbgtele.com\/fr\/#website\",\"url\":\"https:\/\/nbgtele.com\/fr\/\",\"name\":\"NBGTele.com\",\"description\":\"\",\"potentialAction\":[{\"@type\":\"SearchAction\",\"target\":{\"@type\":\"EntryPoint\",\"urlTemplate\":\"https:\/\/nbgtele.com\/fr\/?s={search_term_string}\"},\"query-input\":{\"@type\":\"PropertyValueSpecification\",\"valueRequired\":true,\"valueName\":\"search_term_string\"}}],\"inLanguage\":\"fr-FR\"}]}<\/script>\n<!-- \/ Yoast SEO plugin. -->","yoast_head_json":{"title":"10GB Data Plan (No SMS) Activation forfait carte SIM","description":"D\u00e9couvrez nos forfaits d'itin\u00e9rance de 10 GB id\u00e9als pour les panneaux d'alarme de vos clients et choisissez une dur\u00e9e \u00e0 votre convenance.","robots":{"index":"index","follow":"follow","max-snippet":"max-snippet:-1","max-image-preview":"max-image-preview:large","max-video-preview":"max-video-preview:-1"},"canonical":"https:\/\/nbgtele.com\/fr\/produit\/10gb-data-plan-no-sms-activation\/","og_locale":"fr_FR","og_type":"article","og_title":"10GB Data Plan (No SMS) Activation forfait carte SIM","og_description":"D\u00e9couvrez nos forfaits d'itin\u00e9rance de 10 GB id\u00e9als pour les panneaux d'alarme de vos clients et choisissez une dur\u00e9e \u00e0 votre convenance.","og_url":"https:\/\/nbgtele.com\/fr\/produit\/10gb-data-plan-no-sms-activation\/","og_site_name":"NBGTele.com","article_modified_time":"2026-02-04T16:42:00+00:00","og_image":[{"width":585,"height":439,"url":"https:\/\/nbgtele.com\/wp-content\/uploads\/2024\/07\/10gb-data-plan.jpg","type":"image\/jpeg"}],"twitter_card":"summary_large_image","twitter_misc":{"Dur\u00e9e de lecture estim\u00e9e":"1 minute"},"schema":{"@context":"https:\/\/schema.org","@graph":[{"@type":"WebPage","@id":"https:\/\/nbgtele.com\/fr\/produit\/10gb-data-plan-no-sms-activation\/","url":"https:\/\/nbgtele.com\/fr\/produit\/10gb-data-plan-no-sms-activation\/","name":"10GB Data Plan (No SMS) Activation forfait carte SIM","isPartOf":{"@id":"https:\/\/nbgtele.com\/fr\/#website"},"primaryImageOfPage":{"@id":"https:\/\/nbgtele.com\/fr\/produit\/10gb-data-plan-no-sms-activation\/#primaryimage"},"image":{"@id":"https:\/\/nbgtele.com\/fr\/produit\/10gb-data-plan-no-sms-activation\/#primaryimage"},"thumbnailUrl":"https:\/\/nbgtele.com\/wp-content\/uploads\/2024\/07\/10gb-data-plan.jpg","datePublished":"2024-07-25T17:38:42+00:00","dateModified":"2026-02-04T16:42:00+00:00","description":"D\u00e9couvrez nos forfaits d'itin\u00e9rance de 10 GB id\u00e9als pour les panneaux d'alarme de vos clients et choisissez une dur\u00e9e \u00e0 votre convenance.","breadcrumb":{"@id":"https:\/\/nbgtele.com\/fr\/produit\/10gb-data-plan-no-sms-activation\/#breadcrumb"},"inLanguage":"fr-FR","potentialAction":[{"@type":"ReadAction","target":["https:\/\/nbgtele.com\/fr\/produit\/10gb-data-plan-no-sms-activation\/"]}]},{"@type":"ImageObject","inLanguage":"fr-FR","@id":"https:\/\/nbgtele.com\/fr\/produit\/10gb-data-plan-no-sms-activation\/#primaryimage","url":"https:\/\/nbgtele.com\/wp-content\/uploads\/2024\/07\/10gb-data-plan.jpg","contentUrl":"https:\/\/nbgtele.com\/wp-content\/uploads\/2024\/07\/10gb-data-plan.jpg","width":585,"height":439},{"@type":"BreadcrumbList","@id":"https:\/\/nbgtele.com\/fr\/produit\/10gb-data-plan-no-sms-activation\/#breadcrumb","itemListElement":[{"@type":"ListItem","position":1,"name":"Home","item":"https:\/\/nbgtele.com\/fr\/"},{"@type":"ListItem","position":2,"name":"Boutique","item":"https:\/\/nbgtele.com\/fr\/boutique\/"},{"@type":"ListItem","position":3,"name":"10GB Data Plan Activation"}]},{"@type":"WebSite","@id":"https:\/\/nbgtele.com\/fr\/#website","url":"https:\/\/nbgtele.com\/fr\/","name":"NBGTele.com","description":"","potentialAction":[{"@type":"SearchAction","target":{"@type":"EntryPoint","urlTemplate":"https:\/\/nbgtele.com\/fr\/?s={search_term_string}"},"query-input":{"@type":"PropertyValueSpecification","valueRequired":true,"valueName":"search_term_string"}}],"inLanguage":"fr-FR"}]}},"_links":{"self":[{"href":"https:\/\/nbgtele.com\/fr\/wp-json\/wp\/v2\/product\/108370","targetHints":{"allow":["GET"]}}],"collection":[{"href":"https:\/\/nbgtele.com\/fr\/wp-json\/wp\/v2\/product"}],"about":[{"href":"https:\/\/nbgtele.com\/fr\/wp-json\/wp\/v2\/types\/product"}],"wp:featuredmedia":[{"embeddable":true,"href":"https:\/\/nbgtele.com\/fr\/wp-json\/wp\/v2\/media\/108376"}],"wp:attachment":[{"href":"https:\/\/nbgtele.com\/fr\/wp-json\/wp\/v2\/media?parent=108370"}],"wp:term":[{"taxonomy":"product_brand","embeddable":true,"href":"https:\/\/nbgtele.com\/fr\/wp-json\/wp\/v2\/product_brand?post=108370"},{"taxonomy":"product_cat","embeddable":true,"href":"https:\/\/nbgtele.com\/fr\/wp-json\/wp\/v2\/product_cat?post=108370"},{"taxonomy":"product_tag","embeddable":true,"href":"https:\/\/nbgtele.com\/fr\/wp-json\/wp\/v2\/product_tag?post=108370"},{"taxonomy":"brand","embeddable":true,"href":"https:\/\/nbgtele.com\/fr\/wp-json\/wp\/v2\/brand?post=108370"},{"taxonomy":"model","embeddable":true,"href":"https:\/\/nbgtele.com\/fr\/wp-json\/wp\/v2\/model?post=108370"},{"taxonomy":"profile","embeddable":true,"href":"https:\/\/nbgtele.com\/fr\/wp-json\/wp\/v2\/profile?post=108370"},{"taxonomy":"resolution","embeddable":true,"href":"https:\/\/nbgtele.com\/fr\/wp-json\/wp\/v2\/resolution?post=108370"},{"taxonomy":"lens","embeddable":true,"href":"https:\/\/nbgtele.com\/fr\/wp-json\/wp\/v2\/lens?post=108370"},{"taxonomy":"color","embeddable":true,"href":"https:\/\/nbgtele.com\/fr\/wp-json\/wp\/v2\/color?post=108370"},{"taxonomy":"ndaa_compliant","embeddable":true,"href":"https:\/\/nbgtele.com\/fr\/wp-json\/wp\/v2\/ndaa_compliant?post=108370"},{"taxonomy":"dual_voltage","embeddable":true,"href":"https:\/\/nbgtele.com\/fr\/wp-json\/wp\/v2\/dual_voltage?post=108370"},{"taxonomy":"ai","embeddable":true,"href":"https:\/\/nbgtele.com\/fr\/wp-json\/wp\/v2\/ai?post=108370"},{"taxonomy":"lite","embeddable":true,"href":"https:\/\/nbgtele.com\/fr\/wp-json\/wp\/v2\/lite?post=108370"},{"taxonomy":"infrared_perimeter","embeddable":true,"href":"https:\/\/nbgtele.com\/fr\/wp-json\/wp\/v2\/infrared_perimeter?post=108370"},{"taxonomy":"fixed_dome_microphone","embeddable":true,"href":"https:\/\/nbgtele.com\/fr\/wp-json\/wp\/v2\/fixed_dome_microphone?post=108370"},{"taxonomy":"analog_hd","embeddable":true,"href":"https:\/\/nbgtele.com\/fr\/wp-json\/wp\/v2\/analog_hd?post=108370"},{"taxonomy":"covert_camera","embeddable":true,"href":"https:\/\/nbgtele.com\/fr\/wp-json\/wp\/v2\/covert_camera?post=108370"},{"taxonomy":"internet_protocol","embeddable":true,"href":"https:\/\/nbgtele.com\/fr\/wp-json\/wp\/v2\/internet_protocol?post=108370"},{"taxonomy":"channels","embeddable":true,"href":"https:\/\/nbgtele.com\/fr\/wp-json\/wp\/v2\/channels?post=108370"},{"taxonomy":"ports","embeddable":true,"href":"https:\/\/nbgtele.com\/fr\/wp-json\/wp\/v2\/ports?post=108370"}],"curies":[{"name":"wp","href":"https:\/\/api.w.org\/{rel}","templated":true}]}}