{"id":105634,"date":"2024-03-28T16:27:07","date_gmt":"2024-03-28T20:27:07","guid":{"rendered":"https:\/\/nbgtele.com\/product\/64-ports-nvr-recorder-8mp-4k\/"},"modified":"2025-05-26T15:54:48","modified_gmt":"2025-05-26T19:54:48","slug":"64-ports-nvr-recorder-8mp-4k","status":"publish","type":"product","link":"https:\/\/nbgtele.com\/fr\/produit\/64-ports-nvr-recorder-8mp-4k\/","title":{"rendered":"64 Ports NVR Recorder 8MP\/4K"},"content":{"rendered":"","protected":false},"excerpt":{"rendered":"<p><span style=\"font-weight: 400;\">Entrez dans une nouvelle \u00e8re de surveillance avec notre enregistreur 64 Ports NVR Recorder 8MP\/4K haut de gamme. Con\u00e7u pour r\u00e9pondre aux besoins les plus exigeants en mati\u00e8re de s\u00e9curit\u00e9, cet enregistreur offre une r\u00e9solution \u00e9poustouflante allant jusqu&rsquo;\u00e0 8MP (4K), garantissant une clart\u00e9 d&rsquo;image exceptionnelle pour une surveillance pr\u00e9cise.<\/span><\/p>\n<p><span style=\"font-weight: 400;\">Bien qu&rsquo;il ne soit pas \u00e9quip\u00e9 de la fonction POE, cet enregistreur est conforme aux normes NDAA, garantissant une conformit\u00e9 r\u00e9glementaire et une s\u00e9curit\u00e9 renforc\u00e9e pour vos syst\u00e8mes de surveillance. Avec l&rsquo;application SmartGuardian App, surveillez vos cam\u00e9ras \u00e0 distance et g\u00e9rez facilement vos enregistrements o\u00f9 que vous soyez.<\/span><\/p>\n<p><span style=\"font-weight: 400;\">Optez pour l&rsquo;excellence en mati\u00e8re de s\u00e9curit\u00e9 avec notre enregistreur NVR. Red\u00e9finissez vos attentes et assurez la protection de vos biens avec une surveillance de pointe.<\/span><\/p>\n","protected":false},"featured_media":105882,"template":"","meta":{"_acf_changed":false},"product_brand":[],"product_cat":[77],"product_tag":[],"brand":[],"model":[],"profile":[],"resolution":[],"lens":[],"color":[],"ndaa_compliant":[],"dual_voltage":[],"ai":[],"lite":[],"infrared_perimeter":[],"fixed_dome_microphone":[],"analog_hd":[],"covert_camera":[],"internet_protocol":[],"channels":[],"ports":[],"class_list":{"0":"post-105634","1":"product","2":"type-product","3":"status-publish","4":"has-post-thumbnail","6":"product_cat-accessories-fr","7":"entry","9":"first","10":"instock","11":"taxable","12":"shipping-taxable","13":"product-type-simple"},"acf":[],"wcpa_form_fields":null,"yoast_head":"<!-- This site is optimized with the Yoast SEO plugin v26.0 - https:\/\/yoast.com\/wordpress\/plugins\/seo\/ -->\n<title>64 Ports NVR Recorder 8MP\/4K - NBGTele.com<\/title>\n<meta name=\"robots\" content=\"index, follow, max-snippet:-1, max-image-preview:large, max-video-preview:-1\" \/>\n<link rel=\"canonical\" href=\"https:\/\/nbgtele.com\/fr\/produit\/64-ports-nvr-recorder-8mp-4k\/\" \/>\n<meta property=\"og:locale\" content=\"fr_FR\" \/>\n<meta property=\"og:type\" content=\"article\" \/>\n<meta property=\"og:title\" content=\"64 Ports NVR Recorder 8MP\/4K - NBGTele.com\" \/>\n<meta property=\"og:description\" content=\"Entrez dans une nouvelle \u00e8re de surveillance avec notre enregistreur 64 Ports NVR Recorder 8MP\/4K haut de gamme. Con\u00e7u pour r\u00e9pondre aux besoins les plus exigeants en mati\u00e8re de s\u00e9curit\u00e9, cet enregistreur offre une r\u00e9solution \u00e9poustouflante allant jusqu&#039;\u00e0 8MP (4K), garantissant une clart\u00e9 d&#039;image exceptionnelle pour une surveillance pr\u00e9cise.  Bien qu&#039;il ne soit pas \u00e9quip\u00e9 de la fonction POE, cet enregistreur est conforme aux normes NDAA, garantissant une conformit\u00e9 r\u00e9glementaire et une s\u00e9curit\u00e9 renforc\u00e9e pour vos syst\u00e8mes de surveillance. Avec l&#039;application SmartGuardian App, surveillez vos cam\u00e9ras \u00e0 distance et g\u00e9rez facilement vos enregistrements o\u00f9 que vous soyez.  Optez pour l&#039;excellence en mati\u00e8re de s\u00e9curit\u00e9 avec notre enregistreur NVR. Red\u00e9finissez vos attentes et assurez la protection de vos biens avec une surveillance de pointe.\" \/>\n<meta property=\"og:url\" content=\"https:\/\/nbgtele.com\/fr\/produit\/64-ports-nvr-recorder-8mp-4k\/\" \/>\n<meta property=\"og:site_name\" content=\"NBGTele.com\" \/>\n<meta property=\"article:modified_time\" content=\"2025-05-26T19:54:48+00:00\" \/>\n<meta property=\"og:image\" content=\"https:\/\/nbgtele.com\/wp-content\/uploads\/2024\/04\/nvrfnc4k-64np-n.png\" \/>\n\t<meta property=\"og:image:width\" content=\"1000\" \/>\n\t<meta property=\"og:image:height\" content=\"1000\" \/>\n\t<meta property=\"og:image:type\" content=\"image\/png\" \/>\n<meta name=\"twitter:card\" content=\"summary_large_image\" \/>\n<script type=\"application\/ld+json\" class=\"yoast-schema-graph\">{\"@context\":\"https:\/\/schema.org\",\"@graph\":[{\"@type\":\"WebPage\",\"@id\":\"https:\/\/nbgtele.com\/fr\/produit\/64-ports-nvr-recorder-8mp-4k\/\",\"url\":\"https:\/\/nbgtele.com\/fr\/produit\/64-ports-nvr-recorder-8mp-4k\/\",\"name\":\"64 Ports NVR Recorder 8MP\/4K - NBGTele.com\",\"isPartOf\":{\"@id\":\"https:\/\/nbgtele.com\/fr\/#website\"},\"primaryImageOfPage\":{\"@id\":\"https:\/\/nbgtele.com\/fr\/produit\/64-ports-nvr-recorder-8mp-4k\/#primaryimage\"},\"image\":{\"@id\":\"https:\/\/nbgtele.com\/fr\/produit\/64-ports-nvr-recorder-8mp-4k\/#primaryimage\"},\"thumbnailUrl\":\"https:\/\/nbgtele.com\/wp-content\/uploads\/2024\/04\/nvrfnc4k-64np-n.png\",\"datePublished\":\"2024-03-28T20:27:07+00:00\",\"dateModified\":\"2025-05-26T19:54:48+00:00\",\"breadcrumb\":{\"@id\":\"https:\/\/nbgtele.com\/fr\/produit\/64-ports-nvr-recorder-8mp-4k\/#breadcrumb\"},\"inLanguage\":\"fr-FR\",\"potentialAction\":[{\"@type\":\"ReadAction\",\"target\":[\"https:\/\/nbgtele.com\/fr\/produit\/64-ports-nvr-recorder-8mp-4k\/\"]}]},{\"@type\":\"ImageObject\",\"inLanguage\":\"fr-FR\",\"@id\":\"https:\/\/nbgtele.com\/fr\/produit\/64-ports-nvr-recorder-8mp-4k\/#primaryimage\",\"url\":\"https:\/\/nbgtele.com\/wp-content\/uploads\/2024\/04\/nvrfnc4k-64np-n.png\",\"contentUrl\":\"https:\/\/nbgtele.com\/wp-content\/uploads\/2024\/04\/nvrfnc4k-64np-n.png\",\"width\":1000,\"height\":1000},{\"@type\":\"BreadcrumbList\",\"@id\":\"https:\/\/nbgtele.com\/fr\/produit\/64-ports-nvr-recorder-8mp-4k\/#breadcrumb\",\"itemListElement\":[{\"@type\":\"ListItem\",\"position\":1,\"name\":\"Home\",\"item\":\"https:\/\/nbgtele.com\/fr\/\"},{\"@type\":\"ListItem\",\"position\":2,\"name\":\"Boutique\",\"item\":\"https:\/\/nbgtele.com\/fr\/boutique\/\"},{\"@type\":\"ListItem\",\"position\":3,\"name\":\"64 Ports NVR Recorder 8MP\/4K\"}]},{\"@type\":\"WebSite\",\"@id\":\"https:\/\/nbgtele.com\/fr\/#website\",\"url\":\"https:\/\/nbgtele.com\/fr\/\",\"name\":\"NBGTele.com\",\"description\":\"\",\"potentialAction\":[{\"@type\":\"SearchAction\",\"target\":{\"@type\":\"EntryPoint\",\"urlTemplate\":\"https:\/\/nbgtele.com\/fr\/?s={search_term_string}\"},\"query-input\":{\"@type\":\"PropertyValueSpecification\",\"valueRequired\":true,\"valueName\":\"search_term_string\"}}],\"inLanguage\":\"fr-FR\"}]}<\/script>\n<!-- \/ Yoast SEO plugin. -->","yoast_head_json":{"title":"64 Ports NVR Recorder 8MP\/4K - NBGTele.com","robots":{"index":"index","follow":"follow","max-snippet":"max-snippet:-1","max-image-preview":"max-image-preview:large","max-video-preview":"max-video-preview:-1"},"canonical":"https:\/\/nbgtele.com\/fr\/produit\/64-ports-nvr-recorder-8mp-4k\/","og_locale":"fr_FR","og_type":"article","og_title":"64 Ports NVR Recorder 8MP\/4K - NBGTele.com","og_description":"Entrez dans une nouvelle \u00e8re de surveillance avec notre enregistreur 64 Ports NVR Recorder 8MP\/4K haut de gamme. Con\u00e7u pour r\u00e9pondre aux besoins les plus exigeants en mati\u00e8re de s\u00e9curit\u00e9, cet enregistreur offre une r\u00e9solution \u00e9poustouflante allant jusqu'\u00e0 8MP (4K), garantissant une clart\u00e9 d'image exceptionnelle pour une surveillance pr\u00e9cise.  Bien qu'il ne soit pas \u00e9quip\u00e9 de la fonction POE, cet enregistreur est conforme aux normes NDAA, garantissant une conformit\u00e9 r\u00e9glementaire et une s\u00e9curit\u00e9 renforc\u00e9e pour vos syst\u00e8mes de surveillance. Avec l'application SmartGuardian App, surveillez vos cam\u00e9ras \u00e0 distance et g\u00e9rez facilement vos enregistrements o\u00f9 que vous soyez.  Optez pour l'excellence en mati\u00e8re de s\u00e9curit\u00e9 avec notre enregistreur NVR. Red\u00e9finissez vos attentes et assurez la protection de vos biens avec une surveillance de pointe.","og_url":"https:\/\/nbgtele.com\/fr\/produit\/64-ports-nvr-recorder-8mp-4k\/","og_site_name":"NBGTele.com","article_modified_time":"2025-05-26T19:54:48+00:00","og_image":[{"width":1000,"height":1000,"url":"https:\/\/nbgtele.com\/wp-content\/uploads\/2024\/04\/nvrfnc4k-64np-n.png","type":"image\/png"}],"twitter_card":"summary_large_image","schema":{"@context":"https:\/\/schema.org","@graph":[{"@type":"WebPage","@id":"https:\/\/nbgtele.com\/fr\/produit\/64-ports-nvr-recorder-8mp-4k\/","url":"https:\/\/nbgtele.com\/fr\/produit\/64-ports-nvr-recorder-8mp-4k\/","name":"64 Ports NVR Recorder 8MP\/4K - NBGTele.com","isPartOf":{"@id":"https:\/\/nbgtele.com\/fr\/#website"},"primaryImageOfPage":{"@id":"https:\/\/nbgtele.com\/fr\/produit\/64-ports-nvr-recorder-8mp-4k\/#primaryimage"},"image":{"@id":"https:\/\/nbgtele.com\/fr\/produit\/64-ports-nvr-recorder-8mp-4k\/#primaryimage"},"thumbnailUrl":"https:\/\/nbgtele.com\/wp-content\/uploads\/2024\/04\/nvrfnc4k-64np-n.png","datePublished":"2024-03-28T20:27:07+00:00","dateModified":"2025-05-26T19:54:48+00:00","breadcrumb":{"@id":"https:\/\/nbgtele.com\/fr\/produit\/64-ports-nvr-recorder-8mp-4k\/#breadcrumb"},"inLanguage":"fr-FR","potentialAction":[{"@type":"ReadAction","target":["https:\/\/nbgtele.com\/fr\/produit\/64-ports-nvr-recorder-8mp-4k\/"]}]},{"@type":"ImageObject","inLanguage":"fr-FR","@id":"https:\/\/nbgtele.com\/fr\/produit\/64-ports-nvr-recorder-8mp-4k\/#primaryimage","url":"https:\/\/nbgtele.com\/wp-content\/uploads\/2024\/04\/nvrfnc4k-64np-n.png","contentUrl":"https:\/\/nbgtele.com\/wp-content\/uploads\/2024\/04\/nvrfnc4k-64np-n.png","width":1000,"height":1000},{"@type":"BreadcrumbList","@id":"https:\/\/nbgtele.com\/fr\/produit\/64-ports-nvr-recorder-8mp-4k\/#breadcrumb","itemListElement":[{"@type":"ListItem","position":1,"name":"Home","item":"https:\/\/nbgtele.com\/fr\/"},{"@type":"ListItem","position":2,"name":"Boutique","item":"https:\/\/nbgtele.com\/fr\/boutique\/"},{"@type":"ListItem","position":3,"name":"64 Ports NVR Recorder 8MP\/4K"}]},{"@type":"WebSite","@id":"https:\/\/nbgtele.com\/fr\/#website","url":"https:\/\/nbgtele.com\/fr\/","name":"NBGTele.com","description":"","potentialAction":[{"@type":"SearchAction","target":{"@type":"EntryPoint","urlTemplate":"https:\/\/nbgtele.com\/fr\/?s={search_term_string}"},"query-input":{"@type":"PropertyValueSpecification","valueRequired":true,"valueName":"search_term_string"}}],"inLanguage":"fr-FR"}]}},"_links":{"self":[{"href":"https:\/\/nbgtele.com\/fr\/wp-json\/wp\/v2\/product\/105634","targetHints":{"allow":["GET"]}}],"collection":[{"href":"https:\/\/nbgtele.com\/fr\/wp-json\/wp\/v2\/product"}],"about":[{"href":"https:\/\/nbgtele.com\/fr\/wp-json\/wp\/v2\/types\/product"}],"wp:featuredmedia":[{"embeddable":true,"href":"https:\/\/nbgtele.com\/fr\/wp-json\/wp\/v2\/media\/105882"}],"wp:attachment":[{"href":"https:\/\/nbgtele.com\/fr\/wp-json\/wp\/v2\/media?parent=105634"}],"wp:term":[{"taxonomy":"product_brand","embeddable":true,"href":"https:\/\/nbgtele.com\/fr\/wp-json\/wp\/v2\/product_brand?post=105634"},{"taxonomy":"product_cat","embeddable":true,"href":"https:\/\/nbgtele.com\/fr\/wp-json\/wp\/v2\/product_cat?post=105634"},{"taxonomy":"product_tag","embeddable":true,"href":"https:\/\/nbgtele.com\/fr\/wp-json\/wp\/v2\/product_tag?post=105634"},{"taxonomy":"brand","embeddable":true,"href":"https:\/\/nbgtele.com\/fr\/wp-json\/wp\/v2\/brand?post=105634"},{"taxonomy":"model","embeddable":true,"href":"https:\/\/nbgtele.com\/fr\/wp-json\/wp\/v2\/model?post=105634"},{"taxonomy":"profile","embeddable":true,"href":"https:\/\/nbgtele.com\/fr\/wp-json\/wp\/v2\/profile?post=105634"},{"taxonomy":"resolution","embeddable":true,"href":"https:\/\/nbgtele.com\/fr\/wp-json\/wp\/v2\/resolution?post=105634"},{"taxonomy":"lens","embeddable":true,"href":"https:\/\/nbgtele.com\/fr\/wp-json\/wp\/v2\/lens?post=105634"},{"taxonomy":"color","embeddable":true,"href":"https:\/\/nbgtele.com\/fr\/wp-json\/wp\/v2\/color?post=105634"},{"taxonomy":"ndaa_compliant","embeddable":true,"href":"https:\/\/nbgtele.com\/fr\/wp-json\/wp\/v2\/ndaa_compliant?post=105634"},{"taxonomy":"dual_voltage","embeddable":true,"href":"https:\/\/nbgtele.com\/fr\/wp-json\/wp\/v2\/dual_voltage?post=105634"},{"taxonomy":"ai","embeddable":true,"href":"https:\/\/nbgtele.com\/fr\/wp-json\/wp\/v2\/ai?post=105634"},{"taxonomy":"lite","embeddable":true,"href":"https:\/\/nbgtele.com\/fr\/wp-json\/wp\/v2\/lite?post=105634"},{"taxonomy":"infrared_perimeter","embeddable":true,"href":"https:\/\/nbgtele.com\/fr\/wp-json\/wp\/v2\/infrared_perimeter?post=105634"},{"taxonomy":"fixed_dome_microphone","embeddable":true,"href":"https:\/\/nbgtele.com\/fr\/wp-json\/wp\/v2\/fixed_dome_microphone?post=105634"},{"taxonomy":"analog_hd","embeddable":true,"href":"https:\/\/nbgtele.com\/fr\/wp-json\/wp\/v2\/analog_hd?post=105634"},{"taxonomy":"covert_camera","embeddable":true,"href":"https:\/\/nbgtele.com\/fr\/wp-json\/wp\/v2\/covert_camera?post=105634"},{"taxonomy":"internet_protocol","embeddable":true,"href":"https:\/\/nbgtele.com\/fr\/wp-json\/wp\/v2\/internet_protocol?post=105634"},{"taxonomy":"channels","embeddable":true,"href":"https:\/\/nbgtele.com\/fr\/wp-json\/wp\/v2\/channels?post=105634"},{"taxonomy":"ports","embeddable":true,"href":"https:\/\/nbgtele.com\/fr\/wp-json\/wp\/v2\/ports?post=105634"}],"curies":[{"name":"wp","href":"https:\/\/api.w.org\/{rel}","templated":true}]}}