{"id":105542,"date":"2024-03-26T16:27:10","date_gmt":"2024-03-26T20:27:10","guid":{"rendered":"https:\/\/nbgtele.com\/product\/adaptateur-pwr-wl5v-2a-or-adapter-pwr-wl5v-2a\/"},"modified":"2025-05-26T15:54:57","modified_gmt":"2025-05-26T19:54:57","slug":"adaptateur-pwr-wl5v-2a-or-adapter-pwr-wl5v-2a","status":"publish","type":"product","link":"https:\/\/nbgtele.com\/fr\/produit\/adaptateur-pwr-wl5v-2a-or-adapter-pwr-wl5v-2a\/","title":{"rendered":"Adaptateur PWR-WL5V-2A or Adapter PWR-WL5V-2A"},"content":{"rendered":"","protected":false},"excerpt":{"rendered":"<p><span style=\"font-weight: 400;\">\u00c9quip\u00e9 d&rsquo;un adaptateur d&rsquo;alimentation de sortie de 5V-2 AMP et d&rsquo;un courant d&rsquo;entr\u00e9e de 100-240V, ce c\u00e2ble offre une performance optimale pour charger vos appareils. Dot\u00e9 d&rsquo;un connecteur USB de type A et d&rsquo;un connecteur micro USB m\u00e2le \u00e0 une extr\u00e9mit\u00e9, il assure une compatibilit\u00e9 \u00e9tendue. De plus, cette extr\u00e9mit\u00e9 est \u00e9quip\u00e9e d&rsquo;un joint d&rsquo;\u00e9tanch\u00e9it\u00e9 pour prot\u00e9ger contre toute infiltration d&rsquo;eau. Profitez d&rsquo;une charge fiable et d&rsquo;une port\u00e9e accrue avec ce c\u00e2ble de haute qualit\u00e9.<\/span><\/p>\n","protected":false},"featured_media":105541,"template":"","meta":{"_acf_changed":false},"product_brand":[],"product_cat":[77],"product_tag":[247],"brand":[195],"model":[],"profile":[],"resolution":[],"lens":[],"color":[],"ndaa_compliant":[],"dual_voltage":[],"ai":[],"lite":[],"infrared_perimeter":[],"fixed_dome_microphone":[],"analog_hd":[],"covert_camera":[],"internet_protocol":[],"channels":[],"ports":[],"class_list":{"0":"post-105542","1":"product","2":"type-product","3":"status-publish","4":"has-post-thumbnail","6":"product_cat-accessories-fr","7":"product_tag-gsd-fr","8":"brand-gsd-fr","9":"entry","11":"first","12":"instock","13":"taxable","14":"shipping-taxable","15":"product-type-simple"},"acf":[],"wcpa_form_fields":null,"yoast_head":"<!-- This site is optimized with the Yoast SEO plugin v26.0 - https:\/\/yoast.com\/wordpress\/plugins\/seo\/ -->\n<title>Adaptateur PWR-WL5V-2A or Adapter PWR-WL5V-2A - NBGTele.com<\/title>\n<meta name=\"robots\" content=\"index, follow, max-snippet:-1, max-image-preview:large, max-video-preview:-1\" \/>\n<link rel=\"canonical\" href=\"https:\/\/nbgtele.com\/fr\/produit\/adaptateur-pwr-wl5v-2a-or-adapter-pwr-wl5v-2a\/\" \/>\n<meta property=\"og:locale\" content=\"fr_FR\" \/>\n<meta property=\"og:type\" content=\"article\" \/>\n<meta property=\"og:title\" content=\"Adaptateur PWR-WL5V-2A or Adapter PWR-WL5V-2A - NBGTele.com\" \/>\n<meta property=\"og:description\" content=\"\u00c9quip\u00e9 d&#039;un adaptateur d&#039;alimentation de sortie de 5V-2 AMP et d&#039;un courant d&#039;entr\u00e9e de 100-240V, ce c\u00e2ble offre une performance optimale pour charger vos appareils. Dot\u00e9 d&#039;un connecteur USB de type A et d&#039;un connecteur micro USB m\u00e2le \u00e0 une extr\u00e9mit\u00e9, il assure une compatibilit\u00e9 \u00e9tendue. De plus, cette extr\u00e9mit\u00e9 est \u00e9quip\u00e9e d&#039;un joint d&#039;\u00e9tanch\u00e9it\u00e9 pour prot\u00e9ger contre toute infiltration d&#039;eau. Profitez d&#039;une charge fiable et d&#039;une port\u00e9e accrue avec ce c\u00e2ble de haute qualit\u00e9.\" \/>\n<meta property=\"og:url\" content=\"https:\/\/nbgtele.com\/fr\/produit\/adaptateur-pwr-wl5v-2a-or-adapter-pwr-wl5v-2a\/\" \/>\n<meta property=\"og:site_name\" content=\"NBGTele.com\" \/>\n<meta property=\"article:modified_time\" content=\"2025-05-26T19:54:57+00:00\" \/>\n<meta property=\"og:image\" content=\"https:\/\/nbgtele.com\/wp-content\/uploads\/2024\/03\/pwr-wl5v-2a.png\" \/>\n\t<meta property=\"og:image:width\" content=\"1000\" \/>\n\t<meta property=\"og:image:height\" content=\"1000\" \/>\n\t<meta property=\"og:image:type\" content=\"image\/png\" \/>\n<meta name=\"twitter:card\" content=\"summary_large_image\" \/>\n<meta name=\"twitter:label1\" content=\"Dur\u00e9e de lecture estim\u00e9e\" \/>\n\t<meta name=\"twitter:data1\" content=\"1 minute\" \/>\n<script type=\"application\/ld+json\" class=\"yoast-schema-graph\">{\"@context\":\"https:\/\/schema.org\",\"@graph\":[{\"@type\":\"WebPage\",\"@id\":\"https:\/\/nbgtele.com\/fr\/produit\/adaptateur-pwr-wl5v-2a-or-adapter-pwr-wl5v-2a\/\",\"url\":\"https:\/\/nbgtele.com\/fr\/produit\/adaptateur-pwr-wl5v-2a-or-adapter-pwr-wl5v-2a\/\",\"name\":\"Adaptateur PWR-WL5V-2A or Adapter PWR-WL5V-2A - NBGTele.com\",\"isPartOf\":{\"@id\":\"https:\/\/nbgtele.com\/fr\/#website\"},\"primaryImageOfPage\":{\"@id\":\"https:\/\/nbgtele.com\/fr\/produit\/adaptateur-pwr-wl5v-2a-or-adapter-pwr-wl5v-2a\/#primaryimage\"},\"image\":{\"@id\":\"https:\/\/nbgtele.com\/fr\/produit\/adaptateur-pwr-wl5v-2a-or-adapter-pwr-wl5v-2a\/#primaryimage\"},\"thumbnailUrl\":\"https:\/\/nbgtele.com\/wp-content\/uploads\/2024\/03\/pwr-wl5v-2a.png\",\"datePublished\":\"2024-03-26T20:27:10+00:00\",\"dateModified\":\"2025-05-26T19:54:57+00:00\",\"breadcrumb\":{\"@id\":\"https:\/\/nbgtele.com\/fr\/produit\/adaptateur-pwr-wl5v-2a-or-adapter-pwr-wl5v-2a\/#breadcrumb\"},\"inLanguage\":\"fr-FR\",\"potentialAction\":[{\"@type\":\"ReadAction\",\"target\":[\"https:\/\/nbgtele.com\/fr\/produit\/adaptateur-pwr-wl5v-2a-or-adapter-pwr-wl5v-2a\/\"]}]},{\"@type\":\"ImageObject\",\"inLanguage\":\"fr-FR\",\"@id\":\"https:\/\/nbgtele.com\/fr\/produit\/adaptateur-pwr-wl5v-2a-or-adapter-pwr-wl5v-2a\/#primaryimage\",\"url\":\"https:\/\/nbgtele.com\/wp-content\/uploads\/2024\/03\/pwr-wl5v-2a.png\",\"contentUrl\":\"https:\/\/nbgtele.com\/wp-content\/uploads\/2024\/03\/pwr-wl5v-2a.png\",\"width\":1000,\"height\":1000},{\"@type\":\"BreadcrumbList\",\"@id\":\"https:\/\/nbgtele.com\/fr\/produit\/adaptateur-pwr-wl5v-2a-or-adapter-pwr-wl5v-2a\/#breadcrumb\",\"itemListElement\":[{\"@type\":\"ListItem\",\"position\":1,\"name\":\"Home\",\"item\":\"https:\/\/nbgtele.com\/fr\/\"},{\"@type\":\"ListItem\",\"position\":2,\"name\":\"Boutique\",\"item\":\"https:\/\/nbgtele.com\/fr\/boutique\/\"},{\"@type\":\"ListItem\",\"position\":3,\"name\":\"Adaptateur PWR-WL5V-2A or Adapter PWR-WL5V-2A\"}]},{\"@type\":\"WebSite\",\"@id\":\"https:\/\/nbgtele.com\/fr\/#website\",\"url\":\"https:\/\/nbgtele.com\/fr\/\",\"name\":\"NBGTele.com\",\"description\":\"\",\"potentialAction\":[{\"@type\":\"SearchAction\",\"target\":{\"@type\":\"EntryPoint\",\"urlTemplate\":\"https:\/\/nbgtele.com\/fr\/?s={search_term_string}\"},\"query-input\":{\"@type\":\"PropertyValueSpecification\",\"valueRequired\":true,\"valueName\":\"search_term_string\"}}],\"inLanguage\":\"fr-FR\"}]}<\/script>\n<!-- \/ Yoast SEO plugin. -->","yoast_head_json":{"title":"Adaptateur PWR-WL5V-2A or Adapter PWR-WL5V-2A - NBGTele.com","robots":{"index":"index","follow":"follow","max-snippet":"max-snippet:-1","max-image-preview":"max-image-preview:large","max-video-preview":"max-video-preview:-1"},"canonical":"https:\/\/nbgtele.com\/fr\/produit\/adaptateur-pwr-wl5v-2a-or-adapter-pwr-wl5v-2a\/","og_locale":"fr_FR","og_type":"article","og_title":"Adaptateur PWR-WL5V-2A or Adapter PWR-WL5V-2A - NBGTele.com","og_description":"\u00c9quip\u00e9 d'un adaptateur d'alimentation de sortie de 5V-2 AMP et d'un courant d'entr\u00e9e de 100-240V, ce c\u00e2ble offre une performance optimale pour charger vos appareils. Dot\u00e9 d'un connecteur USB de type A et d'un connecteur micro USB m\u00e2le \u00e0 une extr\u00e9mit\u00e9, il assure une compatibilit\u00e9 \u00e9tendue. De plus, cette extr\u00e9mit\u00e9 est \u00e9quip\u00e9e d'un joint d'\u00e9tanch\u00e9it\u00e9 pour prot\u00e9ger contre toute infiltration d'eau. Profitez d'une charge fiable et d'une port\u00e9e accrue avec ce c\u00e2ble de haute qualit\u00e9.","og_url":"https:\/\/nbgtele.com\/fr\/produit\/adaptateur-pwr-wl5v-2a-or-adapter-pwr-wl5v-2a\/","og_site_name":"NBGTele.com","article_modified_time":"2025-05-26T19:54:57+00:00","og_image":[{"width":1000,"height":1000,"url":"https:\/\/nbgtele.com\/wp-content\/uploads\/2024\/03\/pwr-wl5v-2a.png","type":"image\/png"}],"twitter_card":"summary_large_image","twitter_misc":{"Dur\u00e9e de lecture estim\u00e9e":"1 minute"},"schema":{"@context":"https:\/\/schema.org","@graph":[{"@type":"WebPage","@id":"https:\/\/nbgtele.com\/fr\/produit\/adaptateur-pwr-wl5v-2a-or-adapter-pwr-wl5v-2a\/","url":"https:\/\/nbgtele.com\/fr\/produit\/adaptateur-pwr-wl5v-2a-or-adapter-pwr-wl5v-2a\/","name":"Adaptateur PWR-WL5V-2A or Adapter PWR-WL5V-2A - NBGTele.com","isPartOf":{"@id":"https:\/\/nbgtele.com\/fr\/#website"},"primaryImageOfPage":{"@id":"https:\/\/nbgtele.com\/fr\/produit\/adaptateur-pwr-wl5v-2a-or-adapter-pwr-wl5v-2a\/#primaryimage"},"image":{"@id":"https:\/\/nbgtele.com\/fr\/produit\/adaptateur-pwr-wl5v-2a-or-adapter-pwr-wl5v-2a\/#primaryimage"},"thumbnailUrl":"https:\/\/nbgtele.com\/wp-content\/uploads\/2024\/03\/pwr-wl5v-2a.png","datePublished":"2024-03-26T20:27:10+00:00","dateModified":"2025-05-26T19:54:57+00:00","breadcrumb":{"@id":"https:\/\/nbgtele.com\/fr\/produit\/adaptateur-pwr-wl5v-2a-or-adapter-pwr-wl5v-2a\/#breadcrumb"},"inLanguage":"fr-FR","potentialAction":[{"@type":"ReadAction","target":["https:\/\/nbgtele.com\/fr\/produit\/adaptateur-pwr-wl5v-2a-or-adapter-pwr-wl5v-2a\/"]}]},{"@type":"ImageObject","inLanguage":"fr-FR","@id":"https:\/\/nbgtele.com\/fr\/produit\/adaptateur-pwr-wl5v-2a-or-adapter-pwr-wl5v-2a\/#primaryimage","url":"https:\/\/nbgtele.com\/wp-content\/uploads\/2024\/03\/pwr-wl5v-2a.png","contentUrl":"https:\/\/nbgtele.com\/wp-content\/uploads\/2024\/03\/pwr-wl5v-2a.png","width":1000,"height":1000},{"@type":"BreadcrumbList","@id":"https:\/\/nbgtele.com\/fr\/produit\/adaptateur-pwr-wl5v-2a-or-adapter-pwr-wl5v-2a\/#breadcrumb","itemListElement":[{"@type":"ListItem","position":1,"name":"Home","item":"https:\/\/nbgtele.com\/fr\/"},{"@type":"ListItem","position":2,"name":"Boutique","item":"https:\/\/nbgtele.com\/fr\/boutique\/"},{"@type":"ListItem","position":3,"name":"Adaptateur PWR-WL5V-2A or Adapter PWR-WL5V-2A"}]},{"@type":"WebSite","@id":"https:\/\/nbgtele.com\/fr\/#website","url":"https:\/\/nbgtele.com\/fr\/","name":"NBGTele.com","description":"","potentialAction":[{"@type":"SearchAction","target":{"@type":"EntryPoint","urlTemplate":"https:\/\/nbgtele.com\/fr\/?s={search_term_string}"},"query-input":{"@type":"PropertyValueSpecification","valueRequired":true,"valueName":"search_term_string"}}],"inLanguage":"fr-FR"}]}},"_links":{"self":[{"href":"https:\/\/nbgtele.com\/fr\/wp-json\/wp\/v2\/product\/105542","targetHints":{"allow":["GET"]}}],"collection":[{"href":"https:\/\/nbgtele.com\/fr\/wp-json\/wp\/v2\/product"}],"about":[{"href":"https:\/\/nbgtele.com\/fr\/wp-json\/wp\/v2\/types\/product"}],"wp:featuredmedia":[{"embeddable":true,"href":"https:\/\/nbgtele.com\/fr\/wp-json\/wp\/v2\/media\/105541"}],"wp:attachment":[{"href":"https:\/\/nbgtele.com\/fr\/wp-json\/wp\/v2\/media?parent=105542"}],"wp:term":[{"taxonomy":"product_brand","embeddable":true,"href":"https:\/\/nbgtele.com\/fr\/wp-json\/wp\/v2\/product_brand?post=105542"},{"taxonomy":"product_cat","embeddable":true,"href":"https:\/\/nbgtele.com\/fr\/wp-json\/wp\/v2\/product_cat?post=105542"},{"taxonomy":"product_tag","embeddable":true,"href":"https:\/\/nbgtele.com\/fr\/wp-json\/wp\/v2\/product_tag?post=105542"},{"taxonomy":"brand","embeddable":true,"href":"https:\/\/nbgtele.com\/fr\/wp-json\/wp\/v2\/brand?post=105542"},{"taxonomy":"model","embeddable":true,"href":"https:\/\/nbgtele.com\/fr\/wp-json\/wp\/v2\/model?post=105542"},{"taxonomy":"profile","embeddable":true,"href":"https:\/\/nbgtele.com\/fr\/wp-json\/wp\/v2\/profile?post=105542"},{"taxonomy":"resolution","embeddable":true,"href":"https:\/\/nbgtele.com\/fr\/wp-json\/wp\/v2\/resolution?post=105542"},{"taxonomy":"lens","embeddable":true,"href":"https:\/\/nbgtele.com\/fr\/wp-json\/wp\/v2\/lens?post=105542"},{"taxonomy":"color","embeddable":true,"href":"https:\/\/nbgtele.com\/fr\/wp-json\/wp\/v2\/color?post=105542"},{"taxonomy":"ndaa_compliant","embeddable":true,"href":"https:\/\/nbgtele.com\/fr\/wp-json\/wp\/v2\/ndaa_compliant?post=105542"},{"taxonomy":"dual_voltage","embeddable":true,"href":"https:\/\/nbgtele.com\/fr\/wp-json\/wp\/v2\/dual_voltage?post=105542"},{"taxonomy":"ai","embeddable":true,"href":"https:\/\/nbgtele.com\/fr\/wp-json\/wp\/v2\/ai?post=105542"},{"taxonomy":"lite","embeddable":true,"href":"https:\/\/nbgtele.com\/fr\/wp-json\/wp\/v2\/lite?post=105542"},{"taxonomy":"infrared_perimeter","embeddable":true,"href":"https:\/\/nbgtele.com\/fr\/wp-json\/wp\/v2\/infrared_perimeter?post=105542"},{"taxonomy":"fixed_dome_microphone","embeddable":true,"href":"https:\/\/nbgtele.com\/fr\/wp-json\/wp\/v2\/fixed_dome_microphone?post=105542"},{"taxonomy":"analog_hd","embeddable":true,"href":"https:\/\/nbgtele.com\/fr\/wp-json\/wp\/v2\/analog_hd?post=105542"},{"taxonomy":"covert_camera","embeddable":true,"href":"https:\/\/nbgtele.com\/fr\/wp-json\/wp\/v2\/covert_camera?post=105542"},{"taxonomy":"internet_protocol","embeddable":true,"href":"https:\/\/nbgtele.com\/fr\/wp-json\/wp\/v2\/internet_protocol?post=105542"},{"taxonomy":"channels","embeddable":true,"href":"https:\/\/nbgtele.com\/fr\/wp-json\/wp\/v2\/channels?post=105542"},{"taxonomy":"ports","embeddable":true,"href":"https:\/\/nbgtele.com\/fr\/wp-json\/wp\/v2\/ports?post=105542"}],"curies":[{"name":"wp","href":"https:\/\/api.w.org\/{rel}","templated":true}]}}