{"id":105531,"date":"2024-03-26T16:09:53","date_gmt":"2024-03-26T20:09:53","guid":{"rendered":"https:\/\/nbgtele.com\/product\/8-ports-wireless-recorder-8mp-4k\/"},"modified":"2025-05-26T15:54:58","modified_gmt":"2025-05-26T19:54:58","slug":"8-ports-wireless-recorder-8mp-4k","status":"publish","type":"product","link":"https:\/\/nbgtele.com\/fr\/produit\/8-ports-wireless-recorder-8mp-4k\/","title":{"rendered":"8 Ports Wireless Recorder 8MP\/4K"},"content":{"rendered":"","protected":false},"excerpt":{"rendered":"<p><span style=\"font-weight: 400;\">Id\u00e9al pour les applications de surveillance r\u00e9sidentielle ou commerciale, cet enregistreur sans fil NVR offre une solution fiable et performante pour r\u00e9pondre \u00e0 vos besoins de s\u00e9curit\u00e9. Avec sa capacit\u00e9 \u00e0 capturer des images de haute qualit\u00e9 et sa facilit\u00e9 d&rsquo;utilisation, vous pouvez avoir l&rsquo;esprit tranquille en sachant que votre propri\u00e9t\u00e9 est sous une surveillance vigilante et efficace.<\/span><\/p>\n","protected":false},"featured_media":105530,"template":"","meta":{"_acf_changed":false},"product_brand":[],"product_cat":[75],"product_tag":[247],"brand":[195],"model":[183,151],"profile":[],"resolution":[],"lens":[],"color":[],"ndaa_compliant":[],"dual_voltage":[],"ai":[],"lite":[],"infrared_perimeter":[],"fixed_dome_microphone":[],"analog_hd":[],"covert_camera":[],"internet_protocol":[],"channels":[],"ports":[],"class_list":{"0":"post-105531","1":"product","2":"type-product","3":"status-publish","4":"has-post-thumbnail","6":"product_cat-recorder-fr","7":"product_tag-gsd-fr","8":"brand-gsd-fr","9":"model-nvr-fr","10":"model-wireless-fr","11":"entry","13":"first","14":"instock","15":"taxable","16":"shipping-taxable","17":"product-type-simple"},"acf":[],"wcpa_form_fields":null,"yoast_head":"<!-- This site is optimized with the Yoast SEO plugin v26.0 - https:\/\/yoast.com\/wordpress\/plugins\/seo\/ -->\n<title>8 Ports Wireless Recorder 8MP\/4K - NBGTele.com<\/title>\n<meta name=\"robots\" content=\"index, follow, max-snippet:-1, max-image-preview:large, max-video-preview:-1\" \/>\n<link rel=\"canonical\" href=\"https:\/\/nbgtele.com\/fr\/produit\/8-ports-wireless-recorder-8mp-4k\/\" \/>\n<meta property=\"og:locale\" content=\"fr_FR\" \/>\n<meta property=\"og:type\" content=\"article\" \/>\n<meta property=\"og:title\" content=\"8 Ports Wireless Recorder 8MP\/4K - NBGTele.com\" \/>\n<meta property=\"og:description\" content=\"Id\u00e9al pour les applications de surveillance r\u00e9sidentielle ou commerciale, cet enregistreur sans fil NVR offre une solution fiable et performante pour r\u00e9pondre \u00e0 vos besoins de s\u00e9curit\u00e9. Avec sa capacit\u00e9 \u00e0 capturer des images de haute qualit\u00e9 et sa facilit\u00e9 d&#039;utilisation, vous pouvez avoir l&#039;esprit tranquille en sachant que votre propri\u00e9t\u00e9 est sous une surveillance vigilante et efficace.\" \/>\n<meta property=\"og:url\" content=\"https:\/\/nbgtele.com\/fr\/produit\/8-ports-wireless-recorder-8mp-4k\/\" \/>\n<meta property=\"og:site_name\" content=\"NBGTele.com\" \/>\n<meta property=\"article:modified_time\" content=\"2025-05-26T19:54:58+00:00\" \/>\n<meta property=\"og:image\" content=\"https:\/\/nbgtele.com\/wp-content\/uploads\/2024\/03\/KITWLHL4K-08-4.png\" \/>\n\t<meta property=\"og:image:width\" content=\"1000\" \/>\n\t<meta property=\"og:image:height\" content=\"1000\" \/>\n\t<meta property=\"og:image:type\" content=\"image\/png\" \/>\n<meta name=\"twitter:card\" content=\"summary_large_image\" \/>\n<meta name=\"twitter:label1\" content=\"Dur\u00e9e de lecture estim\u00e9e\" \/>\n\t<meta name=\"twitter:data1\" content=\"1 minute\" \/>\n<script type=\"application\/ld+json\" class=\"yoast-schema-graph\">{\"@context\":\"https:\/\/schema.org\",\"@graph\":[{\"@type\":\"WebPage\",\"@id\":\"https:\/\/nbgtele.com\/fr\/produit\/8-ports-wireless-recorder-8mp-4k\/\",\"url\":\"https:\/\/nbgtele.com\/fr\/produit\/8-ports-wireless-recorder-8mp-4k\/\",\"name\":\"8 Ports Wireless Recorder 8MP\/4K - NBGTele.com\",\"isPartOf\":{\"@id\":\"https:\/\/nbgtele.com\/fr\/#website\"},\"primaryImageOfPage\":{\"@id\":\"https:\/\/nbgtele.com\/fr\/produit\/8-ports-wireless-recorder-8mp-4k\/#primaryimage\"},\"image\":{\"@id\":\"https:\/\/nbgtele.com\/fr\/produit\/8-ports-wireless-recorder-8mp-4k\/#primaryimage\"},\"thumbnailUrl\":\"https:\/\/nbgtele.com\/wp-content\/uploads\/2024\/03\/KITWLHL4K-08-4.png\",\"datePublished\":\"2024-03-26T20:09:53+00:00\",\"dateModified\":\"2025-05-26T19:54:58+00:00\",\"breadcrumb\":{\"@id\":\"https:\/\/nbgtele.com\/fr\/produit\/8-ports-wireless-recorder-8mp-4k\/#breadcrumb\"},\"inLanguage\":\"fr-FR\",\"potentialAction\":[{\"@type\":\"ReadAction\",\"target\":[\"https:\/\/nbgtele.com\/fr\/produit\/8-ports-wireless-recorder-8mp-4k\/\"]}]},{\"@type\":\"ImageObject\",\"inLanguage\":\"fr-FR\",\"@id\":\"https:\/\/nbgtele.com\/fr\/produit\/8-ports-wireless-recorder-8mp-4k\/#primaryimage\",\"url\":\"https:\/\/nbgtele.com\/wp-content\/uploads\/2024\/03\/KITWLHL4K-08-4.png\",\"contentUrl\":\"https:\/\/nbgtele.com\/wp-content\/uploads\/2024\/03\/KITWLHL4K-08-4.png\",\"width\":1000,\"height\":1000},{\"@type\":\"BreadcrumbList\",\"@id\":\"https:\/\/nbgtele.com\/fr\/produit\/8-ports-wireless-recorder-8mp-4k\/#breadcrumb\",\"itemListElement\":[{\"@type\":\"ListItem\",\"position\":1,\"name\":\"Home\",\"item\":\"https:\/\/nbgtele.com\/fr\/\"},{\"@type\":\"ListItem\",\"position\":2,\"name\":\"Boutique\",\"item\":\"https:\/\/nbgtele.com\/fr\/boutique\/\"},{\"@type\":\"ListItem\",\"position\":3,\"name\":\"8 Ports Wireless Recorder 8MP\/4K\"}]},{\"@type\":\"WebSite\",\"@id\":\"https:\/\/nbgtele.com\/fr\/#website\",\"url\":\"https:\/\/nbgtele.com\/fr\/\",\"name\":\"NBGTele.com\",\"description\":\"\",\"potentialAction\":[{\"@type\":\"SearchAction\",\"target\":{\"@type\":\"EntryPoint\",\"urlTemplate\":\"https:\/\/nbgtele.com\/fr\/?s={search_term_string}\"},\"query-input\":{\"@type\":\"PropertyValueSpecification\",\"valueRequired\":true,\"valueName\":\"search_term_string\"}}],\"inLanguage\":\"fr-FR\"}]}<\/script>\n<!-- \/ Yoast SEO plugin. -->","yoast_head_json":{"title":"8 Ports Wireless Recorder 8MP\/4K - NBGTele.com","robots":{"index":"index","follow":"follow","max-snippet":"max-snippet:-1","max-image-preview":"max-image-preview:large","max-video-preview":"max-video-preview:-1"},"canonical":"https:\/\/nbgtele.com\/fr\/produit\/8-ports-wireless-recorder-8mp-4k\/","og_locale":"fr_FR","og_type":"article","og_title":"8 Ports Wireless Recorder 8MP\/4K - NBGTele.com","og_description":"Id\u00e9al pour les applications de surveillance r\u00e9sidentielle ou commerciale, cet enregistreur sans fil NVR offre une solution fiable et performante pour r\u00e9pondre \u00e0 vos besoins de s\u00e9curit\u00e9. Avec sa capacit\u00e9 \u00e0 capturer des images de haute qualit\u00e9 et sa facilit\u00e9 d'utilisation, vous pouvez avoir l'esprit tranquille en sachant que votre propri\u00e9t\u00e9 est sous une surveillance vigilante et efficace.","og_url":"https:\/\/nbgtele.com\/fr\/produit\/8-ports-wireless-recorder-8mp-4k\/","og_site_name":"NBGTele.com","article_modified_time":"2025-05-26T19:54:58+00:00","og_image":[{"width":1000,"height":1000,"url":"https:\/\/nbgtele.com\/wp-content\/uploads\/2024\/03\/KITWLHL4K-08-4.png","type":"image\/png"}],"twitter_card":"summary_large_image","twitter_misc":{"Dur\u00e9e de lecture estim\u00e9e":"1 minute"},"schema":{"@context":"https:\/\/schema.org","@graph":[{"@type":"WebPage","@id":"https:\/\/nbgtele.com\/fr\/produit\/8-ports-wireless-recorder-8mp-4k\/","url":"https:\/\/nbgtele.com\/fr\/produit\/8-ports-wireless-recorder-8mp-4k\/","name":"8 Ports Wireless Recorder 8MP\/4K - NBGTele.com","isPartOf":{"@id":"https:\/\/nbgtele.com\/fr\/#website"},"primaryImageOfPage":{"@id":"https:\/\/nbgtele.com\/fr\/produit\/8-ports-wireless-recorder-8mp-4k\/#primaryimage"},"image":{"@id":"https:\/\/nbgtele.com\/fr\/produit\/8-ports-wireless-recorder-8mp-4k\/#primaryimage"},"thumbnailUrl":"https:\/\/nbgtele.com\/wp-content\/uploads\/2024\/03\/KITWLHL4K-08-4.png","datePublished":"2024-03-26T20:09:53+00:00","dateModified":"2025-05-26T19:54:58+00:00","breadcrumb":{"@id":"https:\/\/nbgtele.com\/fr\/produit\/8-ports-wireless-recorder-8mp-4k\/#breadcrumb"},"inLanguage":"fr-FR","potentialAction":[{"@type":"ReadAction","target":["https:\/\/nbgtele.com\/fr\/produit\/8-ports-wireless-recorder-8mp-4k\/"]}]},{"@type":"ImageObject","inLanguage":"fr-FR","@id":"https:\/\/nbgtele.com\/fr\/produit\/8-ports-wireless-recorder-8mp-4k\/#primaryimage","url":"https:\/\/nbgtele.com\/wp-content\/uploads\/2024\/03\/KITWLHL4K-08-4.png","contentUrl":"https:\/\/nbgtele.com\/wp-content\/uploads\/2024\/03\/KITWLHL4K-08-4.png","width":1000,"height":1000},{"@type":"BreadcrumbList","@id":"https:\/\/nbgtele.com\/fr\/produit\/8-ports-wireless-recorder-8mp-4k\/#breadcrumb","itemListElement":[{"@type":"ListItem","position":1,"name":"Home","item":"https:\/\/nbgtele.com\/fr\/"},{"@type":"ListItem","position":2,"name":"Boutique","item":"https:\/\/nbgtele.com\/fr\/boutique\/"},{"@type":"ListItem","position":3,"name":"8 Ports Wireless Recorder 8MP\/4K"}]},{"@type":"WebSite","@id":"https:\/\/nbgtele.com\/fr\/#website","url":"https:\/\/nbgtele.com\/fr\/","name":"NBGTele.com","description":"","potentialAction":[{"@type":"SearchAction","target":{"@type":"EntryPoint","urlTemplate":"https:\/\/nbgtele.com\/fr\/?s={search_term_string}"},"query-input":{"@type":"PropertyValueSpecification","valueRequired":true,"valueName":"search_term_string"}}],"inLanguage":"fr-FR"}]}},"_links":{"self":[{"href":"https:\/\/nbgtele.com\/fr\/wp-json\/wp\/v2\/product\/105531","targetHints":{"allow":["GET"]}}],"collection":[{"href":"https:\/\/nbgtele.com\/fr\/wp-json\/wp\/v2\/product"}],"about":[{"href":"https:\/\/nbgtele.com\/fr\/wp-json\/wp\/v2\/types\/product"}],"wp:featuredmedia":[{"embeddable":true,"href":"https:\/\/nbgtele.com\/fr\/wp-json\/wp\/v2\/media\/105530"}],"wp:attachment":[{"href":"https:\/\/nbgtele.com\/fr\/wp-json\/wp\/v2\/media?parent=105531"}],"wp:term":[{"taxonomy":"product_brand","embeddable":true,"href":"https:\/\/nbgtele.com\/fr\/wp-json\/wp\/v2\/product_brand?post=105531"},{"taxonomy":"product_cat","embeddable":true,"href":"https:\/\/nbgtele.com\/fr\/wp-json\/wp\/v2\/product_cat?post=105531"},{"taxonomy":"product_tag","embeddable":true,"href":"https:\/\/nbgtele.com\/fr\/wp-json\/wp\/v2\/product_tag?post=105531"},{"taxonomy":"brand","embeddable":true,"href":"https:\/\/nbgtele.com\/fr\/wp-json\/wp\/v2\/brand?post=105531"},{"taxonomy":"model","embeddable":true,"href":"https:\/\/nbgtele.com\/fr\/wp-json\/wp\/v2\/model?post=105531"},{"taxonomy":"profile","embeddable":true,"href":"https:\/\/nbgtele.com\/fr\/wp-json\/wp\/v2\/profile?post=105531"},{"taxonomy":"resolution","embeddable":true,"href":"https:\/\/nbgtele.com\/fr\/wp-json\/wp\/v2\/resolution?post=105531"},{"taxonomy":"lens","embeddable":true,"href":"https:\/\/nbgtele.com\/fr\/wp-json\/wp\/v2\/lens?post=105531"},{"taxonomy":"color","embeddable":true,"href":"https:\/\/nbgtele.com\/fr\/wp-json\/wp\/v2\/color?post=105531"},{"taxonomy":"ndaa_compliant","embeddable":true,"href":"https:\/\/nbgtele.com\/fr\/wp-json\/wp\/v2\/ndaa_compliant?post=105531"},{"taxonomy":"dual_voltage","embeddable":true,"href":"https:\/\/nbgtele.com\/fr\/wp-json\/wp\/v2\/dual_voltage?post=105531"},{"taxonomy":"ai","embeddable":true,"href":"https:\/\/nbgtele.com\/fr\/wp-json\/wp\/v2\/ai?post=105531"},{"taxonomy":"lite","embeddable":true,"href":"https:\/\/nbgtele.com\/fr\/wp-json\/wp\/v2\/lite?post=105531"},{"taxonomy":"infrared_perimeter","embeddable":true,"href":"https:\/\/nbgtele.com\/fr\/wp-json\/wp\/v2\/infrared_perimeter?post=105531"},{"taxonomy":"fixed_dome_microphone","embeddable":true,"href":"https:\/\/nbgtele.com\/fr\/wp-json\/wp\/v2\/fixed_dome_microphone?post=105531"},{"taxonomy":"analog_hd","embeddable":true,"href":"https:\/\/nbgtele.com\/fr\/wp-json\/wp\/v2\/analog_hd?post=105531"},{"taxonomy":"covert_camera","embeddable":true,"href":"https:\/\/nbgtele.com\/fr\/wp-json\/wp\/v2\/covert_camera?post=105531"},{"taxonomy":"internet_protocol","embeddable":true,"href":"https:\/\/nbgtele.com\/fr\/wp-json\/wp\/v2\/internet_protocol?post=105531"},{"taxonomy":"channels","embeddable":true,"href":"https:\/\/nbgtele.com\/fr\/wp-json\/wp\/v2\/channels?post=105531"},{"taxonomy":"ports","embeddable":true,"href":"https:\/\/nbgtele.com\/fr\/wp-json\/wp\/v2\/ports?post=105531"}],"curies":[{"name":"wp","href":"https:\/\/api.w.org\/{rel}","templated":true}]}}