{"id":105372,"date":"2024-03-25T17:10:42","date_gmt":"2024-03-25T21:10:42","guid":{"rendered":"https:\/\/nbgtele.com\/product\/aio-turret-5mp-camera\/"},"modified":"2025-05-26T15:55:04","modified_gmt":"2025-05-26T19:55:04","slug":"aio-turret-5mp-camera","status":"publish","type":"product","link":"https:\/\/nbgtele.com\/fr\/produit\/aio-turret-5mp-camera\/","title":{"rendered":"AIO Turret 5MP Camera"},"content":{"rendered":"","protected":false},"excerpt":{"rendered":"<p><span style=\"font-weight: 400;\">D\u00e9couvrez une surveillance de qualit\u00e9 professionnelle avec la cam\u00e9ra tourelle haute d\u00e9finition AIO Turret 5MP Camera. Gr\u00e2ce \u00e0 sa r\u00e9solution de 5 m\u00e9gapixels et \u00e0 sa technologie infrarouge offrant une port\u00e9e jusqu&rsquo;\u00e0 35 m\u00e8tres, cette cam\u00e9ra capture des images nettes et d\u00e9taill\u00e9es de jour comme de nuit. Son objectif ajustable de 2.8 \u00e0 12 mm permet une flexibilit\u00e9 maximale pour s&rsquo;adapter \u00e0 une vari\u00e9t\u00e9 de situations de surveillance. Avec sa construction robuste conforme \u00e0 la norme IP66, cette cam\u00e9ra est con\u00e7ue pour r\u00e9sister aux conditions m\u00e9t\u00e9orologiques les plus difficiles, assurant une surveillance fiable en toutes circonstances.<\/span><\/p>\n","protected":false},"featured_media":105430,"template":"","meta":{"_acf_changed":false},"product_brand":[],"product_cat":[51],"product_tag":[247],"brand":[195],"model":[149],"profile":[],"resolution":[],"lens":[],"color":[],"ndaa_compliant":[],"dual_voltage":[],"ai":[],"lite":[],"infrared_perimeter":[],"fixed_dome_microphone":[],"analog_hd":[],"covert_camera":[],"internet_protocol":[],"channels":[],"ports":[],"class_list":{"0":"post-105372","1":"product","2":"type-product","3":"status-publish","4":"has-post-thumbnail","6":"product_cat-cameras-fr","7":"product_tag-gsd-fr","8":"brand-gsd-fr","9":"model-tvi-aio-fr","10":"entry","12":"first","13":"instock","14":"taxable","15":"shipping-taxable","16":"product-type-simple"},"acf":[],"wcpa_form_fields":null,"yoast_head":"<!-- This site is optimized with the Yoast SEO plugin v26.0 - https:\/\/yoast.com\/wordpress\/plugins\/seo\/ -->\n<title>AIO Turret 5MP Camera - NBGTele.com<\/title>\n<meta name=\"robots\" content=\"index, follow, max-snippet:-1, max-image-preview:large, max-video-preview:-1\" \/>\n<link rel=\"canonical\" href=\"https:\/\/nbgtele.com\/fr\/produit\/aio-turret-5mp-camera\/\" \/>\n<meta property=\"og:locale\" content=\"fr_FR\" \/>\n<meta property=\"og:type\" content=\"article\" \/>\n<meta property=\"og:title\" content=\"AIO Turret 5MP Camera - NBGTele.com\" \/>\n<meta property=\"og:description\" content=\"D\u00e9couvrez une surveillance de qualit\u00e9 professionnelle avec la cam\u00e9ra tourelle haute d\u00e9finition AIO Turret 5MP Camera. Gr\u00e2ce \u00e0 sa r\u00e9solution de 5 m\u00e9gapixels et \u00e0 sa technologie infrarouge offrant une port\u00e9e jusqu&#039;\u00e0 35 m\u00e8tres, cette cam\u00e9ra capture des images nettes et d\u00e9taill\u00e9es de jour comme de nuit. Son objectif ajustable de 2.8 \u00e0 12 mm permet une flexibilit\u00e9 maximale pour s&#039;adapter \u00e0 une vari\u00e9t\u00e9 de situations de surveillance. Avec sa construction robuste conforme \u00e0 la norme IP66, cette cam\u00e9ra est con\u00e7ue pour r\u00e9sister aux conditions m\u00e9t\u00e9orologiques les plus difficiles, assurant une surveillance fiable en toutes circonstances.\" \/>\n<meta property=\"og:url\" content=\"https:\/\/nbgtele.com\/fr\/produit\/aio-turret-5mp-camera\/\" \/>\n<meta property=\"og:site_name\" content=\"NBGTele.com\" \/>\n<meta property=\"article:modified_time\" content=\"2025-05-26T19:55:04+00:00\" \/>\n<meta property=\"og:image\" content=\"https:\/\/nbgtele.com\/wp-content\/uploads\/2024\/03\/t3vf2812aio-5mp-2.png\" \/>\n\t<meta property=\"og:image:width\" content=\"1000\" \/>\n\t<meta property=\"og:image:height\" content=\"1000\" \/>\n\t<meta property=\"og:image:type\" content=\"image\/png\" \/>\n<meta name=\"twitter:card\" content=\"summary_large_image\" \/>\n<script type=\"application\/ld+json\" class=\"yoast-schema-graph\">{\"@context\":\"https:\/\/schema.org\",\"@graph\":[{\"@type\":\"WebPage\",\"@id\":\"https:\/\/nbgtele.com\/fr\/produit\/aio-turret-5mp-camera\/\",\"url\":\"https:\/\/nbgtele.com\/fr\/produit\/aio-turret-5mp-camera\/\",\"name\":\"AIO Turret 5MP Camera - NBGTele.com\",\"isPartOf\":{\"@id\":\"https:\/\/nbgtele.com\/fr\/#website\"},\"primaryImageOfPage\":{\"@id\":\"https:\/\/nbgtele.com\/fr\/produit\/aio-turret-5mp-camera\/#primaryimage\"},\"image\":{\"@id\":\"https:\/\/nbgtele.com\/fr\/produit\/aio-turret-5mp-camera\/#primaryimage\"},\"thumbnailUrl\":\"https:\/\/nbgtele.com\/wp-content\/uploads\/2024\/03\/t3vf2812aio-5mp-2.png\",\"datePublished\":\"2024-03-25T21:10:42+00:00\",\"dateModified\":\"2025-05-26T19:55:04+00:00\",\"breadcrumb\":{\"@id\":\"https:\/\/nbgtele.com\/fr\/produit\/aio-turret-5mp-camera\/#breadcrumb\"},\"inLanguage\":\"fr-FR\",\"potentialAction\":[{\"@type\":\"ReadAction\",\"target\":[\"https:\/\/nbgtele.com\/fr\/produit\/aio-turret-5mp-camera\/\"]}]},{\"@type\":\"ImageObject\",\"inLanguage\":\"fr-FR\",\"@id\":\"https:\/\/nbgtele.com\/fr\/produit\/aio-turret-5mp-camera\/#primaryimage\",\"url\":\"https:\/\/nbgtele.com\/wp-content\/uploads\/2024\/03\/t3vf2812aio-5mp-2.png\",\"contentUrl\":\"https:\/\/nbgtele.com\/wp-content\/uploads\/2024\/03\/t3vf2812aio-5mp-2.png\",\"width\":1000,\"height\":1000},{\"@type\":\"BreadcrumbList\",\"@id\":\"https:\/\/nbgtele.com\/fr\/produit\/aio-turret-5mp-camera\/#breadcrumb\",\"itemListElement\":[{\"@type\":\"ListItem\",\"position\":1,\"name\":\"Home\",\"item\":\"https:\/\/nbgtele.com\/fr\/\"},{\"@type\":\"ListItem\",\"position\":2,\"name\":\"Boutique\",\"item\":\"https:\/\/nbgtele.com\/fr\/boutique\/\"},{\"@type\":\"ListItem\",\"position\":3,\"name\":\"AIO Turret 5MP Camera\"}]},{\"@type\":\"WebSite\",\"@id\":\"https:\/\/nbgtele.com\/fr\/#website\",\"url\":\"https:\/\/nbgtele.com\/fr\/\",\"name\":\"NBGTele.com\",\"description\":\"\",\"potentialAction\":[{\"@type\":\"SearchAction\",\"target\":{\"@type\":\"EntryPoint\",\"urlTemplate\":\"https:\/\/nbgtele.com\/fr\/?s={search_term_string}\"},\"query-input\":{\"@type\":\"PropertyValueSpecification\",\"valueRequired\":true,\"valueName\":\"search_term_string\"}}],\"inLanguage\":\"fr-FR\"}]}<\/script>\n<!-- \/ Yoast SEO plugin. -->","yoast_head_json":{"title":"AIO Turret 5MP Camera - NBGTele.com","robots":{"index":"index","follow":"follow","max-snippet":"max-snippet:-1","max-image-preview":"max-image-preview:large","max-video-preview":"max-video-preview:-1"},"canonical":"https:\/\/nbgtele.com\/fr\/produit\/aio-turret-5mp-camera\/","og_locale":"fr_FR","og_type":"article","og_title":"AIO Turret 5MP Camera - NBGTele.com","og_description":"D\u00e9couvrez une surveillance de qualit\u00e9 professionnelle avec la cam\u00e9ra tourelle haute d\u00e9finition AIO Turret 5MP Camera. Gr\u00e2ce \u00e0 sa r\u00e9solution de 5 m\u00e9gapixels et \u00e0 sa technologie infrarouge offrant une port\u00e9e jusqu'\u00e0 35 m\u00e8tres, cette cam\u00e9ra capture des images nettes et d\u00e9taill\u00e9es de jour comme de nuit. Son objectif ajustable de 2.8 \u00e0 12 mm permet une flexibilit\u00e9 maximale pour s'adapter \u00e0 une vari\u00e9t\u00e9 de situations de surveillance. Avec sa construction robuste conforme \u00e0 la norme IP66, cette cam\u00e9ra est con\u00e7ue pour r\u00e9sister aux conditions m\u00e9t\u00e9orologiques les plus difficiles, assurant une surveillance fiable en toutes circonstances.","og_url":"https:\/\/nbgtele.com\/fr\/produit\/aio-turret-5mp-camera\/","og_site_name":"NBGTele.com","article_modified_time":"2025-05-26T19:55:04+00:00","og_image":[{"width":1000,"height":1000,"url":"https:\/\/nbgtele.com\/wp-content\/uploads\/2024\/03\/t3vf2812aio-5mp-2.png","type":"image\/png"}],"twitter_card":"summary_large_image","schema":{"@context":"https:\/\/schema.org","@graph":[{"@type":"WebPage","@id":"https:\/\/nbgtele.com\/fr\/produit\/aio-turret-5mp-camera\/","url":"https:\/\/nbgtele.com\/fr\/produit\/aio-turret-5mp-camera\/","name":"AIO Turret 5MP Camera - NBGTele.com","isPartOf":{"@id":"https:\/\/nbgtele.com\/fr\/#website"},"primaryImageOfPage":{"@id":"https:\/\/nbgtele.com\/fr\/produit\/aio-turret-5mp-camera\/#primaryimage"},"image":{"@id":"https:\/\/nbgtele.com\/fr\/produit\/aio-turret-5mp-camera\/#primaryimage"},"thumbnailUrl":"https:\/\/nbgtele.com\/wp-content\/uploads\/2024\/03\/t3vf2812aio-5mp-2.png","datePublished":"2024-03-25T21:10:42+00:00","dateModified":"2025-05-26T19:55:04+00:00","breadcrumb":{"@id":"https:\/\/nbgtele.com\/fr\/produit\/aio-turret-5mp-camera\/#breadcrumb"},"inLanguage":"fr-FR","potentialAction":[{"@type":"ReadAction","target":["https:\/\/nbgtele.com\/fr\/produit\/aio-turret-5mp-camera\/"]}]},{"@type":"ImageObject","inLanguage":"fr-FR","@id":"https:\/\/nbgtele.com\/fr\/produit\/aio-turret-5mp-camera\/#primaryimage","url":"https:\/\/nbgtele.com\/wp-content\/uploads\/2024\/03\/t3vf2812aio-5mp-2.png","contentUrl":"https:\/\/nbgtele.com\/wp-content\/uploads\/2024\/03\/t3vf2812aio-5mp-2.png","width":1000,"height":1000},{"@type":"BreadcrumbList","@id":"https:\/\/nbgtele.com\/fr\/produit\/aio-turret-5mp-camera\/#breadcrumb","itemListElement":[{"@type":"ListItem","position":1,"name":"Home","item":"https:\/\/nbgtele.com\/fr\/"},{"@type":"ListItem","position":2,"name":"Boutique","item":"https:\/\/nbgtele.com\/fr\/boutique\/"},{"@type":"ListItem","position":3,"name":"AIO Turret 5MP Camera"}]},{"@type":"WebSite","@id":"https:\/\/nbgtele.com\/fr\/#website","url":"https:\/\/nbgtele.com\/fr\/","name":"NBGTele.com","description":"","potentialAction":[{"@type":"SearchAction","target":{"@type":"EntryPoint","urlTemplate":"https:\/\/nbgtele.com\/fr\/?s={search_term_string}"},"query-input":{"@type":"PropertyValueSpecification","valueRequired":true,"valueName":"search_term_string"}}],"inLanguage":"fr-FR"}]}},"_links":{"self":[{"href":"https:\/\/nbgtele.com\/fr\/wp-json\/wp\/v2\/product\/105372","targetHints":{"allow":["GET"]}}],"collection":[{"href":"https:\/\/nbgtele.com\/fr\/wp-json\/wp\/v2\/product"}],"about":[{"href":"https:\/\/nbgtele.com\/fr\/wp-json\/wp\/v2\/types\/product"}],"wp:featuredmedia":[{"embeddable":true,"href":"https:\/\/nbgtele.com\/fr\/wp-json\/wp\/v2\/media\/105430"}],"wp:attachment":[{"href":"https:\/\/nbgtele.com\/fr\/wp-json\/wp\/v2\/media?parent=105372"}],"wp:term":[{"taxonomy":"product_brand","embeddable":true,"href":"https:\/\/nbgtele.com\/fr\/wp-json\/wp\/v2\/product_brand?post=105372"},{"taxonomy":"product_cat","embeddable":true,"href":"https:\/\/nbgtele.com\/fr\/wp-json\/wp\/v2\/product_cat?post=105372"},{"taxonomy":"product_tag","embeddable":true,"href":"https:\/\/nbgtele.com\/fr\/wp-json\/wp\/v2\/product_tag?post=105372"},{"taxonomy":"brand","embeddable":true,"href":"https:\/\/nbgtele.com\/fr\/wp-json\/wp\/v2\/brand?post=105372"},{"taxonomy":"model","embeddable":true,"href":"https:\/\/nbgtele.com\/fr\/wp-json\/wp\/v2\/model?post=105372"},{"taxonomy":"profile","embeddable":true,"href":"https:\/\/nbgtele.com\/fr\/wp-json\/wp\/v2\/profile?post=105372"},{"taxonomy":"resolution","embeddable":true,"href":"https:\/\/nbgtele.com\/fr\/wp-json\/wp\/v2\/resolution?post=105372"},{"taxonomy":"lens","embeddable":true,"href":"https:\/\/nbgtele.com\/fr\/wp-json\/wp\/v2\/lens?post=105372"},{"taxonomy":"color","embeddable":true,"href":"https:\/\/nbgtele.com\/fr\/wp-json\/wp\/v2\/color?post=105372"},{"taxonomy":"ndaa_compliant","embeddable":true,"href":"https:\/\/nbgtele.com\/fr\/wp-json\/wp\/v2\/ndaa_compliant?post=105372"},{"taxonomy":"dual_voltage","embeddable":true,"href":"https:\/\/nbgtele.com\/fr\/wp-json\/wp\/v2\/dual_voltage?post=105372"},{"taxonomy":"ai","embeddable":true,"href":"https:\/\/nbgtele.com\/fr\/wp-json\/wp\/v2\/ai?post=105372"},{"taxonomy":"lite","embeddable":true,"href":"https:\/\/nbgtele.com\/fr\/wp-json\/wp\/v2\/lite?post=105372"},{"taxonomy":"infrared_perimeter","embeddable":true,"href":"https:\/\/nbgtele.com\/fr\/wp-json\/wp\/v2\/infrared_perimeter?post=105372"},{"taxonomy":"fixed_dome_microphone","embeddable":true,"href":"https:\/\/nbgtele.com\/fr\/wp-json\/wp\/v2\/fixed_dome_microphone?post=105372"},{"taxonomy":"analog_hd","embeddable":true,"href":"https:\/\/nbgtele.com\/fr\/wp-json\/wp\/v2\/analog_hd?post=105372"},{"taxonomy":"covert_camera","embeddable":true,"href":"https:\/\/nbgtele.com\/fr\/wp-json\/wp\/v2\/covert_camera?post=105372"},{"taxonomy":"internet_protocol","embeddable":true,"href":"https:\/\/nbgtele.com\/fr\/wp-json\/wp\/v2\/internet_protocol?post=105372"},{"taxonomy":"channels","embeddable":true,"href":"https:\/\/nbgtele.com\/fr\/wp-json\/wp\/v2\/channels?post=105372"},{"taxonomy":"ports","embeddable":true,"href":"https:\/\/nbgtele.com\/fr\/wp-json\/wp\/v2\/ports?post=105372"}],"curies":[{"name":"wp","href":"https:\/\/api.w.org\/{rel}","templated":true}]}}