{"id":104911,"date":"2024-02-28T15:19:11","date_gmt":"2024-02-28T19:19:11","guid":{"rendered":"https:\/\/nbgtele.com\/product\/pvm-poe-monitor-10-inch\/"},"modified":"2025-05-26T15:55:21","modified_gmt":"2025-05-26T19:55:21","slug":"pvm-poe-monitor-10-inch","status":"publish","type":"product","link":"https:\/\/nbgtele.com\/fr\/produit\/pvm-poe-monitor-10-inch\/","title":{"rendered":"Moniteur POE PVM &#8211; 10 pouces"},"content":{"rendered":"","protected":false},"excerpt":{"rendered":"<p><span style=\"font-weight: 400;\">Le Moniteur POE PVM &#8211; 10 pouces offre une solution de surveillance avanc\u00e9e avec des fonctionnalit\u00e9s de pointe pour r\u00e9pondre aux besoins de s\u00e9curit\u00e9 des environnements professionnels. Dot\u00e9 d&rsquo;une r\u00e9solution de 2 MP, d&rsquo;une lentille de 3,3 mm et d&rsquo;une gamme de fonctionnalit\u00e9s telles que des haut-parleurs int\u00e9gr\u00e9s, l&rsquo;intelligence artificielle (AI), des lumi\u00e8res de dissuasion \u00e0 LED, une connexion WiFi et RJ45, un d\u00e9tecteur de visage et un capteur PIR, une protection en verre tremp\u00e9 IK7 et des messages pr\u00e9enregistr\u00e9s, ce moniteur offre des performances exceptionnelles et une surveillance efficace.<\/span><\/p>\n","protected":false},"featured_media":104645,"template":"","meta":{"_acf_changed":false},"product_brand":[],"product_cat":[77],"product_tag":[247],"brand":[195],"model":[],"profile":[],"resolution":[],"lens":[],"color":[],"ndaa_compliant":[],"dual_voltage":[],"ai":[],"lite":[],"infrared_perimeter":[],"fixed_dome_microphone":[],"analog_hd":[],"covert_camera":[],"internet_protocol":[],"channels":[],"ports":[],"class_list":{"0":"post-104911","1":"product","2":"type-product","3":"status-publish","4":"has-post-thumbnail","6":"product_cat-accessories-fr","7":"product_tag-gsd-fr","8":"brand-gsd-fr","9":"entry","11":"first","12":"instock","13":"taxable","14":"shipping-taxable","15":"product-type-simple"},"acf":[],"wcpa_form_fields":null,"yoast_head":"<!-- This site is optimized with the Yoast SEO plugin v26.0 - https:\/\/yoast.com\/wordpress\/plugins\/seo\/ -->\n<title>Moniteur POE PVM - 10 pouces - NBGTele.com<\/title>\n<meta name=\"robots\" content=\"index, follow, max-snippet:-1, max-image-preview:large, max-video-preview:-1\" \/>\n<link rel=\"canonical\" href=\"https:\/\/nbgtele.com\/fr\/produit\/pvm-poe-monitor-10-inch\/\" \/>\n<meta property=\"og:locale\" content=\"fr_FR\" \/>\n<meta property=\"og:type\" content=\"article\" \/>\n<meta property=\"og:title\" content=\"Moniteur POE PVM - 10 pouces - NBGTele.com\" \/>\n<meta property=\"og:description\" content=\"Le Moniteur POE PVM - 10 pouces offre une solution de surveillance avanc\u00e9e avec des fonctionnalit\u00e9s de pointe pour r\u00e9pondre aux besoins de s\u00e9curit\u00e9 des environnements professionnels. Dot\u00e9 d&#039;une r\u00e9solution de 2 MP, d&#039;une lentille de 3,3 mm et d&#039;une gamme de fonctionnalit\u00e9s telles que des haut-parleurs int\u00e9gr\u00e9s, l&#039;intelligence artificielle (AI), des lumi\u00e8res de dissuasion \u00e0 LED, une connexion WiFi et RJ45, un d\u00e9tecteur de visage et un capteur PIR, une protection en verre tremp\u00e9 IK7 et des messages pr\u00e9enregistr\u00e9s, ce moniteur offre des performances exceptionnelles et une surveillance efficace.\" \/>\n<meta property=\"og:url\" content=\"https:\/\/nbgtele.com\/fr\/produit\/pvm-poe-monitor-10-inch\/\" \/>\n<meta property=\"og:site_name\" content=\"NBGTele.com\" \/>\n<meta property=\"article:modified_time\" content=\"2025-05-26T19:55:21+00:00\" \/>\n<meta property=\"og:image\" content=\"https:\/\/nbgtele.com\/wp-content\/uploads\/2024\/02\/monpvm-10.png\" \/>\n\t<meta property=\"og:image:width\" content=\"1000\" \/>\n\t<meta property=\"og:image:height\" content=\"1000\" \/>\n\t<meta property=\"og:image:type\" content=\"image\/png\" \/>\n<meta name=\"twitter:card\" content=\"summary_large_image\" \/>\n<meta name=\"twitter:label1\" content=\"Dur\u00e9e de lecture estim\u00e9e\" \/>\n\t<meta name=\"twitter:data1\" content=\"1 minute\" \/>\n<script type=\"application\/ld+json\" class=\"yoast-schema-graph\">{\"@context\":\"https:\/\/schema.org\",\"@graph\":[{\"@type\":\"WebPage\",\"@id\":\"https:\/\/nbgtele.com\/fr\/produit\/pvm-poe-monitor-10-inch\/\",\"url\":\"https:\/\/nbgtele.com\/fr\/produit\/pvm-poe-monitor-10-inch\/\",\"name\":\"Moniteur POE PVM - 10 pouces - NBGTele.com\",\"isPartOf\":{\"@id\":\"https:\/\/nbgtele.com\/fr\/#website\"},\"primaryImageOfPage\":{\"@id\":\"https:\/\/nbgtele.com\/fr\/produit\/pvm-poe-monitor-10-inch\/#primaryimage\"},\"image\":{\"@id\":\"https:\/\/nbgtele.com\/fr\/produit\/pvm-poe-monitor-10-inch\/#primaryimage\"},\"thumbnailUrl\":\"https:\/\/nbgtele.com\/wp-content\/uploads\/2024\/02\/monpvm-10.png\",\"datePublished\":\"2024-02-28T19:19:11+00:00\",\"dateModified\":\"2025-05-26T19:55:21+00:00\",\"breadcrumb\":{\"@id\":\"https:\/\/nbgtele.com\/fr\/produit\/pvm-poe-monitor-10-inch\/#breadcrumb\"},\"inLanguage\":\"fr-FR\",\"potentialAction\":[{\"@type\":\"ReadAction\",\"target\":[\"https:\/\/nbgtele.com\/fr\/produit\/pvm-poe-monitor-10-inch\/\"]}]},{\"@type\":\"ImageObject\",\"inLanguage\":\"fr-FR\",\"@id\":\"https:\/\/nbgtele.com\/fr\/produit\/pvm-poe-monitor-10-inch\/#primaryimage\",\"url\":\"https:\/\/nbgtele.com\/wp-content\/uploads\/2024\/02\/monpvm-10.png\",\"contentUrl\":\"https:\/\/nbgtele.com\/wp-content\/uploads\/2024\/02\/monpvm-10.png\",\"width\":1000,\"height\":1000},{\"@type\":\"BreadcrumbList\",\"@id\":\"https:\/\/nbgtele.com\/fr\/produit\/pvm-poe-monitor-10-inch\/#breadcrumb\",\"itemListElement\":[{\"@type\":\"ListItem\",\"position\":1,\"name\":\"Home\",\"item\":\"https:\/\/nbgtele.com\/fr\/\"},{\"@type\":\"ListItem\",\"position\":2,\"name\":\"Boutique\",\"item\":\"https:\/\/nbgtele.com\/fr\/boutique\/\"},{\"@type\":\"ListItem\",\"position\":3,\"name\":\"Moniteur POE PVM &#8211; 10 pouces\"}]},{\"@type\":\"WebSite\",\"@id\":\"https:\/\/nbgtele.com\/fr\/#website\",\"url\":\"https:\/\/nbgtele.com\/fr\/\",\"name\":\"NBGTele.com\",\"description\":\"\",\"potentialAction\":[{\"@type\":\"SearchAction\",\"target\":{\"@type\":\"EntryPoint\",\"urlTemplate\":\"https:\/\/nbgtele.com\/fr\/?s={search_term_string}\"},\"query-input\":{\"@type\":\"PropertyValueSpecification\",\"valueRequired\":true,\"valueName\":\"search_term_string\"}}],\"inLanguage\":\"fr-FR\"}]}<\/script>\n<!-- \/ Yoast SEO plugin. -->","yoast_head_json":{"title":"Moniteur POE PVM - 10 pouces - NBGTele.com","robots":{"index":"index","follow":"follow","max-snippet":"max-snippet:-1","max-image-preview":"max-image-preview:large","max-video-preview":"max-video-preview:-1"},"canonical":"https:\/\/nbgtele.com\/fr\/produit\/pvm-poe-monitor-10-inch\/","og_locale":"fr_FR","og_type":"article","og_title":"Moniteur POE PVM - 10 pouces - NBGTele.com","og_description":"Le Moniteur POE PVM - 10 pouces offre une solution de surveillance avanc\u00e9e avec des fonctionnalit\u00e9s de pointe pour r\u00e9pondre aux besoins de s\u00e9curit\u00e9 des environnements professionnels. Dot\u00e9 d'une r\u00e9solution de 2 MP, d'une lentille de 3,3 mm et d'une gamme de fonctionnalit\u00e9s telles que des haut-parleurs int\u00e9gr\u00e9s, l'intelligence artificielle (AI), des lumi\u00e8res de dissuasion \u00e0 LED, une connexion WiFi et RJ45, un d\u00e9tecteur de visage et un capteur PIR, une protection en verre tremp\u00e9 IK7 et des messages pr\u00e9enregistr\u00e9s, ce moniteur offre des performances exceptionnelles et une surveillance efficace.","og_url":"https:\/\/nbgtele.com\/fr\/produit\/pvm-poe-monitor-10-inch\/","og_site_name":"NBGTele.com","article_modified_time":"2025-05-26T19:55:21+00:00","og_image":[{"width":1000,"height":1000,"url":"https:\/\/nbgtele.com\/wp-content\/uploads\/2024\/02\/monpvm-10.png","type":"image\/png"}],"twitter_card":"summary_large_image","twitter_misc":{"Dur\u00e9e de lecture estim\u00e9e":"1 minute"},"schema":{"@context":"https:\/\/schema.org","@graph":[{"@type":"WebPage","@id":"https:\/\/nbgtele.com\/fr\/produit\/pvm-poe-monitor-10-inch\/","url":"https:\/\/nbgtele.com\/fr\/produit\/pvm-poe-monitor-10-inch\/","name":"Moniteur POE PVM - 10 pouces - NBGTele.com","isPartOf":{"@id":"https:\/\/nbgtele.com\/fr\/#website"},"primaryImageOfPage":{"@id":"https:\/\/nbgtele.com\/fr\/produit\/pvm-poe-monitor-10-inch\/#primaryimage"},"image":{"@id":"https:\/\/nbgtele.com\/fr\/produit\/pvm-poe-monitor-10-inch\/#primaryimage"},"thumbnailUrl":"https:\/\/nbgtele.com\/wp-content\/uploads\/2024\/02\/monpvm-10.png","datePublished":"2024-02-28T19:19:11+00:00","dateModified":"2025-05-26T19:55:21+00:00","breadcrumb":{"@id":"https:\/\/nbgtele.com\/fr\/produit\/pvm-poe-monitor-10-inch\/#breadcrumb"},"inLanguage":"fr-FR","potentialAction":[{"@type":"ReadAction","target":["https:\/\/nbgtele.com\/fr\/produit\/pvm-poe-monitor-10-inch\/"]}]},{"@type":"ImageObject","inLanguage":"fr-FR","@id":"https:\/\/nbgtele.com\/fr\/produit\/pvm-poe-monitor-10-inch\/#primaryimage","url":"https:\/\/nbgtele.com\/wp-content\/uploads\/2024\/02\/monpvm-10.png","contentUrl":"https:\/\/nbgtele.com\/wp-content\/uploads\/2024\/02\/monpvm-10.png","width":1000,"height":1000},{"@type":"BreadcrumbList","@id":"https:\/\/nbgtele.com\/fr\/produit\/pvm-poe-monitor-10-inch\/#breadcrumb","itemListElement":[{"@type":"ListItem","position":1,"name":"Home","item":"https:\/\/nbgtele.com\/fr\/"},{"@type":"ListItem","position":2,"name":"Boutique","item":"https:\/\/nbgtele.com\/fr\/boutique\/"},{"@type":"ListItem","position":3,"name":"Moniteur POE PVM &#8211; 10 pouces"}]},{"@type":"WebSite","@id":"https:\/\/nbgtele.com\/fr\/#website","url":"https:\/\/nbgtele.com\/fr\/","name":"NBGTele.com","description":"","potentialAction":[{"@type":"SearchAction","target":{"@type":"EntryPoint","urlTemplate":"https:\/\/nbgtele.com\/fr\/?s={search_term_string}"},"query-input":{"@type":"PropertyValueSpecification","valueRequired":true,"valueName":"search_term_string"}}],"inLanguage":"fr-FR"}]}},"_links":{"self":[{"href":"https:\/\/nbgtele.com\/fr\/wp-json\/wp\/v2\/product\/104911","targetHints":{"allow":["GET"]}}],"collection":[{"href":"https:\/\/nbgtele.com\/fr\/wp-json\/wp\/v2\/product"}],"about":[{"href":"https:\/\/nbgtele.com\/fr\/wp-json\/wp\/v2\/types\/product"}],"wp:featuredmedia":[{"embeddable":true,"href":"https:\/\/nbgtele.com\/fr\/wp-json\/wp\/v2\/media\/104645"}],"wp:attachment":[{"href":"https:\/\/nbgtele.com\/fr\/wp-json\/wp\/v2\/media?parent=104911"}],"wp:term":[{"taxonomy":"product_brand","embeddable":true,"href":"https:\/\/nbgtele.com\/fr\/wp-json\/wp\/v2\/product_brand?post=104911"},{"taxonomy":"product_cat","embeddable":true,"href":"https:\/\/nbgtele.com\/fr\/wp-json\/wp\/v2\/product_cat?post=104911"},{"taxonomy":"product_tag","embeddable":true,"href":"https:\/\/nbgtele.com\/fr\/wp-json\/wp\/v2\/product_tag?post=104911"},{"taxonomy":"brand","embeddable":true,"href":"https:\/\/nbgtele.com\/fr\/wp-json\/wp\/v2\/brand?post=104911"},{"taxonomy":"model","embeddable":true,"href":"https:\/\/nbgtele.com\/fr\/wp-json\/wp\/v2\/model?post=104911"},{"taxonomy":"profile","embeddable":true,"href":"https:\/\/nbgtele.com\/fr\/wp-json\/wp\/v2\/profile?post=104911"},{"taxonomy":"resolution","embeddable":true,"href":"https:\/\/nbgtele.com\/fr\/wp-json\/wp\/v2\/resolution?post=104911"},{"taxonomy":"lens","embeddable":true,"href":"https:\/\/nbgtele.com\/fr\/wp-json\/wp\/v2\/lens?post=104911"},{"taxonomy":"color","embeddable":true,"href":"https:\/\/nbgtele.com\/fr\/wp-json\/wp\/v2\/color?post=104911"},{"taxonomy":"ndaa_compliant","embeddable":true,"href":"https:\/\/nbgtele.com\/fr\/wp-json\/wp\/v2\/ndaa_compliant?post=104911"},{"taxonomy":"dual_voltage","embeddable":true,"href":"https:\/\/nbgtele.com\/fr\/wp-json\/wp\/v2\/dual_voltage?post=104911"},{"taxonomy":"ai","embeddable":true,"href":"https:\/\/nbgtele.com\/fr\/wp-json\/wp\/v2\/ai?post=104911"},{"taxonomy":"lite","embeddable":true,"href":"https:\/\/nbgtele.com\/fr\/wp-json\/wp\/v2\/lite?post=104911"},{"taxonomy":"infrared_perimeter","embeddable":true,"href":"https:\/\/nbgtele.com\/fr\/wp-json\/wp\/v2\/infrared_perimeter?post=104911"},{"taxonomy":"fixed_dome_microphone","embeddable":true,"href":"https:\/\/nbgtele.com\/fr\/wp-json\/wp\/v2\/fixed_dome_microphone?post=104911"},{"taxonomy":"analog_hd","embeddable":true,"href":"https:\/\/nbgtele.com\/fr\/wp-json\/wp\/v2\/analog_hd?post=104911"},{"taxonomy":"covert_camera","embeddable":true,"href":"https:\/\/nbgtele.com\/fr\/wp-json\/wp\/v2\/covert_camera?post=104911"},{"taxonomy":"internet_protocol","embeddable":true,"href":"https:\/\/nbgtele.com\/fr\/wp-json\/wp\/v2\/internet_protocol?post=104911"},{"taxonomy":"channels","embeddable":true,"href":"https:\/\/nbgtele.com\/fr\/wp-json\/wp\/v2\/channels?post=104911"},{"taxonomy":"ports","embeddable":true,"href":"https:\/\/nbgtele.com\/fr\/wp-json\/wp\/v2\/ports?post=104911"}],"curies":[{"name":"wp","href":"https:\/\/api.w.org\/{rel}","templated":true}]}}