{"id":103634,"date":"2024-01-08T16:14:54","date_gmt":"2024-01-08T20:14:54","guid":{"rendered":"https:\/\/nbgtele.com\/?post_type=product&#038;p=103634"},"modified":"2024-04-11T10:49:35","modified_gmt":"2024-04-11T14:49:35","slug":"global-iot-cat-m-esim-card","status":"publish","type":"product","link":"https:\/\/nbgtele.com\/fr\/produit\/global-iot-cat-m-esim-card\/","title":{"rendered":"Carte SIM globale IoT amovible"},"content":{"rendered":"","protected":false},"excerpt":{"rendered":"<div class=\"text-base list-tick list-tick-green p-margin\">\n<p>La carte SIM globale IoT amovible est une technologie fiable pour les projets de modernisation technologique \u00e0 faible co\u00fbt. Elle se d\u00e9coupe en tailles 2FF, 3FF et 4FF pour s&rsquo;adapter aux emplacements SIM standard. Et puisqu\u2019elle prend en charge la technologie eSIM, elle n&rsquo;est pas verrouill\u00e9e sur un seul op\u00e9rateur.<\/p>\n<p>Cartes SIM classiques (physiques) disponibles dans tous les formats suivants:<\/p>\n<ul style=\"column-count: 2;\">\n<li>Mini: 15 x 25mm<\/li>\n<li>Micro: 12 x 15mm<\/li>\n<li>Nano: 8.8 x 12.3mm<\/li>\n<li>2G, 3G, 4G \/ LTE et LTE-M<\/li>\n<li>Temp\u00e9rature de fonctionnement: -25 \u00b0 C \u00e0 ~ + 85 \u00b0 C<\/li>\n<li>Cycles de lecture \/ \u00e9criture: min. 500 000<\/li>\n<li>Tension d&rsquo;alimentation: 1,62 \u00e0 3,3 V<\/li>\n<li>Conservation des donn\u00e9es: 10 ans<\/li>\n<\/ul>\n<p>Une consommation de batterie faible et des co\u00fbts globaux d\u2019utilisation r\u00e9duits ne sont que quelques-uns des avantages des cartes SIM \u00e0 faible consommation. Parmi ses avantages, le mode \u00e9conomie d&rsquo;\u00e9nergie (PSM), la r\u00e9ception discontinue \u00e9tendue (eDRX), les signaux de r\u00e9veil (WUS) et les classes haute puissance.<\/p>\n<\/div>\n","protected":false},"featured_media":106061,"template":"","meta":{"_acf_changed":false},"product_brand":[],"product_cat":[57],"product_tag":[],"brand":[],"model":[],"profile":[],"resolution":[],"lens":[],"color":[],"ndaa_compliant":[],"dual_voltage":[],"ai":[],"lite":[],"infrared_perimeter":[],"fixed_dome_microphone":[],"analog_hd":[],"covert_camera":[],"internet_protocol":[],"channels":[],"ports":[],"class_list":{"0":"post-103634","1":"product","2":"type-product","3":"status-publish","4":"has-post-thumbnail","6":"product_cat-sim-cards-fr","7":"entry","9":"first","10":"instock","11":"taxable","12":"shipping-taxable","13":"product-type-simple"},"acf":[],"wcpa_form_fields":null,"yoast_head":"<!-- This site is optimized with the Yoast SEO plugin v26.0 - https:\/\/yoast.com\/wordpress\/plugins\/seo\/ -->\n<title>Carte SIM globale IoT amovible - NBGTele.com<\/title>\n<meta name=\"robots\" content=\"index, follow, max-snippet:-1, max-image-preview:large, max-video-preview:-1\" \/>\n<link rel=\"canonical\" href=\"https:\/\/nbgtele.com\/fr\/produit\/global-iot-cat-m-esim-card\/\" \/>\n<meta property=\"og:locale\" content=\"fr_FR\" \/>\n<meta property=\"og:type\" content=\"article\" \/>\n<meta property=\"og:title\" content=\"Carte SIM globale IoT amovible - NBGTele.com\" \/>\n<meta property=\"og:description\" content=\"La carte SIM globale IoT amovible est une technologie fiable pour les projets de modernisation technologique \u00e0 faible co\u00fbt. Elle se d\u00e9coupe en tailles 2FF, 3FF et 4FF pour s&#039;adapter aux emplacements SIM standard. Et puisqu\u2019elle prend en charge la technologie eSIM, elle n&#039;est pas verrouill\u00e9e sur un seul op\u00e9rateur.  Cartes SIM classiques (physiques) disponibles dans tous les formats suivants:   Mini: 15 x 25mm  Micro: 12 x 15mm  Nano: 8.8 x 12.3mm  2G, 3G, 4G \/ LTE et LTE-M  Temp\u00e9rature de fonctionnement: -25 \u00b0 C \u00e0 ~ + 85 \u00b0 C  Cycles de lecture \/ \u00e9criture: min. 500 000  Tension d&#039;alimentation: 1,62 \u00e0 3,3 V  Conservation des donn\u00e9es: 10 ans  Une consommation de batterie faible et des co\u00fbts globaux d\u2019utilisation r\u00e9duits ne sont que quelques-uns des avantages des cartes SIM \u00e0 faible consommation. Parmi ses avantages, le mode \u00e9conomie d&#039;\u00e9nergie (PSM), la r\u00e9ception discontinue \u00e9tendue (eDRX), les signaux de r\u00e9veil (WUS) et les classes haute puissance.\" \/>\n<meta property=\"og:url\" content=\"https:\/\/nbgtele.com\/fr\/produit\/global-iot-cat-m-esim-card\/\" \/>\n<meta property=\"og:site_name\" content=\"NBGTele.com\" \/>\n<meta property=\"article:modified_time\" content=\"2024-04-11T14:49:35+00:00\" \/>\n<meta property=\"og:image\" content=\"https:\/\/nbgtele.com\/wp-content\/uploads\/2024\/01\/1669631976-removable-sim.png\" \/>\n\t<meta property=\"og:image:width\" content=\"585\" \/>\n\t<meta property=\"og:image:height\" content=\"387\" \/>\n\t<meta property=\"og:image:type\" content=\"image\/png\" \/>\n<meta name=\"twitter:card\" content=\"summary_large_image\" \/>\n<meta name=\"twitter:label1\" content=\"Dur\u00e9e de lecture estim\u00e9e\" \/>\n\t<meta name=\"twitter:data1\" content=\"1 minute\" \/>\n<script type=\"application\/ld+json\" class=\"yoast-schema-graph\">{\"@context\":\"https:\/\/schema.org\",\"@graph\":[{\"@type\":\"WebPage\",\"@id\":\"https:\/\/nbgtele.com\/fr\/produit\/global-iot-cat-m-esim-card\/\",\"url\":\"https:\/\/nbgtele.com\/fr\/produit\/global-iot-cat-m-esim-card\/\",\"name\":\"Carte SIM globale IoT amovible - NBGTele.com\",\"isPartOf\":{\"@id\":\"https:\/\/nbgtele.com\/fr\/#website\"},\"primaryImageOfPage\":{\"@id\":\"https:\/\/nbgtele.com\/fr\/produit\/global-iot-cat-m-esim-card\/#primaryimage\"},\"image\":{\"@id\":\"https:\/\/nbgtele.com\/fr\/produit\/global-iot-cat-m-esim-card\/#primaryimage\"},\"thumbnailUrl\":\"https:\/\/nbgtele.com\/wp-content\/uploads\/2024\/01\/simcard.webp\",\"datePublished\":\"2024-01-08T20:14:54+00:00\",\"dateModified\":\"2024-04-11T14:49:35+00:00\",\"breadcrumb\":{\"@id\":\"https:\/\/nbgtele.com\/fr\/produit\/global-iot-cat-m-esim-card\/#breadcrumb\"},\"inLanguage\":\"fr-FR\",\"potentialAction\":[{\"@type\":\"ReadAction\",\"target\":[\"https:\/\/nbgtele.com\/fr\/produit\/global-iot-cat-m-esim-card\/\"]}]},{\"@type\":\"ImageObject\",\"inLanguage\":\"fr-FR\",\"@id\":\"https:\/\/nbgtele.com\/fr\/produit\/global-iot-cat-m-esim-card\/#primaryimage\",\"url\":\"https:\/\/nbgtele.com\/wp-content\/uploads\/2024\/01\/simcard.webp\",\"contentUrl\":\"https:\/\/nbgtele.com\/wp-content\/uploads\/2024\/01\/simcard.webp\",\"width\":1024,\"height\":1024},{\"@type\":\"BreadcrumbList\",\"@id\":\"https:\/\/nbgtele.com\/fr\/produit\/global-iot-cat-m-esim-card\/#breadcrumb\",\"itemListElement\":[{\"@type\":\"ListItem\",\"position\":1,\"name\":\"Home\",\"item\":\"https:\/\/nbgtele.com\/fr\/\"},{\"@type\":\"ListItem\",\"position\":2,\"name\":\"Boutique\",\"item\":\"https:\/\/nbgtele.com\/fr\/boutique\/\"},{\"@type\":\"ListItem\",\"position\":3,\"name\":\"Carte SIM globale IoT amovible\"}]},{\"@type\":\"WebSite\",\"@id\":\"https:\/\/nbgtele.com\/fr\/#website\",\"url\":\"https:\/\/nbgtele.com\/fr\/\",\"name\":\"NBGTele.com\",\"description\":\"\",\"potentialAction\":[{\"@type\":\"SearchAction\",\"target\":{\"@type\":\"EntryPoint\",\"urlTemplate\":\"https:\/\/nbgtele.com\/fr\/?s={search_term_string}\"},\"query-input\":{\"@type\":\"PropertyValueSpecification\",\"valueRequired\":true,\"valueName\":\"search_term_string\"}}],\"inLanguage\":\"fr-FR\"}]}<\/script>\n<!-- \/ Yoast SEO plugin. -->","yoast_head_json":{"title":"Carte SIM globale IoT amovible - NBGTele.com","robots":{"index":"index","follow":"follow","max-snippet":"max-snippet:-1","max-image-preview":"max-image-preview:large","max-video-preview":"max-video-preview:-1"},"canonical":"https:\/\/nbgtele.com\/fr\/produit\/global-iot-cat-m-esim-card\/","og_locale":"fr_FR","og_type":"article","og_title":"Carte SIM globale IoT amovible - NBGTele.com","og_description":"La carte SIM globale IoT amovible est une technologie fiable pour les projets de modernisation technologique \u00e0 faible co\u00fbt. Elle se d\u00e9coupe en tailles 2FF, 3FF et 4FF pour s'adapter aux emplacements SIM standard. Et puisqu\u2019elle prend en charge la technologie eSIM, elle n'est pas verrouill\u00e9e sur un seul op\u00e9rateur.  Cartes SIM classiques (physiques) disponibles dans tous les formats suivants:   Mini: 15 x 25mm  Micro: 12 x 15mm  Nano: 8.8 x 12.3mm  2G, 3G, 4G \/ LTE et LTE-M  Temp\u00e9rature de fonctionnement: -25 \u00b0 C \u00e0 ~ + 85 \u00b0 C  Cycles de lecture \/ \u00e9criture: min. 500 000  Tension d'alimentation: 1,62 \u00e0 3,3 V  Conservation des donn\u00e9es: 10 ans  Une consommation de batterie faible et des co\u00fbts globaux d\u2019utilisation r\u00e9duits ne sont que quelques-uns des avantages des cartes SIM \u00e0 faible consommation. Parmi ses avantages, le mode \u00e9conomie d'\u00e9nergie (PSM), la r\u00e9ception discontinue \u00e9tendue (eDRX), les signaux de r\u00e9veil (WUS) et les classes haute puissance.","og_url":"https:\/\/nbgtele.com\/fr\/produit\/global-iot-cat-m-esim-card\/","og_site_name":"NBGTele.com","article_modified_time":"2024-04-11T14:49:35+00:00","og_image":[{"width":585,"height":387,"url":"https:\/\/nbgtele.com\/wp-content\/uploads\/2024\/01\/1669631976-removable-sim.png","type":"image\/png"}],"twitter_card":"summary_large_image","twitter_misc":{"Dur\u00e9e de lecture estim\u00e9e":"1 minute"},"schema":{"@context":"https:\/\/schema.org","@graph":[{"@type":"WebPage","@id":"https:\/\/nbgtele.com\/fr\/produit\/global-iot-cat-m-esim-card\/","url":"https:\/\/nbgtele.com\/fr\/produit\/global-iot-cat-m-esim-card\/","name":"Carte SIM globale IoT amovible - NBGTele.com","isPartOf":{"@id":"https:\/\/nbgtele.com\/fr\/#website"},"primaryImageOfPage":{"@id":"https:\/\/nbgtele.com\/fr\/produit\/global-iot-cat-m-esim-card\/#primaryimage"},"image":{"@id":"https:\/\/nbgtele.com\/fr\/produit\/global-iot-cat-m-esim-card\/#primaryimage"},"thumbnailUrl":"https:\/\/nbgtele.com\/wp-content\/uploads\/2024\/01\/simcard.webp","datePublished":"2024-01-08T20:14:54+00:00","dateModified":"2024-04-11T14:49:35+00:00","breadcrumb":{"@id":"https:\/\/nbgtele.com\/fr\/produit\/global-iot-cat-m-esim-card\/#breadcrumb"},"inLanguage":"fr-FR","potentialAction":[{"@type":"ReadAction","target":["https:\/\/nbgtele.com\/fr\/produit\/global-iot-cat-m-esim-card\/"]}]},{"@type":"ImageObject","inLanguage":"fr-FR","@id":"https:\/\/nbgtele.com\/fr\/produit\/global-iot-cat-m-esim-card\/#primaryimage","url":"https:\/\/nbgtele.com\/wp-content\/uploads\/2024\/01\/simcard.webp","contentUrl":"https:\/\/nbgtele.com\/wp-content\/uploads\/2024\/01\/simcard.webp","width":1024,"height":1024},{"@type":"BreadcrumbList","@id":"https:\/\/nbgtele.com\/fr\/produit\/global-iot-cat-m-esim-card\/#breadcrumb","itemListElement":[{"@type":"ListItem","position":1,"name":"Home","item":"https:\/\/nbgtele.com\/fr\/"},{"@type":"ListItem","position":2,"name":"Boutique","item":"https:\/\/nbgtele.com\/fr\/boutique\/"},{"@type":"ListItem","position":3,"name":"Carte SIM globale IoT amovible"}]},{"@type":"WebSite","@id":"https:\/\/nbgtele.com\/fr\/#website","url":"https:\/\/nbgtele.com\/fr\/","name":"NBGTele.com","description":"","potentialAction":[{"@type":"SearchAction","target":{"@type":"EntryPoint","urlTemplate":"https:\/\/nbgtele.com\/fr\/?s={search_term_string}"},"query-input":{"@type":"PropertyValueSpecification","valueRequired":true,"valueName":"search_term_string"}}],"inLanguage":"fr-FR"}]}},"_links":{"self":[{"href":"https:\/\/nbgtele.com\/fr\/wp-json\/wp\/v2\/product\/103634","targetHints":{"allow":["GET"]}}],"collection":[{"href":"https:\/\/nbgtele.com\/fr\/wp-json\/wp\/v2\/product"}],"about":[{"href":"https:\/\/nbgtele.com\/fr\/wp-json\/wp\/v2\/types\/product"}],"wp:featuredmedia":[{"embeddable":true,"href":"https:\/\/nbgtele.com\/fr\/wp-json\/wp\/v2\/media\/106061"}],"wp:attachment":[{"href":"https:\/\/nbgtele.com\/fr\/wp-json\/wp\/v2\/media?parent=103634"}],"wp:term":[{"taxonomy":"product_brand","embeddable":true,"href":"https:\/\/nbgtele.com\/fr\/wp-json\/wp\/v2\/product_brand?post=103634"},{"taxonomy":"product_cat","embeddable":true,"href":"https:\/\/nbgtele.com\/fr\/wp-json\/wp\/v2\/product_cat?post=103634"},{"taxonomy":"product_tag","embeddable":true,"href":"https:\/\/nbgtele.com\/fr\/wp-json\/wp\/v2\/product_tag?post=103634"},{"taxonomy":"brand","embeddable":true,"href":"https:\/\/nbgtele.com\/fr\/wp-json\/wp\/v2\/brand?post=103634"},{"taxonomy":"model","embeddable":true,"href":"https:\/\/nbgtele.com\/fr\/wp-json\/wp\/v2\/model?post=103634"},{"taxonomy":"profile","embeddable":true,"href":"https:\/\/nbgtele.com\/fr\/wp-json\/wp\/v2\/profile?post=103634"},{"taxonomy":"resolution","embeddable":true,"href":"https:\/\/nbgtele.com\/fr\/wp-json\/wp\/v2\/resolution?post=103634"},{"taxonomy":"lens","embeddable":true,"href":"https:\/\/nbgtele.com\/fr\/wp-json\/wp\/v2\/lens?post=103634"},{"taxonomy":"color","embeddable":true,"href":"https:\/\/nbgtele.com\/fr\/wp-json\/wp\/v2\/color?post=103634"},{"taxonomy":"ndaa_compliant","embeddable":true,"href":"https:\/\/nbgtele.com\/fr\/wp-json\/wp\/v2\/ndaa_compliant?post=103634"},{"taxonomy":"dual_voltage","embeddable":true,"href":"https:\/\/nbgtele.com\/fr\/wp-json\/wp\/v2\/dual_voltage?post=103634"},{"taxonomy":"ai","embeddable":true,"href":"https:\/\/nbgtele.com\/fr\/wp-json\/wp\/v2\/ai?post=103634"},{"taxonomy":"lite","embeddable":true,"href":"https:\/\/nbgtele.com\/fr\/wp-json\/wp\/v2\/lite?post=103634"},{"taxonomy":"infrared_perimeter","embeddable":true,"href":"https:\/\/nbgtele.com\/fr\/wp-json\/wp\/v2\/infrared_perimeter?post=103634"},{"taxonomy":"fixed_dome_microphone","embeddable":true,"href":"https:\/\/nbgtele.com\/fr\/wp-json\/wp\/v2\/fixed_dome_microphone?post=103634"},{"taxonomy":"analog_hd","embeddable":true,"href":"https:\/\/nbgtele.com\/fr\/wp-json\/wp\/v2\/analog_hd?post=103634"},{"taxonomy":"covert_camera","embeddable":true,"href":"https:\/\/nbgtele.com\/fr\/wp-json\/wp\/v2\/covert_camera?post=103634"},{"taxonomy":"internet_protocol","embeddable":true,"href":"https:\/\/nbgtele.com\/fr\/wp-json\/wp\/v2\/internet_protocol?post=103634"},{"taxonomy":"channels","embeddable":true,"href":"https:\/\/nbgtele.com\/fr\/wp-json\/wp\/v2\/channels?post=103634"},{"taxonomy":"ports","embeddable":true,"href":"https:\/\/nbgtele.com\/fr\/wp-json\/wp\/v2\/ports?post=103634"}],"curies":[{"name":"wp","href":"https:\/\/api.w.org\/{rel}","templated":true}]}}