{"id":101415,"date":"2023-09-19T15:22:53","date_gmt":"2023-09-19T19:22:53","guid":{"rendered":"https:\/\/nbgtele.com\/?post_type=product&#038;p=101415"},"modified":"2023-09-19T15:51:35","modified_gmt":"2023-09-19T19:51:35","slug":"panneau-de-controle-ip-599-points-b9512g-g-series","status":"publish","type":"product","link":"https:\/\/nbgtele.com\/fr\/produit\/panneau-de-controle-ip-599-points-b9512g-g-series\/","title":{"rendered":"Panneau de contr\u00f4le IP &#8211; 599 points &#8211; B9512G &#8211; G-Series"},"content":{"rendered":"","protected":false},"excerpt":{"rendered":"<p><span style=\"font-weight: 400;\">Cette centrale commerciale de la marque Bosch vous permet de g\u00e9rer jusqu\u2019\u00e0 2000 utilisateurs gr\u00e2ce \u00e0 ses 599 points de contr\u00f4le et ses 32 partitions. L\u2019appareil vous propose une interface bilingue qui regroupe au m\u00eame endroit la d\u00e9tection d\u2019intrusion, d\u2019alarme incendie et le contr\u00f4le d\u2019acc\u00e8s. La centrale poss\u00e8de \u00e9galement un port Ethernet int\u00e9gr\u00e9 ainsi qu\u2019un port USB.<\/span><\/p>\n","protected":false},"featured_media":101412,"template":"","meta":{"_acf_changed":false},"product_brand":[],"product_cat":[54],"product_tag":[212],"brand":[199],"model":[],"profile":[],"resolution":[],"lens":[],"color":[],"ndaa_compliant":[],"dual_voltage":[],"ai":[],"lite":[],"infrared_perimeter":[],"fixed_dome_microphone":[],"analog_hd":[],"covert_camera":[],"internet_protocol":[],"channels":[],"ports":[],"class_list":{"0":"post-101415","1":"product","2":"type-product","3":"status-publish","4":"has-post-thumbnail","6":"product_cat-alarm-panels-fr","7":"product_tag-bosch-fr","8":"brand-bosch-fr","9":"entry","11":"first","12":"instock","13":"taxable","14":"shipping-taxable","15":"product-type-simple"},"acf":[],"wcpa_form_fields":null,"yoast_head":"<!-- This site is optimized with the Yoast SEO plugin v26.0 - https:\/\/yoast.com\/wordpress\/plugins\/seo\/ -->\n<title>Panneau de contr\u00f4le IP - 599 points - B9512G - G-Series - NBGTele.com<\/title>\n<meta name=\"robots\" content=\"index, follow, max-snippet:-1, max-image-preview:large, max-video-preview:-1\" \/>\n<link rel=\"canonical\" href=\"https:\/\/nbgtele.com\/fr\/produit\/panneau-de-controle-ip-599-points-b9512g-g-series\/\" \/>\n<meta property=\"og:locale\" content=\"fr_FR\" \/>\n<meta property=\"og:type\" content=\"article\" \/>\n<meta property=\"og:title\" content=\"Panneau de contr\u00f4le IP - 599 points - B9512G - G-Series - NBGTele.com\" \/>\n<meta property=\"og:description\" content=\"Cette centrale commerciale de la marque Bosch vous permet de g\u00e9rer jusqu\u2019\u00e0 2000 utilisateurs gr\u00e2ce \u00e0 ses 599 points de contr\u00f4le et ses 32 partitions. L\u2019appareil vous propose une interface bilingue qui regroupe au m\u00eame endroit la d\u00e9tection d\u2019intrusion, d\u2019alarme incendie et le contr\u00f4le d\u2019acc\u00e8s. La centrale poss\u00e8de \u00e9galement un port Ethernet int\u00e9gr\u00e9 ainsi qu\u2019un port USB.\" \/>\n<meta property=\"og:url\" content=\"https:\/\/nbgtele.com\/fr\/produit\/panneau-de-controle-ip-599-points-b9512g-g-series\/\" \/>\n<meta property=\"og:site_name\" content=\"NBGTele.com\" \/>\n<meta property=\"article:modified_time\" content=\"2023-09-19T19:51:35+00:00\" \/>\n<meta property=\"og:image\" content=\"https:\/\/nbgtele.com\/wp-content\/uploads\/2023\/09\/ProductPhoto_Web_all_18014421377862539.png\" \/>\n\t<meta property=\"og:image:width\" content=\"658\" \/>\n\t<meta property=\"og:image:height\" content=\"500\" \/>\n\t<meta property=\"og:image:type\" content=\"image\/png\" \/>\n<meta name=\"twitter:card\" content=\"summary_large_image\" \/>\n<script type=\"application\/ld+json\" class=\"yoast-schema-graph\">{\"@context\":\"https:\/\/schema.org\",\"@graph\":[{\"@type\":\"WebPage\",\"@id\":\"https:\/\/nbgtele.com\/fr\/produit\/panneau-de-controle-ip-599-points-b9512g-g-series\/\",\"url\":\"https:\/\/nbgtele.com\/fr\/produit\/panneau-de-controle-ip-599-points-b9512g-g-series\/\",\"name\":\"Panneau de contr\u00f4le IP - 599 points - B9512G - G-Series - NBGTele.com\",\"isPartOf\":{\"@id\":\"https:\/\/nbgtele.com\/fr\/#website\"},\"primaryImageOfPage\":{\"@id\":\"https:\/\/nbgtele.com\/fr\/produit\/panneau-de-controle-ip-599-points-b9512g-g-series\/#primaryimage\"},\"image\":{\"@id\":\"https:\/\/nbgtele.com\/fr\/produit\/panneau-de-controle-ip-599-points-b9512g-g-series\/#primaryimage\"},\"thumbnailUrl\":\"https:\/\/nbgtele.com\/wp-content\/uploads\/2023\/09\/ProductPhoto_Web_all_18014421377862539.png\",\"datePublished\":\"2023-09-19T19:22:53+00:00\",\"dateModified\":\"2023-09-19T19:51:35+00:00\",\"breadcrumb\":{\"@id\":\"https:\/\/nbgtele.com\/fr\/produit\/panneau-de-controle-ip-599-points-b9512g-g-series\/#breadcrumb\"},\"inLanguage\":\"fr-FR\",\"potentialAction\":[{\"@type\":\"ReadAction\",\"target\":[\"https:\/\/nbgtele.com\/fr\/produit\/panneau-de-controle-ip-599-points-b9512g-g-series\/\"]}]},{\"@type\":\"ImageObject\",\"inLanguage\":\"fr-FR\",\"@id\":\"https:\/\/nbgtele.com\/fr\/produit\/panneau-de-controle-ip-599-points-b9512g-g-series\/#primaryimage\",\"url\":\"https:\/\/nbgtele.com\/wp-content\/uploads\/2023\/09\/ProductPhoto_Web_all_18014421377862539.png\",\"contentUrl\":\"https:\/\/nbgtele.com\/wp-content\/uploads\/2023\/09\/ProductPhoto_Web_all_18014421377862539.png\",\"width\":658,\"height\":500},{\"@type\":\"BreadcrumbList\",\"@id\":\"https:\/\/nbgtele.com\/fr\/produit\/panneau-de-controle-ip-599-points-b9512g-g-series\/#breadcrumb\",\"itemListElement\":[{\"@type\":\"ListItem\",\"position\":1,\"name\":\"Home\",\"item\":\"https:\/\/nbgtele.com\/fr\/\"},{\"@type\":\"ListItem\",\"position\":2,\"name\":\"Boutique\",\"item\":\"https:\/\/nbgtele.com\/fr\/boutique\/\"},{\"@type\":\"ListItem\",\"position\":3,\"name\":\"Panneau de contr\u00f4le IP &#8211; 599 points &#8211; B9512G &#8211; G-Series\"}]},{\"@type\":\"WebSite\",\"@id\":\"https:\/\/nbgtele.com\/fr\/#website\",\"url\":\"https:\/\/nbgtele.com\/fr\/\",\"name\":\"NBGTele.com\",\"description\":\"\",\"potentialAction\":[{\"@type\":\"SearchAction\",\"target\":{\"@type\":\"EntryPoint\",\"urlTemplate\":\"https:\/\/nbgtele.com\/fr\/?s={search_term_string}\"},\"query-input\":{\"@type\":\"PropertyValueSpecification\",\"valueRequired\":true,\"valueName\":\"search_term_string\"}}],\"inLanguage\":\"fr-FR\"}]}<\/script>\n<!-- \/ Yoast SEO plugin. -->","yoast_head_json":{"title":"Panneau de contr\u00f4le IP - 599 points - B9512G - G-Series - NBGTele.com","robots":{"index":"index","follow":"follow","max-snippet":"max-snippet:-1","max-image-preview":"max-image-preview:large","max-video-preview":"max-video-preview:-1"},"canonical":"https:\/\/nbgtele.com\/fr\/produit\/panneau-de-controle-ip-599-points-b9512g-g-series\/","og_locale":"fr_FR","og_type":"article","og_title":"Panneau de contr\u00f4le IP - 599 points - B9512G - G-Series - NBGTele.com","og_description":"Cette centrale commerciale de la marque Bosch vous permet de g\u00e9rer jusqu\u2019\u00e0 2000 utilisateurs gr\u00e2ce \u00e0 ses 599 points de contr\u00f4le et ses 32 partitions. L\u2019appareil vous propose une interface bilingue qui regroupe au m\u00eame endroit la d\u00e9tection d\u2019intrusion, d\u2019alarme incendie et le contr\u00f4le d\u2019acc\u00e8s. La centrale poss\u00e8de \u00e9galement un port Ethernet int\u00e9gr\u00e9 ainsi qu\u2019un port USB.","og_url":"https:\/\/nbgtele.com\/fr\/produit\/panneau-de-controle-ip-599-points-b9512g-g-series\/","og_site_name":"NBGTele.com","article_modified_time":"2023-09-19T19:51:35+00:00","og_image":[{"width":658,"height":500,"url":"https:\/\/nbgtele.com\/wp-content\/uploads\/2023\/09\/ProductPhoto_Web_all_18014421377862539.png","type":"image\/png"}],"twitter_card":"summary_large_image","schema":{"@context":"https:\/\/schema.org","@graph":[{"@type":"WebPage","@id":"https:\/\/nbgtele.com\/fr\/produit\/panneau-de-controle-ip-599-points-b9512g-g-series\/","url":"https:\/\/nbgtele.com\/fr\/produit\/panneau-de-controle-ip-599-points-b9512g-g-series\/","name":"Panneau de contr\u00f4le IP - 599 points - B9512G - G-Series - NBGTele.com","isPartOf":{"@id":"https:\/\/nbgtele.com\/fr\/#website"},"primaryImageOfPage":{"@id":"https:\/\/nbgtele.com\/fr\/produit\/panneau-de-controle-ip-599-points-b9512g-g-series\/#primaryimage"},"image":{"@id":"https:\/\/nbgtele.com\/fr\/produit\/panneau-de-controle-ip-599-points-b9512g-g-series\/#primaryimage"},"thumbnailUrl":"https:\/\/nbgtele.com\/wp-content\/uploads\/2023\/09\/ProductPhoto_Web_all_18014421377862539.png","datePublished":"2023-09-19T19:22:53+00:00","dateModified":"2023-09-19T19:51:35+00:00","breadcrumb":{"@id":"https:\/\/nbgtele.com\/fr\/produit\/panneau-de-controle-ip-599-points-b9512g-g-series\/#breadcrumb"},"inLanguage":"fr-FR","potentialAction":[{"@type":"ReadAction","target":["https:\/\/nbgtele.com\/fr\/produit\/panneau-de-controle-ip-599-points-b9512g-g-series\/"]}]},{"@type":"ImageObject","inLanguage":"fr-FR","@id":"https:\/\/nbgtele.com\/fr\/produit\/panneau-de-controle-ip-599-points-b9512g-g-series\/#primaryimage","url":"https:\/\/nbgtele.com\/wp-content\/uploads\/2023\/09\/ProductPhoto_Web_all_18014421377862539.png","contentUrl":"https:\/\/nbgtele.com\/wp-content\/uploads\/2023\/09\/ProductPhoto_Web_all_18014421377862539.png","width":658,"height":500},{"@type":"BreadcrumbList","@id":"https:\/\/nbgtele.com\/fr\/produit\/panneau-de-controle-ip-599-points-b9512g-g-series\/#breadcrumb","itemListElement":[{"@type":"ListItem","position":1,"name":"Home","item":"https:\/\/nbgtele.com\/fr\/"},{"@type":"ListItem","position":2,"name":"Boutique","item":"https:\/\/nbgtele.com\/fr\/boutique\/"},{"@type":"ListItem","position":3,"name":"Panneau de contr\u00f4le IP &#8211; 599 points &#8211; B9512G &#8211; G-Series"}]},{"@type":"WebSite","@id":"https:\/\/nbgtele.com\/fr\/#website","url":"https:\/\/nbgtele.com\/fr\/","name":"NBGTele.com","description":"","potentialAction":[{"@type":"SearchAction","target":{"@type":"EntryPoint","urlTemplate":"https:\/\/nbgtele.com\/fr\/?s={search_term_string}"},"query-input":{"@type":"PropertyValueSpecification","valueRequired":true,"valueName":"search_term_string"}}],"inLanguage":"fr-FR"}]}},"_links":{"self":[{"href":"https:\/\/nbgtele.com\/fr\/wp-json\/wp\/v2\/product\/101415","targetHints":{"allow":["GET"]}}],"collection":[{"href":"https:\/\/nbgtele.com\/fr\/wp-json\/wp\/v2\/product"}],"about":[{"href":"https:\/\/nbgtele.com\/fr\/wp-json\/wp\/v2\/types\/product"}],"wp:featuredmedia":[{"embeddable":true,"href":"https:\/\/nbgtele.com\/fr\/wp-json\/wp\/v2\/media\/101412"}],"wp:attachment":[{"href":"https:\/\/nbgtele.com\/fr\/wp-json\/wp\/v2\/media?parent=101415"}],"wp:term":[{"taxonomy":"product_brand","embeddable":true,"href":"https:\/\/nbgtele.com\/fr\/wp-json\/wp\/v2\/product_brand?post=101415"},{"taxonomy":"product_cat","embeddable":true,"href":"https:\/\/nbgtele.com\/fr\/wp-json\/wp\/v2\/product_cat?post=101415"},{"taxonomy":"product_tag","embeddable":true,"href":"https:\/\/nbgtele.com\/fr\/wp-json\/wp\/v2\/product_tag?post=101415"},{"taxonomy":"brand","embeddable":true,"href":"https:\/\/nbgtele.com\/fr\/wp-json\/wp\/v2\/brand?post=101415"},{"taxonomy":"model","embeddable":true,"href":"https:\/\/nbgtele.com\/fr\/wp-json\/wp\/v2\/model?post=101415"},{"taxonomy":"profile","embeddable":true,"href":"https:\/\/nbgtele.com\/fr\/wp-json\/wp\/v2\/profile?post=101415"},{"taxonomy":"resolution","embeddable":true,"href":"https:\/\/nbgtele.com\/fr\/wp-json\/wp\/v2\/resolution?post=101415"},{"taxonomy":"lens","embeddable":true,"href":"https:\/\/nbgtele.com\/fr\/wp-json\/wp\/v2\/lens?post=101415"},{"taxonomy":"color","embeddable":true,"href":"https:\/\/nbgtele.com\/fr\/wp-json\/wp\/v2\/color?post=101415"},{"taxonomy":"ndaa_compliant","embeddable":true,"href":"https:\/\/nbgtele.com\/fr\/wp-json\/wp\/v2\/ndaa_compliant?post=101415"},{"taxonomy":"dual_voltage","embeddable":true,"href":"https:\/\/nbgtele.com\/fr\/wp-json\/wp\/v2\/dual_voltage?post=101415"},{"taxonomy":"ai","embeddable":true,"href":"https:\/\/nbgtele.com\/fr\/wp-json\/wp\/v2\/ai?post=101415"},{"taxonomy":"lite","embeddable":true,"href":"https:\/\/nbgtele.com\/fr\/wp-json\/wp\/v2\/lite?post=101415"},{"taxonomy":"infrared_perimeter","embeddable":true,"href":"https:\/\/nbgtele.com\/fr\/wp-json\/wp\/v2\/infrared_perimeter?post=101415"},{"taxonomy":"fixed_dome_microphone","embeddable":true,"href":"https:\/\/nbgtele.com\/fr\/wp-json\/wp\/v2\/fixed_dome_microphone?post=101415"},{"taxonomy":"analog_hd","embeddable":true,"href":"https:\/\/nbgtele.com\/fr\/wp-json\/wp\/v2\/analog_hd?post=101415"},{"taxonomy":"covert_camera","embeddable":true,"href":"https:\/\/nbgtele.com\/fr\/wp-json\/wp\/v2\/covert_camera?post=101415"},{"taxonomy":"internet_protocol","embeddable":true,"href":"https:\/\/nbgtele.com\/fr\/wp-json\/wp\/v2\/internet_protocol?post=101415"},{"taxonomy":"channels","embeddable":true,"href":"https:\/\/nbgtele.com\/fr\/wp-json\/wp\/v2\/channels?post=101415"},{"taxonomy":"ports","embeddable":true,"href":"https:\/\/nbgtele.com\/fr\/wp-json\/wp\/v2\/ports?post=101415"}],"curies":[{"name":"wp","href":"https:\/\/api.w.org\/{rel}","templated":true}]}}